{"id":178,"date":"2024-04-14T19:15:38","date_gmt":"2024-04-14T18:15:38","guid":{"rendered":"https:\/\/earth2.wiki\/?page_id=178"},"modified":"2024-04-15T08:29:26","modified_gmt":"2024-04-15T07:29:26","slug":"trending-players-earth2","status":"publish","type":"page","link":"https:\/\/earth2.wiki\/tr\/trend-oyuncular-dunya2\/","title":{"rendered":"Earth2'deki \u00dcnl\u00fcler ve Trend Oyuncular"},"content":{"rendered":"<p>Bir\u00e7ok \u00fcnl\u00fc sanal arazi metaverse oyununa ilgi duydu\u011funu ifade etti <strong>D\u00fcnya2<\/strong>. \u0130\u015fte baz\u0131 \u00f6nemli isimler:<\/p>\n\n\n\n<p><strong>Snoop Dogg<\/strong>: \u00dcnl\u00fc rap\u00e7i ve NFT merakl\u0131s\u0131 sadece Earth 2'ye yat\u0131r\u0131m yapmakla kalmad\u0131, ayn\u0131 zamanda \"The Doggies\" adl\u0131 kendi dijital varl\u0131k koleksiyonunu da ba\u015flatt\u0131. Hatta metaverse i\u00e7indeki malikanesini bile yeniden yaratt\u0131.<\/p>\n\n\n\n<p><strong>Justin Bieber<\/strong>: Pop sansasyonu, metaverse i\u00e7inde sanal konserler d\u00fczenleyerek hayranlar\u0131n\u0131n ilgisini benzersiz bir \u015fekilde \u00e7ekti.<\/p>\n\n\n\n<p><strong>Prens Harry ve Meghan Markle<\/strong>: Kraliyet \u00e7iftinin, i\u015f toplant\u0131lar\u0131 ve halka a\u00e7\u0131k g\u00f6steriler i\u00e7in bir alan olarak hizmet verecek olan kendi metaverse platformlar\u0131n\u0131 ba\u015flatt\u0131klar\u0131 bildiriliyor.<\/p>\n\n\n\n<p><strong>Daler Mehndi<\/strong>: Hintli \u015fark\u0131c\u0131 Earth 2'de bir par\u00e7a sanal arazi sat\u0131n ald\u0131 ve ad\u0131n\u0131 \"Balle Balle Land\" koydu. Bu sanal gayrimenkul \u00fczerinde \"Daler Mehndi Ma\u011fazas\u0131\" a\u00e7may\u0131 planl\u0131yor.<\/p>\n\n\n\n<p><strong>\u0130stedi\u011fimiz Teknoloji<\/strong>: Bu YouTube kanal\u0131, konseptini, oynan\u0131\u015f\u0131n\u0131 ve ilerlemesini tart\u0131\u015farak Earth 2 hakk\u0131nda a\u00e7\u0131klamalar ve i\u00e7g\u00f6r\u00fcler sa\u011flar. Oyunun geli\u015fimini sergiliyorlar ve topluluk i\u00e7in ideolojileri ve kullan\u0131m durumlar\u0131n\u0131 payla\u015f\u0131yorlar.<\/p>\n\n\n\n<p><strong>D\u00fcnya 2 (Resmi Kanal)<\/strong>: Earth 2 YouTube kanal\u0131n\u0131n kendisi g\u00fcncellemeleri, teknoloji demolar\u0131n\u0131 payla\u015f\u0131yor ve metaverse i\u00e7inde 1:1 \u00f6l\u00e7ekli bir D\u00fcnya gezegeni in\u015fa etme s\u00fcrecini sergiliyor. Videolar\u0131, geni\u015f sanal d\u00fcnyaya ve potansiyeline bir bak\u0131\u015f sunuyor.<\/p>\n\n\n\n<p><strong>Pacey<\/strong>: Pacey'in kanal\u0131nda fragmanlar, tan\u0131t\u0131mlar ve geli\u015ftirilmekte olan sistemlerin rahatlat\u0131c\u0131 g\u00f6r\u00fcnt\u00fcleri de dahil olmak \u00fczere Earth 2 i\u00e7eri\u011fi yer al\u0131yor. Oyunun son geli\u015fmeleri hakk\u0131nda bilgi sahibi olmak i\u00e7in harika bir yer.<\/p>\n\n\n\n<p><strong>Arya Emlak<\/strong>: Arya Realty, Earth2 ile ilgili i\u00e7g\u00f6r\u00fcleri, ipu\u00e7lar\u0131n\u0131 ve tart\u0131\u015fmalar\u0131 payla\u015f\u0131yor. Videolar\u0131 metaverse'in \u00e7e\u015fitli y\u00f6nlerini kaps\u0131yor, bu da onu oyuncular ve merakl\u0131lar i\u00e7in de\u011ferli bir kaynak haline getiriyor.<\/p>\n\n\n\n<p><strong>Cydroid Sanat<\/strong>: Earth2, en iyi oyuncular taraf\u0131ndan yap\u0131lanlar da dahil olmak \u00fczere etkileyici sanat tasar\u0131mlar\u0131na sahne oldu. Bu sanat eserlerinden baz\u0131lar\u0131 binlerce kareye yay\u0131lm\u0131\u015f ve Earth2 toplulu\u011fu i\u00e7inde ikonik hale gelmi\u015ftir<\/p>\n\n\n\n<p>Bu \u00fcnl\u00fcler ve aktif savunucular metaverse'in potansiyelinin fark\u0131ndad\u0131r ve gelece\u011finin \u015fekillendirilmesine aktif olarak kat\u0131lmaktad\u0131r.<\/p>\n\n\n\n<h1 class=\"wp-block-heading\"><strong>Logan Paul ve sanal m\u00fclkleri<\/strong><\/h1>\n\n\n\n<p>\u0130tibariyle <strong>\u015eubat 21, 2021<\/strong>, <strong>Logan Paul<\/strong> yat\u0131r\u0131m yapt\u0131 <strong>18 farkl\u0131 \u00f6zellik<\/strong> i\u00e7inde <strong>D\u00fcnya2<\/strong> metaverse. Bu sanal m\u00fclkler i\u00e7in yapt\u0131\u011f\u0131 toplam harcama <strong>$5,857.21<\/strong>. Bu sat\u0131n almalar bir y\u0131l boyunca yap\u0131lm\u0131\u015ft\u0131r. <strong>24 saatlik d\u00f6nem<\/strong> 6 Ocak ve 7 Ocak 2021 tarihleri aras\u0131nda. Sahip oldu\u011fu belirli yerlere daha yak\u0131ndan bakal\u0131m:<\/p>\n\n\n\n<ol>\n<li><strong>Bat\u0131 Cape<\/strong>: Maliyetlendirme <strong>$872.92<\/strong>, bu \u00f6zellik \u015funlar\u0131 kapsar <strong>748 karo<\/strong>.<\/li>\n\n\n\n<li><strong>Kri\u017e, Zagreb<\/strong>: \u015eunun i\u00e7in sat\u0131n al\u0131nd\u0131 <strong>$18.24<\/strong>kapsar <strong>40 karo<\/strong>.<\/li>\n\n\n\n<li><strong>Encino, Kaliforniya (M\u00fclk 1)<\/strong>: Fiyat\u0131 <strong>$239.40<\/strong>bu m\u00fclk \u015funlardan olu\u015fmaktad\u0131r <strong>9 karo<\/strong>.<\/li>\n\n\n\n<li><strong>Encino, Kaliforniya (M\u00fclk 2)<\/strong>: Daha b\u00fcy\u00fck bir paket, maliyeti <strong>$1,276.80<\/strong>ile <strong>48 karo<\/strong>.<\/li>\n\n\n\n<li><strong>Penebel, Tabanan<\/strong>: De\u011feri <strong>$140.92<\/strong>\u015funlar\u0131 kapsar <strong>196 karo<\/strong>.<\/li>\n\n\n\n<li><strong>Santa Monica, Kaliforniya<\/strong>: Bu m\u00fclk\u00fcn fiyat\u0131 <strong>$212.80<\/strong>, i\u015fgal eder <strong>8 karo<\/strong>.<\/li>\n\n\n\n<li><strong>Jackson, Wyoming<\/strong>: Kaplama <strong>18 karo<\/strong>i\u00e7in sat\u0131n al\u0131nd\u0131. <strong>$478.80<\/strong>.<\/li>\n\n\n\n<li><strong>G\u00fcney Ege, Yunanistan<\/strong>: Daha k\u00fc\u00e7\u00fck bir m\u00fclk ile <strong>5 karo<\/strong>, maliyetlendirme <strong>$5.15<\/strong>.<\/li>\n\n\n\n<li><strong>Antarktika<\/strong>: Logan Paul'un sahibi <strong>129 karo<\/strong> bu buzlu geni\u015flikte <strong>$41.41<\/strong>.<\/li>\n\n\n\n<li><strong>Alpes-Maritimes<\/strong>: Bu Frans\u0131z konumu \u015funlar\u0131 i\u00e7erir <strong>10 karo<\/strong> ve \u015fu fiyata sat\u0131n al\u0131nd\u0131 <strong>$29.19<\/strong>.<\/li>\n\n\n\n<li><strong>Amalfi, Salerno<\/strong>: Yay\u0131lma <strong>28 karo<\/strong>maliyeti <strong>$152.38<\/strong>.<\/li>\n\n\n\n<li><strong>North Rim, Arizona<\/strong>: \u0130le <strong>9 karo<\/strong>bu m\u00fclk\u00fcn fiyat\u0131 <strong>$239.40<\/strong>.<\/li>\n\n\n\n<li><strong>Tahua, Potos\u00ed<\/strong>: \u00d6nemli bir yat\u0131r\u0131m <strong>735 karo<\/strong> i\u00e7in <strong>$260.19<\/strong>.<\/li>\n\n\n\n<li><strong>Tahua, Oruro<\/strong>: Logan Paul'un sahibi <strong>180 karo<\/strong> burada, harcama <strong>$63.72<\/strong>.<\/li>\n\n\n\n<li><strong>Yosemite Ulusal Park\u0131 (M\u00fclk 1)<\/strong>: Kaplama <strong>9 karo<\/strong>maliyeti <strong>$239.40<\/strong>.<\/li>\n\n\n\n<li><strong>Yosemite Ulusal Park\u0131 (Emlak 2)<\/strong>: Daha b\u00fcy\u00fck bir b\u00f6l\u00fcm ile <strong>51 karo<\/strong>, fiyat\u0131 <strong>$1,356.60<\/strong>.<\/li>\n\n\n\n<li><strong>Tingri Xian, Xigaze Shi<\/strong>: Bu Tibet konumu \u015funlardan olu\u015fur <strong>48 karo<\/strong>i\u00e7in sat\u0131n al\u0131nd\u0131. <strong>$129.89<\/strong>.<\/li>\n\n\n\n<li><strong>Paris'in 7. b\u00f6lgesi<\/strong>: Daha k\u00fc\u00e7\u00fck bir m\u00fclk ile <strong>4 karo<\/strong>, maliyetlendirme <strong>$100.00<\/strong>.<\/li>\n<\/ol>\n\n\n\n<p>Logan Paul'un Earth2'ye yapt\u0131\u011f\u0131 erken yat\u0131r\u0131m, konseptin potansiyeline olan inanc\u0131n\u0131 g\u00f6steriyor. Ocak ay\u0131ndan bu yana ek sat\u0131n alma yapmam\u0131\u015f olsa da, profilinde gelecekteki sat\u0131n almalar i\u00e7in g\u00f6z\u00fcn\u00fcz\u00fc d\u00f6rt a\u00e7\u0131n!<\/p>","protected":false},"excerpt":{"rendered":"<p>Several celebrities have expressed interest in the virtual land metaverse game Earth2. Here are some notable names: Snoop Dogg: The renowned rapper and NFT enthusiast have not only invested in Earth 2 but also launched his own collection of digital assets called \u201cThe Doggies.\u201d He even recreated his mansion within the metaverse. Justin Bieber: The [&hellip;]<\/p>\n","protected":false},"author":1,"featured_media":0,"parent":0,"menu_order":0,"comment_status":"closed","ping_status":"closed","template":"","meta":{"footnotes":""},"_links":{"self":[{"href":"https:\/\/earth2.wiki\/tr\/wp-json\/wp\/v2\/pages\/178"}],"collection":[{"href":"https:\/\/earth2.wiki\/tr\/wp-json\/wp\/v2\/pages"}],"about":[{"href":"https:\/\/earth2.wiki\/tr\/wp-json\/wp\/v2\/types\/page"}],"author":[{"embeddable":true,"href":"https:\/\/earth2.wiki\/tr\/wp-json\/wp\/v2\/users\/1"}],"replies":[{"embeddable":true,"href":"https:\/\/earth2.wiki\/tr\/wp-json\/wp\/v2\/comments?post=178"}],"version-history":[{"count":10,"href":"https:\/\/earth2.wiki\/tr\/wp-json\/wp\/v2\/pages\/178\/revisions"}],"predecessor-version":[{"id":441,"href":"https:\/\/earth2.wiki\/tr\/wp-json\/wp\/v2\/pages\/178\/revisions\/441"}],"wp:attachment":[{"href":"https:\/\/earth2.wiki\/tr\/wp-json\/wp\/v2\/media?parent=178"}],"curies":[{"name":"wp","href":"https:\/\/api.w.org\/{rel}","templated":true}]}}