{"id":169,"date":"2024-04-14T19:10:09","date_gmt":"2024-04-14T18:10:09","guid":{"rendered":"https:\/\/earth2.wiki\/?page_id=169"},"modified":"2024-04-15T08:12:14","modified_gmt":"2024-04-15T07:12:14","slug":"trending-megacities-earth2","status":"publish","type":"page","link":"https:\/\/earth2.wiki\/tr\/trend-mega-kentler-dunya2\/","title":{"rendered":"D\u00fcnya'da Trend Olan Megakentler2"},"content":{"rendered":"<p><strong>Shoon \u015eehri<\/strong><\/p>\n\n\n\n<p>Pacey taraf\u0131ndan kurulan Shoon City, Belarus'un ba\u015fkenti Minsk'in E1 \u015eehri'nin yan\u0131nda yer almaktad\u0131r. Ba\u015fkentin tamam\u0131n\u0131 \u00e7evreleyen yollara sahip tek megakent olarak \u00f6ne \u00e7\u0131k\u0131yor. Shoon City, gelecekte potansiyel art\u0131r\u0131lm\u0131\u015f ger\u00e7eklik (AR) \u00f6zellikleri i\u00e7in stratejik olarak konumland\u0131r\u0131lm\u0131\u015f ve eski C1 noktalar\u0131na bask\u0131n yapmak i\u00e7in ideal bir alan olarak hizmet veriyor.<\/p>\n\n\n\n<p><strong>Malta \u015e\u00f6valyeleri<\/strong><\/p>\n\n\n\n<p>Ba\u015flang\u0131\u00e7ta genel y\u00f6netim ve hakimiyet i\u00e7in kurulan Resin, 316 km\u00b2'lik m\u00fctevaz\u0131 Malta adas\u0131nda AR ve reklam yeteneklerine sponsor olmak i\u00e7in rol\u00fcn\u00fc geni\u015fletti.<\/p>\n\n\n\n<p><strong>Sahra'n\u0131n G\u00f6z\u00fc<\/strong><\/p>\n\n\n\n<p>Bu megakent uzaydan g\u00f6r\u00fclebilen birka\u00e7 do\u011fal olu\u015fumdan birinde yer almaktad\u0131r. S\u00f6ylentilere g\u00f6re buras\u0131 kay\u0131p Atlantis \u015eehri'nin bulundu\u011fu yer bile olabilir.<\/p>\n\n\n\n<p><\/p>\n\n\n\n<p><strong>Valhalla<\/strong><\/p>\n\n\n\n<p>Bira salonu, tersane, r\u0131ht\u0131m ve cephanelik ile tamamlanm\u0131\u015f Viking temal\u0131 bir mega \u015fehir.<\/p>\n\n\n\n<p><strong>Bermuda'n\u0131n Miras\u0131<\/strong><\/p>\n\n\n\n<p>Earth2.io b\u00fcnyesinde bir topluluk platformu olarak olu\u015fturulan bu megakent, Bermuda adas\u0131nda yer almaktad\u0131r. Amac\u0131, t\u00fcm oyunculara e\u011flence ve yard\u0131m i\u00e7in bir alan sa\u011flamakt\u0131r.<\/p>\n\n\n\n<p><strong>Cebelitar\u0131k<\/strong><\/p>\n\n\n\n<p>Dorkslayer, a\u011f\u0131rl\u0131kl\u0131 olarak Cebelitar\u0131k'a odaklanarak Earth2'de geli\u015fen bir topluluk olu\u015fturmay\u0131 ama\u00e7lamaktad\u0131r. \u0130\u015fbirli\u011fi ve birlik, bu destans\u0131 Metaverse deneyiminde ba\u015far\u0131n\u0131n temelleridir.<\/p>\n\n\n\n<p><strong>Cryptopolis<\/strong><\/p>\n\n\n\n<p>G\u00fc\u00e7 ve kudretten do\u011fan bir \u015fehir olan Cryptopolis, platformdaki kilit isimlerin bir i\u015fbirli\u011fidir. Finans, ticaret ve b\u00fcy\u00fcme i\u00e7in merkezi bir merkez olarak hizmet vermektedir.<\/p>\n\n\n\n<p><strong>Hippoland<\/strong><\/p>\n\n\n\n<p>Hem i\u00e7kinin hem de bar\/oyunlar\u0131n tad\u0131n\u0131 \u00e7\u0131karmak isteyen arkada\u015f gruplar\u0131 i\u00e7in tasarlanan Hippoland, benzersiz bir deneyim sunuyor.<\/p>\n\n\n\n<p><strong>B\u00fcy\u00fck Afrika Demiryolu<\/strong><\/p>\n\n\n\n<p>Snowpiercer, Afrika'daki mega \u015fehirleri birbirine ba\u011flamaya \u00e7al\u0131\u015farak \u00f6nc\u00fcl\u00fck ediyor.<\/p>\n\n\n\n<p><strong>Wakanda<\/strong><\/p>\n\n\n\n<p>Do\u011frudan B\u00fcy\u00fck Afrika Rift vadisinde yer alan tek mega \u015fehir olan Wakanda, Marvel Sinematik Evreninde tam olarak bulundu\u011fu noktada yer al\u0131yor. Genellikle \"insanl\u0131\u011f\u0131n be\u015fi\u011fi\" olarak adland\u0131r\u0131lan efsanevi Turkana G\u00f6l\u00fc'n\u00fcn k\u0131y\u0131s\u0131nda yer al\u0131yor.<\/p>\n\n\n\n<p><strong>Zigurat<\/strong><\/p>\n\n\n\n<p>Zigurat \u015eehri, Earth2'nin gelece\u011fi i\u00e7in bir vizyonu payla\u015fan bir grup yetenekli g\u00f6rsel sanat\u00e7\u0131 taraf\u0131ndan hayata ge\u00e7irildi. Sanat ve h\u0131rs\u0131 bir araya getiriyor.<\/p>\n\n\n\n<p><strong>Motor \u015eehri<\/strong><\/p>\n\n\n\n<p>Otomobil ve yar\u0131\u015f temal\u0131 bir Earth2 megakenti, otomobil merakl\u0131lar\u0131 i\u00e7in m\u00fckemmel.<\/p>\n\n\n\n<p><strong>Minde Adas\u0131<\/strong><\/p>\n\n\n\n<p>Solomon Adalar\u0131'ndaki g\u00fczel Marovo Lag\u00fcn\u00fc'nde (d\u00fcnyan\u0131n en b\u00fcy\u00fck tuzlu su lag\u00fcn\u00fc) yer alan Minde Adas\u0131, y\u00fczlerce yat\u0131r\u0131mc\u0131ya, birden fazla b\u00f6lgeye ve ba\u015far\u0131 i\u00e7in uzun vadeli bir vizyona sahiptir.<\/p>","protected":false},"excerpt":{"rendered":"<p>Shoon City Founded by Pacey, Shoon City is located alongside the E1 City of Minsk, which is the capital of Belarus. It stands out as the only megacity with roads completely surrounding an entire capital city.\u00a0Shoon City is strategically positioned for potential augmented reality (AR) features in the future and serves as an ideal space [&hellip;]<\/p>\n","protected":false},"author":1,"featured_media":0,"parent":0,"menu_order":0,"comment_status":"closed","ping_status":"closed","template":"","meta":{"footnotes":""},"_links":{"self":[{"href":"https:\/\/earth2.wiki\/tr\/wp-json\/wp\/v2\/pages\/169"}],"collection":[{"href":"https:\/\/earth2.wiki\/tr\/wp-json\/wp\/v2\/pages"}],"about":[{"href":"https:\/\/earth2.wiki\/tr\/wp-json\/wp\/v2\/types\/page"}],"author":[{"embeddable":true,"href":"https:\/\/earth2.wiki\/tr\/wp-json\/wp\/v2\/users\/1"}],"replies":[{"embeddable":true,"href":"https:\/\/earth2.wiki\/tr\/wp-json\/wp\/v2\/comments?post=169"}],"version-history":[{"count":9,"href":"https:\/\/earth2.wiki\/tr\/wp-json\/wp\/v2\/pages\/169\/revisions"}],"predecessor-version":[{"id":435,"href":"https:\/\/earth2.wiki\/tr\/wp-json\/wp\/v2\/pages\/169\/revisions\/435"}],"wp:attachment":[{"href":"https:\/\/earth2.wiki\/tr\/wp-json\/wp\/v2\/media?parent=169"}],"curies":[{"name":"wp","href":"https:\/\/api.w.org\/{rel}","templated":true}]}}