{"id":165,"date":"2024-04-14T19:09:11","date_gmt":"2024-04-14T18:09:11","guid":{"rendered":"https:\/\/earth2.wiki\/?page_id=165"},"modified":"2024-04-15T07:53:41","modified_gmt":"2024-04-15T06:53:41","slug":"top-100-megacities-in-earth2","status":"publish","type":"page","link":"https:\/\/earth2.wiki\/tr\/dunyadaki\u0307-en-buyuk-100-mega-sehi\u0307r2\/","title":{"rendered":"D\u00fcnya'daki En B\u00fcy\u00fck Megakentler2"},"content":{"rendered":"<figure class=\"wp-block-table\"><table><thead><tr><th>Megakent Ad\u0131<\/th><th>Resmi Web Sitesi<\/th><th>Discord<\/th><\/tr><\/thead><tbody><tr><td>Elitecity<\/td><td><a href=\"https:\/\/elitecity.io\/\" target=\"_blank\" rel=\"noreferrer noopener\">https:\/\/elitecity.io\/<\/a><\/td><td><a href=\"https:\/\/discord.gg\/Mp93h9SWsJ\" target=\"_blank\" rel=\"noreferrer noopener\">https:\/\/discord.gg\/Mp93h9SWsJ<\/a><\/td><\/tr><tr><td>Malta \u015e\u00f6valyeleri<\/td><td><a href=\"https:\/\/www.knightsofmalta.info\/\" target=\"_blank\" rel=\"noreferrer noopener\">https:\/\/www.knightsofmalta.info\/<\/a><\/td><td><a href=\"https:\/\/discord.gg\/B5R8qVJK9p\" target=\"_blank\" rel=\"noreferrer noopener\">https:\/\/discord.gg\/B5R8qVJK9p<\/a><\/td><\/tr><tr><td>Foodies City<\/td><td><a href=\"https:\/\/foodies.city\/\" target=\"_blank\" rel=\"noreferrer noopener\">https:\/\/foodies.city\/<\/a><\/td><td><a href=\"https:\/\/discord.gg\/TB4283DfPt\" target=\"_blank\" rel=\"noreferrer noopener\">https:\/\/discord.gg\/TB4283DfPt<\/a><\/td><\/tr><tr><td>Shoon \u015eehri<\/td><td><a href=\"https:\/\/shooncity.com\/\" target=\"_blank\" rel=\"noreferrer noopener\">https:\/\/shooncity.com\/<\/a><\/td><td><a href=\"https:\/\/discord.gg\/rVuJgeNnSV\" target=\"_blank\" rel=\"noreferrer noopener\">https:\/\/discord.gg\/rVuJgeNnSV<\/a><\/td><\/tr><tr><td>AJIN Megakent<\/td><td><a href=\"https:\/\/www.metaxr.co.kr\/\" target=\"_blank\" rel=\"noreferrer noopener\">https:\/\/www.metaxr.co.kr\/<\/a><\/td><td><a href=\"https:\/\/discord.gg\/k5YHK97kM5\" target=\"_blank\" rel=\"noreferrer noopener\">https:\/\/discord.gg\/k5YHK97kM5<\/a><\/td><\/tr><tr><td>Earth2 Happener<\/td><td><a href=\"https:\/\/www.earth2happener.com\/\" target=\"_blank\" rel=\"noreferrer noopener\">https:\/\/www.earth2happener.com\/<\/a><\/td><td><a href=\"https:\/\/discord.gg\/YCQw6bShHq\" target=\"_blank\" rel=\"noreferrer noopener\">https:\/\/discord.gg\/YCQw6bShHq<\/a><\/td><\/tr><tr><td>Oasis Megakent<\/td><td><a href=\"http:\/\/oasismegacity.com\/\" target=\"_blank\" rel=\"noreferrer noopener\">http:\/\/oasismegacity.com\/<\/a><\/td><td><a href=\"https:\/\/discord.gg\/BCvJhRzPzP\" target=\"_blank\" rel=\"noreferrer noopener\">https:\/\/discord.gg\/BCvJhRzPzP<\/a><\/td><\/tr><tr><td>Y\u0131ld\u0131z \u015eehri<\/td><td><a href=\"https:\/\/www.starcitye2.com\/\" target=\"_blank\" rel=\"noreferrer noopener\">https:\/\/www.starcitye2.com\/<\/a><\/td><td><a href=\"https:\/\/discord.gg\/uBxEKdxwSY\" target=\"_blank\" rel=\"noreferrer noopener\">https:\/\/discord.gg\/uBxEKdxwSY<\/a><\/td><\/tr><tr><td>X-Topya<\/td><td><a href=\"https:\/\/xtopia.me\/\" target=\"_blank\" rel=\"noreferrer noopener\">https:\/\/xtopia.me\/<\/a><\/td><td><a href=\"https:\/\/discord.gg\/mTsB5WGXCv\" target=\"_blank\" rel=\"noreferrer noopener\">https:\/\/discord.gg\/mTsB5WGXCv<\/a><\/td><\/tr><tr><td>Zigurat \u015eehri<\/td><td><a href=\"https:\/\/ziguratcity.com\/\" target=\"_blank\" rel=\"noreferrer noopener\">https:\/\/ziguratcity.com\/<\/a><\/td><td><a href=\"https:\/\/discord.gg\/yGv65xKVVa\" target=\"_blank\" rel=\"noreferrer noopener\">https:\/\/discord.gg\/yGv65xKVVa<\/a><\/td><\/tr><tr><td>TomorrowLand<\/td><td><a href=\"http:\/\/www.tomorrowland.city\/\" target=\"_blank\" rel=\"noreferrer noopener\">http:\/\/www.tomorrowland.city\/<\/a><\/td><td><a href=\"https:\/\/discord.gg\/EkuzzqsPrf\" target=\"_blank\" rel=\"noreferrer noopener\">https:\/\/discord.gg\/EkuzzqsPrf<\/a><\/td><\/tr><tr><td>Tian<\/td><td><a href=\"https:\/\/tiancity.io\/\" target=\"_blank\" rel=\"noreferrer noopener\">https:\/\/tiancity.io\/<\/a><\/td><td><a href=\"https:\/\/discord.gg\/VaEjPp37yG\" target=\"_blank\" rel=\"noreferrer noopener\">https:\/\/discord.gg\/VaEjPp37yG<\/a><\/td><\/tr><tr><td>Alchera Global Venture<\/td><td><a href=\"https:\/\/agv.one\/\" target=\"_blank\" rel=\"noreferrer noopener\">https:\/\/agv.one\/<\/a><\/td><td><a href=\"https:\/\/discord.gg\/dg3PkWGyKB\" target=\"_blank\" rel=\"noreferrer noopener\">https:\/\/discord.gg\/dg3PkWGyKB<\/a><\/td><\/tr><tr><td>Synth City<\/td><td><a href=\"https:\/\/www.synthcity.com\/\" target=\"_blank\" rel=\"noreferrer noopener\">https:\/\/www.synthcity.com\/<\/a><\/td><td><a href=\"https:\/\/discord.gg\/ZPdKCbcxRS\" target=\"_blank\" rel=\"noreferrer noopener\">https:\/\/discord.gg\/ZPdKCbcxRS<\/a><\/td><\/tr><tr><td>\u0130n\u015fa Edilmi\u015f Ayet<\/td><td><a href=\"http:\/\/www.builtverse.com.br\/\" target=\"_blank\" rel=\"noreferrer noopener\">http:\/\/www.builtverse.com.br\/<\/a><\/td><td><a href=\"https:\/\/discord.gg\/b9HXNEU27j\" target=\"_blank\" rel=\"noreferrer noopener\">https:\/\/discord.gg\/b9HXNEU27j<\/a><\/td><\/tr><tr><td>Cryptopolis<\/td><td><a href=\"https:\/\/www.cryptopolis.city\/\" target=\"_blank\" rel=\"noreferrer noopener\">https:\/\/www.cryptopolis.city\/<\/a><\/td><td><a href=\"https:\/\/discord.gg\/HNw6qTQyYk\" target=\"_blank\" rel=\"noreferrer noopener\">https:\/\/discord.gg\/HNw6qTQyYk<\/a><\/td><\/tr><tr><td>80'ler \u015eehri<\/td><td><a href=\"https:\/\/80s-city.com\/\" target=\"_blank\" rel=\"noreferrer noopener\">https:\/\/80s-city.com\/<\/a><\/td><td>.<\/td><\/tr><tr><td>E2 MegaMart<\/td><td><a href=\"https:\/\/e2megamart.com\/\" target=\"_blank\" rel=\"noreferrer noopener\">https:\/\/e2megamart.com\/<\/a><\/td><td><a href=\"https:\/\/discord.gg\/ArgRw7sTN8\" target=\"_blank\" rel=\"noreferrer noopener\">https:\/\/discord.gg\/ArgRw7sTN8<\/a><\/td><\/tr><tr><td>MotorCity<\/td><td><a href=\"https:\/\/www.earth2.ooo\/\" target=\"_blank\" rel=\"noreferrer noopener\">https:\/\/www.earth2.ooo\/<\/a><\/td><td><a href=\"https:\/\/discord.gg\/ghbySjEZVD\" target=\"_blank\" rel=\"noreferrer noopener\">https:\/\/discord.gg\/ghbySjEZVD<\/a><\/td><\/tr><tr><td>Minde Adalar\u0131<\/td><td><a href=\"https:\/\/e2minde.com\/\" target=\"_blank\" rel=\"noreferrer noopener\">https:\/\/e2minde.com\/<\/a><\/td><td><a href=\"https:\/\/discord.gg\/B89EFnmKrC\" target=\"_blank\" rel=\"noreferrer noopener\">https:\/\/discord.gg\/B89EFnmKrC<\/a><\/td><\/tr><tr><td>MEGA Tak\u0131m\u0131: D\u00fcnya 2 Megakent<\/td><td><a href=\"https:\/\/themetawave.io\/\" target=\"_blank\" rel=\"noreferrer noopener\">https:\/\/themetawave.io\/<\/a><\/td><td><a href=\"https:\/\/discord.gg\/RJayqvDxQ3\" target=\"_blank\" rel=\"noreferrer noopener\">https:\/\/discord.gg\/RJayqvDxQ3<\/a><\/td><\/tr><tr><td>Kuleler<\/td><td><a href=\"http:\/\/e2towers.com\/\" target=\"_blank\" rel=\"noreferrer noopener\">http:\/\/e2towers.com\/<\/a><\/td><td><a href=\"https:\/\/discord.gg\/tMUeTeNW5c\" target=\"_blank\" rel=\"noreferrer noopener\">https:\/\/discord.gg\/tMUeTeNW5c<\/a><\/td><\/tr><tr><td>E2 Arazisi<\/td><td><a href=\"https:\/\/www.e2land.com\/\" target=\"_blank\" rel=\"noreferrer noopener\">https:\/\/www.e2land.com\/<\/a><\/td><td><a href=\"https:\/\/discord.gg\/TAWXFN44q4\" target=\"_blank\" rel=\"noreferrer noopener\">https:\/\/discord.gg\/TAWXFN44q4<\/a><\/td><\/tr><tr><td>Gordian<\/td><td><a href=\"http:\/\/gordian.city\/\" target=\"_blank\" rel=\"noreferrer noopener\">http:\/\/gordian.city\/<\/a><\/td><td><a href=\"https:\/\/discord.gg\/VDXZTkVxcd\" target=\"_blank\" rel=\"noreferrer noopener\">https:\/\/discord.gg\/VDXZTkVxcd<\/a><\/td><\/tr><tr><td>Milne Bay Kom\u00fcn\u00fc<\/td><td><a href=\"https:\/\/milnebaycommune.wixsite.com\/home\" target=\"_blank\" rel=\"noreferrer noopener\">https:\/\/milnebaycommune.wixsite.com\/home<\/a><\/td><td><a href=\"https:\/\/discord.gg\/UUKTZH5X5j\" target=\"_blank\" rel=\"noreferrer noopener\">https:\/\/discord.gg\/UUKTZH5X5j<\/a><\/td><\/tr><tr><td>Eter \u015eehri<\/td><td><a href=\"https:\/\/ethers.city\/\" target=\"_blank\" rel=\"noreferrer noopener\">https:\/\/ethers.city\/<\/a><\/td><td><a href=\"https:\/\/discord.com\/invite\/CtFebxhJKn\" target=\"_blank\" rel=\"noreferrer noopener\">https:\/\/discord.com\/invite\/CtFebxhJKn<\/a><\/td><\/tr><tr><td>Nevis<\/td><td><a href=\"https:\/\/nevis2.io\/\" target=\"_blank\" rel=\"noreferrer noopener\">https:\/\/nevis2.io\/<\/a><\/td><td><a href=\"https:\/\/discord.com\/invite\/MD3u8pjbdK\" target=\"_blank\" rel=\"noreferrer noopener\">https:\/\/discord.com\/invite\/MD3u8pjbdK<\/a><\/td><\/tr><tr><td>Omega<\/td><td><a href=\"https:\/\/omegaearth2.io\/\" target=\"_blank\" rel=\"noreferrer noopener\">https:\/\/omegaearth2.io\/<\/a><\/td><td><a href=\"https:\/\/discord.gg\/YNwF55jGJN\" target=\"_blank\" rel=\"noreferrer noopener\">https:\/\/discord.gg\/YNwF55jGJN<\/a><\/td><\/tr><tr><td>Hippoland<\/td><td><a href=\"http:\/\/hippoland.ch\/\" target=\"_blank\" rel=\"noreferrer noopener\">http:\/\/hippoland.ch\/<\/a><\/td><td><a href=\"https:\/\/discord.gg\/9KJCcuaPut\" target=\"_blank\" rel=\"noreferrer noopener\">https:\/\/discord.gg\/9KJCcuaPut<\/a><\/td><\/tr><tr><td>Dorkslayer Metaverse<\/td><td><a href=\"https:\/\/themetaverse.online\/\" target=\"_blank\" rel=\"noreferrer noopener\">https:\/\/themetaverse.online\/<\/a><\/td><td><a href=\"https:\/\/discord.gg\/Sng8zN33Rx\" target=\"_blank\" rel=\"noreferrer noopener\">https:\/\/discord.gg\/Sng8zN33Rx<\/a><\/td><\/tr><tr><td>Atlantis<\/td><td><a href=\"https:\/\/www.atlantise2.io\/\" target=\"_blank\" rel=\"noreferrer noopener\">https:\/\/www.atlantise2.io\/<\/a><\/td><td><a href=\"https:\/\/discord.gg\/DrxD5BzKzN\" target=\"_blank\" rel=\"noreferrer noopener\">https:\/\/discord.gg\/DrxD5BzKzN<\/a><\/td><\/tr><tr><td>Expo City<\/td><td><a href=\"http:\/\/expocity.io\/\" target=\"_blank\" rel=\"noreferrer noopener\">http:\/\/expocity.io\/<\/a><\/td><td><a href=\"https:\/\/discord.com\/invite\/AgQnPV6cNk\" target=\"_blank\" rel=\"noreferrer noopener\">https:\/\/discord.com\/invite\/AgQnPV6cNk<\/a><\/td><\/tr><tr><td>Madara \u015eehri<\/td><td><a href=\"https:\/\/www.madara.city\/\" target=\"_blank\" rel=\"noreferrer noopener\">https:\/\/www.madara.city\/<\/a><\/td><td><a href=\"https:\/\/discord.gg\/5HbzJyART9\" target=\"_blank\" rel=\"noreferrer noopener\">https:\/\/discord.gg\/5HbzJyART9<\/a><\/td><\/tr><tr><td>E2 Valhalla<\/td><td><a href=\"http:\/\/e2valhalla.com\/\" target=\"_blank\" rel=\"noreferrer noopener\">http:\/\/e2valhalla.com\/<\/a><\/td><td><a href=\"https:\/\/discord.gg\/Nwc7cXwFpK\" target=\"_blank\" rel=\"noreferrer noopener\">https:\/\/discord.gg\/Nwc7cXwFpK<\/a><\/td><\/tr><tr><td>Eyalet 1<\/td><td><a href=\"http:\/\/state1.io\/\" target=\"_blank\" rel=\"noreferrer noopener\">http:\/\/state1.io\/<\/a><\/td><td><a href=\"https:\/\/discord.gg\/w7R7U9SwSs\" target=\"_blank\" rel=\"noreferrer noopener\">https:\/\/discord.gg\/w7R7U9SwSs<\/a><\/td><\/tr><tr><td>Sahra'n\u0131n G\u00f6z\u00fc<\/td><td><a href=\"https:\/\/eyeofthesahara.io\/home\/\" target=\"_blank\" rel=\"noreferrer noopener\">https:\/\/eyeofthesahara.io\/home\/<\/a><\/td><td><a href=\"https:\/\/discord.gg\/UETFaqqghg\" target=\"_blank\" rel=\"noreferrer noopener\">https:\/\/discord.gg\/UETFaqqghg<\/a><\/td><\/tr><tr><td>Umut \u015eehri<\/td><td><a href=\"https:\/\/www.hopecity.life\/\" target=\"_blank\" rel=\"noreferrer noopener\">https:\/\/www.hopecity.life\/<\/a><\/td><td>.<\/td><\/tr><tr><td>Esans Adas\u0131<\/td><td><a href=\"http:\/\/www.essenceisland.io\/\" target=\"_blank\" rel=\"noreferrer noopener\">http:\/\/www.essenceisland.io\/<\/a><\/td><td><a href=\"https:\/\/discord.gg\/h34zkxvAkj\" target=\"_blank\" rel=\"noreferrer noopener\">https:\/\/discord.gg\/h34zkxvAkj<\/a><\/td><\/tr><tr><td>DRONE Megakent<\/td><td><a href=\"http:\/\/www.dronemegacity.io\/\" target=\"_blank\" rel=\"noreferrer noopener\">http:\/\/www.dronemegacity.io\/<\/a><\/td><td><a href=\"https:\/\/discord.gg\/hSpRFUqEqP\" target=\"_blank\" rel=\"noreferrer noopener\">https:\/\/discord.gg\/hSpRFUqEqP<\/a><\/td><\/tr><tr><td>Mania \u015eehri<\/td><td><a href=\"http:\/\/maniacity.io\/\" target=\"_blank\" rel=\"noreferrer noopener\">http:\/\/maniacity.io\/<\/a><\/td><td><a href=\"https:\/\/discord.gg\/xwWawyTkJv\" target=\"_blank\" rel=\"noreferrer noopener\">https:\/\/discord.gg\/xwWawyTkJv<\/a><\/td><\/tr><tr><td>Yisunsin \u015eehri*<\/td><td><a href=\"http:\/\/yisunsincity.com\/\" target=\"_blank\" rel=\"noreferrer noopener\">http:\/\/yisunsincity.com\/<\/a><\/td><td><a href=\"https:\/\/discord.gg\/BPKMJ5TP\" target=\"_blank\" rel=\"noreferrer noopener\">https:\/\/discord.gg\/BPKMJ5TP<\/a><\/td><\/tr><tr><td>Obsidian \u015eehri*<\/td><td><a href=\"https:\/\/e2obsidian.wixsite.com\/obsidiancity\/\" target=\"_blank\" rel=\"noreferrer noopener\">https:\/\/e2obsidian.wixsite.com\/obsidiancity\/<\/a><\/td><td><a href=\"https:\/\/discord.gg\/SvgHbu64\" target=\"_blank\" rel=\"noreferrer noopener\">https:\/\/discord.gg\/SvgHbu64<\/a><\/td><\/tr><\/tbody><\/table><\/figure>","protected":false},"excerpt":{"rendered":"<p>Megacity Name Official Website Discord Elitecity https:\/\/elitecity.io\/ https:\/\/discord.gg\/Mp93h9SWsJ Knights of Malta https:\/\/www.knightsofmalta.info\/ https:\/\/discord.gg\/B5R8qVJK9p Foodies City https:\/\/foodies.city\/ https:\/\/discord.gg\/TB4283DfPt Shoon City https:\/\/shooncity.com\/ https:\/\/discord.gg\/rVuJgeNnSV AJIN Megacity https:\/\/www.metaxr.co.kr\/ https:\/\/discord.gg\/k5YHK97kM5 Earth2 Happener https:\/\/www.earth2happener.com\/ https:\/\/discord.gg\/YCQw6bShHq Oasis Megacity http:\/\/oasismegacity.com\/ https:\/\/discord.gg\/BCvJhRzPzP Star City https:\/\/www.starcitye2.com\/ https:\/\/discord.gg\/uBxEKdxwSY X-Topia https:\/\/xtopia.me\/ https:\/\/discord.gg\/mTsB5WGXCv Zigurat City https:\/\/ziguratcity.com\/ https:\/\/discord.gg\/yGv65xKVVa TomorrowLand http:\/\/www.tomorrowland.city\/ https:\/\/discord.gg\/EkuzzqsPrf Tian https:\/\/tiancity.io\/ https:\/\/discord.gg\/VaEjPp37yG Alchera Global Venture https:\/\/agv.one\/ https:\/\/discord.gg\/dg3PkWGyKB [&hellip;]<\/p>\n","protected":false},"author":1,"featured_media":0,"parent":0,"menu_order":0,"comment_status":"closed","ping_status":"closed","template":"","meta":{"footnotes":""},"_links":{"self":[{"href":"https:\/\/earth2.wiki\/tr\/wp-json\/wp\/v2\/pages\/165"}],"collection":[{"href":"https:\/\/earth2.wiki\/tr\/wp-json\/wp\/v2\/pages"}],"about":[{"href":"https:\/\/earth2.wiki\/tr\/wp-json\/wp\/v2\/types\/page"}],"author":[{"embeddable":true,"href":"https:\/\/earth2.wiki\/tr\/wp-json\/wp\/v2\/users\/1"}],"replies":[{"embeddable":true,"href":"https:\/\/earth2.wiki\/tr\/wp-json\/wp\/v2\/comments?post=165"}],"version-history":[{"count":8,"href":"https:\/\/earth2.wiki\/tr\/wp-json\/wp\/v2\/pages\/165\/revisions"}],"predecessor-version":[{"id":423,"href":"https:\/\/earth2.wiki\/tr\/wp-json\/wp\/v2\/pages\/165\/revisions\/423"}],"wp:attachment":[{"href":"https:\/\/earth2.wiki\/tr\/wp-json\/wp\/v2\/media?parent=165"}],"curies":[{"name":"wp","href":"https:\/\/api.w.org\/{rel}","templated":true}]}}