{"id":156,"date":"2024-04-14T19:03:26","date_gmt":"2024-04-14T18:03:26","guid":{"rendered":"https:\/\/earth2.wiki\/?page_id=156"},"modified":"2024-04-15T01:09:54","modified_gmt":"2024-04-15T00:09:54","slug":"earth2-holo-builidng-in-1-min","status":"publish","type":"page","link":"https:\/\/earth2.wiki\/tr\/earth2-holo-1-daki\u0307kada-i\u0307nsa-edi\u0307li\u0307yor\/","title":{"rendered":"1 dakika i\u00e7inde Earth2 Holo-Builidng"},"content":{"rendered":"<p>Yarat\u0131c\u0131l\u0131\u011f\u0131n ve sanat\u0131n gelece\u011fi Metaverse'e ho\u015f geldiniz. D\u00fcnya teknolojiye giderek daha fazla ba\u011f\u0131ml\u0131 hale gelirken, Metaverse yarat\u0131c\u0131lar ve yenilik\u00e7iler i\u00e7in nihai oyun alan\u0131 haline geliyor. Earth2, Holo-Binalar\u0131n ilk a\u015famas\u0131yla Metaverse mimarisine \u00f6nc\u00fcl\u00fck ediyor ve yeni bir s\u0131n\u0131rs\u0131z yarat\u0131c\u0131l\u0131k \u00e7a\u011f\u0131na zemin haz\u0131rl\u0131yor.<\/p>\n\n\n\n<p>Metaverse, sanat\u00e7\u0131lar\u0131n ger\u00e7ek d\u00fcnyada kar\u015f\u0131la\u015ft\u0131klar\u0131 alan k\u0131s\u0131tlamalar\u0131na bir \u00e7\u00f6z\u00fcmd\u00fcr. Megakentlerde kiralar h\u0131zla y\u00fckselirken, d\u00fcnya n\u00fcfusunun \u00e7o\u011funlu\u011fu sanatsal yeteneklerini ifade etmek i\u00e7in fiziksel bir alan\u0131n y\u00fcksek fiyatlar\u0131n\u0131 kar\u015f\u0131layam\u0131yor. Metaverse ile ba\u015fyap\u0131t\u0131n\u0131z\u0131 daha eri\u015filebilir bir \u015fekilde yaratmak i\u00e7in s\u0131n\u0131rs\u0131z f\u0131rsatlara sahipsiniz. Telefon, ki\u015fisel bilgisayar, internet, ak\u0131ll\u0131 telefon ve sosyal medya ya\u015fad\u0131\u011f\u0131m\u0131z d\u00fcnyada nas\u0131l devrim yaratt\u0131ysa, Metaverse de evreni parmaklar\u0131n\u0131z\u0131n ucuna getirerek yepyeni bir yarat\u0131c\u0131l\u0131k seviyesine ula\u015fman\u0131z\u0131 sa\u011fl\u0131yor.<\/p>\n\n\n\n<p>Earth2'nin Holo-Buildings'i ile her sanat\u00e7\u0131n\u0131n vizyonunun s\u0131n\u0131r\u0131 g\u00f6ky\u00fcz\u00fcd\u00fcr. Metaverse'in s\u0131n\u0131rs\u0131z \u00f6l\u00e7e\u011finden yararlanarak d\u00fcnyan\u0131n en b\u00fcy\u00fck heykelt\u0131ra\u015f\u0131, mimar\u0131 veya 3D tasar\u0131mc\u0131s\u0131 olunabilir ve benzersiz planlar\u0131n\u0131 satarak pasif gelir elde edilebilir. Holobuilding teknolojisi hen\u00fcz ilkel olsa da, herkesin kendi \u00f6zelle\u015ftirilebilir ve s\u00fcr\u00fckleyici ortam\u0131n\u0131 yaratmas\u0131na ve geli\u015ftirmesine olanak tan\u0131r - hayal g\u00fcc\u00fcn\u00fcz\u00fc serbest b\u0131rak\u0131n!<\/p>\n\n\n\n<p>Gelece\u011fin en heyecan verici y\u00f6nlerinden biri olan Metaverse'de yer almak i\u00e7in bu f\u0131rsat\u0131 ka\u00e7\u0131rmay\u0131n. Her sanat\u00e7\u0131n\u0131n en \u00e7\u0131lg\u0131n hayallerini kolayl\u0131kla ifade edebilmesi ve yaratabilmesi i\u00e7in m\u00fckemmel bir yer olan Earth2'nin Holobuildings'ini ke\u015ffedin. Olas\u0131l\u0131klar\u0131n sonsuz oldu\u011fu Metaverse \u00e7oklu evrenini \u015fekillendirirken bize kat\u0131l\u0131n.<\/p>","protected":false},"excerpt":{"rendered":"<p>Welcome to the future of creativity and art, the Metaverse. As the world becomes more and more reliant on technology, the Metaverse is becoming the ultimate playground for creators and innovators. Earth2 is leading the way in Metaverse architecture with the early phase of Holo-Buildings and setting the stage for a new era of limitless [&hellip;]<\/p>\n","protected":false},"author":1,"featured_media":0,"parent":0,"menu_order":0,"comment_status":"closed","ping_status":"closed","template":"","meta":{"footnotes":""},"_links":{"self":[{"href":"https:\/\/earth2.wiki\/tr\/wp-json\/wp\/v2\/pages\/156"}],"collection":[{"href":"https:\/\/earth2.wiki\/tr\/wp-json\/wp\/v2\/pages"}],"about":[{"href":"https:\/\/earth2.wiki\/tr\/wp-json\/wp\/v2\/types\/page"}],"author":[{"embeddable":true,"href":"https:\/\/earth2.wiki\/tr\/wp-json\/wp\/v2\/users\/1"}],"replies":[{"embeddable":true,"href":"https:\/\/earth2.wiki\/tr\/wp-json\/wp\/v2\/comments?post=156"}],"version-history":[{"count":2,"href":"https:\/\/earth2.wiki\/tr\/wp-json\/wp\/v2\/pages\/156\/revisions"}],"predecessor-version":[{"id":292,"href":"https:\/\/earth2.wiki\/tr\/wp-json\/wp\/v2\/pages\/156\/revisions\/292"}],"wp:attachment":[{"href":"https:\/\/earth2.wiki\/tr\/wp-json\/wp\/v2\/media?parent=156"}],"curies":[{"name":"wp","href":"https:\/\/api.w.org\/{rel}","templated":true}]}}