{"id":146,"date":"2024-04-14T18:57:19","date_gmt":"2024-04-14T17:57:19","guid":{"rendered":"https:\/\/earth2.wiki\/?page_id=146"},"modified":"2024-04-15T03:38:04","modified_gmt":"2024-04-15T02:38:04","slug":"automate-earth2-mining-with-civilians-ai","status":"publish","type":"page","link":"https:\/\/earth2.wiki\/tr\/si\u0307vi\u0307ller-yapay-zekasi-i\u0307le-earth2-madenci\u0307li\u0307gi\u0307ni\u0307-otomati\u0307klesti\u0307ri\u0307n\/","title":{"rendered":"Siviller NFT ile Earth2 Kripto Madencili\u011fini Otomatikle\u015ftirin (feat. A.I.)"},"content":{"rendered":"<p>Earth2, kripto madencili\u011fi d\u00fcnyas\u0131ndaki en yeni ve en heyecan verici geli\u015fmelerden biridir ve yat\u0131r\u0131mc\u0131lara sanal arazilere yat\u0131r\u0131m yapma ve oyun, e-ticaret ve sanal emlak dahil olmak \u00fczere \u00e7e\u015fitli y\u00f6ntemlerle kar elde etme f\u0131rsat\u0131 sunar. Civilians \u00f6zelli\u011finin yak\u0131n zamanda duyurulmas\u0131yla birlikte, Civilians NFT'nin yard\u0131m\u0131yla Earth2 kripto madencili\u011fi rutininizi daha da otomatikle\u015ftirmek ve optimize etmek art\u0131k m\u00fcmk\u00fcn.<\/p>\n\n\n\n<p>Civilians \u00f6zelli\u011fi, Earth2 arazilerinizi ve yat\u0131r\u0131mlar\u0131n\u0131z\u0131 y\u00f6netmeyi her zamankinden daha kolay ve verimli hale getiren g\u00fc\u00e7l\u00fc ve yeni bir ara\u00e7t\u0131r. Gelecekte, Siviller Earth2 Metaverse'in s\u0131n\u0131rs\u0131z \u00f6l\u00e7e\u011fini dolduracak olan yapay zeka destekli NPC'ye d\u00f6n\u00fc\u015fecek.<\/p>\n\n\n\n<p>Civilians ile art\u0131k \u015farj etmek, ak\u0131n ba\u015flatmak veya \u00f6d\u00fcl da\u011f\u0131tmak i\u00e7in sonsuz t\u0131klamalara g\u00fcvenmek zorunda de\u011filsiniz. Civilians, Earth2 yat\u0131r\u0131mlar\u0131n\u0131z\u0131 kolayl\u0131kla y\u00f6netmenizi sa\u011flar.<\/p>\n\n\n\n<p>\u0130ster acemi bir yat\u0131r\u0131mc\u0131 ister deneyimli bir profesyonel olun, Siviller Earth2 kaynak yat\u0131r\u0131mlar\u0131n\u0131z\u0131 optimize etmenize ve k\u00e2r\u0131n\u0131z\u0131 en \u00fcst d\u00fczeye \u00e7\u0131karman\u0131za yard\u0131mc\u0131 olabilir. Jeolog ve gelece\u011fin Veri Analisti Civilans, size veriye dayal\u0131 i\u00e7g\u00f6r\u00fcler ve \u00f6neriler sunarak, piyasa trendleri ve modellerine g\u00f6re sanal arazinizi nereden alaca\u011f\u0131n\u0131z ve ne zaman sataca\u011f\u0131n\u0131z konusunda bilin\u00e7li kararlar vermenize yard\u0131mc\u0131 olabilir.<\/p>\n\n\n\n<h1 class=\"wp-block-heading\">D\u00fcnya2'de Hizipler, yani \u0130nan\u00e7, Din<\/h1>\n\n\n\n<p>T\u0131pk\u0131 Earth1'deki insanl\u0131k gibi, Earth2 Sivilleri de kendi inan\u00e7lar\u0131, de\u011ferleri ve k\u00fclt\u00fcrleri olan \u00e7ok \u00e7e\u015fitli bir grup insandan olu\u015fuyor. T\u0131pk\u0131 Earth1'deki yarat\u0131c\u0131lar\u0131 gibi, Earth2 Sivilleri de \u00fc\u00e7 farkl\u0131 grup aras\u0131nda \u00e7at\u0131\u015fma ve anla\u015fmazl\u0131klarla sonu\u00e7lan\u0131r: Uzay Kuvvetleri, Asiler ve M\u0131s\u0131r Tanr\u0131lar\u0131 ve Takip\u00e7ileri.<\/p>\n\n\n\n<p>\u0130nan\u00e7 ve de\u011ferlerini daha iyi anlamak i\u00e7in bu gruplar\u0131n her birine daha yak\u0131ndan bakal\u0131m.<\/p>\n\n\n\n<h2 class=\"wp-block-heading\">Uzay Kuvvetleri \u0130mparatorlu\u011fu<\/h2>\n\n\n\n<p>\u0130stikrarl\u0131 ve Kontroll\u00fc (MBTI 'J' burada ba\u015far\u0131l\u0131 olur),<\/p>\n\n\n\n<h5 class=\"wp-block-heading\">TAG: #Gryffindor, #Demokratlar, #BlueTeam, #Biden2024, #\uc815\ud30c, #<strong><strong>\u6b63\u6d3e<\/strong><\/strong>, #<strong><strong>\u305b\u3044\u3068\u3046<\/strong><\/strong>, <strong>\u0627\u0644\u0635\u0641\u0627\u0621<\/strong>,\u00a0<strong>ORTODOKS<\/strong>, &#8230;<\/h5>\n\n\n\n<p>Bu grup \u00e7o\u011funluktad\u0131r ve geleneksel olarak piyasaya hakimdir. Toplumda d\u00fczen ve disiplinin korunmas\u0131na kuvvetle inan\u0131rlar ve uzay ara\u015ft\u0131rmalar\u0131 ile teknolojiye b\u00fcy\u00fck yat\u0131r\u0131m yaparlar. Bir\u00e7o\u011fu bilim ve m\u00fchendislik alanlar\u0131nda son derece yeteneklidir ve teknolojiyi kullanarak Earth2'yi m\u00fcreffeh ve geli\u015fen bir d\u00fcnya haline getirebileceklerine inan\u0131rlar.<\/p>\n\n\n\n<h2 class=\"wp-block-heading\">Asi Paral\u0131 Askerler<\/h2>\n\n\n\n<p>Yarat\u0131c\u0131l\u0131k &amp; Breakout (MBTI 'N\/P' \u00e7o\u011funluk)<\/p>\n\n\n\n<h5 class=\"wp-block-heading\">TAG: #Slytherin, #Republicans, #RedTeam, #Trump2024, #\uc0ac\ud30c, #<strong>\u90aa\u6d3e<\/strong>, \u063a\u064a\u0631 \u062a\u0642\u0644\u064a\u062f\u064a, al\u0131\u015f\u0131lm\u0131\u015f\u0131n d\u0131\u015f\u0131nda, ...<\/h5>\n\n\n\n<p>\u00d6te yandan Asiler, Uzay Kuvvetleri \u0130mparatorlu\u011fu'nun korkun\u00e7 tekd\u00fczeli\u011fine kar\u015f\u0131 durmaktad\u0131r. Uzay Kuvvetleri'nin \u00f6zg\u00fcrl\u00fcklerini ve yarat\u0131c\u0131l\u0131klar\u0131n\u0131 bast\u0131rd\u0131\u011f\u0131na inan\u0131yorlar ve herkesin herhangi bir k\u0131s\u0131tlama olmaks\u0131z\u0131n kendini ifade etme \u00f6zg\u00fcrl\u00fc\u011f\u00fcne sahip oldu\u011fu bir d\u00fcnya kurmak istiyorlar. Asiler genellikle \u00e7at\u0131\u015fmac\u0131 ve asi olarak g\u00f6r\u00fcl\u00fcrler, ancak inan\u00e7lar\u0131 ve de\u011ferleri konusunda son derece tutkuludurlar.<\/p>\n\n\n\n<h2 class=\"wp-block-heading\">M\u0131s\u0131r Tanr\u0131lar\u0131 ve Takip\u00e7ileri<\/h2>\n\n\n\n<p>Gelenek ve Sezgi (MBTI 'S' \u00e7o\u011funluk)<\/p>\n\n\n\n<h5 class=\"wp-block-heading\">TAG: #Primative, #Sigma, #NeutralNot, #ElvishDwarf, #Psycho, #RavenClaw, #\ub3c4\uc778, #\u5c0e\u5f15, #\u0633\u0627\u062d\u0631, #Magician<\/h5>\n\n\n\n<p>M\u0131s\u0131r Tanr\u0131lar\u0131 ve Takip\u00e7ileri t\u00fcm Siviller aras\u0131nda \u00fc\u00e7\u00fcnc\u00fc ve en eski gruptur. Geleneklere derinlemesine ba\u011fl\u0131d\u0131rlar ve her bir Sivil ENA'n\u0131n k\u00f6keninden gelen gizemli bir auraya sahiptirler. Eski M\u0131s\u0131r Tanr\u0131lar\u0131na taparlar ve onlar\u0131n k\u00fclt\u00fcrlerine ve kadim bilgeliklerine derin bir sayg\u0131 duyarlar. Reenkarnasyona ve \u00f6b\u00fcr d\u00fcnyaya g\u00fc\u00e7l\u00fc bir inan\u00e7lar\u0131 vard\u0131r. Genellikle mistik ve ruhani olarak g\u00f6r\u00fcl\u00fcrler ve bir\u00e7o\u011fu psi\u015fik yeteneklere sahiptir.<\/p>\n\n\n\n<p>Farkl\u0131l\u0131klar\u0131na ra\u011fmen, t\u00fcm bu gruplar\u0131n ortak bir noktas\u0131 var: Earth2 Essence $$$'e duyduklar\u0131 sevgi. Hepsi Earth2'de daha iyi ve daha m\u00fcreffeh bir gelecek i\u00e7in \u00e7abal\u0131yor ve t\u00fcm D\u00fcnyal\u0131lar biliyor ki hepimiz geli\u015fir ve zenginle\u015firiz ya da umudun yava\u015f \u00f6l\u00fcm\u00fcne seviniriz.<\/p>\n\n\n\n<p>Earth2 Sivilleri ve D\u00fcnyal\u0131lar\u0131n\u0131n farkl\u0131l\u0131klar\u0131 olabilir, ancak hepsi ortak bir ama\u00e7 alt\u0131nda birle\u015fmi\u015ftir: Daha Fazla Para Kazanmak $$$, hay\u0131r, d\u00fcnyay\u0131 daha iyi bir yer haline getirmek. \u0130ster teknoloji, ister yarat\u0131c\u0131l\u0131k veya gelenek yoluyla olsun, hepsi Earth2 Metaverse'in b\u00fcy\u00fcmesine ve geli\u015fmesine katk\u0131da bulunuyor.<\/p>","protected":false},"excerpt":{"rendered":"<p>Earth2 is one of the newest and most exciting developments in the world of crypto mining, providing investors with the opportunity to invest in virtual plots of land and earn profits through a variety of methods, including gaming, eCommerce, and virtual real estate. With the recent announcement of the Civilians feature, it is now possible [&hellip;]<\/p>\n","protected":false},"author":1,"featured_media":0,"parent":0,"menu_order":0,"comment_status":"closed","ping_status":"closed","template":"","meta":{"footnotes":""},"_links":{"self":[{"href":"https:\/\/earth2.wiki\/tr\/wp-json\/wp\/v2\/pages\/146"}],"collection":[{"href":"https:\/\/earth2.wiki\/tr\/wp-json\/wp\/v2\/pages"}],"about":[{"href":"https:\/\/earth2.wiki\/tr\/wp-json\/wp\/v2\/types\/page"}],"author":[{"embeddable":true,"href":"https:\/\/earth2.wiki\/tr\/wp-json\/wp\/v2\/users\/1"}],"replies":[{"embeddable":true,"href":"https:\/\/earth2.wiki\/tr\/wp-json\/wp\/v2\/comments?post=146"}],"version-history":[{"count":5,"href":"https:\/\/earth2.wiki\/tr\/wp-json\/wp\/v2\/pages\/146\/revisions"}],"predecessor-version":[{"id":309,"href":"https:\/\/earth2.wiki\/tr\/wp-json\/wp\/v2\/pages\/146\/revisions\/309"}],"wp:attachment":[{"href":"https:\/\/earth2.wiki\/tr\/wp-json\/wp\/v2\/media?parent=146"}],"curies":[{"name":"wp","href":"https:\/\/api.w.org\/{rel}","templated":true}]}}