{"id":142,"date":"2024-04-14T18:56:33","date_gmt":"2024-04-14T17:56:33","guid":{"rendered":"https:\/\/earth2.wiki\/?page_id=142"},"modified":"2024-04-16T20:28:57","modified_gmt":"2024-04-16T19:28:57","slug":"earth2-essence-raid-cydroid-in-1-min","status":"publish","type":"page","link":"https:\/\/earth2.wiki\/tr\/earth2-essence-1-dakika-icinde-cydroide-baskin-duzenledi\/","title":{"rendered":"\u00d6z Madencili\u011fi - 1 dakikada Earth2 Bask\u0131n Sistemini ve Cydroid'i \u00f6\u011frenin"},"content":{"rendered":"<p>Kripto para ve Earth2 metaverse platformuyla ilgileniyorsan\u0131z, Essence Mining'i duymu\u015f olabilirsiniz. Bu yeni kripto para birimi, co\u011frafi ilgi alan\u0131-toplum odakl\u0131 g\u00f6n\u00fcll\u00fc ademi merkeziyet\u00e7ilik getirmesi a\u00e7\u0131s\u0131ndan yenilik\u00e7idir.<\/p>\n\n\n\n<p>Peki \u00d6z Madencili\u011fi tam olarak nedir ve nas\u0131l \u00e7al\u0131\u015f\u0131r? \u0130\u015fte 1 dakikada h\u0131zl\u0131 bir genel bak\u0131\u015f.<\/p>\n\n\n\n<p>\u00d6z Madencili\u011fi, yak\u0131ndaki m\u00fclklere bask\u0131n yapma yetene\u011fine sahip dronlar olan Cydroid'lerin in\u015fa edilmesini i\u00e7erir. Bask\u0131nlardan elde edilen \u00f6d\u00fcller daha sonra yeni kripto para birimine d\u00f6n\u00fc\u015ft\u00fcr\u00fclebilir - Essence.<\/p>\n\n\n\n<p>\u00d6z Madencili\u011fine yaln\u0131zca 4 kareden b\u00fcy\u00fck veya e\u015fit Kademe1 (T1) ve Kademe2 (T2) topraklara sahip kullan\u0131c\u0131lar eri\u015febilir. Kriterler kar\u015f\u0131land\u0131\u011f\u0131nda, kullan\u0131c\u0131 bir Cydroid in\u015fa edebilir. Ancak, Cydroid Kademe3 araziler \u00fczerine in\u015fa edilemez.<\/p>\n\n\n\n<p>Cydroid'lerin d\u00fczg\u00fcn \u00e7al\u0131\u015fabilmeleri i\u00e7in enerji ile beslenmeleri gerekir, dolay\u0131s\u0131yla \u00e7al\u0131\u015fmak i\u00e7in bataryalara ihtiya\u00e7 duyarlar. Ak\u00fcler daha sonra siviller taraf\u0131ndan otomatik olarak \u015farj edilebilir, b\u00f6ylece bask\u0131n ve da\u011f\u0131t\u0131m yap\u0131labilir.<\/p>\n\n\n\n<p>Cydroid hakk\u0131nda daha ayr\u0131nt\u0131l\u0131 bilgi i\u00e7in bu makaleye g\u00f6z at\u0131n: <a href=\"https:\/\/earth2.wiki\/tr\/everything-you-need-to-know-about-cydroid-in-earth2-metaverse\/\">Earth2 Metaverse'de Cydroid hakk\u0131nda bilmeniz gereken her \u015fey - Earth2 Wiki<\/a><\/p>\n\n\n\n<p>Earth2 Essence Mining, Earth2 taraf\u0131ndan \u00f6nc\u00fcl\u00fck edilen Cryptocurrency sahnesi i\u00e7in yeni ve heyecan verici art\u0131 \u00e7evre dostu e\u011flenceli bir geli\u015fmedir. Kullan\u0131c\u0131lar\u0131n topraklar\u0131n\u0131 ve Cydroid NFT'lerini kullanarak kripto para kazanmalar\u0131 i\u00e7in benzersiz bir yol sa\u011flar, ayr\u0131ca kullan\u0131c\u0131lar aras\u0131nda topluluk odakl\u0131 bir ademi merkeziyet\u00e7ilik ve i\u015fbirli\u011fi duygusunu te\u015fvik eder.<\/p>\n\n\n\n<p>Essence Mining hakk\u0131nda daha fazla bilgi edinmek istiyorsan\u0131z, Earth2 platformuna g\u00f6z atmay\u0131 ve sundu\u011fu f\u0131rsatlar\u0131 ke\u015ffetmeyi unutmay\u0131n!<\/p>","protected":false},"excerpt":{"rendered":"<p>If you&#8217;re interested in cryptocurrency and the Earth2 metaverse platform, you may have heard of Essence Mining. This new cryptocurrency is innovative in that it introduces geo-interest-community driven voluntary decentralization. But what exactly is Essence Mining, and how does it work? Here&#8217;s a quick overview in 1 min. Essence Mining involves building Cydroids which are [&hellip;]<\/p>\n","protected":false},"author":1,"featured_media":0,"parent":0,"menu_order":0,"comment_status":"closed","ping_status":"closed","template":"","meta":{"footnotes":""},"_links":{"self":[{"href":"https:\/\/earth2.wiki\/tr\/wp-json\/wp\/v2\/pages\/142"}],"collection":[{"href":"https:\/\/earth2.wiki\/tr\/wp-json\/wp\/v2\/pages"}],"about":[{"href":"https:\/\/earth2.wiki\/tr\/wp-json\/wp\/v2\/types\/page"}],"author":[{"embeddable":true,"href":"https:\/\/earth2.wiki\/tr\/wp-json\/wp\/v2\/users\/1"}],"replies":[{"embeddable":true,"href":"https:\/\/earth2.wiki\/tr\/wp-json\/wp\/v2\/comments?post=142"}],"version-history":[{"count":5,"href":"https:\/\/earth2.wiki\/tr\/wp-json\/wp\/v2\/pages\/142\/revisions"}],"predecessor-version":[{"id":509,"href":"https:\/\/earth2.wiki\/tr\/wp-json\/wp\/v2\/pages\/142\/revisions\/509"}],"wp:attachment":[{"href":"https:\/\/earth2.wiki\/tr\/wp-json\/wp\/v2\/media?parent=142"}],"curies":[{"name":"wp","href":"https:\/\/api.w.org\/{rel}","templated":true}]}}