{"id":187,"date":"2024-04-14T19:19:46","date_gmt":"2024-04-14T18:19:46","guid":{"rendered":"https:\/\/earth2.wiki\/?page_id=187"},"modified":"2024-04-18T00:57:20","modified_gmt":"2024-04-17T23:57:20","slug":"trending-jewels-earth2","status":"publish","type":"page","link":"https:\/\/earth2.wiki\/sv\/trending-jewels-earth2\/","title":{"rendered":"Trending juveler i Earth2"},"content":{"rendered":"<p>Earth2 Wiki tillhandah\u00e5ller veckovisa analyser av de trendiga juvelerna i Earth2 Metaverse. Att unders\u00f6ka de m\u00e5natliga trenderna f\u00f6r Earth2 Jewels g\u00f6r det m\u00f6jligt f\u00f6r handlare att identifiera de l\u00e5ngsiktiga m\u00f6nstren i efterfr\u00e5gan p\u00e5 Earth2 Jewels p\u00e5 grund av olika orsaker. B\u00e4ttre f\u00f6rst\u00e5 de faktorer som p\u00e5verkar pris\u00e5tg\u00e4rder. Bygg din egen nischmarknad i denna st\u00e4ndigt v\u00e4xande v\u00e4rld av evighet.<\/p>\n\n\n\n<h2 class=\"wp-block-heading\">Trendiga sj\u00e4lvlysande juveler<\/h2>\n\n\n\n<p>Tier3 (T3) Luminous Jewels Golvpris ad av 4\/17\/2024<\/p>\n\n\n\n<p><\/p>","protected":false},"excerpt":{"rendered":"<p>Earth2 Wiki provides weekly Analysis of the Trending Jewels in Earth2 Metaverse. Examining the monthly trends of Earth2 Jewels enables traders to identify the long-term patterns in demand of Earth2 Jewels due to various cause. Better understand the factors that influence price actions. Build your own niche market in this ever-growing world of eternity. Trending [&hellip;]<\/p>\n","protected":false},"author":1,"featured_media":0,"parent":0,"menu_order":0,"comment_status":"closed","ping_status":"closed","template":"","meta":{"footnotes":""},"_links":{"self":[{"href":"https:\/\/earth2.wiki\/sv\/wp-json\/wp\/v2\/pages\/187"}],"collection":[{"href":"https:\/\/earth2.wiki\/sv\/wp-json\/wp\/v2\/pages"}],"about":[{"href":"https:\/\/earth2.wiki\/sv\/wp-json\/wp\/v2\/types\/page"}],"author":[{"embeddable":true,"href":"https:\/\/earth2.wiki\/sv\/wp-json\/wp\/v2\/users\/1"}],"replies":[{"embeddable":true,"href":"https:\/\/earth2.wiki\/sv\/wp-json\/wp\/v2\/comments?post=187"}],"version-history":[{"count":9,"href":"https:\/\/earth2.wiki\/sv\/wp-json\/wp\/v2\/pages\/187\/revisions"}],"predecessor-version":[{"id":631,"href":"https:\/\/earth2.wiki\/sv\/wp-json\/wp\/v2\/pages\/187\/revisions\/631"}],"wp:attachment":[{"href":"https:\/\/earth2.wiki\/sv\/wp-json\/wp\/v2\/media?parent=187"}],"curies":[{"name":"wp","href":"https:\/\/api.w.org\/{rel}","templated":true}]}}