{"id":181,"date":"2024-04-14T19:16:26","date_gmt":"2024-04-14T18:16:26","guid":{"rendered":"https:\/\/earth2.wiki\/?page_id=181"},"modified":"2024-04-15T08:29:56","modified_gmt":"2024-04-15T07:29:56","slug":"trending-regions-earth2","status":"publish","type":"page","link":"https:\/\/earth2.wiki\/sv\/trending-regions-earth2\/","title":{"rendered":"Trender f\u00f6r regioner i Earth2"},"content":{"rendered":"<p>Earth2 Wiki tillhandah\u00e5ller veckovis analys av de trendiga regionerna i Earth2 Metaverse. Att unders\u00f6ka de m\u00e5natliga trenderna i Earth2-regionerna hj\u00e4lper v\u00e5ra parlamentsledam\u00f6ter att identifiera de l\u00e5ngsiktiga m\u00f6nstren i efterfr\u00e5gan p\u00e5 deras virtuella tillg\u00e5ngar p\u00e5 Earth2.<\/p>\n\n\n\n<p>Earth2 Metaverse \u00e4r en fascinerande virtuell v\u00e4rld d\u00e4r du kan \u00e4ga landplatser som \u00e4r baserade p\u00e5 verkliga platser, och enligt de senaste trenderna \u00e4r vissa regioner i Earth 2 f\u00f6r n\u00e4rvarande mer trendiga \u00e4n andra. I den h\u00e4r artikeln kommer vi att ge en analytisk \u00f6versikt \u00f6ver de mest trendiga regionerna i Earth 2 och deras investeringsm\u00f6jligheter.<\/p>\n\n\n\n<p>I Earth 2 kategoriseras de mest trendiga regionerna i tv\u00e5 niv\u00e5er - Tier 2 och Tier 3 baserat p\u00e5 deras popularitet och antalet brickor som \u00e4r upptagna i regionerna.<\/p>\n\n\n\n<h2 class=\"wp-block-heading\">Trending Earth2 Tier2 (T2)-plattor<\/h2>\n\n\n\n<p><strong>Trinidad och Tobago<\/strong> \u00e4r prissatt till E$0,28 per kakel och upptar 11 988 kakel. Det \u00e4r en popul\u00e4r plats i Earth2, med sina vackra karibiska str\u00e4nder och rika kultur.<\/p>\n\n\n\n<p><strong>Kiribati <\/strong>\u00e4r prissatt till E$0,23 per kakel och t\u00e4cker 11 687 kakel. Det ligger i centrala Stilla havet och h\u00e5ller p\u00e5 att bli en popul\u00e4r destination i Earth 2 p\u00e5 grund av dess fantastiska landskap och unika kultur.<\/p>\n\n\n\n<p><strong>Etiopien<\/strong> \u00e4r prissatt till E$0,34 per bricka och omfattar 9 880 brickor. Det \u00e4r ett landlockat land p\u00e5 Afrikas horn och \u00e4r k\u00e4nt f\u00f6r sin rika historia, m\u00e5ngsidiga kultur och fantastiska landskap.<\/p>\n\n\n\n<p><strong>Cook\u00f6arna <\/strong>kostar E$0,22 per kakelplatta och t\u00e4cker 7 258 kakelplattor. Denna fantastiska paradis\u00f6 ligger i s\u00f6dra Stilla havet och h\u00e5ller p\u00e5 att bli en mycket eftertraktad plats i Earth 2 p\u00e5 grund av dess naturliga sk\u00f6nhet och idylliska str\u00e4nder.kopiera spara ta bort<\/p>\n\n\n\n<p><strong>Zimbabwe <\/strong>kostar E$0,58 per kakelplatta och omfattar 5.911 kakelplattor. Detta vackra afrikanska land \u00e4r k\u00e4nt f\u00f6r sin rika kultur, sina fantastiska naturlandskap och sitt rika djurliv.<\/p>\n\n\n\n<h2 class=\"wp-block-heading\">Trending Earth2 Tier3 (T3)-plattor<\/h2>\n\n\n\n<p><strong>Jeju-do<\/strong> \u00e4r prissatt till E$0,22 per bricka och upptar hela 116 197 brickor. Det \u00e4r en \u00f6 som ligger i Sydkorea och h\u00e5ller p\u00e5 att bli en popul\u00e4r plats i Earth 2 p\u00e5 grund av dess fantastiska naturlandskap, inklusive vackra str\u00e4nder, vulkaniska landskap och naturliga varma k\u00e4llor.CopySaveRemove<\/p>\n\n\n\n<p><strong>Nevada<\/strong> kostar E$0,19 per kakel och t\u00e4cker 95 532 kakel. Det \u00e4r en popul\u00e4r destination i Earth 2 p\u00e5 grund av dess fantastiska naturlandskap och v\u00e4rldsber\u00f6mda attraktioner som Las Vegas Strip och Grand Canyon.kopiera spara ta bort<\/p>\n\n\n\n<p><strong>Abu Dhabi<\/strong> kostar E$0,17 per kakelplatta och omfattar 83 273 kakelplattor. Denna vackra stad i F\u00f6renade Arabemiraten \u00e4r k\u00e4nd f\u00f6r sin fantastiska arkitektur, sina lyxiga hotell och sina o\u00e4ndliga underh\u00e5llningsm\u00f6jligheter.<\/p>\n\n\n\n<p><strong>V\u00e4stra Kapprovinsen<\/strong> \u00e4r prissatt till E$0,16 per kakelplatta och omfattar 73 414 kakelplattor. Denna region i Sydafrika h\u00e5ller p\u00e5 att bli en mycket eftertraktad plats i Earth 2 p\u00e5 grund av dess hisnande naturlandskap, vackra str\u00e4nder och rika kulturarv.<\/p>\n\n\n\n<p><strong>Attica<\/strong> kostar E$0,16 per kakelplatta och t\u00e4cker 67 222 kakelplattor. Denna region i Grekland h\u00e5ller p\u00e5 att bli ett popul\u00e4rt resm\u00e5l i Earth 2 p\u00e5 grund av sitt rika kulturarv, sina antika ruiner och sin fantastiska natursk\u00f6nhet.<\/p>\n\n\n\n<h2 class=\"wp-block-heading\">Investeringsperspektiv<\/h2>\n\n\n\n<p>Ur ett investeringsperspektiv \u00e4r de regioner i Earth 2 som har l\u00e4gre prislappar v\u00e4rda att \u00f6verv\u00e4ga. Till exempel, <strong>Trinidad Tobago<\/strong> och <strong>Kiribati <\/strong>i <strong>Niv\u00e5 2 <\/strong>och <strong>V\u00e4stra Kapprovinsen <\/strong>och <strong>Attica <\/strong>i <strong>Niv\u00e5 3 <\/strong>alla har <strong>en l\u00e4gre prislapp per kakelplatta. <\/strong>Detta kan potentiellt g\u00f6ra dem till mer \u00f6verkomliga investeringar och kan ge en h\u00f6gre avkastning p\u00e5 investeringen p\u00e5 l\u00e5ng sikt. Det \u00e4r dock viktigt att notera att investering i virtuell mark \u00e4r en <strong>Spekulativa investeringar,<\/strong> och det \u00e4r viktigt att g\u00f6ra grundliga efterforskningar innan man investerar n\u00e5got belopp.<\/p>\n\n\n\n<p>Dessutom, om du letar efter de billigaste nya markplatserna, \u00f6verv\u00e4ga gruvdrift <strong>Essence i North Pyongan, Korea (Demokratiska folkrepubliken) och Grenadinerna, Saint Vincent och Grenadinerna. <\/strong>Dessa territorier har vunnit enorm popularitet bland investerare p\u00e5 grund av deras <strong>mineralpotential <\/strong>och \u00e4r de nuvarande ledarna n\u00e4r det g\u00e4ller antalet r\u00f6ster som de har f\u00e5tt.<\/p>","protected":false},"excerpt":{"rendered":"<p>Earth2 Wiki provides weekly Analysis of the Trending Regions in Earth2 Metaverse. Examining the monthly trends of Earth2 Regions, tremendously help our House Members identify the long-term patterns in demand of their virtual assets in Earth2. The Earth2 Metaverse is a fascinating virtual world where you can own land locations that are based on real-world [&hellip;]<\/p>\n","protected":false},"author":1,"featured_media":0,"parent":0,"menu_order":0,"comment_status":"closed","ping_status":"closed","template":"","meta":{"footnotes":""},"_links":{"self":[{"href":"https:\/\/earth2.wiki\/sv\/wp-json\/wp\/v2\/pages\/181"}],"collection":[{"href":"https:\/\/earth2.wiki\/sv\/wp-json\/wp\/v2\/pages"}],"about":[{"href":"https:\/\/earth2.wiki\/sv\/wp-json\/wp\/v2\/types\/page"}],"author":[{"embeddable":true,"href":"https:\/\/earth2.wiki\/sv\/wp-json\/wp\/v2\/users\/1"}],"replies":[{"embeddable":true,"href":"https:\/\/earth2.wiki\/sv\/wp-json\/wp\/v2\/comments?post=181"}],"version-history":[{"count":6,"href":"https:\/\/earth2.wiki\/sv\/wp-json\/wp\/v2\/pages\/181\/revisions"}],"predecessor-version":[{"id":412,"href":"https:\/\/earth2.wiki\/sv\/wp-json\/wp\/v2\/pages\/181\/revisions\/412"}],"wp:attachment":[{"href":"https:\/\/earth2.wiki\/sv\/wp-json\/wp\/v2\/media?parent=181"}],"curies":[{"name":"wp","href":"https:\/\/api.w.org\/{rel}","templated":true}]}}