{"id":156,"date":"2024-04-14T19:03:26","date_gmt":"2024-04-14T18:03:26","guid":{"rendered":"https:\/\/earth2.wiki\/?page_id=156"},"modified":"2024-04-15T01:09:54","modified_gmt":"2024-04-15T00:09:54","slug":"earth2-holo-builidng-in-1-min","status":"publish","type":"page","link":"https:\/\/earth2.wiki\/sv\/earth2-holo-builidng-in-1-min\/","title":{"rendered":"Earth2 Holo-Builidng p\u00e5 1 min"},"content":{"rendered":"<p>V\u00e4lkommen till kreativitetens och konstens framtid, Metaverse. I takt med att v\u00e4rlden blir mer och mer beroende av teknik blir metaversen den ultimata lekplatsen f\u00f6r kreat\u00f6rer och innovat\u00f6rer. Earth2 leder v\u00e4gen inom Metaverse-arkitektur med den tidiga fasen av Holo-byggnader och s\u00e4tter scenen f\u00f6r en ny era av gr\u00e4nsl\u00f6s kreativitet.<\/p>\n\n\n\n<p>The Metaverse \u00e4r l\u00f6sningen p\u00e5 de utrymmesbegr\u00e4nsningar som konstn\u00e4rer m\u00f6ter i den verkliga v\u00e4rlden. N\u00e4r hyrorna skjuter i h\u00f6jden i storst\u00e4derna har majoriteten av v\u00e4rldens befolkning inte r\u00e5d med de h\u00f6ga priserna f\u00f6r ett fysiskt utrymme d\u00e4r de kan uttrycka sina konstn\u00e4rliga talanger. Med Metaverse har du obegr\u00e4nsade m\u00f6jligheter att skapa ditt m\u00e4sterverk p\u00e5 ett mer l\u00e4ttillg\u00e4ngligt s\u00e4tt. P\u00e5 samma s\u00e4tt som telefonen, persondatorn, internet, smarttelefonen och sociala medier har revolutionerat v\u00e5r v\u00e4rld, f\u00f6r Metaverse universum till dina fingertoppar och ger dig tillg\u00e5ng till en helt ny niv\u00e5 av kreativitet.<\/p>\n\n\n\n<p>Med Earth2:s Holo-Buildings \u00e4r himlen gr\u00e4nsen f\u00f6r alla konstn\u00e4rers visioner. Genom att utnyttja den obegr\u00e4nsade skalan i Metaverse kan man bli v\u00e4rldens st\u00f6rsta skulpt\u00f6r, arkitekt eller 3D-designer och tj\u00e4na passiva inkomster genom att s\u00e4lja sina unika ritningar. Holobuilding-tekniken, \u00e4ven om den \u00e4nnu \u00e4r primitiv, g\u00f6r det m\u00f6jligt f\u00f6r vem som helst att skapa och utveckla sin egen anpassningsbara och uppslukande milj\u00f6 - sl\u00e4pp loss din fantasi!<\/p>\n\n\n\n<p>Missa inte chansen att ta del av en av de mest sp\u00e4nnande aspekterna av framtiden, metaversen. Uppt\u00e4ck Earth2:s Holobuildings, den perfekta platsen f\u00f6r alla konstn\u00e4rer att uttrycka och skapa sina vildaste dr\u00f6mmar med l\u00e4tthet. Var med och forma Metaverse-multiversum, d\u00e4r m\u00f6jligheterna \u00e4r o\u00e4ndliga.<\/p>","protected":false},"excerpt":{"rendered":"<p>Welcome to the future of creativity and art, the Metaverse. As the world becomes more and more reliant on technology, the Metaverse is becoming the ultimate playground for creators and innovators. Earth2 is leading the way in Metaverse architecture with the early phase of Holo-Buildings and setting the stage for a new era of limitless [&hellip;]<\/p>\n","protected":false},"author":1,"featured_media":0,"parent":0,"menu_order":0,"comment_status":"closed","ping_status":"closed","template":"","meta":{"footnotes":""},"_links":{"self":[{"href":"https:\/\/earth2.wiki\/sv\/wp-json\/wp\/v2\/pages\/156"}],"collection":[{"href":"https:\/\/earth2.wiki\/sv\/wp-json\/wp\/v2\/pages"}],"about":[{"href":"https:\/\/earth2.wiki\/sv\/wp-json\/wp\/v2\/types\/page"}],"author":[{"embeddable":true,"href":"https:\/\/earth2.wiki\/sv\/wp-json\/wp\/v2\/users\/1"}],"replies":[{"embeddable":true,"href":"https:\/\/earth2.wiki\/sv\/wp-json\/wp\/v2\/comments?post=156"}],"version-history":[{"count":2,"href":"https:\/\/earth2.wiki\/sv\/wp-json\/wp\/v2\/pages\/156\/revisions"}],"predecessor-version":[{"id":292,"href":"https:\/\/earth2.wiki\/sv\/wp-json\/wp\/v2\/pages\/156\/revisions\/292"}],"wp:attachment":[{"href":"https:\/\/earth2.wiki\/sv\/wp-json\/wp\/v2\/media?parent=156"}],"curies":[{"name":"wp","href":"https:\/\/api.w.org\/{rel}","templated":true}]}}