{"id":138,"date":"2024-04-14T18:51:17","date_gmt":"2024-04-14T17:51:17","guid":{"rendered":"https:\/\/earth2.wiki\/?page_id=138"},"modified":"2024-04-19T10:04:17","modified_gmt":"2024-04-19T09:04:17","slug":"earth2-tiles-in-1-min","status":"publish","type":"page","link":"https:\/\/earth2.wiki\/sv\/earth2-tiles-in-1-min\/","title":{"rendered":"L\u00e4r dig mer om Earth2 Lands (Tiles) p\u00e5 1 minut!"},"content":{"rendered":"<p>Tile \u00e4r ink\u00f6psenheterna f\u00f6r mark i Earth2:s ekosystem och de genererar olika resurser. Earth2 \u00e4r en metaverse-plattform som g\u00f6r det m\u00f6jligt f\u00f6r anv\u00e4ndare att k\u00f6pa, \u00e4ga, bo och handla virtuell mark.<\/p>\n\n\n\n<p>Tiles \u00e4r de grundl\u00e4ggande enheterna f\u00f6r mark i Earth2:s ekosystem. De motsvarar en 10m x 10m stor tomt i den verkliga v\u00e4rlden. En av de unika egenskaperna hos Tiles \u00e4r att de avdunstar Ether - en typ av digital valuta. Denna Ether samlas sedan in och omvandlas till Essence, som kan anv\u00e4ndas f\u00f6r en m\u00e4ngd olika \u00e4ndam\u00e5l, till exempel f\u00f6r att k\u00f6pa civilisationer, cydroider och andra virtuella tillg\u00e5ngar.<\/p>\n\n\n\n<p>F\u00f6rutom att generera Ether producerar Tiles ocks\u00e5 resurser som olja, guld, silver, tr\u00e4, vatten etc., som kan anv\u00e4ndas f\u00f6r att bygga strukturer och skapa material. Detta minskar anv\u00e4ndarnas behov av att k\u00f6pa dessa resurser n\u00e5gon annanstans, vilket g\u00f6r mark\u00e4gandet i Earth2 mer sj\u00e4lvf\u00f6rs\u00f6rjande.<\/p>\n\n\n\n<p>N\u00e4r du k\u00f6per mark i Earth2 behandlas den som en tillg\u00e5ng som \u00e4gs av dig, ungef\u00e4r som ett kontoutdrag. Du kan sedan s\u00e4lja din mark p\u00e5 marknadsplatsen till alla som \u00e4r intresserade av att f\u00f6rv\u00e4rva den. Vissa premiummarker som Frihetsgudinnan i New York City har redan s\u00e5lts f\u00f6r \u00f6ver $50,000 USD.<\/p>\n\n\n\n<p>Earth2 land och Tiles \u00e4r mer \u00e4n bara virtuella fastigheter; de \u00e4r tillg\u00e5ngar som kan producera inkomststr\u00f6mmar och handlas f\u00f6r betydande summor pengar. Genom att \u00e4ga Earth2 land kan du inte bara dra nytta av de potentiella ekonomiska f\u00f6rdelarna med virtuella fastigheter utan ocks\u00e5 delta i att bygga en ny global gemenskap i denna metaverse-plattform.<\/p>\n\n\n\n<figure class=\"wp-block-table\"><table><thead><tr><th>FUNKTIONER<\/th><th>TIER 1<\/th><th>TIER 2<\/th><\/tr><\/thead><tbody><tr><td>Olika s\u00e4tt att k\u00f6pa Tile<\/td><td>Marknadsplats (spelare till spelare) \/ Uppgradering fr\u00e5n niv\u00e5 2 (framtida funktion)<\/td><td>E2 \/ Marknadsplats (spelare-till-spelare)<\/td><\/tr><tr><td>Pris p\u00e5 kakelplattor<\/td><td>Prisstrukturen f\u00f6rblir of\u00f6r\u00e4ndrad.<\/td><td>En prisv\u00e4rd Base Class Tile med begr\u00e4nsade attribut som b\u00f6rjar p\u00e5 E$0.10.<\/td><\/tr><tr><td>Pris p\u00e5 kakelplattor<\/td><td>Prisstrukturen f\u00f6rblir of\u00f6r\u00e4ndrad.<\/td><td>En prisv\u00e4rd Base Class Tile med begr\u00e4nsade attribut som b\u00f6rjar p\u00e5 E$0.10.<\/td><\/tr><tr><td>LIT (periodisk bonus)<\/td><td>Ja<\/td><td>Nej<\/td><\/tr><tr><td>EPL<\/td><td>Ja<\/td><td>Nej<\/td><\/tr><tr><td>Landklass<\/td><td>1-5<\/td><td>Nej<\/td><\/tr><tr><td>Utlovad essens (EDC)<\/td><td>Endast f\u00f6r ORIGINAL Tier 1-fastigheter som tilldelats av Earth 2 (inte uppgraderade Tier 1-fastigheter)<\/td><td>Nej<\/td><\/tr><tr><td>Konvertering av Ether-Essence<\/td><td>Garanterad<\/td><td>Of\u00f6ruts\u00e4gbar<\/td><\/tr><tr><td>Essensgenerering<\/td><td>Garanterad<\/td><td>Of\u00f6ruts\u00e4gbar<\/td><\/tr><tr><td>Lekande juveler<\/td><td>Marknadsplats (spelare till spelare) \/ Uppgradering fr\u00e5n niv\u00e5 2 (framtida funktion)<\/td><td>E2 \/ Marknadsplats (spelare-till-spelare)<\/td><\/tr><tr><td>Jewel Slots<\/td><td>5 eller fler<\/td><td>3<\/td><\/tr><tr><td>Bonus f\u00f6r v\u00e4rvningskod<\/td><td>7.5%<\/td><td>5%<\/td><\/tr><tr><td>H\u00e4nvisningskod Namn<\/td><td>Anpassningsbar<\/td><td>Generiskt Generiskt<\/td><\/tr><tr><td>EcoSim Byggnad Cap*<\/td><td>Nej<\/td><td>Ja<\/td><\/tr><tr><td>Uppt\u00e4ckbara resurser*<\/td><td>Full<\/td><td>Begr\u00e4nsad<\/td><\/tr><tr><td>M\u00e4ttnad av resurser*<\/td><td>Normal<\/td><td>Begr\u00e4nsad<\/td><\/tr><tr><td>Styrelse*.<\/td><td>Full<\/td><td>Efter utsp\u00e4dning<\/td><\/tr><tr><td>Kommer att kunna st\u00f6dja annonser*<\/td><td>Ja<\/td><td>Nej<\/td><\/tr><tr><td>Ytterligare bonusar kommer att lanseras successivt*<\/td><td>Ja<\/td><td>Begr\u00e4nsad<\/td><\/tr><\/tbody><\/table><\/figure>\n\n\n\n<p>* = kommer snart \/ avsl\u00f6jas vid ett senare tillf\u00e4lle<\/p>","protected":false},"excerpt":{"rendered":"<p>Tile is the purchase units of land in Earth2 ecosystem, and they generate various resources. Earth2 is a metaverse platform that allows users to purchase, own, live and trade virtual land. Tiles are the basic units of land in the Earth2 ecosystem. They are equivalent to a 10m x 10m plot of land in the [&hellip;]<\/p>\n","protected":false},"author":1,"featured_media":0,"parent":0,"menu_order":0,"comment_status":"closed","ping_status":"closed","template":"","meta":{"footnotes":""},"_links":{"self":[{"href":"https:\/\/earth2.wiki\/sv\/wp-json\/wp\/v2\/pages\/138"}],"collection":[{"href":"https:\/\/earth2.wiki\/sv\/wp-json\/wp\/v2\/pages"}],"about":[{"href":"https:\/\/earth2.wiki\/sv\/wp-json\/wp\/v2\/types\/page"}],"author":[{"embeddable":true,"href":"https:\/\/earth2.wiki\/sv\/wp-json\/wp\/v2\/users\/1"}],"replies":[{"embeddable":true,"href":"https:\/\/earth2.wiki\/sv\/wp-json\/wp\/v2\/comments?post=138"}],"version-history":[{"count":5,"href":"https:\/\/earth2.wiki\/sv\/wp-json\/wp\/v2\/pages\/138\/revisions"}],"predecessor-version":[{"id":632,"href":"https:\/\/earth2.wiki\/sv\/wp-json\/wp\/v2\/pages\/138\/revisions\/632"}],"wp:attachment":[{"href":"https:\/\/earth2.wiki\/sv\/wp-json\/wp\/v2\/media?parent=138"}],"curies":[{"name":"wp","href":"https:\/\/api.w.org\/{rel}","templated":true}]}}