{"id":47,"date":"2024-04-14T14:33:30","date_gmt":"2024-04-14T13:33:30","guid":{"rendered":"https:\/\/earth2.wiki\/?page_id=47"},"modified":"2024-04-14T14:35:17","modified_gmt":"2024-04-14T13:35:17","slug":"privacy-policy","status":"publish","type":"page","link":"https:\/\/earth2.wiki\/sl\/privacy-policy\/","title":{"rendered":"Pravilnik o zasebnosti"},"content":{"rendered":"<h2 class=\"wp-block-heading\">Kdo smo<\/h2>\n\n\n\n<p>Na\u0161 spletni naslov je: https:\/\/earth2.wiki.<\/p>\n\n\n\n<h2 class=\"wp-block-heading\">Komentarji<\/h2>\n\n\n\n<p><strong class=\"privacy-policy-tutorial\">Predlagano besedilo: <\/strong>Ko obiskovalci na spletnem mestu pustijo komentarje, zbiramo podatke, ki so prikazani v obrazcu za komentarje, ter tudi obiskoval\u010dev naslov IP in niz uporabni\u0161kega agenta brskalnika za la\u017eje odkrivanje ne\u017eelene po\u0161te.<\/p>\n\n\n\n<p>Storitvi Gravatar se lahko zagotovi anonimiziran niz, ustvarjen iz va\u0161ega e-po\u0161tnega naslova (imenovan tudi hash), da se ugotovi, ali ga uporabljate. Pravilnik o zasebnosti storitve Gravatar je na voljo tukaj: https:\/\/automattic.com\/privacy\/. Po odobritvi va\u0161ega komentarja je va\u0161a profilna slika vidna javnosti v okviru va\u0161ega komentarja.<\/p>\n\n\n\n<h2 class=\"wp-block-heading\">Mediji<\/h2>\n\n\n\n<p>\u010ce na spletno mesto nalagate slike, se izogibajte nalaganju slik z vgrajenimi podatki o lokaciji (EXIF GPS). Obiskovalci spletnega mesta lahko s slik na spletnem mestu prenesejo in pridobijo vse podatke o lokaciji.<\/p>\n\n\n\n<h2 class=\"wp-block-heading\">Pi\u0161kotki<\/h2>\n\n\n\n<p>\u010ce na na\u0161em spletnem mestu pustite komentar, se lahko strinjate s shranjevanjem va\u0161ega imena, e-po\u0161tnega naslova in spletnega mesta v pi\u0161kotkih. Ti so namenjeni va\u0161emu udobju, tako da vam ob ponovnem komentiranju ni treba ponovno vna\u0161ati svojih podatkov. Ti pi\u0161kotki trajajo eno leto.<\/p>\n\n\n\n<p>\u010ce obi\u0161\u010dete na\u0161o prijavno stran, bomo nastavili za\u010dasni pi\u0161kotek, da ugotovimo, ali va\u0161 brskalnik sprejema pi\u0161kotke. Ta pi\u0161kotek ne vsebuje osebnih podatkov in se zavr\u017ee, ko zaprete brskalnik.<\/p>\n\n\n\n<p>Ko se prijavite, nastavimo tudi ve\u010d pi\u0161kotkov za shranjevanje va\u0161ih prijavnih podatkov in izbire prikaza na zaslonu. Pi\u0161kotki za prijavo trajajo dva dni, pi\u0161kotki za izbiro zaslona pa eno leto. \u010ce izberete mo\u017enost \"Zapomni si me\", bo va\u0161a prijava trajala dva tedna. \u010ce se odjavite iz ra\u010duna, se prijavni pi\u0161kotki odstranijo.<\/p>\n\n\n\n<p>\u010ce uredite ali objavite \u010dlanek, se v va\u0161em brskalniku shrani dodaten pi\u0161kotek. Ta pi\u0161kotek ne vsebuje nobenih osebnih podatkov in preprosto ozna\u010duje ID objave \u010dlanka, ki ste ga pravkar uredili. Po enem dnevu preneha veljati.<\/p>\n\n\n\n<h2 class=\"wp-block-heading\">Vstavljena vsebina iz drugih spletnih mest<\/h2>\n\n\n\n<p>\u010clanki na tem spletnem mestu lahko vklju\u010dujejo vdelano vsebino (npr. videoposnetke, slike, \u010dlanke itd.). Vdelana vsebina z drugih spletnih mest se obna\u0161a popolnoma enako, kot \u010de bi obiskovalec obiskal drugo spletno mesto.<\/p>\n\n\n\n<p>Ta spletna mesta lahko zbirajo podatke o vas, uporabljajo pi\u0161kotke, vgrajujejo dodatna sledenja tretjih oseb in spremljajo va\u0161o interakcijo z vgrajeno vsebino, vklju\u010dno s spremljanjem va\u0161e interakcije z vgrajeno vsebino, \u010de imate ra\u010dun in ste prijavljeni v to spletno mesto.<\/p>\n\n\n\n<h2 class=\"wp-block-heading\">Komu posredujemo va\u0161e podatke<\/h2>\n\n\n\n<p>\u010ce zahtevate ponastavitev gesla, bo va\u0161 naslov IP vklju\u010den v e-po\u0161tno sporo\u010dilo o ponastavitvi.<\/p>\n\n\n\n<h2 class=\"wp-block-heading\">Kako dolgo hranimo va\u0161e podatke<\/h2>\n\n\n\n<p>\u010ce pustite komentar, se komentar in njegovi metapodatki shranijo za nedolo\u010den \u010das. Tako lahko samodejno prepoznamo in odobrimo morebitne nadaljnje komentarje, namesto da bi jih zadr\u017eali v \u010dakalni vrsti za moderiranje.<\/p>\n\n\n\n<p>Za uporabnike, ki se registrirajo na na\u0161em spletnem mestu (\u010de obstajajo), osebne podatke, ki jih posredujejo, shranimo tudi v njihovem uporabni\u0161kem profilu. Vsi uporabniki lahko svoje osebne podatke kadar koli vidijo, uredijo ali izbri\u0161ejo (le svojega uporabni\u0161kega imena ne morejo spremeniti). Te podatke lahko vidijo in urejajo tudi skrbniki spletnega mesta.<\/p>\n\n\n\n<h2 class=\"wp-block-heading\">Kak\u0161ne pravice imate v zvezi s svojimi podatki<\/h2>\n\n\n\n<p>\u010ce imate ra\u010dun na tem spletnem mestu ali ste pustili komentarje, lahko zahtevate, da prejmete izvo\u017eeno datoteko osebnih podatkov, ki jih hranimo o vas, vklju\u010dno s podatki, ki ste nam jih posredovali. Zahtevate lahko tudi izbris vseh osebnih podatkov, ki jih hranimo o vas. To ne vklju\u010duje podatkov, ki jih moramo hraniti za upravne, pravne ali varnostne namene.<\/p>\n\n\n\n<h2 class=\"wp-block-heading\">Kam so poslani va\u0161i podatki<\/h2>\n\n\n\n<p>Komentarji obiskovalcev se lahko preverijo s samodejno storitvijo za odkrivanje ne\u017eelene po\u0161te.<\/p>","protected":false},"excerpt":{"rendered":"<p>Who we are Our website address is: https:\/\/earth2.wiki. Comments Suggested text: When visitors leave comments on the site we collect the data shown in the comments form, and also the visitor\u2019s IP address and browser user agent string to help spam detection. An anonymised string created from your email address (also called a hash) may [&hellip;]<\/p>\n","protected":false},"author":1,"featured_media":0,"parent":0,"menu_order":0,"comment_status":"closed","ping_status":"closed","template":"","meta":{"footnotes":""},"_links":{"self":[{"href":"https:\/\/earth2.wiki\/sl\/wp-json\/wp\/v2\/pages\/47"}],"collection":[{"href":"https:\/\/earth2.wiki\/sl\/wp-json\/wp\/v2\/pages"}],"about":[{"href":"https:\/\/earth2.wiki\/sl\/wp-json\/wp\/v2\/types\/page"}],"author":[{"embeddable":true,"href":"https:\/\/earth2.wiki\/sl\/wp-json\/wp\/v2\/users\/1"}],"replies":[{"embeddable":true,"href":"https:\/\/earth2.wiki\/sl\/wp-json\/wp\/v2\/comments?post=47"}],"version-history":[{"count":2,"href":"https:\/\/earth2.wiki\/sl\/wp-json\/wp\/v2\/pages\/47\/revisions"}],"predecessor-version":[{"id":49,"href":"https:\/\/earth2.wiki\/sl\/wp-json\/wp\/v2\/pages\/47\/revisions\/49"}],"wp:attachment":[{"href":"https:\/\/earth2.wiki\/sl\/wp-json\/wp\/v2\/media?parent=47"}],"curies":[{"name":"wp","href":"https:\/\/api.w.org\/{rel}","templated":true}]}}