{"id":273,"date":"2024-04-14T22:27:04","date_gmt":"2024-04-14T21:27:04","guid":{"rendered":"https:\/\/earth2.wiki\/?page_id=273"},"modified":"2024-04-15T06:18:48","modified_gmt":"2024-04-15T05:18:48","slug":"get-discount-promo-code-earth2wiki","status":"publish","type":"page","link":"https:\/\/earth2.wiki\/sl\/get-discount-promo-code-earth2wiki\/","title":{"rendered":"Pridobite popust 7.5%! Promocijska koda: EARTH2WIKI"},"content":{"rendered":"<p class=\"has-medium-font-size\">I\u0161\u010dete ekskluzivni posel, ki vam bo pomagal prihraniti denar pri nakupu zemlji\u0161\u010da na Earth2? Ne i\u0161\u010dite ve\u010d kot na\u0161 ekskluzivni <strong>EARTH2WIKI<\/strong> promocijska koda, ki vam daje velikodu\u0161no <strong>7.5% popust<\/strong> na vsak nov nakup zemlji\u0161\u010da iz Earth2!<\/p>\n\n\n\n<div class=\"wp-block-buttons is-layout-flex wp-block-buttons-is-layout-flex\">\n<div class=\"wp-block-button has-custom-font-size is-style-fill has-x-large-font-size\"><a class=\"wp-block-button__link has-text-color has-link-color wp-element-button\" style=\"border-radius:20px;color:#50e2c2\"><strong>EARTH2WIKI<\/strong><\/a><\/div>\n<\/div>\n\n\n\n<p class=\"has-medium-font-size\">S to izjemno ponudbo boste lahko dobili zemlji\u0161\u010de, ki si ga \u017eelite, po ceni, ki si jo lahko privo\u0161\u010dite. Ne glede na to, ali \u017eelite investirati v novo nepremi\u010dnino ali si preprosto \u017eelite lastiti ko\u0161\u010dek Zemlje2, vam bo ta popust pomagal, da boste z lahkoto za\u010deli.<\/p>\n\n\n\n<p class=\"has-medium-font-size\">Uporabite na\u0161 <strong>EARTH2WIKI <\/strong>promocijsko kodo danes in izkusite vse neverjetne prednosti lastni\u0161tva zemlji\u0161\u010da na Zemlji2. Z na\u0161o koristno ekipo strokovnjakov in neprekosljivimi cenami boste zagotovo na\u0161li popolno zemlji\u0161\u010de za svoje potrebe.<\/p>","protected":false},"excerpt":{"rendered":"<p>Looking for an exclusive deal that will help you save money while buying land on Earth2? Look no further than our exclusive EARTH2WIKI promo code, which gives you a generous 7.5% discount on any new land purchase from Earth2! With this amazing deal, you&#8217;ll be able to get the land you want at a price [&hellip;]<\/p>\n","protected":false},"author":1,"featured_media":0,"parent":0,"menu_order":0,"comment_status":"closed","ping_status":"closed","template":"","meta":{"footnotes":""},"_links":{"self":[{"href":"https:\/\/earth2.wiki\/sl\/wp-json\/wp\/v2\/pages\/273"}],"collection":[{"href":"https:\/\/earth2.wiki\/sl\/wp-json\/wp\/v2\/pages"}],"about":[{"href":"https:\/\/earth2.wiki\/sl\/wp-json\/wp\/v2\/types\/page"}],"author":[{"embeddable":true,"href":"https:\/\/earth2.wiki\/sl\/wp-json\/wp\/v2\/users\/1"}],"replies":[{"embeddable":true,"href":"https:\/\/earth2.wiki\/sl\/wp-json\/wp\/v2\/comments?post=273"}],"version-history":[{"count":8,"href":"https:\/\/earth2.wiki\/sl\/wp-json\/wp\/v2\/pages\/273\/revisions"}],"predecessor-version":[{"id":389,"href":"https:\/\/earth2.wiki\/sl\/wp-json\/wp\/v2\/pages\/273\/revisions\/389"}],"wp:attachment":[{"href":"https:\/\/earth2.wiki\/sl\/wp-json\/wp\/v2\/media?parent=273"}],"curies":[{"name":"wp","href":"https:\/\/api.w.org\/{rel}","templated":true}]}}