{"id":169,"date":"2024-04-14T19:10:09","date_gmt":"2024-04-14T18:10:09","guid":{"rendered":"https:\/\/earth2.wiki\/?page_id=169"},"modified":"2024-04-15T08:12:14","modified_gmt":"2024-04-15T07:12:14","slug":"trending-megacities-earth2","status":"publish","type":"page","link":"https:\/\/earth2.wiki\/sl\/trending-megacities-earth2\/","title":{"rendered":"Trendi Megamesta v Zemlji2"},"content":{"rendered":"<p><strong>Mesto Shoon<\/strong><\/p>\n\n\n\n<p>Mesto Shoon, ki ga je ustanovil Pacey, se nahaja ob mestu E1 Minsk, ki je glavno mesto Belorusije. Izstopa kot edino velemesto s cestami, ki v celoti obkro\u017eajo celotno glavno mesto. Mesto Shoon City je strate\u0161ko ume\u0161\u010deno za morebitne funkcije obogatene resni\u010dnosti (AR) v prihodnosti in slu\u017ei kot idealen prostor za napade na starej\u0161e to\u010dke C1.<\/p>\n\n\n\n<p><strong>Malte\u0161ki vitezi<\/strong><\/p>\n\n\n\n<p>Podjetje Resin, ki je bilo prvotno ustanovljeno za splo\u0161no upravljanje in prevlado, je svojo vlogo raz\u0161irilo na sponzoriranje AR in ogla\u0161evalskih zmogljivosti na skromnem otoku Malta, ki meri 316 km\u00b2.<\/p>\n\n\n\n<p><strong>Oko Sahare<\/strong><\/p>\n\n\n\n<p>To velemesto le\u017ei na eni od redkih naravnih formacij, ki so vidne iz vesolja. Govori se, da naj bi bilo tam celo izgubljeno mesto Atlantida.<\/p>\n\n\n\n<p><\/p>\n\n\n\n<p><strong>Valhalla<\/strong><\/p>\n\n\n\n<p>Vikin\u0161ko velemesto s pivnico, ladjedelnico, doki in oro\u017earno.<\/p>\n\n\n\n<p><strong>Zapu\u0161\u010dina Bermudov<\/strong><\/p>\n\n\n\n<p>To velemesto, ki je bilo ustvarjeno kot skupnostna platforma v okviru Earth2.io, se nahaja na otoku Bermudi. Njegov cilj je zagotoviti prostor za zabavo in pomo\u010d vsem igralcem.<\/p>\n\n\n\n<p><strong>Gibraltar<\/strong><\/p>\n\n\n\n<p>Dorkslayer si prizadeva ustvariti cveto\u010do skupnost v Earth2, ki se osredoto\u010da predvsem na Gibraltar. Sodelovanje in enotnost sta temelja za uspeh v tej epski izku\u0161nji metaverse.<\/p>\n\n\n\n<p><strong>Kriptopolis<\/strong><\/p>\n\n\n\n<p>Kriptopolis je mesto, ki se je rodilo iz mo\u010di in mo\u010di, in je rezultat sodelovanja klju\u010dnih osebnosti platforme. Slu\u017ei kot osrednje vozli\u0161\u010de za finance, trgovino in rast.<\/p>\n\n\n\n<p><strong>Hipoland<\/strong><\/p>\n\n\n\n<p>Hippoland je namenjen skupinam prijateljev, ki \u017eelijo u\u017eivati v pija\u010di in barskih\/minigrah, in ponuja edinstveno izku\u0161njo.<\/p>\n\n\n\n<p><strong>Velika afri\u0161ka \u017eeleznica<\/strong><\/p>\n\n\n\n<p>Snowpiercer je na \u010delu projekta, ki posku\u0161a povezati velemesta po vsej Afriki.<\/p>\n\n\n\n<p><strong>Wakanda<\/strong><\/p>\n\n\n\n<p>Wakanda je edino velemesto, ki le\u017ei neposredno v dolini Velikega afri\u0161kega rifta in se nahaja na mestu, kjer obstaja v filmskem vesolju Marvel. Le\u017ei na obali legendarnega jezera Turkana, ki ga pogosto imenujejo \"zibelka \u010dlove\u0161tva\".<\/p>\n\n\n\n<p><strong>Zigurat<\/strong><\/p>\n\n\n\n<p>Mesto Zigurat je o\u017eivila skupina nadarjenih vizualnih umetnikov, ki si delijo vizijo za prihodnost Zemlje2. Zdru\u017euje umetni\u0161kost in ambicioznost.<\/p>\n\n\n\n<p><strong>Motor City<\/strong><\/p>\n\n\n\n<p>Zemeljsko velemesto 2 z avtomobili in dirkami, kot nala\u0161\u010d za avtomobilske navdu\u0161ence.<\/p>\n\n\n\n<p><strong>Otok Minde<\/strong><\/p>\n\n\n\n<p>Otok Minde se nahaja v \u010dudoviti laguni Marovo na Salomonovih otokih (najve\u010dji slani laguni na svetu) in se pona\u0161a z ve\u010d sto vlagatelji, ve\u010d okro\u017eji in dolgoro\u010dno vizijo uspeha.<\/p>","protected":false},"excerpt":{"rendered":"<p>Shoon City Founded by Pacey, Shoon City is located alongside the E1 City of Minsk, which is the capital of Belarus. It stands out as the only megacity with roads completely surrounding an entire capital city.\u00a0Shoon City is strategically positioned for potential augmented reality (AR) features in the future and serves as an ideal space [&hellip;]<\/p>\n","protected":false},"author":1,"featured_media":0,"parent":0,"menu_order":0,"comment_status":"closed","ping_status":"closed","template":"","meta":{"footnotes":""},"_links":{"self":[{"href":"https:\/\/earth2.wiki\/sl\/wp-json\/wp\/v2\/pages\/169"}],"collection":[{"href":"https:\/\/earth2.wiki\/sl\/wp-json\/wp\/v2\/pages"}],"about":[{"href":"https:\/\/earth2.wiki\/sl\/wp-json\/wp\/v2\/types\/page"}],"author":[{"embeddable":true,"href":"https:\/\/earth2.wiki\/sl\/wp-json\/wp\/v2\/users\/1"}],"replies":[{"embeddable":true,"href":"https:\/\/earth2.wiki\/sl\/wp-json\/wp\/v2\/comments?post=169"}],"version-history":[{"count":9,"href":"https:\/\/earth2.wiki\/sl\/wp-json\/wp\/v2\/pages\/169\/revisions"}],"predecessor-version":[{"id":435,"href":"https:\/\/earth2.wiki\/sl\/wp-json\/wp\/v2\/pages\/169\/revisions\/435"}],"wp:attachment":[{"href":"https:\/\/earth2.wiki\/sl\/wp-json\/wp\/v2\/media?parent=169"}],"curies":[{"name":"wp","href":"https:\/\/api.w.org\/{rel}","templated":true}]}}