{"id":144,"date":"2024-04-14T18:56:48","date_gmt":"2024-04-14T17:56:48","guid":{"rendered":"https:\/\/earth2.wiki\/?page_id=144"},"modified":"2024-04-15T00:38:10","modified_gmt":"2024-04-14T23:38:10","slug":"earth2-essence-in-1-min","status":"publish","type":"page","link":"https:\/\/earth2.wiki\/sl\/earth2-essence-in-1-min\/","title":{"rendered":"Za\u010dnite zaslu\u017eiti najnovej\u0161o kriptovaluto Essence iz Earth2 Metaverse v 1 min!"},"content":{"rendered":"<p>Vas zanima, kako lahko v eni sami minuti za\u010dnete zaslu\u017eiti esenco, najnovej\u0161o kriptovaluto iz Earth2 Metaverse? Potem imate sre\u010do! Dobrodo\u0161li na na\u0161em spletnem mestu, kjer vam bomo pomagali, da se seznanite z najnovej\u0161o in inovativno kriptovaluto.<\/p>\n\n\n\n<p>Najprej spregovorimo o Zemlji2. Ta platforma je virtualni nepremi\u010dninski sistem, ki uporabnikom omogo\u010da nakup zemlji\u0161\u010d v virtualnem svetu. V svetu iger na sre\u010do je spro\u017eila valove in pritegnila celo pozornost znanih osebnosti, kot sta Elon Musk in Mark Zuckerberg. Po Muskovih besedah bi \"Earth2 lahko bila vrata v pravi metaverse.\" Zuckerberg pa omenja: \"Prav tako se dogaja razcvet virtualne zemlje, kar je zelo zanimiv pojav.\"<\/p>\n\n\n\n<p>\u010ce ste videli film \"Ready Player One\" ali prebrali knjigo, potem veste, kaj je metaverse. Izraz, ki ga je Neal Stephenson uporabil v svoji knjigi Snow Crash iz leta 1992, je virtualno vesolje, v katerem lahko ljudje \u017eivijo svoje najbolj divje sanje in fantazije.<\/p>\n\n\n\n<p>Zdaj pa se pogovorimo o esenci. To je nova kriptovaluta iz platforme Earth2 Metaverse. Njena posebnost je, da jo vodi skupnost in je decentralizirana. To pomeni, da je ne podpira nobena vlada ali finan\u010dna institucija. Namesto tega njeno vrednost dolo\u010data povpra\u0161evanje in ponudba, ki ju ustvarja skupnost, ki jo uporablja in z njo trguje. Poleg tega je tudi prostovoljna decentralizacija, ki jo poganjajo geo-interesi skupnosti, kar pomeni, da se lahko uporabniki odlo\u010dijo, da bodo del skupnosti, osredoto\u010denih na dolo\u010dene lokacije ali interese.<\/p>\n\n\n\n<p>Kako lahko za\u010dnete zaslu\u017eiti esence v eni sami minuti? Preprosto! Najprej ustvarite ra\u010dun v metaverse Earth2 in kupite nekaj virtualnih zemlji\u0161\u010d. Ko boste imeli svoje zemlji\u0161\u010de, boste nagrajeni z esenco, ki jo lahko uporabite za trgovanje, nakup ve\u010d zemlji\u0161\u010d ali pa jo zadr\u017eite in opazujete, kako raste njena vrednost.<\/p>\n\n\n\n<p>Zaklju\u010dimo lahko, da sta Earth2 Metaverse in Essence najnovej\u0161i inovaciji, ki spreminjata svet kriptovalut. Ker gre za platformo, ki jo vodi skupnost, uporabnikom zagotavlja edinstveno in vznemirljivo prilo\u017enost, da zaslu\u017eijo kriptovaluto, medtem ko u\u017eivajo v virtualnem svetu. Kaj torej \u0161e \u010dakate? Pridru\u017eite se Metaverzi zdaj in za\u010dnite zaslu\u017eiti esence!<\/p>","protected":false},"excerpt":{"rendered":"<p>Are you interested in learning how to start earning Essence, the latest cryptocurrency from Earth2 Metaverse, in just one minute? Well, you&#8217;re in luck! Welcome to our website where we will help you get familiarized with the newest and innovative cryptocurrency. First, let&#8217;s talk about Earth2. This platform is a virtual real estate system that [&hellip;]<\/p>\n","protected":false},"author":1,"featured_media":0,"parent":0,"menu_order":0,"comment_status":"closed","ping_status":"closed","template":"","meta":{"footnotes":""},"_links":{"self":[{"href":"https:\/\/earth2.wiki\/sl\/wp-json\/wp\/v2\/pages\/144"}],"collection":[{"href":"https:\/\/earth2.wiki\/sl\/wp-json\/wp\/v2\/pages"}],"about":[{"href":"https:\/\/earth2.wiki\/sl\/wp-json\/wp\/v2\/types\/page"}],"author":[{"embeddable":true,"href":"https:\/\/earth2.wiki\/sl\/wp-json\/wp\/v2\/users\/1"}],"replies":[{"embeddable":true,"href":"https:\/\/earth2.wiki\/sl\/wp-json\/wp\/v2\/comments?post=144"}],"version-history":[{"count":4,"href":"https:\/\/earth2.wiki\/sl\/wp-json\/wp\/v2\/pages\/144\/revisions"}],"predecessor-version":[{"id":286,"href":"https:\/\/earth2.wiki\/sl\/wp-json\/wp\/v2\/pages\/144\/revisions\/286"}],"wp:attachment":[{"href":"https:\/\/earth2.wiki\/sl\/wp-json\/wp\/v2\/media?parent=144"}],"curies":[{"name":"wp","href":"https:\/\/api.w.org\/{rel}","templated":true}]}}