{"id":68,"date":"2024-04-14T16:34:19","date_gmt":"2024-04-14T15:34:19","guid":{"rendered":"https:\/\/earth2.wiki\/?page_id=68"},"modified":"2024-04-16T12:21:23","modified_gmt":"2024-04-16T11:21:23","slug":"earth2-jewels-in-1-min","status":"publish","type":"page","link":"https:\/\/earth2.wiki\/sk\/earth2-jewels-in-1-min\/","title":{"rendered":"Earth2 \u0160perky za 1 min"},"content":{"rendered":"<p>V Earth2 zohr\u00e1vaj\u00fa drahokamy k\u013e\u00fa\u010dov\u00fa \u00falohu pri zvy\u0161ovan\u00ed produktivity p\u00f4dy a tvorbe zdrojov.<\/p>\n\n\n\n<p>Predstavujeme Trade Earth2 Jewels - ide\u00e1lny sp\u00f4sob, ako si doma zarobi\u0165 drobn\u00e9 peniaze a pritom sa zabavi\u0165! Klenoty Earth2 s\u00fa nielen \u00fa\u017easne kr\u00e1sne, ale aj neuverite\u013ene cenn\u00e9. Tieto vz\u00e1cne drahokamy s\u00fa prospe\u0161n\u00e9 pre va\u0161e \u0165a\u017eobn\u00e9 aktivity v Earth2 - m\u00f4\u017eete ich vlo\u017ei\u0165 do dla\u017ed\u00edc Cydroid alebo Land, aby ste zv\u00fd\u0161ili v\u00fdnosy surov\u00edn a v\u00fdnosy z \u0165a\u017eby kryptomeny, esencie.<\/p>\n\n\n\n<p>Spolo\u010dnos\u0165 Earth2 m\u00e1 na v\u00fdber \u0161irok\u00fa \u0161k\u00e1lu \u0161perkov, z ktor\u00fdch ka\u017ed\u00fd m\u00e1 svoje jedine\u010dn\u00e9 vlastnosti a v\u00fdhody. Od najvz\u00e1cnej\u0161\u00edch a najcennej\u0161\u00edch briliantov\u00fdch drahokamov, ktor\u00fdch cena m\u00f4\u017ee dosiahnu\u0165 a\u017e $10 000, a\u017e po oslniv\u00e9 a \u017eiariv\u00e9 op\u00e1lov\u00e9 drahokamy, ka\u017ed\u00fd si tu n\u00e1jde nie\u010do pre seba. Klenoty Earth2 mo\u017eno vyr\u00e1ba\u0165 a vylep\u0161ova\u0165 pomocou in\u00fdch klenotov a esencie, \u010do umo\u017e\u0148uje ve\u013ea ekonomick\u00fdch pr\u00edle\u017eitost\u00ed z\u00fa\u010dastni\u0165 sa niektor\u00e9ho z procesov medzi nimi.<\/p>\n\n\n\n<p>Mysl\u00edme si, \u017ee klenoty hraj\u00fa v ekonomike Earth2 jednu z najd\u00f4le\u017eitej\u0161\u00edch \u00faloh, spolu s vylep\u0161ovan\u00edm, ur\u010dovan\u00edm ceny esencie a zabezpe\u010dovan\u00edm stability syst\u00e9mu meny esencie Earth2. Invest\u00edciou do klenotov Earth2 neinvestujete len do kr\u00e1sneho a cenn\u00e9ho drahokamu - investujete do bud\u00facnosti Earth2 a jej ekonomiky. Pre\u010do? Ke\u010f cena esencie st\u00fapa, \u0161perk st\u00fapa 10x 100x mo\u017eno dokonca 1000x+, ak budete ma\u0165 \u0161\u0165astie a jedn\u00e9ho d\u0148a vytvor\u00edte mocn\u00fd briliant.<\/p>\n\n\n\n<p>Tak pre\u010do \u010daka\u0165? Pozrite si na\u0161e n\u00e1dhern\u00e9 gal\u00e9rie \u0161perkov Earth2 a k\u00fapte si jeden pre seba alebo ako dar\u010dek pre pozem\u0161\u0165ana vo va\u0161om \u017eivote. S obchodom s klenotmi Earth2 si doma nielen zarob\u00edte drobn\u00e9 peniaze, ale sa aj zabav\u00edte a vyu\u017eijete ve\u013ek\u00fd potenci\u00e1l t\u00fdchto vz\u00e1cnych drahokamov. Nenechajte si ujs\u0165 pr\u00edle\u017eitos\u0165 - za\u010dnite svoju zbierku \u0161perkov Earth2 e\u0161te dnes!<\/p>\n\n\n\n<p>Rozdelenie fungovania syst\u00e9mu \u0161perkov:<\/p>\n\n\n\n<ol>\n<li><strong>Klenoty \u00farovne 3<\/strong>:\n<ul>\n<li>Klenoty \u00farovne 3 s\u00fa vrcholom hierarchie klenotov Earth2.<\/li>\n\n\n\n<li>Ak chcete vytvori\u0165 klenot \u00farovne 3, skombinujte&nbsp;<strong>tri klenoty \u00farovne 2<\/strong>&nbsp;z&nbsp;<strong>rovnak\u00e1 farba<\/strong>. To znamen\u00e1, \u017ee budete potrebova\u0165 celkovo&nbsp;<strong>dev\u00e4\u0165 z\u00e1kladn\u00fdch drahokamov<\/strong>&nbsp;na v\u00fdrobu klenotu 3. \u00farovne.<\/li>\n\n\n\n<li>Postup:\n<ol>\n<li>Spojen\u00edm troch drahokamov \u00farovne 1 vytvor\u00edte drahokam \u00farovne 2.<\/li>\n\n\n\n<li>Spojen\u00edm troch drahokamov \u00farovne 2 rovnakej farby vytvor\u00edte drahokam \u00farovne 3.<\/li>\n<\/ol>\n<\/li>\n\n\n\n<li>Tieto klenoty \u00farovne 3 poskytuj\u00fa&nbsp;<strong>2% boost<\/strong>&nbsp;na produkciu zdrojov a m\u00f4\u017ee tie\u017e zv\u00fd\u0161i\u0165 mieru transform\u00e1cie podstaty vlastnost\u00ed&nbsp;<strong>3%<\/strong>.<\/li>\n<\/ul>\n<\/li>\n\n\n\n<li><strong>Nov\u00e9 kombin\u00e1cie \u0161perkov<\/strong>:\n<ul>\n<li>Spolo\u010dnos\u0165 Earth2 ned\u00e1vno predstavila&nbsp;<strong>28 nov\u00fdch kombin\u00e1ci\u00ed<\/strong>&nbsp;kombin\u00e1ciou \u0161perkov 3. \u00farovne r\u00f4znych farieb.<\/li>\n\n\n\n<li>Medzi tieto nov\u00e9 \u0161perky patria jant\u00e1r, andaluzit, akvamar\u00edn, azurit, krvav\u00fd kame\u0148, chryzokol, smaragd, gran\u00e1t, nefrit, malachit, obsidi\u00e1n, op\u00e1l, prehnit, peridot, pyrit, rub\u00edn, serpent\u00edn, bridlica, sodalit, spinel, slne\u010dn\u00fd kame\u0148, tigreye, topazy, tyrkys, titanit, tanzanit a zirk\u00f3n.<\/li>\n\n\n\n<li>Ka\u017ed\u00fd z t\u00fdchto klenotov prispieva k produkcii zdrojov a transform\u00e1cii podstaty.<\/li>\n<\/ul>\n<\/li>\n\n\n\n<li><strong>Aktualiz\u00e1cie \u0161perkov<\/strong>:\n<ul>\n<li>Vyroben\u00e9 \u0161perky za\u010d\u00ednaj\u00fa ako&nbsp;<strong>prasknut\u00fd<\/strong>&nbsp;verzie.<\/li>\n\n\n\n<li>M\u00f4\u017eete ich aktualizova\u0165 pomocou&nbsp;<strong>\u010drepiny<\/strong>:\n<ul>\n<li>8 \u010drep\u00edn = zamra\u010den\u00e9<\/li>\n\n\n\n<li>25 \u00falomkov = oby\u010dajn\u00e9<\/li>\n\n\n\n<li>50 \u00falomkov = \u010dist\u00e9<\/li>\n\n\n\n<li>84 \u010drep\u00edn = sveteln\u00fd<\/li>\n<\/ul>\n<\/li>\n<\/ul>\n<\/li>\n\n\n\n<li><strong>\u0160perky na dr\u00e1\u017ekovanie<\/strong>:\n<ul>\n<li>Klenoty m\u00f4\u017eete umiestni\u0165 na svoju virtu\u00e1lnu p\u00f4du.<\/li>\n\n\n\n<li>Po\u010det slotov z\u00e1vis\u00ed od ve\u013ekosti pozemku a \u00farovne.<\/li>\n\n\n\n<li>Pri umiestnen\u00ed rovnak\u00e9ho typu a farby drahokamu na rovnak\u00fa vlastnos\u0165 sa zni\u017euje \u00fa\u010dinok zv\u00fd\u0161enej esencie a zdrojov (z +3% na +2%).<\/li>\n<\/ul>\n<\/li>\n\n\n\n<li><strong>Extra sloty<\/strong>:\n<ul>\n<li>Jednokr\u00eddlov\u00e9 nehnute\u013enosti \u00farovne 1 maj\u00fa teraz&nbsp;<strong>5 slotov<\/strong>a v\u0161etky vlastnosti \u00farovne 2 maj\u00fa&nbsp;<strong>3 sloty<\/strong>.<\/li>\n\n\n\n<li>T\u00e1to zmena v\u00e1m umo\u017en\u00ed vyu\u017e\u00edva\u0165 nov\u00e9 varianty.<\/li>\n<\/ul>\n<\/li>\n<\/ol>\n\n\n\n<figure class=\"wp-block-table\"><table><thead><tr><th>\u0160perky<\/th><th>Kombin\u00e1cia<\/th><th>Zdroje<\/th><\/tr><\/thead><tbody><tr><td>Amber<\/td><td>T3 \u017elt\u00e1 + T3 okrov\u00e1<\/td><td>Zlato a \u017eelezn\u00e1 ruda<\/td><\/tr><tr><td>Andal\u00fazit<\/td><td>T3 antracit + T3 pies\u010dit\u00fd<\/td><td>Uhlie a piesok<\/td><\/tr><tr><td>Akvamar\u00edn<\/td><td>T3 modr\u00e1 + T3 zelen\u00e1<\/td><td>Drevo a sladk\u00e1 voda<\/td><\/tr><tr><td>Azurit<\/td><td>T3 Blue + T3 Black<\/td><td>Ropa a sladk\u00e1 voda<\/td><\/tr><tr><td>Krvav\u00fd kame\u0148<\/td><td>T3 okrov\u00e1 + T3 \u010dierna<\/td><td>Ropa a \u017eelezn\u00e1 ruda<\/td><\/tr><tr><td>Catseye<\/td><td>T3 \u017elt\u00e1 + T3 \u010dierna<\/td><td>Ropa a piesok<\/td><\/tr><tr><td>Chryzokol<\/td><td>T3 Blue + T3 Anthracite<\/td><td>Uhlie a sladk\u00e1 voda<\/td><\/tr><tr><td>Emerald<\/td><td>T3 modr\u00e1 + T3 \u017elt\u00e1<\/td><td>Zlato a sladk\u00e1 voda<\/td><\/tr><tr><td>Garnet<\/td><td>T3 Ochra + T3 Pieskov\u00e1<\/td><td>Piesok a \u017eelezn\u00e1 ruda<\/td><\/tr><tr><td>Jade<\/td><td>T3 zelen\u00e1 + T3 \u010dierna<\/td><td>Drevo a olej<\/td><\/tr><tr><td>Malachit<\/td><td>T3 zelen\u00e1 + T3 antracitov\u00e1<\/td><td>Uhlie a drevo<\/td><\/tr><tr><td>Obsidi\u00e1n<\/td><td>T3 Black + T3 Anthracite<\/td><td>Uhlie a ropa<\/td><\/tr><tr><td>Op\u00e1l<\/td><td>T3 Zelen\u00e1 + T3 Pieso\u010dn\u00e1<\/td><td>Piesok a drevo<\/td><\/tr><tr><td>Peridot<\/td><td>T3 zelen\u00e1 + T3 okrov\u00e1<\/td><td>\u017delezn\u00e1 ruda a drevo<\/td><\/tr><tr><td>Prehnite<\/td><td>T3 zelen\u00e1 + T3 \u017elt\u00e1<\/td><td>Zlato a drevo<\/td><\/tr><tr><td>Pyrit<\/td><td>T3 Anthracite + T3 Grey<\/td><td>Uhlie a v\u00e1penec<\/td><\/tr><tr><td>Ruby<\/td><td>T3 Antracit + T3 Ocher<\/td><td>Uhlie a \u017eelezn\u00e1 ruda<\/td><\/tr><tr><td>Serpent\u00edny<\/td><td>T3 \u0161ed\u00e1 + T3 zelen\u00e1<\/td><td>V\u00e1penec a drevo<\/td><\/tr><tr><td>Bridlica<\/td><td>T3 Grey + T3 Sandy<\/td><td>V\u00e1penec a piesok<\/td><\/tr><tr><td>Sodalit<\/td><td>T3 Grey + T3 Blue<\/td><td>V\u00e1pence a sladk\u00e9 vody<\/td><\/tr><tr><td>Spinel<\/td><td>T3 Grey + T3 Black<\/td><td>V\u00e1penec a olej<\/td><\/tr><tr><td>Slne\u010dn\u00fd kame\u0148<\/td><td>T3 siv\u00e1 + T3 \u017elt\u00e1<\/td><td>V\u00e1penec a zlato<\/td><\/tr><tr><td>Tanzanit<\/td><td>T3 modr\u00e1 + T3 okrov\u00e1<\/td><td>Sladk\u00e1 voda a \u017eelezn\u00e1 ruda<\/td><\/tr><tr><td>Tigrie oko<\/td><td>T3 antracit + T3 \u017elt\u00e1<\/td><td>Uhlie a cie\u013e<\/td><\/tr><tr><td>Titanit<\/td><td>T3 Sandy + T3 Black<\/td><td>Piesok a olej<\/td><\/tr><tr><td>Topaz<\/td><td>T3 Pieso\u010dnat\u00e1 + T3 \u017dlt\u00e1<\/td><td>Piesok a zlato<\/td><\/tr><tr><td>Tyrkysov\u00e1<\/td><td>T3 Sandy + T3 Blue<\/td><td>Sladk\u00e1 voda a piesok<\/td><\/tr><tr><td>Zirk\u00f3n<\/td><td>T3 \u0161ed\u00e1 + T3 okrov\u00e1<\/td><td>V\u00e1penec a \u017eelezn\u00e1 ruda<\/td><\/tr><\/tbody><\/table><\/figure>\n\n\n\n<p>Pam\u00e4tajte, \u017ee syst\u00e9m klenotov Earth2 je dynamick\u00fd a jeho pochopenie m\u00f4\u017ee v\u00fdrazne ovplyvni\u0165 produktivitu va\u0161ej p\u00f4dy. Pokra\u010dujte v objavovan\u00ed a vytv\u00e1ran\u00ed t\u00fdchto vz\u00e1cnych klenotov.<\/p>\n\n\n\n<p>Referen\u010dn\u00e9 obr\u00e1zky<\/p>\n\n\n\n<h2 class=\"wp-block-heading\">Remeslo \u0161perkov \u00farovne 2<\/h2>\n\n\n\n<figure class=\"wp-block-image size-full\"><img loading=\"lazy\" decoding=\"async\" width=\"612\" height=\"792\" src=\"https:\/\/earth2.wiki\/wp-content\/uploads\/2024\/04\/image.png\" alt=\"\" class=\"wp-image-500\" srcset=\"https:\/\/earth2.wiki\/wp-content\/uploads\/2024\/04\/image.png 612w, https:\/\/earth2.wiki\/wp-content\/uploads\/2024\/04\/image-232x300.png 232w\" sizes=\"(max-width: 612px) 100vw, 612px\" \/><figcaption class=\"wp-element-caption\"><a href=\"https:\/\/e2production.com\/earth2-jewel-crafting-recipes\/\">Earth2 Recepty na v\u00fdrobu \u0161perkov | E2Production - virtu\u00e1lne podniky v Earth2.io<\/a><\/figcaption><\/figure>\n\n\n\n<figure class=\"wp-block-image size-large\"><img loading=\"lazy\" decoding=\"async\" width=\"1024\" height=\"575\" src=\"https:\/\/earth2.wiki\/wp-content\/uploads\/2024\/04\/image-1024x575.jpg\" alt=\"\" class=\"wp-image-498\" srcset=\"https:\/\/earth2.wiki\/wp-content\/uploads\/2024\/04\/image-1024x575.jpg 1024w, https:\/\/earth2.wiki\/wp-content\/uploads\/2024\/04\/image-300x168.jpg 300w, https:\/\/earth2.wiki\/wp-content\/uploads\/2024\/04\/image-768x431.jpg 768w, https:\/\/earth2.wiki\/wp-content\/uploads\/2024\/04\/image-360x202.jpg 360w, https:\/\/earth2.wiki\/wp-content\/uploads\/2024\/04\/image.jpg 1400w\" sizes=\"(max-width: 1024px) 100vw, 1024px\" \/><figcaption class=\"wp-element-caption\"><a href=\"https:\/\/medium.com\/planet-earth2\/jewel-crafting-in-earth2-f5fd317e4820\">V\u00fdroba \u0161perkov v Earth2. Vytv\u00e1ranie vz\u00e1cnych \u0161perkov z u\u017e existuj\u00facich \u0161perkov | Autor: E2Analyst | Planet Earth2 | Medium<\/a><\/figcaption><\/figure>\n\n\n\n<h2 class=\"wp-block-heading\">Remeslo \u0161perkov \u00farovne 3<\/h2>\n\n\n\n<figure class=\"wp-block-image size-full\"><img loading=\"lazy\" decoding=\"async\" width=\"612\" height=\"792\" src=\"https:\/\/earth2.wiki\/wp-content\/uploads\/2024\/04\/image-2.png\" alt=\"\" class=\"wp-image-502\" srcset=\"https:\/\/earth2.wiki\/wp-content\/uploads\/2024\/04\/image-2.png 612w, https:\/\/earth2.wiki\/wp-content\/uploads\/2024\/04\/image-2-232x300.png 232w\" sizes=\"(max-width: 612px) 100vw, 612px\" \/><figcaption class=\"wp-element-caption\"><a href=\"https:\/\/e2production.com\/img\/jewels\/jewel-crafting-flyers-t3-Amber-to-Obsidian.png\">jewel-crafting-flyers-t3-Amber-to-Obsidian.png (612\u00d7792) (e2production.com)<\/a><\/figcaption><\/figure>\n\n\n\n<figure class=\"wp-block-image size-full\"><img loading=\"lazy\" decoding=\"async\" width=\"612\" height=\"792\" src=\"https:\/\/earth2.wiki\/wp-content\/uploads\/2024\/04\/image-1.png\" alt=\"\" class=\"wp-image-501\" srcset=\"https:\/\/earth2.wiki\/wp-content\/uploads\/2024\/04\/image-1.png 612w, https:\/\/earth2.wiki\/wp-content\/uploads\/2024\/04\/image-1-232x300.png 232w\" sizes=\"(max-width: 612px) 100vw, 612px\" \/><figcaption class=\"wp-element-caption\"><a href=\"https:\/\/e2production.com\/img\/jewels\/jewel-crafting-flyers-t3-Opal-to-Tigereye.png\">jewel-crafting-flyers-t3-Opal-to-Tigereye.png (612\u00d7792) (e2production.com)<\/a><\/figcaption><\/figure>\n\n\n\n<figure class=\"wp-block-image size-full\"><img loading=\"lazy\" decoding=\"async\" width=\"612\" height=\"792\" src=\"https:\/\/earth2.wiki\/wp-content\/uploads\/2024\/04\/image-3.png\" alt=\"\" class=\"wp-image-503\" srcset=\"https:\/\/earth2.wiki\/wp-content\/uploads\/2024\/04\/image-3.png 612w, https:\/\/earth2.wiki\/wp-content\/uploads\/2024\/04\/image-3-232x300.png 232w\" sizes=\"(max-width: 612px) 100vw, 612px\" \/><figcaption class=\"wp-element-caption\"><a href=\"https:\/\/e2production.com\/img\/jewels\/jewel-crafting-flyers-t3-Titanite-to-Zircon.png\">jewel-crafting-flyers-t3-Titanite-to-Zircon.png (612\u00d7792) (e2production.com)<\/a><\/figcaption><\/figure>\n\n\n\n<figure class=\"wp-block-image size-large\"><img loading=\"lazy\" decoding=\"async\" width=\"1024\" height=\"576\" src=\"https:\/\/earth2.wiki\/wp-content\/uploads\/2024\/04\/F15CyKjaMAANQ6g-1024x576.jpeg\" alt=\"\" class=\"wp-image-504\" srcset=\"https:\/\/earth2.wiki\/wp-content\/uploads\/2024\/04\/F15CyKjaMAANQ6g-1024x576.jpeg 1024w, https:\/\/earth2.wiki\/wp-content\/uploads\/2024\/04\/F15CyKjaMAANQ6g-300x169.jpeg 300w, https:\/\/earth2.wiki\/wp-content\/uploads\/2024\/04\/F15CyKjaMAANQ6g-768x432.jpeg 768w, https:\/\/earth2.wiki\/wp-content\/uploads\/2024\/04\/F15CyKjaMAANQ6g-1536x864.jpeg 1536w, https:\/\/earth2.wiki\/wp-content\/uploads\/2024\/04\/F15CyKjaMAANQ6g-360x202.jpeg 360w, https:\/\/earth2.wiki\/wp-content\/uploads\/2024\/04\/F15CyKjaMAANQ6g.jpeg 2048w\" sizes=\"(max-width: 1024px) 100vw, 1024px\" \/><figcaption class=\"wp-element-caption\"><a href=\"https:\/\/twitter.com\/thedanishfarmer\/status\/1683856745180049408\/photo\/1\">danishfarmer na X: \"#Earth2 #Jewels Data sheet 2.0 of a #danishfarmer Obsahuje celkov\u00e9 \u00fadaje o drahokamoch, zdru\u017eenie v\u00fdroby zdrojov, recepty t\u00fdkaj\u00face sa remeselnej v\u00fdroby a potrebn\u00e9 \u00fadaje.<\/a><\/figcaption><\/figure>","protected":false},"excerpt":{"rendered":"<p>In Earth2, jewels play a crucial role in enhancing land productivity and resource generation. Introducing Trade Earth2 Jewels &#8211; the perfect way to make some small cash at home and have fun while doing it! Earth2 Jewels are not only stunningly beautiful, but they&#8217;re also incredibly valuable. These precious gems are beneficial to your mining [&hellip;]<\/p>\n","protected":false},"author":1,"featured_media":0,"parent":0,"menu_order":0,"comment_status":"closed","ping_status":"closed","template":"","meta":{"footnotes":""},"_links":{"self":[{"href":"https:\/\/earth2.wiki\/sk\/wp-json\/wp\/v2\/pages\/68"}],"collection":[{"href":"https:\/\/earth2.wiki\/sk\/wp-json\/wp\/v2\/pages"}],"about":[{"href":"https:\/\/earth2.wiki\/sk\/wp-json\/wp\/v2\/types\/page"}],"author":[{"embeddable":true,"href":"https:\/\/earth2.wiki\/sk\/wp-json\/wp\/v2\/users\/1"}],"replies":[{"embeddable":true,"href":"https:\/\/earth2.wiki\/sk\/wp-json\/wp\/v2\/comments?post=68"}],"version-history":[{"count":6,"href":"https:\/\/earth2.wiki\/sk\/wp-json\/wp\/v2\/pages\/68\/revisions"}],"predecessor-version":[{"id":505,"href":"https:\/\/earth2.wiki\/sk\/wp-json\/wp\/v2\/pages\/68\/revisions\/505"}],"wp:attachment":[{"href":"https:\/\/earth2.wiki\/sk\/wp-json\/wp\/v2\/media?parent=68"}],"curies":[{"name":"wp","href":"https:\/\/api.w.org\/{rel}","templated":true}]}}