{"id":273,"date":"2024-04-14T22:27:04","date_gmt":"2024-04-14T21:27:04","guid":{"rendered":"https:\/\/earth2.wiki\/?page_id=273"},"modified":"2024-04-15T06:18:48","modified_gmt":"2024-04-15T05:18:48","slug":"get-discount-promo-code-earth2wiki","status":"publish","type":"page","link":"https:\/\/earth2.wiki\/sk\/get-discount-promo-code-earth2wiki\/","title":{"rendered":"Z\u00edskajte z\u013eavu 7.5%! Propaga\u010dn\u00fd k\u00f3d: EARTH2WIKI"},"content":{"rendered":"<p class=\"has-medium-font-size\">H\u013ead\u00e1te exkluz\u00edvnu ponuku, ktor\u00e1 v\u00e1m pom\u00f4\u017ee u\u0161etri\u0165 peniaze pri n\u00e1kupe pozemkov na Earth2? Neh\u013eadajte ni\u010d in\u00e9 ako na\u0161u exkluz\u00edvnu <strong>EARTH2WIKI<\/strong> promo k\u00f3d, ktor\u00fd v\u00e1m poskytne ve\u013ekorys\u00fd <strong>7.5% z\u013eava<\/strong> na ak\u00fdko\u013evek nov\u00fd n\u00e1kup pozemku od spolo\u010dnosti Earth2!<\/p>\n\n\n\n<div class=\"wp-block-buttons is-layout-flex wp-block-buttons-is-layout-flex\">\n<div class=\"wp-block-button has-custom-font-size is-style-fill has-x-large-font-size\"><a class=\"wp-block-button__link has-text-color has-link-color wp-element-button\" style=\"border-radius:20px;color:#50e2c2\"><strong>EARTH2WIKI<\/strong><\/a><\/div>\n<\/div>\n\n\n\n<p class=\"has-medium-font-size\">V\u010faka tejto \u00fa\u017easnej ponuke m\u00f4\u017eete z\u00edska\u0165 pozemok, ktor\u00fd chcete, za cenu, ktor\u00fa si m\u00f4\u017eete dovoli\u0165. \u010ci u\u017e chcete investova\u0165 do novej nehnute\u013enosti alebo jednoducho chcete vlastni\u0165 k\u00fasok Zeme2, t\u00e1to z\u013eava v\u00e1m pom\u00f4\u017ee \u013eahko za\u010da\u0165.<\/p>\n\n\n\n<p class=\"has-medium-font-size\">Pou\u017eite na\u0161e <strong>EARTH2WIKI <\/strong>promo k\u00f3d e\u0161te dnes a za\u017eite v\u0161etky \u00fa\u017easn\u00e9 v\u00fdhody vlastn\u00edctva pozemku na Earth2. V\u010faka n\u00e1\u0161mu ochotn\u00e9mu t\u00edmu odborn\u00edkov a bezkonkuren\u010dn\u00fdm cen\u00e1m ur\u010dite n\u00e1jdete dokonal\u00fd pozemok pre svoje potreby.<\/p>","protected":false},"excerpt":{"rendered":"<p>Looking for an exclusive deal that will help you save money while buying land on Earth2? Look no further than our exclusive EARTH2WIKI promo code, which gives you a generous 7.5% discount on any new land purchase from Earth2! With this amazing deal, you&#8217;ll be able to get the land you want at a price [&hellip;]<\/p>\n","protected":false},"author":1,"featured_media":0,"parent":0,"menu_order":0,"comment_status":"closed","ping_status":"closed","template":"","meta":{"footnotes":""},"_links":{"self":[{"href":"https:\/\/earth2.wiki\/sk\/wp-json\/wp\/v2\/pages\/273"}],"collection":[{"href":"https:\/\/earth2.wiki\/sk\/wp-json\/wp\/v2\/pages"}],"about":[{"href":"https:\/\/earth2.wiki\/sk\/wp-json\/wp\/v2\/types\/page"}],"author":[{"embeddable":true,"href":"https:\/\/earth2.wiki\/sk\/wp-json\/wp\/v2\/users\/1"}],"replies":[{"embeddable":true,"href":"https:\/\/earth2.wiki\/sk\/wp-json\/wp\/v2\/comments?post=273"}],"version-history":[{"count":8,"href":"https:\/\/earth2.wiki\/sk\/wp-json\/wp\/v2\/pages\/273\/revisions"}],"predecessor-version":[{"id":389,"href":"https:\/\/earth2.wiki\/sk\/wp-json\/wp\/v2\/pages\/273\/revisions\/389"}],"wp:attachment":[{"href":"https:\/\/earth2.wiki\/sk\/wp-json\/wp\/v2\/media?parent=273"}],"curies":[{"name":"wp","href":"https:\/\/api.w.org\/{rel}","templated":true}]}}