{"id":187,"date":"2024-04-14T19:19:46","date_gmt":"2024-04-14T18:19:46","guid":{"rendered":"https:\/\/earth2.wiki\/?page_id=187"},"modified":"2024-04-18T00:57:20","modified_gmt":"2024-04-17T23:57:20","slug":"trending-jewels-earth2","status":"publish","type":"page","link":"https:\/\/earth2.wiki\/sk\/trending-jewels-earth2\/","title":{"rendered":"Trendy klenoty v Earth2"},"content":{"rendered":"<p>Earth2 Wiki poskytuje t\u00fd\u017edenn\u00fa anal\u00fdzu trendov\u00fdch klenotov v Earth2 Metaverse. Sk\u00famanie mesa\u010dn\u00fdch trendov klenotov Earth2 umo\u017e\u0148uje obchodn\u00edkom identifikova\u0165 dlhodob\u00e9 modely dopytu po klenotoch Earth2 z r\u00f4znych pr\u00ed\u010din. Lep\u0161ie pochopi\u0165 faktory, ktor\u00e9 ovplyv\u0148uj\u00fa cenov\u00e9 akcie. Vytvorte si vlastn\u00fa trhov\u00fa medzeru v tomto neust\u00e1le rast\u00facom svete ve\u010dnosti.<\/p>\n\n\n\n<h2 class=\"wp-block-heading\">Trendy sveteln\u00e9 \u0161perky<\/h2>\n\n\n\n<p>Tier3 (T3) Sveteln\u00e9 klenoty Spodn\u00e1 cena ad 4\/17\/2024<\/p>\n\n\n\n<p><\/p>","protected":false},"excerpt":{"rendered":"<p>Earth2 Wiki provides weekly Analysis of the Trending Jewels in Earth2 Metaverse. Examining the monthly trends of Earth2 Jewels enables traders to identify the long-term patterns in demand of Earth2 Jewels due to various cause. Better understand the factors that influence price actions. Build your own niche market in this ever-growing world of eternity. Trending [&hellip;]<\/p>\n","protected":false},"author":1,"featured_media":0,"parent":0,"menu_order":0,"comment_status":"closed","ping_status":"closed","template":"","meta":{"footnotes":""},"_links":{"self":[{"href":"https:\/\/earth2.wiki\/sk\/wp-json\/wp\/v2\/pages\/187"}],"collection":[{"href":"https:\/\/earth2.wiki\/sk\/wp-json\/wp\/v2\/pages"}],"about":[{"href":"https:\/\/earth2.wiki\/sk\/wp-json\/wp\/v2\/types\/page"}],"author":[{"embeddable":true,"href":"https:\/\/earth2.wiki\/sk\/wp-json\/wp\/v2\/users\/1"}],"replies":[{"embeddable":true,"href":"https:\/\/earth2.wiki\/sk\/wp-json\/wp\/v2\/comments?post=187"}],"version-history":[{"count":9,"href":"https:\/\/earth2.wiki\/sk\/wp-json\/wp\/v2\/pages\/187\/revisions"}],"predecessor-version":[{"id":631,"href":"https:\/\/earth2.wiki\/sk\/wp-json\/wp\/v2\/pages\/187\/revisions\/631"}],"wp:attachment":[{"href":"https:\/\/earth2.wiki\/sk\/wp-json\/wp\/v2\/media?parent=187"}],"curies":[{"name":"wp","href":"https:\/\/api.w.org\/{rel}","templated":true}]}}