{"id":184,"date":"2024-04-14T19:19:02","date_gmt":"2024-04-14T18:19:02","guid":{"rendered":"https:\/\/earth2.wiki\/?page_id=184"},"modified":"2024-04-15T09:06:48","modified_gmt":"2024-04-15T08:06:48","slug":"trending-resources-earth2","status":"publish","type":"page","link":"https:\/\/earth2.wiki\/sk\/trending-resources-earth2\/","title":{"rendered":"Trendy zdroje v Earth2"},"content":{"rendered":"<p>Earth2 Wiki poskytuje t\u00fd\u017edenn\u00fa anal\u00fdzu trendov\u00fdch zdrojov v Earth2 Metaverse, ale bohu\u017eia\u013e kv\u00f4li \u00fasiliu a \u010dasu na dosiahnutie najvy\u0161\u0161ej kvality, vyber\u00e1me mal\u00e9 poplatky za pr\u00edstup. Viac inform\u00e1ci\u00ed n\u00e1jdete v \u010dasti Slu\u017eby.<\/p>\n\n\n\n<p>Sk\u00famanie mesa\u010dn\u00fdch trendov klenotov Earth2 pom\u00e1ha \u010dlenom n\u00e1\u0161ho Parlamentu identifikova\u0165 dlhodob\u00e9 vzorce dopytu po r\u00f4znych akt\u00edvach v ekosyst\u00e9me Earth2 a lep\u0161ie pochopi\u0165 faktory, ktor\u00e9 ovplyv\u0148uj\u00fa spr\u00e1vanie pou\u017e\u00edvate\u013eov. Tieto inform\u00e1cie sa daj\u00fa vyu\u017ei\u0165 pri pl\u00e1novan\u00ed budovania podnikov a megamiest Earth2 v spr\u00e1vnom regi\u00f3ne, pri v\u00fdbere spr\u00e1vnych t\u00e9m pre spr\u00e1vne publikum a umo\u017e\u0148uj\u00fa n\u00e1m nakupova\u0165 ni\u017e\u0161ie a pred\u00e1va\u0165 vy\u0161\u0161ie.<\/p>\n\n\n\n<p>Sme hrd\u00ed na na\u0161u anal\u00fdzu, v pr\u00edpade nespokojnosti so spr\u00e1vou v\u00e1m vr\u00e1time pln\u00fa sumu.<\/p>\n\n\n\n<figure class=\"wp-block-embed\"><div class=\"wp-block-embed__wrapper\">\nhttps:\/\/earth2.wiki\/sign-up\n<\/div><\/figure>","protected":false},"excerpt":{"rendered":"<p>Earth2 Wiki provides weekly Analysis of the Trending Resources in Earth2 Metaverse but unfortunately due to the efforts and time for the highest quality, we take small fees for the access. See services for more details. Examining the monthly trends of Earth2 Jewels, helps our House Members identify the long-term patterns in demand of various [&hellip;]<\/p>\n","protected":false},"author":1,"featured_media":0,"parent":0,"menu_order":0,"comment_status":"closed","ping_status":"closed","template":"","meta":{"footnotes":""},"_links":{"self":[{"href":"https:\/\/earth2.wiki\/sk\/wp-json\/wp\/v2\/pages\/184"}],"collection":[{"href":"https:\/\/earth2.wiki\/sk\/wp-json\/wp\/v2\/pages"}],"about":[{"href":"https:\/\/earth2.wiki\/sk\/wp-json\/wp\/v2\/types\/page"}],"author":[{"embeddable":true,"href":"https:\/\/earth2.wiki\/sk\/wp-json\/wp\/v2\/users\/1"}],"replies":[{"embeddable":true,"href":"https:\/\/earth2.wiki\/sk\/wp-json\/wp\/v2\/comments?post=184"}],"version-history":[{"count":10,"href":"https:\/\/earth2.wiki\/sk\/wp-json\/wp\/v2\/pages\/184\/revisions"}],"predecessor-version":[{"id":445,"href":"https:\/\/earth2.wiki\/sk\/wp-json\/wp\/v2\/pages\/184\/revisions\/445"}],"wp:attachment":[{"href":"https:\/\/earth2.wiki\/sk\/wp-json\/wp\/v2\/media?parent=184"}],"curies":[{"name":"wp","href":"https:\/\/api.w.org\/{rel}","templated":true}]}}