{"id":158,"date":"2024-04-14T19:04:14","date_gmt":"2024-04-14T18:04:14","guid":{"rendered":"https:\/\/earth2.wiki\/?page_id=158"},"modified":"2024-04-15T04:01:03","modified_gmt":"2024-04-15T03:01:03","slug":"earth2-red-yellow-energy-in-1-min","status":"publish","type":"page","link":"https:\/\/earth2.wiki\/sk\/earth2-red-yellow-energy-in-1-min\/","title":{"rendered":"Earth2 \u010cerven\u00e1 a \u017elt\u00e1 energia za 1 min"},"content":{"rendered":"<p>Earth2 je virtu\u00e1lny svet, ktor\u00e9ho cie\u013eom je vytvori\u0165 nov\u00fd typ hospod\u00e1rstva zalo\u017een\u00e9ho na virtu\u00e1lnom vlastn\u00edctve p\u00f4dy. V r\u00e1mci rozsiahlych hern\u00fdch mechanizmov zav\u00e1dza Earth2 dva druhy energie, \u010derven\u00fa a \u017elt\u00fa energiu. V tomto \u010dl\u00e1nku presk\u00famame, \u010do tieto dve energie znamenaj\u00fa a ako ovplyv\u0148uj\u00fa hern\u00fd svet.<\/p>\n\n\n\n<h2 class=\"wp-block-heading\">\u010cerven\u00e1 energia: \u017divotodarn\u00e1 energia Zeme2<\/h2>\n\n\n\n<p>\u010cerven\u00e1 energia sa generuje len prostredn\u00edctvom \u00faspe\u0161n\u00fdch n\u00e1jazdov na \u00fazemia in\u00fdch hr\u00e1\u010dov. V s\u00fa\u010dasnosti ju pou\u017e\u00edvate\u013e nem\u00f4\u017ee k\u00fapi\u0165 ani preda\u0165. Je to z\u00e1kladn\u00e1 surovina v hre, preto\u017ee sa pou\u017e\u00edva na synt\u00e9zu civilistov, ktor\u00ed s\u00fa potrebn\u00ed pre \u0165a\u017eobn\u00e9 automaty. Bez \u010dervenej energie nie je mo\u017en\u00e9 vytv\u00e1ra\u0165 Civilistov na Zemi2 a je mo\u017en\u00e9 s nimi obchodova\u0165 len medzi hr\u00e1\u010dmi v Baz\u00e1re. \u010c\u00edm viac \u010cervenej energie hr\u00e1\u010d nazbiera, t\u00fdm viac Civili\u00e1nov m\u00f4\u017ee vyrobi\u0165, \u010do mu umo\u017en\u00ed automatizova\u0165 svoje n\u00e1jazdy a vzia\u0165 si dovolenku - \u010d\u00edm z\u00edska pas\u00edvny pr\u00edjem.<\/p>\n\n\n\n<h2 class=\"wp-block-heading\">\u017dlt\u00e1 energia: Odmena za dobr\u00e9 skutky<\/h2>\n\n\n\n<p>Na rozdiel od \u010dervenej energie je \u017elt\u00e1 energia odmenou za vykonanie dobr\u00fdch skutkov v Earth2. Generuje sa, ke\u010f hr\u00e1\u010d pozit\u00edvne prispieva ku komunite v hre. Je to neist\u00fd, ale po\u017eehnan\u00fd zdroj, podobne ako \u0161\u0165astie. Rovnako ako v Genesis a Eden Hill n\u00e1s Boh alebo Shine m\u00f4\u017ee po\u017eehna\u0165 \u0161\u0165ast\u00edm, ak sa budeme v\u0161etci spr\u00e1va\u0165 slu\u0161ne.<\/p>\n\n\n\n<p>Na rozdiel od in\u00fdch druhov energie sa \u017elt\u00e1 energia ned\u00e1 k\u00fapi\u0165 a mus\u00edte ju z\u00edska\u0165 r\u00f4znymi sp\u00f4sobmi, napr\u00edklad plnen\u00edm \u00faloh alebo \u00faspechov. \u017dlt\u00e1 energia je obmedzen\u00e1, \u010do znamen\u00e1, \u017ee je v hre cenn\u00fdm zdrojom. Na z\u00edskanie \u017eltej energie musia hr\u00e1\u010di prispie\u0165 svoj\u00edm talentom a zdrojmi pre metaverse Earth2.<\/p>\n\n\n\n<p><\/p>","protected":false},"excerpt":{"rendered":"<p>Earth2 is a virtual world that aims to create a new type of economy based on virtual land ownership. As part of its extensive gameplay mechanics, Earth2 introduces two types of energy, red and yellow energy. In this article, we explore what these two energies mean and how they impact the game world. Red Energy: [&hellip;]<\/p>\n","protected":false},"author":1,"featured_media":0,"parent":0,"menu_order":0,"comment_status":"closed","ping_status":"closed","template":"","meta":{"footnotes":""},"_links":{"self":[{"href":"https:\/\/earth2.wiki\/sk\/wp-json\/wp\/v2\/pages\/158"}],"collection":[{"href":"https:\/\/earth2.wiki\/sk\/wp-json\/wp\/v2\/pages"}],"about":[{"href":"https:\/\/earth2.wiki\/sk\/wp-json\/wp\/v2\/types\/page"}],"author":[{"embeddable":true,"href":"https:\/\/earth2.wiki\/sk\/wp-json\/wp\/v2\/users\/1"}],"replies":[{"embeddable":true,"href":"https:\/\/earth2.wiki\/sk\/wp-json\/wp\/v2\/comments?post=158"}],"version-history":[{"count":2,"href":"https:\/\/earth2.wiki\/sk\/wp-json\/wp\/v2\/pages\/158\/revisions"}],"predecessor-version":[{"id":311,"href":"https:\/\/earth2.wiki\/sk\/wp-json\/wp\/v2\/pages\/158\/revisions\/311"}],"wp:attachment":[{"href":"https:\/\/earth2.wiki\/sk\/wp-json\/wp\/v2\/media?parent=158"}],"curies":[{"name":"wp","href":"https:\/\/api.w.org\/{rel}","templated":true}]}}