{"id":148,"date":"2024-04-14T18:57:41","date_gmt":"2024-04-14T17:57:41","guid":{"rendered":"https:\/\/earth2.wiki\/?page_id=148"},"modified":"2024-04-15T02:09:06","modified_gmt":"2024-04-15T01:09:06","slug":"earth2-resource-in-1-min","status":"publish","type":"page","link":"https:\/\/earth2.wiki\/sk\/earth2-resource-in-1-min\/","title":{"rendered":"Obchodujte s Earth2 Resource NFT a zarobte si peniaze kdeko\u013evek na svete."},"content":{"rendered":"<p>Inovat\u00edvny syst\u00e9m EcoSym od spolo\u010dnosti Earth2 umo\u017e\u0148uje pou\u017e\u00edvate\u013eom pr\u00edstup k zdrojom z cel\u00e9ho sveta mapovan\u00fdm v re\u00e1lnom \u010dase, \u010do v\u00e1m d\u00e1va pr\u00edle\u017eitos\u0165 zarobi\u0165 si poriadne peniaze z pohodlia domova alebo kdeko\u013evek inde na svete!<\/p>\n\n\n\n<p>Earth2 ako jedin\u00e9 metaverse svojho druhu v\u00e1m umo\u017e\u0148uje presk\u00fama\u0165 a za\u017ei\u0165 \u00faplne nov\u00fd svet nekone\u010dn\u00fdch mo\u017enost\u00ed s emul\u00e1ciou skuto\u010dn\u00fdch zdrojov prostredn\u00edctvom NFT. Platforma je zalo\u017een\u00e1 na technol\u00f3gii blockchain, v\u010faka \u010domu je bezpe\u010dn\u00e1 a pohodln\u00e1 na pou\u017e\u00edvanie. V\u0161etky transakcie bud\u00fa \u0161ifrovan\u00e9 a transparentn\u00e9, tak\u017ee si m\u00f4\u017eete by\u0165 ist\u00ed, \u017ee va\u0161e osobn\u00e9 \u00fadaje s\u00fa v\u017edy v bezpe\u010d\u00ed.<\/p>\n\n\n\n<p>Re\u00e1lne umiestnenie zdrojov bolo starostlivo zmapovan\u00e9 a preveden\u00e9 na NFT surov\u00edn v slu\u017ebe Trade Earth2, \u010do pou\u017e\u00edvate\u013eom poskytuje mimoriadne v\u00fdhodn\u00fa pr\u00edle\u017eitos\u0165. Krajiny vy\u0161\u0161ej \u00farovne samozrejme pon\u00fakaj\u00fa viac surov\u00edn ako krajiny ni\u017e\u0161ej \u00farovne, ale svoju krajinu m\u00f4\u017eete vylep\u0161i\u0165 na vy\u0161\u0161iu \u00farove\u0148 pomocou esencie. Budete prekvapen\u00ed, ako ve\u013emi sa d\u00e1 zv\u00fd\u0161i\u0165 v\u00fdnos surov\u00edn pomocou vysokokvalitn\u00fdch drahokamov, tak\u017ee konajte r\u00fdchlo a z\u00edskajte ich sk\u00f4r, ako sa zv\u00fd\u0161i ich cena!<\/p>\n\n\n\n<p>Platforma Eearth2 neust\u00e1le roz\u0161iruje ponuku emula\u010dn\u00fdch zdrojov, tak\u017ee nikdy nezme\u0161k\u00e1te \u017eiadnu ziskov\u00fa pr\u00edle\u017eitos\u0165, najm\u00e4 pokia\u013e ide o najnov\u0161ie zdroje.<\/p>","protected":false},"excerpt":{"rendered":"<p>Earth2&#8217;s Innovative EcoSym allows users to access resources from all over the world mapped out in real-time, giving you the opportunity to make some serious cash from the comfort of your own home, or anywhere else in the world! As one of its kind Metaverse, Earth2 allows you to explore and experience a whole new [&hellip;]<\/p>\n","protected":false},"author":1,"featured_media":0,"parent":0,"menu_order":0,"comment_status":"closed","ping_status":"closed","template":"","meta":{"footnotes":""},"_links":{"self":[{"href":"https:\/\/earth2.wiki\/sk\/wp-json\/wp\/v2\/pages\/148"}],"collection":[{"href":"https:\/\/earth2.wiki\/sk\/wp-json\/wp\/v2\/pages"}],"about":[{"href":"https:\/\/earth2.wiki\/sk\/wp-json\/wp\/v2\/types\/page"}],"author":[{"embeddable":true,"href":"https:\/\/earth2.wiki\/sk\/wp-json\/wp\/v2\/users\/1"}],"replies":[{"embeddable":true,"href":"https:\/\/earth2.wiki\/sk\/wp-json\/wp\/v2\/comments?post=148"}],"version-history":[{"count":6,"href":"https:\/\/earth2.wiki\/sk\/wp-json\/wp\/v2\/pages\/148\/revisions"}],"predecessor-version":[{"id":301,"href":"https:\/\/earth2.wiki\/sk\/wp-json\/wp\/v2\/pages\/148\/revisions\/301"}],"wp:attachment":[{"href":"https:\/\/earth2.wiki\/sk\/wp-json\/wp\/v2\/media?parent=148"}],"curies":[{"name":"wp","href":"https:\/\/api.w.org\/{rel}","templated":true}]}}