{"id":144,"date":"2024-04-14T18:56:48","date_gmt":"2024-04-14T17:56:48","guid":{"rendered":"https:\/\/earth2.wiki\/?page_id=144"},"modified":"2024-04-15T00:38:10","modified_gmt":"2024-04-14T23:38:10","slug":"earth2-essence-in-1-min","status":"publish","type":"page","link":"https:\/\/earth2.wiki\/sk\/earth2-essence-in-1-min\/","title":{"rendered":"Za\u010dnite zar\u00e1ba\u0165 najnov\u0161iu kryptomenu Essence z Earth2 Metaverse za 1 min!"},"content":{"rendered":"<p>M\u00e1te z\u00e1ujem dozvedie\u0165 sa, ako za\u010da\u0165 zar\u00e1ba\u0165 Essence, najnov\u0161iu kryptomenu z Earth2 Metaverse, u\u017e za jednu min\u00fatu? Tak to m\u00e1te \u0161\u0165astie! Vitajte na na\u0161ej webovej str\u00e1nke, kde v\u00e1m pom\u00f4\u017eeme zozn\u00e1mi\u0165 sa s najnov\u0161ou a inovat\u00edvnou kryptomenou.<\/p>\n\n\n\n<p>Najsk\u00f4r si povedzme nie\u010do o Earth2. T\u00e1to platforma je virtu\u00e1lny realitn\u00fd syst\u00e9m, ktor\u00fd umo\u017e\u0148uje pou\u017e\u00edvate\u013eom nakupova\u0165 pozemky vo virtu\u00e1lnom svete. Vo svete hier rob\u00ed vlny a dokonca up\u00fatala pozornos\u0165 zn\u00e1mych osobnost\u00ed, ako s\u00fa Elon Musk a Mark Zuckerberg. Pod\u013ea Muska by \"Earth2 mohol by\u0165 vstupnou br\u00e1nou do skuto\u010dn\u00e9ho metaversa\". Zatia\u013e \u010do Zuckerberg spom\u00edna: \"Prebieha aj tento boom virtu\u00e1lnych kraj\u00edn, \u010do je ve\u013emi zauj\u00edmav\u00fd fenom\u00e9n.\"<\/p>\n\n\n\n<p>Ak ste videli film \"Ready Player One\" alebo \u010d\u00edtali knihu, potom m\u00e1te predstavu o tom, \u010do je to metaverse. Term\u00edn, ktor\u00fd zaviedol Neal Stephenson vo svojej knihe Snow Crash z roku 1992, je virtu\u00e1lny vesm\u00edr, v ktorom m\u00f4\u017eu \u013eudia pre\u017e\u00edva\u0165 svoje najodv\u00e1\u017enej\u0161ie sny a fant\u00e1zie.<\/p>\n\n\n\n<p>Teraz sa po\u010fme porozpr\u00e1va\u0165 o esencii. Je to nov\u00e1 kryptomena z platformy Earth2 Metaverse. Jej v\u00fdnimo\u010dnos\u0165 spo\u010d\u00edva v tom, \u017ee je riaden\u00e1 komunitou a decentralizovan\u00e1. To znamen\u00e1, \u017ee za \u0148ou nestoj\u00ed \u017eiadna vl\u00e1da ani finan\u010dn\u00e1 in\u0161tit\u00facia. Namiesto toho jej hodnotu ur\u010duje dopyt a ponuka vytvoren\u00e1 komunitou, ktor\u00e1 ju pou\u017e\u00edva a obchoduje s \u0148ou. Okrem toho je to aj dobrovo\u013en\u00e1 decentraliz\u00e1cia riaden\u00e1 geo-z\u00e1ujmami komunity, \u010do znamen\u00e1, \u017ee pou\u017e\u00edvatelia si m\u00f4\u017eu vybra\u0165, \u010di chc\u00fa by\u0165 s\u00fa\u010das\u0165ou komun\u00edt s\u00fastreden\u00fdch okolo konkr\u00e9tnych miest alebo z\u00e1ujmov.<\/p>\n\n\n\n<p>Ako teda m\u00f4\u017eete za\u010da\u0165 zar\u00e1ba\u0165 Essence u\u017e za jednu min\u00fatu? Je to jednoduch\u00e9! Najprv si vytvorte \u00fa\u010det na Earth2 Metaverse a zak\u00fapte si virtu\u00e1lnu p\u00f4du. Ke\u010f budete vlastni\u0165 svoju p\u00f4du, z\u00edskate odmenu v podobe esenci\u00ed, ktor\u00e9 m\u00f4\u017eete pou\u017ei\u0165 na obchodovanie, n\u00e1kup \u010fal\u0161ej p\u00f4dy alebo ich m\u00f4\u017eete dr\u017ea\u0165 a sledova\u0165, ako ich hodnota rastie.<\/p>\n\n\n\n<p>Na z\u00e1ver mo\u017eno poveda\u0165, \u017ee Earth2 Metaverse a Essence s\u00fa najnov\u0161ie inov\u00e1cie, ktor\u00e9 menia svet kryptomien. T\u00fdm, \u017ee ide o platformu riaden\u00fa komunitou, poskytuje pou\u017e\u00edvate\u013eom jedine\u010dn\u00fa a vzru\u0161uj\u00facu pr\u00edle\u017eitos\u0165 zar\u00e1ba\u0165 kryptomeny a z\u00e1rove\u0148 si u\u017e\u00edva\u0165 virtu\u00e1lny svet. Tak na \u010do e\u0161te \u010dak\u00e1te? Pripojte sa k Metaverse teraz a za\u010dnite zar\u00e1ba\u0165 Essence!<\/p>","protected":false},"excerpt":{"rendered":"<p>Are you interested in learning how to start earning Essence, the latest cryptocurrency from Earth2 Metaverse, in just one minute? Well, you&#8217;re in luck! Welcome to our website where we will help you get familiarized with the newest and innovative cryptocurrency. First, let&#8217;s talk about Earth2. This platform is a virtual real estate system that [&hellip;]<\/p>\n","protected":false},"author":1,"featured_media":0,"parent":0,"menu_order":0,"comment_status":"closed","ping_status":"closed","template":"","meta":{"footnotes":""},"_links":{"self":[{"href":"https:\/\/earth2.wiki\/sk\/wp-json\/wp\/v2\/pages\/144"}],"collection":[{"href":"https:\/\/earth2.wiki\/sk\/wp-json\/wp\/v2\/pages"}],"about":[{"href":"https:\/\/earth2.wiki\/sk\/wp-json\/wp\/v2\/types\/page"}],"author":[{"embeddable":true,"href":"https:\/\/earth2.wiki\/sk\/wp-json\/wp\/v2\/users\/1"}],"replies":[{"embeddable":true,"href":"https:\/\/earth2.wiki\/sk\/wp-json\/wp\/v2\/comments?post=144"}],"version-history":[{"count":4,"href":"https:\/\/earth2.wiki\/sk\/wp-json\/wp\/v2\/pages\/144\/revisions"}],"predecessor-version":[{"id":286,"href":"https:\/\/earth2.wiki\/sk\/wp-json\/wp\/v2\/pages\/144\/revisions\/286"}],"wp:attachment":[{"href":"https:\/\/earth2.wiki\/sk\/wp-json\/wp\/v2\/media?parent=144"}],"curies":[{"name":"wp","href":"https:\/\/api.w.org\/{rel}","templated":true}]}}