{"id":138,"date":"2024-04-14T18:51:17","date_gmt":"2024-04-14T17:51:17","guid":{"rendered":"https:\/\/earth2.wiki\/?page_id=138"},"modified":"2024-04-19T10:04:17","modified_gmt":"2024-04-19T09:04:17","slug":"earth2-tiles-in-1-min","status":"publish","type":"page","link":"https:\/\/earth2.wiki\/sk\/earth2-tiles-in-1-min\/","title":{"rendered":"Poznajte Earth2 Lands (dla\u017edice) za 1 min\u00fatu!"},"content":{"rendered":"<p>Dla\u017edice s\u00fa n\u00e1kupn\u00e9 jednotky p\u00f4dy v ekosyst\u00e9me Earth2 a vytv\u00e1raj\u00fa r\u00f4zne zdroje. Earth2 je metaverse platforma, ktor\u00e1 umo\u017e\u0148uje pou\u017e\u00edvate\u013eom nakupova\u0165, vlastni\u0165, \u017ei\u0165 a obchodova\u0165 s virtu\u00e1lnou p\u00f4dou.<\/p>\n\n\n\n<p>Dla\u017edice s\u00fa z\u00e1kladn\u00fdmi jednotkami p\u00f4dy v ekosyst\u00e9me Earth2. V re\u00e1lnom svete zodpovedaj\u00fa pozemku s rozmermi 10 x 10 m. Jednou z jedine\u010dn\u00fdch vlastnost\u00ed dla\u017ed\u00edc je, \u017ee sa z nich vyparuje \u00e9ter - druh digit\u00e1lnej meny. Tento Ether sa potom zbiera a premie\u0148a na esenciu, ktor\u00fa mo\u017eno pou\u017ei\u0165 na r\u00f4zne \u00fa\u010dely, napr\u00edklad na n\u00e1kup civiliz\u00e1ci\u00ed, cydroidov a in\u00fdch virtu\u00e1lnych akt\u00edv.<\/p>\n\n\n\n<p>Okrem generovania \u00e9teru produkuj\u00fa dla\u017edice aj suroviny, ako je ropa, zlato, striebro, drevo, voda at\u010f., ktor\u00e9 mo\u017eno pou\u017ei\u0165 na stavbu \u0161trukt\u00far a v\u00fdrobu materi\u00e1lov. T\u00fdm sa zni\u017euje potreba pou\u017e\u00edvate\u013eov nakupova\u0165 tieto zdroje inde, \u010d\u00edm sa vlastn\u00edctvo p\u00f4dy v Earth2 st\u00e1va sebesta\u010dnej\u0161\u00edm.<\/p>\n\n\n\n<p>Pri k\u00fape pozemku v syst\u00e9me Earth2 sa s n\u00edm zaobch\u00e1dza ako s akt\u00edvom, ktor\u00e9 vlastn\u00edte, podobne ako s bankov\u00fdm v\u00fdpisom. Svoju p\u00f4du potom m\u00f4\u017eete preda\u0165 na trhu komuko\u013evek, kto m\u00e1 o \u0148u z\u00e1ujem. Niektor\u00e9 pr\u00e9miov\u00e9 pozemky, ako napr\u00edklad Socha slobody v New Yorku, u\u017e boli predan\u00e9 za viac ako $50 000 USD.<\/p>\n\n\n\n<p>Pozemky a dla\u017edice Earth2 s\u00fa viac ne\u017e len virtu\u00e1lne nehnute\u013enosti; s\u00fa to akt\u00edva, ktor\u00e9 m\u00f4\u017eu vytv\u00e1ra\u0165 pr\u00edjmy a obchodova\u0165 s nimi za zna\u010dn\u00e9 sumy pe\u0148az\u00ed. Vlastn\u00edctvom pozemkov Earth2 m\u00f4\u017eete nielen vyu\u017e\u00edva\u0165 potenci\u00e1lne finan\u010dn\u00e9 v\u00fdhody virtu\u00e1lnych nehnute\u013enost\u00ed, ale aj podie\u013ea\u0165 sa na budovan\u00ed novej glob\u00e1lnej komunity v tejto platforme metaverse.<\/p>\n\n\n\n<figure class=\"wp-block-table\"><table><thead><tr><th>FUNKCIE<\/th><th>\u00daROVE\u0147 1<\/th><th>\u00daROVE\u0147 2<\/th><\/tr><\/thead><tbody><tr><td>Sp\u00f4soby n\u00e1kupu dla\u017ed\u00edc<\/td><td>Trhovisko (Hr\u00e1\u010d hr\u00e1\u010dovi) \/ Vylep\u0161enie z \u00farovne 2 (bud\u00faca funkcia)<\/td><td>E2 \/ Trhovisko (Hr\u00e1\u010d hr\u00e1\u010dovi)<\/td><\/tr><tr><td>Cena dla\u017ed\u00edc<\/td><td>Cenov\u00e1 \u0161trukt\u00fara zost\u00e1va nezmenen\u00e1.<\/td><td>Cenovo dostupn\u00e1 z\u00e1kladn\u00e1 trieda dla\u017ed\u00edc s obmedzen\u00fdmi atrib\u00fatmi s cenou od E$0.10.<\/td><\/tr><tr><td>Cena dla\u017ed\u00edc<\/td><td>Cenov\u00e1 \u0161trukt\u00fara zost\u00e1va nezmenen\u00e1.<\/td><td>Cenovo dostupn\u00e1 z\u00e1kladn\u00e1 trieda dla\u017ed\u00edc s obmedzen\u00fdmi atrib\u00fatmi s cenou od E$0.10.<\/td><\/tr><tr><td>LIT (pravideln\u00fd bonus)<\/td><td>\u00c1no<\/td><td>Nie<\/td><\/tr><tr><td>EPL<\/td><td>\u00c1no<\/td><td>Nie<\/td><\/tr><tr><td>Trieda pozemkov<\/td><td>1-5<\/td><td>Nie<\/td><\/tr><tr><td>Zas\u013e\u00faben\u00e1 esencia (EDC)<\/td><td>Iba pre p\u00f4vodn\u00e9 nehnute\u013enosti \u00farovne 1 pridelen\u00e9 Zemou 2 (nie pre modernizovan\u00e9 nehnute\u013enosti \u00farovne 1)<\/td><td>Nie<\/td><\/tr><tr><td>Premena \u00e9teru na esenciu<\/td><td>Garantovan\u00e9<\/td><td>Nepredv\u00eddate\u013en\u00e9<\/td><\/tr><tr><td>Generovanie esenci\u00ed<\/td><td>Garantovan\u00e9<\/td><td>Nepredv\u00eddate\u013en\u00e9<\/td><\/tr><tr><td>Klenoty sa rozmno\u017euj\u00fa<\/td><td>Trhovisko (Hr\u00e1\u010d hr\u00e1\u010dovi) \/ Vylep\u0161enie z \u00farovne 2 (bud\u00faca funkcia)<\/td><td>E2 \/ Trhovisko (Hr\u00e1\u010d hr\u00e1\u010dovi)<\/td><\/tr><tr><td>\u0160perkov\u00e9 sloty<\/td><td>5 alebo viac<\/td><td>3<\/td><\/tr><tr><td>Bonus za odpor\u00fa\u010dac\u00ed k\u00f3d<\/td><td>7.5%<\/td><td>5%<\/td><\/tr><tr><td>K\u00f3d odpor\u00fa\u010dania N\u00e1zov<\/td><td>Prisp\u00f4sobite\u013en\u00e9<\/td><td>V\u0161eobecne generovan\u00e9<\/td><\/tr><tr><td>EcoSim Building Cap*<\/td><td>Nie<\/td><td>\u00c1no<\/td><\/tr><tr><td>Objavite\u013en\u00e9 zdroje*<\/td><td>\u00dapln\u00fd<\/td><td>Obmedzen\u00e9<\/td><\/tr><tr><td>Nas\u00fdtenie zdrojov*<\/td><td>Norm\u00e1lne<\/td><td>Obmedzen\u00e9<\/td><\/tr><tr><td>Spr\u00e1va*<\/td><td>\u00dapln\u00fd<\/td><td>Zrieden\u00e9<\/td><\/tr><tr><td>Bude podporova\u0165 reklamy*<\/td><td>\u00c1no<\/td><td>Nie<\/td><\/tr><tr><td>\u010eal\u0161ie bonusy sa bud\u00fa uvo\u013e\u0148ova\u0165 postupne*<\/td><td>\u00c1no<\/td><td>Obmedzen\u00e9<\/td><\/tr><\/tbody><\/table><\/figure>\n\n\n\n<p>* = u\u017e \u010doskoro \/ bude zverejnen\u00e9 nesk\u00f4r<\/p>","protected":false},"excerpt":{"rendered":"<p>Tile is the purchase units of land in Earth2 ecosystem, and they generate various resources. Earth2 is a metaverse platform that allows users to purchase, own, live and trade virtual land. Tiles are the basic units of land in the Earth2 ecosystem. They are equivalent to a 10m x 10m plot of land in the [&hellip;]<\/p>\n","protected":false},"author":1,"featured_media":0,"parent":0,"menu_order":0,"comment_status":"closed","ping_status":"closed","template":"","meta":{"footnotes":""},"_links":{"self":[{"href":"https:\/\/earth2.wiki\/sk\/wp-json\/wp\/v2\/pages\/138"}],"collection":[{"href":"https:\/\/earth2.wiki\/sk\/wp-json\/wp\/v2\/pages"}],"about":[{"href":"https:\/\/earth2.wiki\/sk\/wp-json\/wp\/v2\/types\/page"}],"author":[{"embeddable":true,"href":"https:\/\/earth2.wiki\/sk\/wp-json\/wp\/v2\/users\/1"}],"replies":[{"embeddable":true,"href":"https:\/\/earth2.wiki\/sk\/wp-json\/wp\/v2\/comments?post=138"}],"version-history":[{"count":5,"href":"https:\/\/earth2.wiki\/sk\/wp-json\/wp\/v2\/pages\/138\/revisions"}],"predecessor-version":[{"id":632,"href":"https:\/\/earth2.wiki\/sk\/wp-json\/wp\/v2\/pages\/138\/revisions\/632"}],"wp:attachment":[{"href":"https:\/\/earth2.wiki\/sk\/wp-json\/wp\/v2\/media?parent=138"}],"curies":[{"name":"wp","href":"https:\/\/api.w.org\/{rel}","templated":true}]}}