{"id":178,"date":"2024-04-14T19:15:38","date_gmt":"2024-04-14T18:15:38","guid":{"rendered":"https:\/\/earth2.wiki\/?page_id=178"},"modified":"2024-04-15T08:29:26","modified_gmt":"2024-04-15T07:29:26","slug":"trending-players-earth2","status":"publish","type":"page","link":"https:\/\/earth2.wiki\/ro\/trending-players-earth2\/","title":{"rendered":"Celebrit\u0103\u021bi \u0219i juc\u0103tori \u00een trending \u00een Earth2"},"content":{"rendered":"<p>Mai multe celebrit\u0103\u021bi \u0219i-au manifestat interesul pentru jocul metaversal de terenuri virtuale <strong>P\u0103m\u00e2nt2<\/strong>. Iat\u0103 c\u00e2teva nume importante:<\/p>\n\n\n\n<p><strong>Snoop Dogg<\/strong>: Renumitul rapper \u0219i pasionat de NFT nu numai c\u0103 a investit \u00een Earth 2, dar \u0219i-a lansat \u0219i propria colec\u021bie de active digitale numit\u0103 \"The Doggies\". El \u0219i-a recreat chiar \u0219i conacul s\u0103u \u00een cadrul metaversului.<\/p>\n\n\n\n<p><strong>Justin Bieber<\/strong>: Senza\u021bia pop a g\u0103zduit concerte virtuale \u00een cadrul metaversului, implic\u00e2ndu-\u0219i fanii \u00eentr-un mod unic.<\/p>\n\n\n\n<p><strong>Prin\u021bul Harry \u0219i Meghan Markle<\/strong>: Cuplul regal \u0219i-ar fi lansat propria platform\u0103 metaversal\u0103, care va servi drept spa\u021biu pentru \u00eent\u00e2lniri de afaceri \u0219i apari\u021bii publice.<\/p>\n\n\n\n<p><strong>Daler Mehndi<\/strong>: C\u00e2nt\u0103rea\u021ba indian\u0103 a cump\u0103rat o bucat\u0103 de teren virtual \u00een Earth 2 \u0219i l-a numit \"Balle Balle Land\". El pl\u0103nuie\u0219te s\u0103 g\u0103zduiasc\u0103 \"Daler Mehndi Store\" pe acest imobil virtual.<\/p>\n\n\n\n<p><strong>Tehnologia pe care o dorim<\/strong>: Acest canal YouTube ofer\u0103 explica\u021bii \u0219i informa\u021bii despre Earth 2, discut\u00e2nd despre conceptul, gameplay-ul \u0219i progresul acestuia. Ace\u0219tia prezint\u0103 dezvoltarea jocului \u0219i \u00eemp\u0103rt\u0103\u0219esc ideologii \u0219i cazuri de utilizare pentru comunitate.<\/p>\n\n\n\n<p><strong>Earth 2 (Canal oficial)<\/strong>: Canalul de YouTube Earth 2 \u00eemp\u0103rt\u0103\u0219e\u0219te actualiz\u0103ri, demonstra\u021bii tehnice \u0219i prezint\u0103 progresele \u00eenregistrate \u00een construirea unei planete P\u0103m\u00e2nt la scar\u0103 1:1 \u00een cadrul metaversului. Videoclipurile lor ofer\u0103 o privire asupra lumii virtuale expansive \u0219i a poten\u021bialului s\u0103u.<\/p>\n\n\n\n<p><strong>Pacey<\/strong>: Canalul lui Pacey prezint\u0103 con\u021binut Earth 2, inclusiv trailere, promo\u021bii \u0219i imagini relaxante ale sistemelor \u00een curs de dezvoltare. Este un loc minunat pentru a fi informat cu privire la ultimele evolu\u021bii ale jocului.<\/p>\n\n\n\n<p><strong>Arya Realty<\/strong>: Arya Realty \u00eemp\u0103rt\u0103\u0219e\u0219te idei, sfaturi \u0219i discu\u021bii legate de Earth2. Videoclipurile lor acoper\u0103 diverse aspecte ale metaversului, ceea ce face din ele o resurs\u0103 valoroas\u0103 pentru juc\u0103tori \u0219i entuzia\u0219ti.<\/p>\n\n\n\n<p><strong>Cydroid Art<\/strong>: Earth2 a avut parte de desene artistice impresionante, inclusiv cele ale unor juc\u0103tori de top. Unele dintre aceste opere de art\u0103 se \u00eentind pe mii de pl\u0103ci \u0219i au devenit iconice \u00een cadrul comunit\u0103\u021bii Earth2<\/p>\n\n\n\n<p>Aceste celebrit\u0103\u021bi \u0219i sus\u021bin\u0103tori activi recunosc poten\u021bialul metaversului \u0219i particip\u0103 activ la modelarea viitorului s\u0103u.<\/p>\n\n\n\n<h1 class=\"wp-block-heading\"><strong>Logan Paul \u0219i propriet\u0103\u021bile sale virtuale<\/strong><\/h1>\n\n\n\n<p>\u00cencep\u00e2nd cu <strong>21 februarie 2021<\/strong>, <strong>Logan Paul<\/strong> a investit \u00een <strong>18 propriet\u0103\u021bi diferite<\/strong> \u00een cadrul <strong>P\u0103m\u00e2nt2<\/strong> metavers. Cheltuielile sale totale pentru aceste propriet\u0103\u021bi virtuale se ridic\u0103 la <strong>$5,857.21<\/strong>. Aceste achizi\u021bii au fost efectuate \u00een cursul unei perioade de <strong>Perioada de 24 de ore<\/strong> \u00eentre 6 \u0219i 7 ianuarie 2021. S\u0103 arunc\u0103m o privire mai atent\u0103 la loca\u021biile specifice pe care le de\u021bine:<\/p>\n\n\n\n<ol>\n<li><strong>Western Cape<\/strong>: Calcularea costurilor <strong>$872.92<\/strong>, aceast\u0103 proprietate se \u00eentinde <strong>748 dale<\/strong>.<\/li>\n\n\n\n<li><strong>Kri\u017e, Zagreb<\/strong>: Achizi\u021bionat pentru <strong>$18.24<\/strong>, se refer\u0103 la <strong>40 de pl\u0103ci<\/strong>.<\/li>\n\n\n\n<li><strong>Encino, California (Proprietatea 1)<\/strong>: Pre\u021bul la <strong>$239.40<\/strong>, aceast\u0103 proprietate const\u0103 \u00een <strong>9 dale<\/strong>.<\/li>\n\n\n\n<li><strong>Encino, California (Proprietatea 2)<\/strong>: Un colet mai mare, care cost\u0103 <strong>$1,276.80<\/strong>, cu <strong>48 dale<\/strong>.<\/li>\n\n\n\n<li><strong>Penebel, Tabanan<\/strong>: Evaluat la <strong>$140.92<\/strong>, aceasta cuprinde <strong>196 dale<\/strong>.<\/li>\n\n\n\n<li><strong>Santa Monica, California<\/strong>: Aceast\u0103 proprietate, cu un pre\u021b de <strong>$212.80<\/strong>, ocup\u0103 <strong>8 dale<\/strong>.<\/li>\n\n\n\n<li><strong>Jackson, Wyoming<\/strong>: Acoperire <strong>18 dale<\/strong>, a fost achizi\u021bionat pentru <strong>$478.80<\/strong>.<\/li>\n\n\n\n<li><strong>Marea Egee de Sud, Grecia<\/strong>: O proprietate mai mic\u0103 cu <strong>5 dale<\/strong>, calcularea costurilor <strong>$5.15<\/strong>.<\/li>\n\n\n\n<li><strong>Antarctica<\/strong>: Logan Paul de\u021bine <strong>129 dale<\/strong> \u00een aceast\u0103 \u00eentindere \u00eenghe\u021bat\u0103, care se ridic\u0103 la <strong>$41.41<\/strong>.<\/li>\n\n\n\n<li><strong>Alpes-Maritimes<\/strong>: Aceast\u0103 loca\u021bie francez\u0103 cuprinde <strong>10 dale<\/strong> \u0219i a fost achizi\u021bionat pentru <strong>$29.19<\/strong>.<\/li>\n\n\n\n<li><strong>Amalfi, Salerno<\/strong>: Spanning <strong>28 dale<\/strong>, a costat <strong>$152.38<\/strong>.<\/li>\n\n\n\n<li><strong>North Rim, Arizona<\/strong>: Cu <strong>9 dale<\/strong>, aceast\u0103 proprietate a fost evaluat\u0103 la <strong>$239.40<\/strong>.<\/li>\n\n\n\n<li><strong>Tahua, Potos\u00ed<\/strong>: O investi\u021bie substan\u021bial\u0103 de <strong>735 dale<\/strong> pentru <strong>$260.19<\/strong>.<\/li>\n\n\n\n<li><strong>Tahua, Oruro<\/strong>: Logan Paul de\u021bine <strong>180 dale<\/strong> aici, petrec\u00e2nd <strong>$63.72<\/strong>.<\/li>\n\n\n\n<li><strong>Yosemite National Park (proprietate 1)<\/strong>: Acoperire <strong>9 dale<\/strong>, a costat <strong>$239.40<\/strong>.<\/li>\n\n\n\n<li><strong>Yosemite National Park (proprietate 2)<\/strong>: O sec\u021biune mai mare cu <strong>51 dale<\/strong>, la pre\u021bul de <strong>$1,356.60<\/strong>.<\/li>\n\n\n\n<li><strong>Tingri Xian, Xigaze Shi<\/strong>: Aceast\u0103 loca\u021bie tibetan\u0103 este format\u0103 din <strong>48 dale<\/strong>, achizi\u021bionate pentru <strong>$129.89<\/strong>.<\/li>\n\n\n\n<li><strong>Arondismentul 7 din Paris<\/strong>: O proprietate mai mic\u0103 cu <strong>4 dale<\/strong>, calcularea costurilor <strong>$100.00<\/strong>.<\/li>\n<\/ol>\n\n\n\n<p>Investi\u021bia timpurie a lui Logan Paul \u00een Earth2 demonstreaz\u0103 \u00eencrederea sa \u00een poten\u021bialul acestui concept. De\u0219i nu a mai f\u0103cut achizi\u021bii suplimentare din ianuarie, fi\u021bi aten\u021bi la orice achizi\u021bii viitoare pe profilul s\u0103u!<\/p>","protected":false},"excerpt":{"rendered":"<p>Several celebrities have expressed interest in the virtual land metaverse game Earth2. Here are some notable names: Snoop Dogg: The renowned rapper and NFT enthusiast have not only invested in Earth 2 but also launched his own collection of digital assets called \u201cThe Doggies.\u201d He even recreated his mansion within the metaverse. Justin Bieber: The [&hellip;]<\/p>\n","protected":false},"author":1,"featured_media":0,"parent":0,"menu_order":0,"comment_status":"closed","ping_status":"closed","template":"","meta":{"footnotes":""},"_links":{"self":[{"href":"https:\/\/earth2.wiki\/ro\/wp-json\/wp\/v2\/pages\/178"}],"collection":[{"href":"https:\/\/earth2.wiki\/ro\/wp-json\/wp\/v2\/pages"}],"about":[{"href":"https:\/\/earth2.wiki\/ro\/wp-json\/wp\/v2\/types\/page"}],"author":[{"embeddable":true,"href":"https:\/\/earth2.wiki\/ro\/wp-json\/wp\/v2\/users\/1"}],"replies":[{"embeddable":true,"href":"https:\/\/earth2.wiki\/ro\/wp-json\/wp\/v2\/comments?post=178"}],"version-history":[{"count":10,"href":"https:\/\/earth2.wiki\/ro\/wp-json\/wp\/v2\/pages\/178\/revisions"}],"predecessor-version":[{"id":441,"href":"https:\/\/earth2.wiki\/ro\/wp-json\/wp\/v2\/pages\/178\/revisions\/441"}],"wp:attachment":[{"href":"https:\/\/earth2.wiki\/ro\/wp-json\/wp\/v2\/media?parent=178"}],"curies":[{"name":"wp","href":"https:\/\/api.w.org\/{rel}","templated":true}]}}