{"id":169,"date":"2024-04-14T19:10:09","date_gmt":"2024-04-14T18:10:09","guid":{"rendered":"https:\/\/earth2.wiki\/?page_id=169"},"modified":"2024-04-15T08:12:14","modified_gmt":"2024-04-15T07:12:14","slug":"trending-megacities-earth2","status":"publish","type":"page","link":"https:\/\/earth2.wiki\/ro\/trending-megacities-earth2\/","title":{"rendered":"Megaora\u0219e \u00een trend \u00een Earth2"},"content":{"rendered":"<p><strong>Shoon City<\/strong><\/p>\n\n\n\n<p>Fondat de Pacey, Shoon City este situat l\u00e2ng\u0103 ora\u0219ul E1 Minsk, capitala Belarusului. Se remarc\u0103 drept singura megaora\u0219 cu drumuri care \u00eenconjoar\u0103 complet o \u00eentreag\u0103 capital\u0103. Shoon City este pozi\u021bionat strategic pentru poten\u021biale caracteristici de realitate augmentat\u0103 (AR) \u00een viitor \u0219i serve\u0219te ca spa\u021biu ideal pentru raiduri \u00een locurile C1 mai vechi.<\/p>\n\n\n\n<p><strong>Cavalerii de Malta<\/strong><\/p>\n\n\n\n<p>Creat ini\u021bial pentru guvernare \u0219i domina\u021bie general\u0103, fondatorul Resin \u0219i-a extins rolul pentru a sponsoriza capacit\u0103\u021bile de AR \u0219i de publicitate \u00een cadrul umilei insule de 316 km\u00b2 a Maltei.<\/p>\n\n\n\n<p><strong>Ochiul din Sahara<\/strong><\/p>\n\n\n\n<p>Aceast\u0103 megaora\u0219 este situat pe una dintre pu\u021binele forma\u021biuni naturale vizibile din spa\u021biu. Se zvone\u0219te c\u0103 ar putea fi chiar locul unde s-ar afla ora\u0219ul pierdut al Atlantidei.<\/p>\n\n\n\n<p><\/p>\n\n\n\n<p><strong>Valhalla<\/strong><\/p>\n\n\n\n<p>O megaora\u0219 cu tematic\u0103 viking\u0103, cu o ber\u0103rie, un \u0219antier naval, docuri \u0219i o arsenal.<\/p>\n\n\n\n<p><strong>Mo\u0219tenirea Bermudelor<\/strong><\/p>\n\n\n\n<p>Creat\u0103 ca o platform\u0103 comunitar\u0103 \u00een cadrul Earth2.io, aceast\u0103 megaora\u0219 este situat\u0103 pe insula Bermuda. Scopul s\u0103u este de a oferi un spa\u021biu de distrac\u021bie \u0219i asisten\u021b\u0103 tuturor juc\u0103torilor.<\/p>\n\n\n\n<p><strong>Gibraltar<\/strong><\/p>\n\n\n\n<p>Dorkslayer \u00ee\u0219i propune s\u0103 construiasc\u0103 o comunitate \u00eenfloritoare \u00een Earth2, concentr\u00e2ndu-se \u00een special pe Gibraltar. Colaborarea \u0219i unitatea sunt bazele succesului \u00een aceast\u0103 experien\u021b\u0103 epic\u0103 din Metaverse.<\/p>\n\n\n\n<p><strong>Cryptopolis<\/strong><\/p>\n\n\n\n<p>Un ora\u0219 n\u0103scut din for\u021b\u0103 \u0219i putere, Cryptopolis este o colaborare a unor figuri cheie de pe platform\u0103. Acesta serve\u0219te ca un hub central pentru finan\u021be, comer\u021b \u0219i cre\u0219tere.<\/p>\n\n\n\n<p><strong>Hippoland<\/strong><\/p>\n\n\n\n<p>Conceput pentru grupuri de prieteni care doresc s\u0103 se bucure at\u00e2t de b\u0103uturi, c\u00e2t \u0219i de jocuri de bar\/minigame, Hippoland ofer\u0103 o experien\u021b\u0103 unic\u0103.<\/p>\n\n\n\n<p><strong>Marea cale ferat\u0103 african\u0103<\/strong><\/p>\n\n\n\n<p>Snowpiercer este \u00een frunte, \u00eencerc\u00e2nd s\u0103 conecteze megaora\u0219ele din Africa.<\/p>\n\n\n\n<p><strong>Wakanda<\/strong><\/p>\n\n\n\n<p>Singura megaora\u0219 situat direct \u00een Marea Valea Riftului african, Wakanda se afl\u0103 exact \u00een locul \u00een care exist\u0103 \u00een Universul Cinematografic Marvel. Se afl\u0103 pe malul legendarului lac Turkana, numit adesea \"leag\u0103nul umanit\u0103\u021bii\".<\/p>\n\n\n\n<p><strong>Zigurat<\/strong><\/p>\n\n\n\n<p>Ora\u0219ul Zigurat a fost adus la via\u021b\u0103 de un grup de arti\u0219ti vizuali talenta\u021bi care \u00eemp\u0103rt\u0103\u0219esc o viziune pentru viitorul Earth2. Acesta combin\u0103 m\u0103iestria \u0219i ambi\u021bia.<\/p>\n\n\n\n<p><strong>Motor City<\/strong><\/p>\n\n\n\n<p>Un mega ora\u0219 Earth2 cu tematic\u0103 auto \u0219i de curse, perfect pentru pasiona\u021bii de automobile.<\/p>\n\n\n\n<p><strong>Insula Minde<\/strong><\/p>\n\n\n\n<p>Situat\u0103 \u00een frumoasa lagun\u0103 Marovo din Insulele Solomon (cea mai mare lagun\u0103 cu ap\u0103 s\u0103rat\u0103 din lume), insula Minde se m\u00e2ndre\u0219te cu sute de investitori, mai multe districte \u0219i o viziune pe termen lung pentru succes.<\/p>","protected":false},"excerpt":{"rendered":"<p>Shoon City Founded by Pacey, Shoon City is located alongside the E1 City of Minsk, which is the capital of Belarus. It stands out as the only megacity with roads completely surrounding an entire capital city.\u00a0Shoon City is strategically positioned for potential augmented reality (AR) features in the future and serves as an ideal space [&hellip;]<\/p>\n","protected":false},"author":1,"featured_media":0,"parent":0,"menu_order":0,"comment_status":"closed","ping_status":"closed","template":"","meta":{"footnotes":""},"_links":{"self":[{"href":"https:\/\/earth2.wiki\/ro\/wp-json\/wp\/v2\/pages\/169"}],"collection":[{"href":"https:\/\/earth2.wiki\/ro\/wp-json\/wp\/v2\/pages"}],"about":[{"href":"https:\/\/earth2.wiki\/ro\/wp-json\/wp\/v2\/types\/page"}],"author":[{"embeddable":true,"href":"https:\/\/earth2.wiki\/ro\/wp-json\/wp\/v2\/users\/1"}],"replies":[{"embeddable":true,"href":"https:\/\/earth2.wiki\/ro\/wp-json\/wp\/v2\/comments?post=169"}],"version-history":[{"count":9,"href":"https:\/\/earth2.wiki\/ro\/wp-json\/wp\/v2\/pages\/169\/revisions"}],"predecessor-version":[{"id":435,"href":"https:\/\/earth2.wiki\/ro\/wp-json\/wp\/v2\/pages\/169\/revisions\/435"}],"wp:attachment":[{"href":"https:\/\/earth2.wiki\/ro\/wp-json\/wp\/v2\/media?parent=169"}],"curies":[{"name":"wp","href":"https:\/\/api.w.org\/{rel}","templated":true}]}}