{"id":144,"date":"2024-04-14T18:56:48","date_gmt":"2024-04-14T17:56:48","guid":{"rendered":"https:\/\/earth2.wiki\/?page_id=144"},"modified":"2024-04-15T00:38:10","modified_gmt":"2024-04-14T23:38:10","slug":"earth2-essence-in-1-min","status":"publish","type":"page","link":"https:\/\/earth2.wiki\/ro\/earth2-essence-in-1-min\/","title":{"rendered":"\u00cencepe\u021bi s\u0103 c\u00e2\u0219tiga\u021bi cea mai recent\u0103 criptomoned\u0103 Essence din Earth2 Metaverse \u00een 1 min!"},"content":{"rendered":"<p>Sunte\u021bi interesat s\u0103 afla\u021bi cum s\u0103 \u00eencepe\u021bi s\u0103 c\u00e2\u0219tiga\u021bi Essence, cea mai recent\u0103 criptomoned\u0103 din Earth2 Metaverse, \u00een doar un minut? Ei bine, sunte\u021bi noroco\u0219i! Bine a\u021bi venit pe site-ul nostru, unde v\u0103 vom ajuta s\u0103 v\u0103 familiariza\u021bi cu cea mai nou\u0103 \u0219i inovatoare criptomoned\u0103.<\/p>\n\n\n\n<p>\u00cen primul r\u00e2nd, s\u0103 vorbim despre Earth2. Aceast\u0103 platform\u0103 este un sistem imobiliar virtual care permite utilizatorilor s\u0103 achizi\u021bioneze terenuri \u00eentr-o lume virtual\u0103. Aceasta a f\u0103cut valuri \u00een lumea jocurilor \u0219i a atras chiar aten\u021bia unor celebrit\u0103\u021bi precum Elon Musk \u0219i Mark Zuckerberg. Potrivit lui Musk, \"Earth2 ar putea fi poarta c\u0103tre un adev\u0103rat Metaverse\". \u00cen timp ce Zuckerberg men\u021bioneaz\u0103: \"Exist\u0103, de asemenea, acest boom al terenurilor virtuale, care este un fenomen foarte interesant\".<\/p>\n\n\n\n<p>Dac\u0103 a\u021bi v\u0103zut filmul \"Ready Player One\" sau a\u021bi citit cartea, atunci ave\u021bi o idee despre ce este un Metavers. Un termen inventat de Neal Stephenson \u00een cartea sa \"Snow Crash\" din 1992, un Metavers este un univers virtual \u00een care oamenii \u00ee\u0219i pot tr\u0103i cele mai nebune\u0219ti vise \u0219i fantezii.<\/p>\n\n\n\n<p>Acum, s\u0103 vorbim despre Essence. Este noua criptomoned\u0103 din platforma Earth2 Metaverse. Ceea ce o face special\u0103 este faptul c\u0103 este condus\u0103 de comunitate \u0219i descentralizat\u0103. Aceasta \u00eenseamn\u0103 c\u0103 nu este sus\u021binut\u0103 de niciun guvern sau institu\u021bie financiar\u0103. \u00cen schimb, valoarea sa este determinat\u0103 de cererea \u0219i oferta create de comunitatea care o utilizeaz\u0103 \u0219i o tranzac\u021bioneaz\u0103. \u00cen plus, este, de asemenea, o descentralizare voluntar\u0103 bazat\u0103 pe interese geografice \u0219i comunitate, ceea ce \u00eenseamn\u0103 c\u0103 utilizatorii pot alege s\u0103 fac\u0103 parte din comunit\u0103\u021bi centrate \u00een jurul unor loca\u021bii sau interese specifice.<\/p>\n\n\n\n<p>Deci, cum pute\u021bi \u00eencepe s\u0103 c\u00e2\u0219tiga\u021bi Essence \u00een doar un minut? Este simplu! \u00cen primul r\u00e2nd, crea\u021bi-v\u0103 un cont pe Earth2 Metaverse \u0219i cump\u0103ra\u021bi un teren virtual. Odat\u0103 ce de\u021bine\u021bi terenul, ve\u021bi fi recompensat cu Essence, pe care \u00eel pute\u021bi folosi pentru a face schimburi, pentru a cump\u0103ra mai mult teren sau pentru a-l p\u0103stra \u0219i a urm\u0103ri cre\u0219terea valorii sale.<\/p>\n\n\n\n<p>\u00cen concluzie, Earth2 Metaverse \u0219i Essence sunt cele mai recente inova\u021bii care schimb\u0103 lumea criptografic\u0103. Fiind o platform\u0103 bazat\u0103 pe comunitate, aceasta ofer\u0103 o oportunitate unic\u0103 \u0219i interesant\u0103 pentru utilizatori de a c\u00e2\u0219tiga criptomonede \u00een timp ce se bucur\u0103 de lumea virtual\u0103. A\u0219adar, ce mai a\u0219tepta\u021bi? Al\u0103tura\u021bi-v\u0103 Metaverse acum \u0219i \u00eencepe\u021bi s\u0103 c\u00e2\u0219tiga\u021bi Essence!<\/p>","protected":false},"excerpt":{"rendered":"<p>Are you interested in learning how to start earning Essence, the latest cryptocurrency from Earth2 Metaverse, in just one minute? Well, you&#8217;re in luck! Welcome to our website where we will help you get familiarized with the newest and innovative cryptocurrency. First, let&#8217;s talk about Earth2. This platform is a virtual real estate system that [&hellip;]<\/p>\n","protected":false},"author":1,"featured_media":0,"parent":0,"menu_order":0,"comment_status":"closed","ping_status":"closed","template":"","meta":{"footnotes":""},"_links":{"self":[{"href":"https:\/\/earth2.wiki\/ro\/wp-json\/wp\/v2\/pages\/144"}],"collection":[{"href":"https:\/\/earth2.wiki\/ro\/wp-json\/wp\/v2\/pages"}],"about":[{"href":"https:\/\/earth2.wiki\/ro\/wp-json\/wp\/v2\/types\/page"}],"author":[{"embeddable":true,"href":"https:\/\/earth2.wiki\/ro\/wp-json\/wp\/v2\/users\/1"}],"replies":[{"embeddable":true,"href":"https:\/\/earth2.wiki\/ro\/wp-json\/wp\/v2\/comments?post=144"}],"version-history":[{"count":4,"href":"https:\/\/earth2.wiki\/ro\/wp-json\/wp\/v2\/pages\/144\/revisions"}],"predecessor-version":[{"id":286,"href":"https:\/\/earth2.wiki\/ro\/wp-json\/wp\/v2\/pages\/144\/revisions\/286"}],"wp:attachment":[{"href":"https:\/\/earth2.wiki\/ro\/wp-json\/wp\/v2\/media?parent=144"}],"curies":[{"name":"wp","href":"https:\/\/api.w.org\/{rel}","templated":true}]}}