{"id":142,"date":"2024-04-14T18:56:33","date_gmt":"2024-04-14T17:56:33","guid":{"rendered":"https:\/\/earth2.wiki\/?page_id=142"},"modified":"2024-04-16T20:28:57","modified_gmt":"2024-04-16T19:28:57","slug":"earth2-essence-raid-cydroid-in-1-min","status":"publish","type":"page","link":"https:\/\/earth2.wiki\/ro\/earth2-essence-raid-cydroid-in-1-min\/","title":{"rendered":"Essence Mining - \u00cenv\u0103\u021ba\u021bi sistemul de raid Earth2 \u0219i Cydroid \u00een 1 min."},"content":{"rendered":"<p>Dac\u0103 sunte\u021bi interesat de criptomonede \u0219i de platforma metaversal\u0103 Earth2, este posibil s\u0103 fi auzit de Essence Mining. Aceast\u0103 nou\u0103 criptomoned\u0103 este inovatoare prin faptul c\u0103 introduce o descentralizare voluntar\u0103 bazat\u0103 pe geo-interese comunitare.<\/p>\n\n\n\n<p>Dar ce este mai exact Essence Mining \u0219i cum func\u021bioneaz\u0103? Iat\u0103 o scurt\u0103 prezentare general\u0103 \u00een 1 min.<\/p>\n\n\n\n<p>Essence Mining implic\u0103 construirea de Cydroids, care sunt drone care au capacitatea de a jefui propriet\u0103\u021bile din apropiere. Recompensele din aceste raiduri pot fi apoi transformate \u00een noua criptomoned\u0103 - Essence.<\/p>\n\n\n\n<p>Extrac\u021bia de esen\u021be este accesibil\u0103 doar utilizatorilor care de\u021bin terenuri de nivel 1 (T1) \u0219i 2 (T2) cu o suprafa\u021b\u0103 mai mare sau egal\u0103 cu 4 dale. Odat\u0103 ce criteriile sunt \u00eendeplinite, utilizatorul poate construi un Cydroid. Cu toate acestea, Cydroidul nu poate fi construit pe terenuri de nivel 3.<\/p>\n\n\n\n<p>Cydroizii trebuie s\u0103 fie alimenta\u021bi cu energie pentru a func\u021biona corect, prin urmare, au nevoie de baterii pentru a func\u021biona. Bateriile pot fi apoi re\u00eenc\u0103rcate automat de c\u0103tre civili, la fel ca \u0219i raidurile \u0219i distribu\u021biile.<\/p>\n\n\n\n<p>Pentru mai multe informa\u021bii detaliate despre Cydroid, consulta\u021bi acest articol: <a href=\"https:\/\/earth2.wiki\/ro\/everything-you-need-to-know-about-cydroid-in-earth2-metaverse\/\">Tot ce trebuie s\u0103 \u0219tii despre Cydroid \u00een Metaversul Earth2 - Earth2 Wiki<\/a><\/p>\n\n\n\n<p>Earth2 Essence Mining este o nou\u0103 \u0219i interesant\u0103 dezvoltare de divertisment ecologic pentru scena criptocurrency, ini\u021biat\u0103 de Earth2. Ofer\u0103 o modalitate unic\u0103 pentru utilizatori de a c\u00e2\u0219tiga criptomonede prin utilizarea terenurilor lor \u0219i a NFT-urilor Cydroid, promov\u00e2nd, de asemenea, un sentiment de descentralizare \u0219i colaborare \u00eentre utilizatori, axat pe comunitate.<\/p>\n\n\n\n<p>Dac\u0103 sunte\u021bi interesat s\u0103 afla\u021bi mai multe despre Essence Mining, nu uita\u021bi s\u0103 vizita\u021bi platforma Earth2 \u0219i s\u0103 explora\u021bi oportunit\u0103\u021bile pe care le prezint\u0103!<\/p>","protected":false},"excerpt":{"rendered":"<p>If you&#8217;re interested in cryptocurrency and the Earth2 metaverse platform, you may have heard of Essence Mining. This new cryptocurrency is innovative in that it introduces geo-interest-community driven voluntary decentralization. But what exactly is Essence Mining, and how does it work? Here&#8217;s a quick overview in 1 min. Essence Mining involves building Cydroids which are [&hellip;]<\/p>\n","protected":false},"author":1,"featured_media":0,"parent":0,"menu_order":0,"comment_status":"closed","ping_status":"closed","template":"","meta":{"footnotes":""},"_links":{"self":[{"href":"https:\/\/earth2.wiki\/ro\/wp-json\/wp\/v2\/pages\/142"}],"collection":[{"href":"https:\/\/earth2.wiki\/ro\/wp-json\/wp\/v2\/pages"}],"about":[{"href":"https:\/\/earth2.wiki\/ro\/wp-json\/wp\/v2\/types\/page"}],"author":[{"embeddable":true,"href":"https:\/\/earth2.wiki\/ro\/wp-json\/wp\/v2\/users\/1"}],"replies":[{"embeddable":true,"href":"https:\/\/earth2.wiki\/ro\/wp-json\/wp\/v2\/comments?post=142"}],"version-history":[{"count":5,"href":"https:\/\/earth2.wiki\/ro\/wp-json\/wp\/v2\/pages\/142\/revisions"}],"predecessor-version":[{"id":509,"href":"https:\/\/earth2.wiki\/ro\/wp-json\/wp\/v2\/pages\/142\/revisions\/509"}],"wp:attachment":[{"href":"https:\/\/earth2.wiki\/ro\/wp-json\/wp\/v2\/media?parent=142"}],"curies":[{"name":"wp","href":"https:\/\/api.w.org\/{rel}","templated":true}]}}