{"id":68,"date":"2024-04-14T16:34:19","date_gmt":"2024-04-14T15:34:19","guid":{"rendered":"https:\/\/earth2.wiki\/?page_id=68"},"modified":"2024-04-16T12:21:23","modified_gmt":"2024-04-16T11:21:23","slug":"earth2-jewels-in-1-min","status":"publish","type":"page","link":"https:\/\/earth2.wiki\/pt\/terra2-joias-em-1-min\/","title":{"rendered":"Terra2 J\u00f3ias em 1 min"},"content":{"rendered":"<p>Na Terra2, as j\u00f3ias desempenham um papel crucial no aumento da produtividade da terra e na gera\u00e7\u00e3o de recursos.<\/p>\n\n\n\n<p>Apresentamos as J\u00f3ias do Com\u00e9rcio Earth2 - a forma perfeita de ganhar algum dinheiro em casa e de se divertir enquanto o faz! As j\u00f3ias do Earth2 n\u00e3o s\u00e3o apenas incrivelmente bonitas, mas tamb\u00e9m incrivelmente valiosas. Estas gemas preciosas s\u00e3o ben\u00e9ficas para as tuas actividades de minera\u00e7\u00e3o na Earth2 - podes coloc\u00e1-las em Cydroids ou Land tiles para aumentar a produ\u00e7\u00e3o de recursos e a produ\u00e7\u00e3o mineira da criptomoeda, Essence.<\/p>\n\n\n\n<p>A Earth2 tem uma grande variedade de j\u00f3ias para escolher, cada uma com as suas qualidades e benef\u00edcios \u00fanicos. Desde as mais raras e valiosas J\u00f3ias Brilhantes, que podem valer mais de $10,000, at\u00e9 \u00e0s deslumbrantes e vibrantes Gemas Opalinas, h\u00e1 algo para todos. As J\u00f3ias da Terra2 podem ser criadas e melhoradas utilizando outras j\u00f3ias e Ess\u00eancia, permitindo muitas oportunidades econ\u00f3micas para participar em qualquer processo interm\u00e9dio.<\/p>\n\n\n\n<p>Acreditamos que as j\u00f3ias desempenham um dos pap\u00e9is mais importantes na economia do Earth2, juntamente com a atualiza\u00e7\u00e3o, determinando o pre\u00e7o da Ess\u00eancia e trazendo estabilidade ao Sistema de Moeda de Ess\u00eancia do Earth2. Ao investir em J\u00f3ias do Earth2, n\u00e3o est\u00e1 apenas a investir numa pedra preciosa bonita e valiosa - est\u00e1 a investir no futuro do Earth2 e da sua economia. Porqu\u00ea? \u00c0 medida que o pre\u00e7o da Ess\u00eancia sobe, a Joia sobe 10x, 100x, talvez at\u00e9 1000x+, se tiveres sorte e um dia criares o poderoso Brilhante.<\/p>\n\n\n\n<p>Ent\u00e3o, porqu\u00ea esperar? Veja as nossas belas galerias de J\u00f3ias da Terra2 hoje e compre uma para si ou como presente para o terr\u00e1queo da sua vida. Com o com\u00e9rcio de j\u00f3ias Earth2, n\u00e3o s\u00f3 estar\u00e1 a ganhar algum dinheiro em casa, como tamb\u00e9m estar\u00e1 a divertir-se e a explorar o grande potencial destas j\u00f3ias preciosas. N\u00e3o perca a oportunidade - comece sua cole\u00e7\u00e3o de J\u00f3ias da Terra2 hoje mesmo!<\/p>\n\n\n\n<p>Descri\u00e7\u00e3o do funcionamento do sistema de j\u00f3ias:<\/p>\n\n\n\n<ol>\n<li><strong>J\u00f3ias de n\u00edvel 3<\/strong>:\n<ul>\n<li>As j\u00f3ias de n\u00edvel 3 s\u00e3o o pin\u00e1culo da hierarquia de j\u00f3ias da Terra2.<\/li>\n\n\n\n<li>Para criar uma joia de n\u00edvel 3, combinar&nbsp;<strong>tr\u00eas j\u00f3ias da Categoria 2<\/strong>&nbsp;do&nbsp;<strong>mesma cor<\/strong>. Isto significa que vai precisar de um total de&nbsp;<strong>nove j\u00f3ias de base<\/strong>&nbsp;para criar uma joia de n\u00edvel 3.<\/li>\n\n\n\n<li>O processo:\n<ol>\n<li>Combine tr\u00eas j\u00f3ias de N\u00edvel 1 para formar uma joia de N\u00edvel 2.<\/li>\n\n\n\n<li>Combine tr\u00eas j\u00f3ias de N\u00edvel 2 da mesma cor para criar uma joia de N\u00edvel 3.<\/li>\n<\/ol>\n<\/li>\n\n\n\n<li>Estas j\u00f3ias de n\u00edvel 3 fornecem uma&nbsp;<strong>2% boost<\/strong>&nbsp;para a produ\u00e7\u00e3o de recursos e pode tamb\u00e9m aumentar a taxa de transforma\u00e7\u00e3o da ess\u00eancia das propriedades&nbsp;<strong>3%<\/strong>.<\/li>\n<\/ul>\n<\/li>\n\n\n\n<li><strong>Novas combina\u00e7\u00f5es de j\u00f3ias<\/strong>:\n<ul>\n<li>Earth2 introduziu recentemente&nbsp;<strong>28 novas combina\u00e7\u00f5es<\/strong>&nbsp;combinando j\u00f3ias de n\u00edvel 3 de cores diferentes.<\/li>\n\n\n\n<li>Estas novas j\u00f3ias incluem \u00e2mbar, andaluzite, \u00e1gua-marinha, azurite, pedra-sangue, olho-de-gato, crisocola, esmeralda, granada, jade, malaquite, obsidiana, opala, prehnite, peridoto, pirite, rubi, serpentina, ard\u00f3sia, sodalite, espin\u00e9lio, pedra do sol, tigre-olho, top\u00e1zio, turquesa, titanite, tanzanite e zirc\u00e3o.<\/li>\n\n\n\n<li>Cada uma destas j\u00f3ias contribui para a produ\u00e7\u00e3o de recursos e para a transforma\u00e7\u00e3o da ess\u00eancia.<\/li>\n<\/ul>\n<\/li>\n\n\n\n<li><strong>Actualiza\u00e7\u00f5es de j\u00f3ias<\/strong>:\n<ul>\n<li>As j\u00f3ias artesanais come\u00e7am como&nbsp;<strong>rachado<\/strong>&nbsp;vers\u00f5es.<\/li>\n\n\n\n<li>Pode actualiz\u00e1-los utilizando&nbsp;<strong>fragmentos<\/strong>:\n<ul>\n<li>8 fragmentos = Nublado<\/li>\n\n\n\n<li>25 fragmentos = comum<\/li>\n\n\n\n<li>50 fragmentos = Limpo<\/li>\n\n\n\n<li>84 Fragmentos = Luminosos<\/li>\n<\/ul>\n<\/li>\n<\/ul>\n<\/li>\n\n\n\n<li><strong>J\u00f3ias de fenda<\/strong>:\n<ul>\n<li>As j\u00f3ias podem ser colocadas no seu terreno virtual.<\/li>\n\n\n\n<li>O n\u00famero de ranhuras depende do tamanho do terreno e do escal\u00e3o.<\/li>\n\n\n\n<li>Colocar o mesmo tipo e cor de joia na mesma propriedade diminui o efeito do aumento da ess\u00eancia e dos recursos (de +3% para +2%).<\/li>\n<\/ul>\n<\/li>\n\n\n\n<li><strong>Slots extra<\/strong>:\n<ul>\n<li>As propriedades Tier 1 de um s\u00f3 ladrilho t\u00eam agora&nbsp;<strong>5 ranhuras<\/strong>e todas as propriedades de n\u00edvel 2 t\u00eam&nbsp;<strong>3 ranhuras<\/strong>.<\/li>\n\n\n\n<li>Esta altera\u00e7\u00e3o permite-lhe tirar partido das novas variantes.<\/li>\n<\/ul>\n<\/li>\n<\/ol>\n\n\n\n<figure class=\"wp-block-table\"><table><thead><tr><th>J\u00f3ias<\/th><th>Combina\u00e7\u00e3o<\/th><th>Recursos<\/th><\/tr><\/thead><tbody><tr><td>\u00c2mbar<\/td><td>T3 Amarelo + T3 Ocre<\/td><td>Ouro e min\u00e9rio de ferro<\/td><\/tr><tr><td>Andaluzite<\/td><td>T3 Antracite + T3 Arenoso<\/td><td>Carv\u00e3o e areia<\/td><\/tr><tr><td>\u00c1gua-marinha<\/td><td>T3 Azul + T3 Verde<\/td><td>Madeira e \u00e1gua doce<\/td><\/tr><tr><td>Azurite<\/td><td>T3 Azul + T3 Preto<\/td><td>Petr\u00f3leo e \u00e1gua doce<\/td><\/tr><tr><td>Pedra de sangue<\/td><td>T3 Ocre + T3 Preto<\/td><td>Petr\u00f3leo e min\u00e9rio de ferro<\/td><\/tr><tr><td>Olho de gato<\/td><td>T3 Amarelo + T3 Preto<\/td><td>Petr\u00f3leo e areia<\/td><\/tr><tr><td>Crisocola<\/td><td>T3 Azul + T3 Antracite<\/td><td>Carv\u00e3o e \u00e1gua doce<\/td><\/tr><tr><td>Esmeralda<\/td><td>T3 Azul + T3 Amarelo<\/td><td>Ouro e \u00e1gua doce<\/td><\/tr><tr><td>Granada<\/td><td>T3 Ocre + T3 Arenoso<\/td><td>Areia e min\u00e9rio de ferro<\/td><\/tr><tr><td>Jade<\/td><td>T3 Verde + T3 Preto<\/td><td>Madeira e \u00f3leo<\/td><\/tr><tr><td>Malaquite<\/td><td>T3 Verde + T3 Antracite<\/td><td>Carv\u00e3o e madeira<\/td><\/tr><tr><td>Obsidiana<\/td><td>T3 Preto + T3 Antracite<\/td><td>Carv\u00e3o e petr\u00f3leo<\/td><\/tr><tr><td>Opala<\/td><td>T3 Verde + T3 Arenoso<\/td><td>Areia e madeira<\/td><\/tr><tr><td>Peridoto<\/td><td>T3 Verde + T3 Ocre<\/td><td>Min\u00e9rio de ferro e madeira<\/td><\/tr><tr><td>Prehnite<\/td><td>T3 Verde + T3 Amarelo<\/td><td>Ouro e madeira<\/td><\/tr><tr><td>Pirite<\/td><td>T3 Antracite + T3 Cinzento<\/td><td>Carv\u00e3o e calc\u00e1rio<\/td><\/tr><tr><td>Rubi<\/td><td>T3 Antracite + T3 Ocre<\/td><td>Carv\u00e3o e min\u00e9rio de ferro<\/td><\/tr><tr><td>Serpentina<\/td><td>T3 Cinzento + T3 Verde<\/td><td>Calc\u00e1rio e madeira<\/td><\/tr><tr><td>Ard\u00f3sia<\/td><td>T3 Cinzento + T3 Arenoso<\/td><td>Calc\u00e1rio e areia<\/td><\/tr><tr><td>Sodalita<\/td><td>T3 Cinzento + T3 Azul<\/td><td>Calc\u00e1rio e \u00e1gua doce<\/td><\/tr><tr><td>Espin\u00e9lio<\/td><td>T3 Cinzento + T3 Preto<\/td><td>Calc\u00e1rio e \u00f3leo<\/td><\/tr><tr><td>Pedra-do-Sol<\/td><td>T3 Cinzento + T3 Amarelo<\/td><td>Calc\u00e1rio e ouro<\/td><\/tr><tr><td>Tanzanite<\/td><td>T3 Azul + T3 Ocre<\/td><td>\u00c1gua doce e min\u00e9rio de ferro<\/td><\/tr><tr><td>Olho de tigre<\/td><td>T3 Antracite + T3 Amarelo<\/td><td>Carv\u00e3o e Golo<\/td><\/tr><tr><td>Titanite<\/td><td>T3 Sandy + T3 Preto<\/td><td>Areia e \u00f3leo<\/td><\/tr><tr><td>Top\u00e1zio<\/td><td>T3 Arenoso + T3 Amarelo<\/td><td>Areia e ouro<\/td><\/tr><tr><td>Turquesa<\/td><td>T3 Arenoso + T3 Azul<\/td><td>\u00c1gua doce e areia<\/td><\/tr><tr><td>Zirc\u00e3o<\/td><td>T3 Cinzento + T3 Ocre<\/td><td>Calc\u00e1rio e min\u00e9rio de ferro<\/td><\/tr><\/tbody><\/table><\/figure>\n\n\n\n<p>Lembra-te, o sistema de j\u00f3ias do Earth2 \u00e9 din\u00e2mico e compreend\u00ea-lo pode ter um impacto significativo na produtividade da tua terra. Continua a explorar e a criar essas j\u00f3ias preciosas.<\/p>\n\n\n\n<p>Imagens de refer\u00eancia<\/p>\n\n\n\n<h2 class=\"wp-block-heading\">Cria\u00e7\u00e3o de j\u00f3ias de n\u00edvel 2<\/h2>\n\n\n\n<figure class=\"wp-block-image size-full\"><img loading=\"lazy\" decoding=\"async\" width=\"612\" height=\"792\" src=\"https:\/\/earth2.wiki\/wp-content\/uploads\/2024\/04\/image.png\" alt=\"\" class=\"wp-image-500\" srcset=\"https:\/\/earth2.wiki\/wp-content\/uploads\/2024\/04\/image.png 612w, https:\/\/earth2.wiki\/wp-content\/uploads\/2024\/04\/image-232x300.png 232w\" sizes=\"(max-width: 612px) 100vw, 612px\" \/><figcaption class=\"wp-element-caption\"><a href=\"https:\/\/e2production.com\/earth2-jewel-crafting-recipes\/\">Earth2 Jewel Crafting Recipes | E2Production - Neg\u00f3cios virtuais no Earth2.io<\/a><\/figcaption><\/figure>\n\n\n\n<figure class=\"wp-block-image size-large\"><img loading=\"lazy\" decoding=\"async\" width=\"1024\" height=\"575\" src=\"https:\/\/earth2.wiki\/wp-content\/uploads\/2024\/04\/image-1024x575.jpg\" alt=\"\" class=\"wp-image-498\" srcset=\"https:\/\/earth2.wiki\/wp-content\/uploads\/2024\/04\/image-1024x575.jpg 1024w, https:\/\/earth2.wiki\/wp-content\/uploads\/2024\/04\/image-300x168.jpg 300w, https:\/\/earth2.wiki\/wp-content\/uploads\/2024\/04\/image-768x431.jpg 768w, https:\/\/earth2.wiki\/wp-content\/uploads\/2024\/04\/image-360x202.jpg 360w, https:\/\/earth2.wiki\/wp-content\/uploads\/2024\/04\/image.jpg 1400w\" sizes=\"(max-width: 1024px) 100vw, 1024px\" \/><figcaption class=\"wp-element-caption\"><a href=\"https:\/\/medium.com\/planet-earth2\/jewel-crafting-in-earth2-f5fd317e4820\">Cria\u00e7\u00e3o de j\u00f3ias no Earth2. Construindo j\u00f3ias raras a partir de j\u00f3ias existentes | por E2Analyst | Planet Earth2 | M\u00e9dio<\/a><\/figcaption><\/figure>\n\n\n\n<h2 class=\"wp-block-heading\">Cria\u00e7\u00e3o de j\u00f3ias de n\u00edvel 3<\/h2>\n\n\n\n<figure class=\"wp-block-image size-full\"><img loading=\"lazy\" decoding=\"async\" width=\"612\" height=\"792\" src=\"https:\/\/earth2.wiki\/wp-content\/uploads\/2024\/04\/image-2.png\" alt=\"\" class=\"wp-image-502\" srcset=\"https:\/\/earth2.wiki\/wp-content\/uploads\/2024\/04\/image-2.png 612w, https:\/\/earth2.wiki\/wp-content\/uploads\/2024\/04\/image-2-232x300.png 232w\" sizes=\"(max-width: 612px) 100vw, 612px\" \/><figcaption class=\"wp-element-caption\"><a href=\"https:\/\/e2production.com\/img\/jewels\/jewel-crafting-flyers-t3-Amber-to-Obsidian.png\">jewel-crafting-flyers-t3-Amber-to-Obsidian.png (612\u00d7792) (e2production.com)<\/a><\/figcaption><\/figure>\n\n\n\n<figure class=\"wp-block-image size-full\"><img loading=\"lazy\" decoding=\"async\" width=\"612\" height=\"792\" src=\"https:\/\/earth2.wiki\/wp-content\/uploads\/2024\/04\/image-1.png\" alt=\"\" class=\"wp-image-501\" srcset=\"https:\/\/earth2.wiki\/wp-content\/uploads\/2024\/04\/image-1.png 612w, https:\/\/earth2.wiki\/wp-content\/uploads\/2024\/04\/image-1-232x300.png 232w\" sizes=\"(max-width: 612px) 100vw, 612px\" \/><figcaption class=\"wp-element-caption\"><a href=\"https:\/\/e2production.com\/img\/jewels\/jewel-crafting-flyers-t3-Opal-to-Tigereye.png\">jewel-crafting-flyers-t3-Opal-to-Tigereye.png (612\u00d7792) (e2production.com)<\/a><\/figcaption><\/figure>\n\n\n\n<figure class=\"wp-block-image size-full\"><img loading=\"lazy\" decoding=\"async\" width=\"612\" height=\"792\" src=\"https:\/\/earth2.wiki\/wp-content\/uploads\/2024\/04\/image-3.png\" alt=\"\" class=\"wp-image-503\" srcset=\"https:\/\/earth2.wiki\/wp-content\/uploads\/2024\/04\/image-3.png 612w, https:\/\/earth2.wiki\/wp-content\/uploads\/2024\/04\/image-3-232x300.png 232w\" sizes=\"(max-width: 612px) 100vw, 612px\" \/><figcaption class=\"wp-element-caption\"><a href=\"https:\/\/e2production.com\/img\/jewels\/jewel-crafting-flyers-t3-Titanite-to-Zircon.png\">jewel-crafting-flyers-t3-Titanite-to-Zircon.png (612\u00d7792) (e2production.com)<\/a><\/figcaption><\/figure>\n\n\n\n<figure class=\"wp-block-image size-large\"><img loading=\"lazy\" decoding=\"async\" width=\"1024\" height=\"576\" src=\"https:\/\/earth2.wiki\/wp-content\/uploads\/2024\/04\/F15CyKjaMAANQ6g-1024x576.jpeg\" alt=\"\" class=\"wp-image-504\" srcset=\"https:\/\/earth2.wiki\/wp-content\/uploads\/2024\/04\/F15CyKjaMAANQ6g-1024x576.jpeg 1024w, https:\/\/earth2.wiki\/wp-content\/uploads\/2024\/04\/F15CyKjaMAANQ6g-300x169.jpeg 300w, https:\/\/earth2.wiki\/wp-content\/uploads\/2024\/04\/F15CyKjaMAANQ6g-768x432.jpeg 768w, https:\/\/earth2.wiki\/wp-content\/uploads\/2024\/04\/F15CyKjaMAANQ6g-1536x864.jpeg 1536w, https:\/\/earth2.wiki\/wp-content\/uploads\/2024\/04\/F15CyKjaMAANQ6g-360x202.jpeg 360w, https:\/\/earth2.wiki\/wp-content\/uploads\/2024\/04\/F15CyKjaMAANQ6g.jpeg 2048w\" sizes=\"(max-width: 1024px) 100vw, 1024px\" \/><figcaption class=\"wp-element-caption\"><a href=\"https:\/\/twitter.com\/thedanishfarmer\/status\/1683856745180049408\/photo\/1\">danishfarmer on X: \"#Earth2 #Jewels Folha de dados 2.0 de um #danishfarmer Cont\u00e9m dados gerais sobre as j\u00f3ias, a associa\u00e7\u00e3o da produ\u00e7\u00e3o de recursos, receitas relacionadas com a cria\u00e7\u00e3o e dados necess\u00e1rios.<\/a><\/figcaption><\/figure>","protected":false},"excerpt":{"rendered":"<p>In Earth2, jewels play a crucial role in enhancing land productivity and resource generation. Introducing Trade Earth2 Jewels &#8211; the perfect way to make some small cash at home and have fun while doing it! Earth2 Jewels are not only stunningly beautiful, but they&#8217;re also incredibly valuable. These precious gems are beneficial to your mining [&hellip;]<\/p>\n","protected":false},"author":1,"featured_media":0,"parent":0,"menu_order":0,"comment_status":"closed","ping_status":"closed","template":"","meta":{"footnotes":""},"_links":{"self":[{"href":"https:\/\/earth2.wiki\/pt\/wp-json\/wp\/v2\/pages\/68"}],"collection":[{"href":"https:\/\/earth2.wiki\/pt\/wp-json\/wp\/v2\/pages"}],"about":[{"href":"https:\/\/earth2.wiki\/pt\/wp-json\/wp\/v2\/types\/page"}],"author":[{"embeddable":true,"href":"https:\/\/earth2.wiki\/pt\/wp-json\/wp\/v2\/users\/1"}],"replies":[{"embeddable":true,"href":"https:\/\/earth2.wiki\/pt\/wp-json\/wp\/v2\/comments?post=68"}],"version-history":[{"count":6,"href":"https:\/\/earth2.wiki\/pt\/wp-json\/wp\/v2\/pages\/68\/revisions"}],"predecessor-version":[{"id":505,"href":"https:\/\/earth2.wiki\/pt\/wp-json\/wp\/v2\/pages\/68\/revisions\/505"}],"wp:attachment":[{"href":"https:\/\/earth2.wiki\/pt\/wp-json\/wp\/v2\/media?parent=68"}],"curies":[{"name":"wp","href":"https:\/\/api.w.org\/{rel}","templated":true}]}}