{"id":184,"date":"2024-04-14T19:19:02","date_gmt":"2024-04-14T18:19:02","guid":{"rendered":"https:\/\/earth2.wiki\/?page_id=184"},"modified":"2024-04-15T09:06:48","modified_gmt":"2024-04-15T08:06:48","slug":"trending-resources-earth2","status":"publish","type":"page","link":"https:\/\/earth2.wiki\/pt\/recursos-em-tendencia-earth2\/","title":{"rendered":"Recursos em destaque no Earth2"},"content":{"rendered":"<p>O Earth2 Wiki fornece an\u00e1lises semanais dos recursos mais populares no Metaverso do Earth2, mas infelizmente, devido aos esfor\u00e7os e tempo para obter a mais alta qualidade, cobramos pequenas taxas pelo acesso. Veja os servi\u00e7os para mais detalhes.<\/p>\n\n\n\n<p>Examinar as tend\u00eancias mensais das j\u00f3ias do Earth2 ajuda os membros da nossa Casa a identificar os padr\u00f5es de longo prazo na demanda de v\u00e1rios ativos no ecossistema Earth2 e a entender melhor os fatores que influenciam o comportamento do usu\u00e1rio. Estas informa\u00e7\u00f5es podem ser utilizadas para planear a constru\u00e7\u00e3o de empresas e megacidades Earth2 na regi\u00e3o certa, escolher os t\u00f3picos certos para o p\u00fablico certo e permitir-nos comprar mais barato e vender mais caro.<\/p>\n\n\n\n<p>Orgulhamo-nos das nossas an\u00e1lises e reembolsamos totalmente se o relat\u00f3rio n\u00e3o for satisfat\u00f3rio.<\/p>\n\n\n\n<figure class=\"wp-block-embed\"><div class=\"wp-block-embed__wrapper\">\nhttps:\/\/earth2.wiki\/sign-up\n<\/div><\/figure>","protected":false},"excerpt":{"rendered":"<p>Earth2 Wiki provides weekly Analysis of the Trending Resources in Earth2 Metaverse but unfortunately due to the efforts and time for the highest quality, we take small fees for the access. See services for more details. Examining the monthly trends of Earth2 Jewels, helps our House Members identify the long-term patterns in demand of various [&hellip;]<\/p>\n","protected":false},"author":1,"featured_media":0,"parent":0,"menu_order":0,"comment_status":"closed","ping_status":"closed","template":"","meta":{"footnotes":""},"_links":{"self":[{"href":"https:\/\/earth2.wiki\/pt\/wp-json\/wp\/v2\/pages\/184"}],"collection":[{"href":"https:\/\/earth2.wiki\/pt\/wp-json\/wp\/v2\/pages"}],"about":[{"href":"https:\/\/earth2.wiki\/pt\/wp-json\/wp\/v2\/types\/page"}],"author":[{"embeddable":true,"href":"https:\/\/earth2.wiki\/pt\/wp-json\/wp\/v2\/users\/1"}],"replies":[{"embeddable":true,"href":"https:\/\/earth2.wiki\/pt\/wp-json\/wp\/v2\/comments?post=184"}],"version-history":[{"count":10,"href":"https:\/\/earth2.wiki\/pt\/wp-json\/wp\/v2\/pages\/184\/revisions"}],"predecessor-version":[{"id":445,"href":"https:\/\/earth2.wiki\/pt\/wp-json\/wp\/v2\/pages\/184\/revisions\/445"}],"wp:attachment":[{"href":"https:\/\/earth2.wiki\/pt\/wp-json\/wp\/v2\/media?parent=184"}],"curies":[{"name":"wp","href":"https:\/\/api.w.org\/{rel}","templated":true}]}}