{"id":158,"date":"2024-04-14T19:04:14","date_gmt":"2024-04-14T18:04:14","guid":{"rendered":"https:\/\/earth2.wiki\/?page_id=158"},"modified":"2024-04-15T04:01:03","modified_gmt":"2024-04-15T03:01:03","slug":"earth2-red-yellow-energy-in-1-min","status":"publish","type":"page","link":"https:\/\/earth2.wiki\/pt\/terra2-vermelho-amarelo-energia-em-1-min\/","title":{"rendered":"Terra2 Energia vermelha e amarela em 1 min"},"content":{"rendered":"<p>Earth2 \u00e9 um mundo virtual que tem como objetivo criar um novo tipo de economia baseada na propriedade de terras virtuais. Como parte da sua extensa mec\u00e2nica de jogo, Earth2 introduz dois tipos de energia, a energia vermelha e a energia amarela. Neste artigo, vamos explorar o significado destas duas energias e o seu impacto no mundo do jogo.<\/p>\n\n\n\n<h2 class=\"wp-block-heading\">Energia vermelha: A for\u00e7a vital da Terra2<\/h2>\n\n\n\n<p>A Energia Vermelha \u00e9 gerada apenas atrav\u00e9s de ataques bem sucedidos a territ\u00f3rios de outros jogadores. Atualmente, o utilizador n\u00e3o pode compr\u00e1-la ou vend\u00ea-la. \u00c9 um recurso essencial no jogo, pois \u00e9 usado para sintetizar civis, que s\u00e3o necess\u00e1rios para as automa\u00e7\u00f5es de minera\u00e7\u00e3o. Sem Energia Vermelha, os Civis da Terra2 n\u00e3o podem ser criados e s\u00f3 podem ser trocados entre jogadores no Bazar. Quanto mais energia vermelha um jogador acumular, mais civis pode produzir, o que lhe permite automatizar as suas incurs\u00f5es e tirar f\u00e9rias - obtendo um rendimento passivo.<\/p>\n\n\n\n<h2 class=\"wp-block-heading\">Energia amarela: As recompensas das boas ac\u00e7\u00f5es<\/h2>\n\n\n\n<p>Ao contr\u00e1rio da energia vermelha, a energia amarela \u00e9 uma recompensa por fazer boas ac\u00e7\u00f5es no Earth2. \u00c9 gerada quando um jogador contribui positivamente para a comunidade do jogo. \u00c9 um recurso incerto mas aben\u00e7oado como a sorte. Tal como no G\u00e9nesis e na Colina do \u00c9den, Deus ou Shine podem aben\u00e7oar-nos com boa sorte se nos comportarmos bem.<\/p>\n\n\n\n<p>Ao contr\u00e1rio de outros tipos de energia, a energia amarela n\u00e3o pode ser comprada e deve ser obtida atrav\u00e9s de v\u00e1rios meios, como completar miss\u00f5es ou conquistas. A energia amarela \u00e9 limitada, o que significa que \u00e9 um recurso valioso no jogo. Para obter Energia Amarela, os jogadores devem contribuir com o seu talento e recursos para o Metaverso da Terra2.<\/p>\n\n\n\n<p><\/p>","protected":false},"excerpt":{"rendered":"<p>Earth2 is a virtual world that aims to create a new type of economy based on virtual land ownership. As part of its extensive gameplay mechanics, Earth2 introduces two types of energy, red and yellow energy. In this article, we explore what these two energies mean and how they impact the game world. Red Energy: [&hellip;]<\/p>\n","protected":false},"author":1,"featured_media":0,"parent":0,"menu_order":0,"comment_status":"closed","ping_status":"closed","template":"","meta":{"footnotes":""},"_links":{"self":[{"href":"https:\/\/earth2.wiki\/pt\/wp-json\/wp\/v2\/pages\/158"}],"collection":[{"href":"https:\/\/earth2.wiki\/pt\/wp-json\/wp\/v2\/pages"}],"about":[{"href":"https:\/\/earth2.wiki\/pt\/wp-json\/wp\/v2\/types\/page"}],"author":[{"embeddable":true,"href":"https:\/\/earth2.wiki\/pt\/wp-json\/wp\/v2\/users\/1"}],"replies":[{"embeddable":true,"href":"https:\/\/earth2.wiki\/pt\/wp-json\/wp\/v2\/comments?post=158"}],"version-history":[{"count":2,"href":"https:\/\/earth2.wiki\/pt\/wp-json\/wp\/v2\/pages\/158\/revisions"}],"predecessor-version":[{"id":311,"href":"https:\/\/earth2.wiki\/pt\/wp-json\/wp\/v2\/pages\/158\/revisions\/311"}],"wp:attachment":[{"href":"https:\/\/earth2.wiki\/pt\/wp-json\/wp\/v2\/media?parent=158"}],"curies":[{"name":"wp","href":"https:\/\/api.w.org\/{rel}","templated":true}]}}