{"id":146,"date":"2024-04-14T18:57:19","date_gmt":"2024-04-14T17:57:19","guid":{"rendered":"https:\/\/earth2.wiki\/?page_id=146"},"modified":"2024-04-15T03:38:04","modified_gmt":"2024-04-15T02:38:04","slug":"automate-earth2-mining-with-civilians-ai","status":"publish","type":"page","link":"https:\/\/earth2.wiki\/pt\/automatizar-a-extracao-mineira-em-earth2-com-civilians-ai\/","title":{"rendered":"Automatizar a minera\u00e7\u00e3o de criptografia Earth2 com civis NFT (feat. A.I.)"},"content":{"rendered":"<p>Earth2 \u00e9 um dos mais novos e empolgantes desenvolvimentos no mundo da minera\u00e7\u00e3o de criptografia, oferecendo aos investidores a oportunidade de investir em terrenos virtuais e obter lucros por meio de uma variedade de m\u00e9todos, incluindo jogos, com\u00e9rcio eletr\u00f4nico e im\u00f3veis virtuais. Com o recente an\u00fancio do recurso Civilians, agora \u00e9 poss\u00edvel automatizar e otimizar ainda mais sua rotina de minera\u00e7\u00e3o de criptografia Earth2 com a ajuda do Civilians NFT.<\/p>\n\n\n\n<p>A funcionalidade Civilians \u00e9 uma nova e poderosa ferramenta que torna mais f\u00e1cil e eficiente do que nunca a gest\u00e3o dos teus terrenos e investimentos no Earth2. No futuro, os civis evoluir\u00e3o para NPCs com IA no Earth2 Metaverse, que preencher\u00e3o a vasta escala ilimitada do Earth2 Metaverse.<\/p>\n\n\n\n<p>Com os civis, j\u00e1 n\u00e3o \u00e9 preciso depender de cliques intermin\u00e1veis para carregar, lan\u00e7ar raides ou distribuir recompensas. Os civis permitem gerir os teus investimentos no Earth2 com facilidade.<\/p>\n\n\n\n<p>Quer sejas um investidor principiante ou um profissional experiente, os civis podem ajudar-te a otimizar os teus investimentos em recursos do Earth2 e a maximizar os teus lucros. Ao fornecer informa\u00e7\u00f5es e recomenda\u00e7\u00f5es baseadas em dados, os Civilans ge\u00f3logos e futuros analistas de dados podem ajud\u00e1-lo a tomar decis\u00f5es informadas sobre onde comprar e quando vender seu terreno virtual, com base nas tend\u00eancias e padr\u00f5es do mercado.<\/p>\n\n\n\n<h1 class=\"wp-block-heading\">Fac\u00e7\u00f5es, ou seja, F\u00e9, Religi\u00e3o na Terra2<\/h1>\n\n\n\n<p>Tal como a humanidade na Terra1, os civis da Terra2 s\u00e3o um grupo altamente diversificado de pessoas com as suas pr\u00f3prias cren\u00e7as, valores e culturas. Tal como os seus criadores na Terra1, os civis da Terra2 acabam em conflitos e desacordos entre as tr\u00eas fac\u00e7\u00f5es diferentes: Space Force, Rebels e Egyptian Gods and Followers.<\/p>\n\n\n\n<p>Vamos analisar mais de perto cada uma destas fac\u00e7\u00f5es para compreender melhor as suas cren\u00e7as e valores.<\/p>\n\n\n\n<h2 class=\"wp-block-heading\">Imp\u00e9rio da For\u00e7a Espacial<\/h2>\n\n\n\n<p>Firmeza e Controlo (MBTI 'J' prospera aqui),<\/p>\n\n\n\n<h5 class=\"wp-block-heading\">TAG: #Gryffindor, #Democrats, #BlueTeam, #Biden2024, #\uc815\ud30c, #<strong><strong>\u6b63\u6d3e<\/strong><\/strong>, #<strong><strong>\u305b\u3044\u3068\u3046<\/strong><\/strong>, <strong>\u0627\u0644\u0635\u0641\u0627\u0621<\/strong>,\u00a0<strong>ortodoxo<\/strong>, &#8230;<\/h5>\n\n\n\n<p>Esta fa\u00e7\u00e3o \u00e9 maiorit\u00e1ria e domina tradicionalmente o mercado. Acreditam firmemente na manuten\u00e7\u00e3o da ordem e da disciplina na sociedade e investem muito na explora\u00e7\u00e3o espacial e na tecnologia. Muitos deles s\u00e3o altamente qualificados em ci\u00eancia e engenharia, e acreditam que atrav\u00e9s do uso da tecnologia, eles podem fazer da Terra2 um mundo pr\u00f3spero e pr\u00f3spero.<\/p>\n\n\n\n<h2 class=\"wp-block-heading\">Mercen\u00e1rios Rebeldes<\/h2>\n\n\n\n<p>Criatividade e Breakout (maioria MBTI 'N\/P')<\/p>\n\n\n\n<h5 class=\"wp-block-heading\">TAG: #Slytherin, #Republicanos, #RedTeam, #Trump2024, #\uc0ac\ud30c, #<strong>\u90aa\u6d3e<\/strong>, \u063a\u064a\u0631 \u062a\u0642\u0644\u064a\u062f\u064a, pouco ortodoxo, ...<\/h5>\n\n\n\n<p>Os Rebeldes, por outro lado, op\u00f5em-se \u00e0 horr\u00edvel uniformidade do Imp\u00e9rio da For\u00e7a Espacial. Acreditam que a For\u00e7a Espacial est\u00e1 a suprimir a sua liberdade e criatividade, e querem estabelecer um mundo onde todos tenham a liberdade de se expressar sem quaisquer restri\u00e7\u00f5es. Os rebeldes s\u00e3o muitas vezes vistos como conflituosos e rebeldes, mas s\u00e3o altamente apaixonados pelas suas cren\u00e7as e valores.<\/p>\n\n\n\n<h2 class=\"wp-block-heading\">Deuses eg\u00edpcios e seguidores<\/h2>\n\n\n\n<p>Tradi\u00e7\u00e3o e Intui\u00e7\u00e3o (maioria MBTI 'S')<\/p>\n\n\n\n<h5 class=\"wp-block-heading\">TAG: #Primative, #Sigma, #NeutralNot, #ElvishDwarf, #Psycho, #RavenClaw, #\ub3c4\uc778, #\u5c0e\u5f15, #\u0633\u0627\u062d\u0631, #Magician<\/h5>\n\n\n\n<p>Os Deuses e Seguidores Eg\u00edpcios s\u00e3o a terceira e mais antiga fa\u00e7\u00e3o de todos os Civis. Est\u00e3o profundamente enraizados na tradi\u00e7\u00e3o e t\u00eam uma aura misteriosa que remonta \u00e0 origem da ENA de cada Civil. Adoram os deuses do antigo Egipto e t\u00eam um profundo respeito pela sua cultura e sabedoria ancestral. T\u00eam uma forte cren\u00e7a na reencarna\u00e7\u00e3o e na vida ap\u00f3s a morte. S\u00e3o frequentemente vistos como m\u00edsticos e espirituais, e muitos deles possuem capacidades ps\u00edquicas.<\/p>\n\n\n\n<p>Apesar das suas diferen\u00e7as, todas estas fac\u00e7\u00f5es t\u00eam uma coisa em comum: o seu amor pela Earth2 Essence $$$. Todos eles est\u00e3o a lutar por um futuro melhor e mais pr\u00f3spero na Terra2, e todos os terr\u00e1queos sabem que todos n\u00f3s prosperamos e prosperamos ou caminhamos para a morte lenta da esperan\u00e7a.<\/p>\n\n\n\n<p>Os Civis e os Terr\u00e1queos da Earth2 podem ter as suas diferen\u00e7as, mas est\u00e3o todos unidos sob um objetivo comum: Ganhar Mais Dinheiro $$$, n\u00e3o, fazer do mundo um lugar melhor. Quer seja atrav\u00e9s da tecnologia, da criatividade ou da tradi\u00e7\u00e3o, todos eles contribuem para o crescimento e desenvolvimento do Metaverso da Terra2.<\/p>","protected":false},"excerpt":{"rendered":"<p>Earth2 is one of the newest and most exciting developments in the world of crypto mining, providing investors with the opportunity to invest in virtual plots of land and earn profits through a variety of methods, including gaming, eCommerce, and virtual real estate. With the recent announcement of the Civilians feature, it is now possible [&hellip;]<\/p>\n","protected":false},"author":1,"featured_media":0,"parent":0,"menu_order":0,"comment_status":"closed","ping_status":"closed","template":"","meta":{"footnotes":""},"_links":{"self":[{"href":"https:\/\/earth2.wiki\/pt\/wp-json\/wp\/v2\/pages\/146"}],"collection":[{"href":"https:\/\/earth2.wiki\/pt\/wp-json\/wp\/v2\/pages"}],"about":[{"href":"https:\/\/earth2.wiki\/pt\/wp-json\/wp\/v2\/types\/page"}],"author":[{"embeddable":true,"href":"https:\/\/earth2.wiki\/pt\/wp-json\/wp\/v2\/users\/1"}],"replies":[{"embeddable":true,"href":"https:\/\/earth2.wiki\/pt\/wp-json\/wp\/v2\/comments?post=146"}],"version-history":[{"count":5,"href":"https:\/\/earth2.wiki\/pt\/wp-json\/wp\/v2\/pages\/146\/revisions"}],"predecessor-version":[{"id":309,"href":"https:\/\/earth2.wiki\/pt\/wp-json\/wp\/v2\/pages\/146\/revisions\/309"}],"wp:attachment":[{"href":"https:\/\/earth2.wiki\/pt\/wp-json\/wp\/v2\/media?parent=146"}],"curies":[{"name":"wp","href":"https:\/\/api.w.org\/{rel}","templated":true}]}}