{"id":142,"date":"2024-04-14T18:56:33","date_gmt":"2024-04-14T17:56:33","guid":{"rendered":"https:\/\/earth2.wiki\/?page_id=142"},"modified":"2024-04-16T20:28:57","modified_gmt":"2024-04-16T19:28:57","slug":"earth2-essence-raid-cydroid-in-1-min","status":"publish","type":"page","link":"https:\/\/earth2.wiki\/pt\/earth2-essence-raid-cydroid-em-1-min\/","title":{"rendered":"Essence Mining - Aprenda Earth2 Raid System &amp; Cydroid em 1 min"},"content":{"rendered":"<p>Se est\u00e1 interessado em criptomoedas e na plataforma do metaverso Earth2, j\u00e1 deve ter ouvido falar da Essence Mining. Esta nova criptomoeda \u00e9 inovadora na medida em que introduz a descentraliza\u00e7\u00e3o volunt\u00e1ria orientada para a comunidade de interesses geogr\u00e1ficos.<\/p>\n\n\n\n<p>Mas o que \u00e9 exatamente a Essence Mining e como funciona? Aqui est\u00e1 uma vis\u00e3o geral r\u00e1pida em 1 min.<\/p>\n\n\n\n<p>A Minera\u00e7\u00e3o de Ess\u00eancia envolve a constru\u00e7\u00e3o de Cydroids, que s\u00e3o drones que t\u00eam a capacidade de invadir propriedades pr\u00f3ximas. As recompensas das rusgas podem depois ser transformadas numa nova criptomoeda - Ess\u00eancia.<\/p>\n\n\n\n<p>A Minera\u00e7\u00e3o de Ess\u00eancia s\u00f3 \u00e9 acess\u00edvel a utilizadores que possuam terrenos de N\u00edvel 1 (T1) e N\u00edvel 2 (T2) com mais ou igual a 4 pain\u00e9is. Uma vez cumpridos os crit\u00e9rios, o utilizador pode construir um Cydroid. No entanto, o Cydroid n\u00e3o pode ser constru\u00eddo em terrenos de N\u00edvel 3.<\/p>\n\n\n\n<p>Os Cydroids precisam de ser alimentados por energia para funcionarem corretamente, por isso, precisam de baterias para funcionar. As baterias podem ser recarregadas automaticamente pelos civis, assim como os ataques e a distribui\u00e7\u00e3o.<\/p>\n\n\n\n<p>Para obter informa\u00e7\u00f5es mais pormenorizadas sobre o Cydroid, consulte este artigo: <a href=\"https:\/\/earth2.wiki\/pt\/everything-you-need-to-know-about-cydroid-in-earth2-metaverse\/\">Tudo o que voc\u00ea precisa saber sobre o Cydroid no Metaverso da Terra2 - Earth2 Wiki<\/a><\/p>\n\n\n\n<p>Earth2 Essence Mining \u00e9 um novo e excitante desenvolvimento de entretenimento ecol\u00f3gico para a cena da criptomoeda, iniciado pela Earth2. Fornece uma forma \u00fanica para os utilizadores ganharem criptomoedas utilizando as suas terras e NFTs Cydroid, e tamb\u00e9m promove um sentido de descentraliza\u00e7\u00e3o e colabora\u00e7\u00e3o entre os utilizadores.<\/p>\n\n\n\n<p>Se estiver interessado em saber mais sobre a Essence Mining, n\u00e3o deixe de visitar a plataforma Earth2 e explorar as oportunidades que ela apresenta!<\/p>","protected":false},"excerpt":{"rendered":"<p>If you&#8217;re interested in cryptocurrency and the Earth2 metaverse platform, you may have heard of Essence Mining. This new cryptocurrency is innovative in that it introduces geo-interest-community driven voluntary decentralization. But what exactly is Essence Mining, and how does it work? Here&#8217;s a quick overview in 1 min. Essence Mining involves building Cydroids which are [&hellip;]<\/p>\n","protected":false},"author":1,"featured_media":0,"parent":0,"menu_order":0,"comment_status":"closed","ping_status":"closed","template":"","meta":{"footnotes":""},"_links":{"self":[{"href":"https:\/\/earth2.wiki\/pt\/wp-json\/wp\/v2\/pages\/142"}],"collection":[{"href":"https:\/\/earth2.wiki\/pt\/wp-json\/wp\/v2\/pages"}],"about":[{"href":"https:\/\/earth2.wiki\/pt\/wp-json\/wp\/v2\/types\/page"}],"author":[{"embeddable":true,"href":"https:\/\/earth2.wiki\/pt\/wp-json\/wp\/v2\/users\/1"}],"replies":[{"embeddable":true,"href":"https:\/\/earth2.wiki\/pt\/wp-json\/wp\/v2\/comments?post=142"}],"version-history":[{"count":5,"href":"https:\/\/earth2.wiki\/pt\/wp-json\/wp\/v2\/pages\/142\/revisions"}],"predecessor-version":[{"id":509,"href":"https:\/\/earth2.wiki\/pt\/wp-json\/wp\/v2\/pages\/142\/revisions\/509"}],"wp:attachment":[{"href":"https:\/\/earth2.wiki\/pt\/wp-json\/wp\/v2\/media?parent=142"}],"curies":[{"name":"wp","href":"https:\/\/api.w.org\/{rel}","templated":true}]}}