{"id":138,"date":"2024-04-14T18:51:17","date_gmt":"2024-04-14T17:51:17","guid":{"rendered":"https:\/\/earth2.wiki\/?page_id=138"},"modified":"2024-04-19T10:04:17","modified_gmt":"2024-04-19T09:04:17","slug":"earth2-tiles-in-1-min","status":"publish","type":"page","link":"https:\/\/earth2.wiki\/pt\/terra2-telhas-em-1-min\/","title":{"rendered":"Aprender sobre Earth2 Lands (Tiles) em 1 min!"},"content":{"rendered":"<p>As telhas s\u00e3o as unidades de compra de terrenos no ecossistema Earth2 e geram v\u00e1rios recursos. Earth2 \u00e9 uma plataforma metaverso que permite aos utilizadores comprar, possuir, viver e comercializar terrenos virtuais.<\/p>\n\n\n\n<p>As telhas s\u00e3o as unidades b\u00e1sicas de terra no ecossistema do Earth2. Eles s\u00e3o equivalentes a um terreno de 10m x 10m no mundo real. Uma das caracter\u00edsticas \u00fanicas dos Tiles \u00e9 que eles evaporam Ether - um tipo de moeda digital. Este \u00c9ter \u00e9 depois recolhido e transformado em Ess\u00eancia, que pode ser usada para uma variedade de fins, como a compra de civiliza\u00e7\u00f5es, cydroids e outros bens virtuais.<\/p>\n\n\n\n<p>Para al\u00e9m de gerar \u00c9ter, as telhas tamb\u00e9m produzem recursos como petr\u00f3leo, ouro, prata, madeira, \u00e1gua, etc., que podem ser usados para construir estruturas e criar materiais. Isto reduz a necessidade de os utilizadores comprarem estes recursos noutro local, tornando a propriedade da terra na Terra2 mais autossuficiente.<\/p>\n\n\n\n<p>Quando compras um terreno no Earth2, este \u00e9 tratado como um ativo que te pertence, semelhante a um extrato banc\u00e1rio. Podes ent\u00e3o vender o teu terreno no mercado a quem estiver interessado em adquiri-lo. Alguns terrenos de primeira qualidade, como a Est\u00e1tua da Liberdade em Nova Iorque, j\u00e1 foram vendidos por mais de $50.000 USD.<\/p>\n\n\n\n<p>Os terrenos e os Tiles do Earth2 s\u00e3o mais do que apenas im\u00f3veis virtuais; eles s\u00e3o ativos que podem produzir fluxos de renda e ser negociados por quantias substanciais de dinheiro. Ao possuir um terreno Earth2, pode n\u00e3o s\u00f3 aproveitar os potenciais benef\u00edcios financeiros dos im\u00f3veis virtuais, mas tamb\u00e9m participar na constru\u00e7\u00e3o de uma nova comunidade global nesta plataforma metaverso.<\/p>\n\n\n\n<figure class=\"wp-block-table\"><table><thead><tr><th>CARACTER\u00cdSTICAS<\/th><th>N\u00cdVEL 1<\/th><th>N\u00cdVEL 2<\/th><\/tr><\/thead><tbody><tr><td>Formas de aquisi\u00e7\u00e3o do azulejo<\/td><td>Mercado (de jogador para jogador) \/ Atualiza\u00e7\u00e3o a partir do N\u00edvel 2 (funcionalidade futura)<\/td><td>E2 \/ Mercado (Jogador para Jogador)<\/td><\/tr><tr><td>Pre\u00e7o da telha<\/td><td>A estrutura de pre\u00e7os mant\u00e9m-se inalterada.<\/td><td>Um mosaico de classe base econ\u00f3mico com atributos limitados a partir de E$0.10.<\/td><\/tr><tr><td>Pre\u00e7o da telha<\/td><td>A estrutura de pre\u00e7os mant\u00e9m-se inalterada.<\/td><td>Um mosaico de classe base econ\u00f3mico com atributos limitados a partir de E$0.10.<\/td><\/tr><tr><td>LIT (B\u00f3nus peri\u00f3dico)<\/td><td>Sim<\/td><td>N\u00e3o<\/td><\/tr><tr><td>EPL<\/td><td>Sim<\/td><td>N\u00e3o<\/td><\/tr><tr><td>Classe de terreno<\/td><td>1-5<\/td><td>N\u00e3o<\/td><\/tr><tr><td>Ess\u00eancia prometida (EDC)<\/td><td>Apenas para propriedades ORIGINAIS de N\u00edvel 1 atribu\u00eddas pela Terra 2 (n\u00e3o para propriedades de N\u00edvel 1 actualizadas)<\/td><td>N\u00e3o<\/td><\/tr><tr><td>Convers\u00e3o de \u00c9ter-Ess\u00eancia<\/td><td>Garantido<\/td><td>Imprevis\u00edvel<\/td><\/tr><tr><td>Gera\u00e7\u00e3o de Ess\u00eancia<\/td><td>Garantido<\/td><td>Imprevis\u00edvel<\/td><\/tr><tr><td>Desova de j\u00f3ias<\/td><td>Mercado (de jogador para jogador) \/ Atualiza\u00e7\u00e3o a partir do N\u00edvel 2 (funcionalidade futura)<\/td><td>E2 \/ Mercado (Jogador para Jogador)<\/td><\/tr><tr><td>Slots de j\u00f3ias<\/td><td>5 ou mais<\/td><td>3<\/td><\/tr><tr><td>B\u00f3nus do c\u00f3digo de refer\u00eancia<\/td><td>7.5%<\/td><td>5%<\/td><\/tr><tr><td>C\u00f3digo de refer\u00eancia Nome<\/td><td>Personaliz\u00e1vel<\/td><td>Gerado genericamente Gerado<\/td><\/tr><tr><td>EcoSim Building Cap*<\/td><td>N\u00e3o<\/td><td>Sim<\/td><\/tr><tr><td>Recursos detect\u00e1veis*<\/td><td>Completo<\/td><td>Restrito<\/td><\/tr><tr><td>Satura\u00e7\u00e3o de recursos*<\/td><td>Normal<\/td><td>Restrito<\/td><\/tr><tr><td>Governa\u00e7\u00e3o*<\/td><td>Completo<\/td><td>Dilu\u00eddo<\/td><\/tr><tr><td>Ser\u00e1 capaz de suportar an\u00fancios*<\/td><td>Sim<\/td><td>N\u00e3o<\/td><\/tr><tr><td>B\u00f3nus adicionais a serem lan\u00e7ados progressivamente*<\/td><td>Sim<\/td><td>Limitada<\/td><\/tr><\/tbody><\/table><\/figure>\n\n\n\n<p>* = em breve \/ a ser revelado numa data posterior<\/p>","protected":false},"excerpt":{"rendered":"<p>Tile is the purchase units of land in Earth2 ecosystem, and they generate various resources. Earth2 is a metaverse platform that allows users to purchase, own, live and trade virtual land. Tiles are the basic units of land in the Earth2 ecosystem. They are equivalent to a 10m x 10m plot of land in the [&hellip;]<\/p>\n","protected":false},"author":1,"featured_media":0,"parent":0,"menu_order":0,"comment_status":"closed","ping_status":"closed","template":"","meta":{"footnotes":""},"_links":{"self":[{"href":"https:\/\/earth2.wiki\/pt\/wp-json\/wp\/v2\/pages\/138"}],"collection":[{"href":"https:\/\/earth2.wiki\/pt\/wp-json\/wp\/v2\/pages"}],"about":[{"href":"https:\/\/earth2.wiki\/pt\/wp-json\/wp\/v2\/types\/page"}],"author":[{"embeddable":true,"href":"https:\/\/earth2.wiki\/pt\/wp-json\/wp\/v2\/users\/1"}],"replies":[{"embeddable":true,"href":"https:\/\/earth2.wiki\/pt\/wp-json\/wp\/v2\/comments?post=138"}],"version-history":[{"count":5,"href":"https:\/\/earth2.wiki\/pt\/wp-json\/wp\/v2\/pages\/138\/revisions"}],"predecessor-version":[{"id":632,"href":"https:\/\/earth2.wiki\/pt\/wp-json\/wp\/v2\/pages\/138\/revisions\/632"}],"wp:attachment":[{"href":"https:\/\/earth2.wiki\/pt\/wp-json\/wp\/v2\/media?parent=138"}],"curies":[{"name":"wp","href":"https:\/\/api.w.org\/{rel}","templated":true}]}}