{"id":184,"date":"2024-04-14T19:19:02","date_gmt":"2024-04-14T18:19:02","guid":{"rendered":"https:\/\/earth2.wiki\/?page_id=184"},"modified":"2024-04-15T09:06:48","modified_gmt":"2024-04-15T08:06:48","slug":"trending-resources-earth2","status":"publish","type":"page","link":"https:\/\/earth2.wiki\/pl\/popularne-zasoby-earth2\/","title":{"rendered":"Popularne zasoby w Earth2"},"content":{"rendered":"<p>Earth2 Wiki zapewnia cotygodniow\u0105 analiz\u0119 popularnych zasob\u00f3w w Earth2 Metaverse, ale niestety ze wzgl\u0119du na wysi\u0142ek i czas po\u015bwi\u0119cony na najwy\u017csz\u0105 jako\u015b\u0107, pobieramy niewielkie op\u0142aty za dost\u0119p. Zobacz us\u0142ugi, aby uzyska\u0107 wi\u0119cej informacji.<\/p>\n\n\n\n<p>Badanie miesi\u0119cznych trend\u00f3w Earth2 Jewels pomaga naszym cz\u0142onkom Izby zidentyfikowa\u0107 d\u0142ugoterminowe wzorce popytu na r\u00f3\u017cne aktywa w ekosystemie Earth2 i lepiej zrozumie\u0107 czynniki wp\u0142ywaj\u0105ce na zachowanie u\u017cytkownik\u00f3w. Informacje te mog\u0105 by\u0107 wykorzystane do planowania budowy Earth2 Enterprise i Megacities we w\u0142a\u015bciwym regionie, wyboru odpowiednich temat\u00f3w dla w\u0142a\u015bciwych odbiorc\u00f3w i pozwalaj\u0105 nam kupowa\u0107 taniej i sprzedawa\u0107 wy\u017cej.<\/p>\n\n\n\n<p>Jeste\u015bmy dumni z naszych analiz, zwracamy pe\u0142n\u0105 kwot\u0119, je\u015bli raport nie jest satysfakcjonuj\u0105cy.<\/p>\n\n\n\n<figure class=\"wp-block-embed\"><div class=\"wp-block-embed__wrapper\">\nhttps:\/\/earth2.wiki\/sign-up\n<\/div><\/figure>","protected":false},"excerpt":{"rendered":"<p>Earth2 Wiki provides weekly Analysis of the Trending Resources in Earth2 Metaverse but unfortunately due to the efforts and time for the highest quality, we take small fees for the access. See services for more details. Examining the monthly trends of Earth2 Jewels, helps our House Members identify the long-term patterns in demand of various [&hellip;]<\/p>\n","protected":false},"author":1,"featured_media":0,"parent":0,"menu_order":0,"comment_status":"closed","ping_status":"closed","template":"","meta":{"footnotes":""},"_links":{"self":[{"href":"https:\/\/earth2.wiki\/pl\/wp-json\/wp\/v2\/pages\/184"}],"collection":[{"href":"https:\/\/earth2.wiki\/pl\/wp-json\/wp\/v2\/pages"}],"about":[{"href":"https:\/\/earth2.wiki\/pl\/wp-json\/wp\/v2\/types\/page"}],"author":[{"embeddable":true,"href":"https:\/\/earth2.wiki\/pl\/wp-json\/wp\/v2\/users\/1"}],"replies":[{"embeddable":true,"href":"https:\/\/earth2.wiki\/pl\/wp-json\/wp\/v2\/comments?post=184"}],"version-history":[{"count":10,"href":"https:\/\/earth2.wiki\/pl\/wp-json\/wp\/v2\/pages\/184\/revisions"}],"predecessor-version":[{"id":445,"href":"https:\/\/earth2.wiki\/pl\/wp-json\/wp\/v2\/pages\/184\/revisions\/445"}],"wp:attachment":[{"href":"https:\/\/earth2.wiki\/pl\/wp-json\/wp\/v2\/media?parent=184"}],"curies":[{"name":"wp","href":"https:\/\/api.w.org\/{rel}","templated":true}]}}