{"id":178,"date":"2024-04-14T19:15:38","date_gmt":"2024-04-14T18:15:38","guid":{"rendered":"https:\/\/earth2.wiki\/?page_id=178"},"modified":"2024-04-15T08:29:26","modified_gmt":"2024-04-15T07:29:26","slug":"trending-players-earth2","status":"publish","type":"page","link":"https:\/\/earth2.wiki\/pl\/trendy-gracze-earth2\/","title":{"rendered":"Gwiazdy i najpopularniejsi gracze w Earth2"},"content":{"rendered":"<p>Kilka celebryt\u00f3w wyrazi\u0142o zainteresowanie gr\u0105 metaverse w wirtualnej krainie <strong>Earth2<\/strong>. Oto kilka znacz\u0105cych nazwisk:<\/p>\n\n\n\n<p><strong>Snoop Dogg<\/strong>: Znany raper i entuzjasta NFT nie tylko zainwestowa\u0142 w Earth 2, ale tak\u017ce uruchomi\u0142 w\u0142asn\u0105 kolekcj\u0119 zasob\u00f3w cyfrowych o nazwie \"The Doggies\". Odtworzy\u0142 nawet swoj\u0105 rezydencj\u0119 w metaverse.<\/p>\n\n\n\n<p><strong>Justin Bieber<\/strong>: Popowa sensacja zorganizowa\u0142a wirtualne koncerty w metaverse, anga\u017cuj\u0105c fan\u00f3w w wyj\u0105tkowy spos\u00f3b.<\/p>\n\n\n\n<p><strong>Ksi\u0105\u017c\u0119 Harry i Meghan Markle<\/strong>: Para kr\u00f3lewska podobno uruchamia w\u0142asn\u0105 platform\u0119 metaverse, kt\u00f3ra b\u0119dzie s\u0142u\u017cy\u0107 jako przestrze\u0144 do spotka\u0144 biznesowych i wyst\u0105pie\u0144 publicznych.<\/p>\n\n\n\n<p><strong>Daler Mehndi<\/strong>: Indyjski piosenkarz kupi\u0142 kawa\u0142ek wirtualnej ziemi w Earth 2 i nazwa\u0142 j\u0105 \"Balle Balle Land\". Na tej wirtualnej nieruchomo\u015bci planuje umie\u015bci\u0107 \"Daler Mehndi Store\".<\/p>\n\n\n\n<p><strong>Technologia, kt\u00f3rej chcemy<\/strong>: Ten kana\u0142 YouTube zawiera wyja\u015bnienia i spostrze\u017cenia na temat Earth 2, omawiaj\u0105c jego koncepcj\u0119, rozgrywk\u0119 i post\u0119py. Prezentuj\u0105 rozw\u00f3j gry i dziel\u0105 si\u0119 ideologiami i przypadkami u\u017cycia dla spo\u0142eczno\u015bci.<\/p>\n\n\n\n<p><strong>Earth 2 (Oficjalny kana\u0142)<\/strong>: Kana\u0142 Earth 2 na YouTube udost\u0119pnia aktualizacje, wersje demonstracyjne technologii i prezentuje post\u0119py w budowaniu planety Ziemia w skali 1:1 w metaverse. Ich filmy oferuj\u0105 wgl\u0105d w rozleg\u0142y wirtualny \u015bwiat i jego potencja\u0142.<\/p>\n\n\n\n<p><strong>Pacey<\/strong>: Kana\u0142 Pacey'a zawiera tre\u015bci zwi\u0105zane z Earth 2, w tym zwiastuny, promocje i relaksuj\u0105ce nagrania z rozwijanych system\u00f3w. To \u015bwietne miejsce, by by\u0107 na bie\u017c\u0105co z najnowszymi osi\u0105gni\u0119ciami w grze.<\/p>\n\n\n\n<p><strong>Arya Realty<\/strong>: Arya Realty dzieli si\u0119 spostrze\u017ceniami, poradami i dyskusjami zwi\u0105zanymi z Earth2. Ich filmy obejmuj\u0105 r\u00f3\u017cne aspekty metaverse, dzi\u0119ki czemu s\u0105 cennym \u017ar\u00f3d\u0142em informacji dla graczy i entuzjast\u00f3w.<\/p>\n\n\n\n<p><strong>Cydroid Art<\/strong>: Earth2 doczeka\u0142o si\u0119 imponuj\u0105cych projekt\u00f3w graficznych, w tym autorstwa najlepszych graczy. Niekt\u00f3re z tych dzie\u0142 sztuki obejmuj\u0105 tysi\u0105ce kafelk\u00f3w i sta\u0142y si\u0119 ikonami w spo\u0142eczno\u015bci Earth2<\/p>\n\n\n\n<p>Ci celebryci i aktywni zwolennicy dostrzegaj\u0105 potencja\u0142 metawersji i aktywnie uczestnicz\u0105 w kszta\u0142towaniu jej przysz\u0142o\u015bci.<\/p>\n\n\n\n<h1 class=\"wp-block-heading\"><strong>Logan Paul i jego wirtualne nieruchomo\u015bci<\/strong><\/h1>\n\n\n\n<p>Na dzie\u0144 <strong>21 lutego 2021 r.<\/strong>, <strong>Logan Paul<\/strong> zainwestowa\u0142a w <strong>18 r\u00f3\u017cnych w\u0142a\u015bciwo\u015bci<\/strong> w ramach <strong>Earth2<\/strong> metaverse. Jego ca\u0142kowite wydatki na te wirtualne nieruchomo\u015bci wynosz\u0105 <strong>$5,857.21<\/strong>. Przej\u0119cia te zosta\u0142y dokonane w okresie <strong>Okres 24 godzin<\/strong> mi\u0119dzy 6 a 7 stycznia 2021 roku. Przyjrzyjmy si\u0119 bli\u017cej konkretnym lokalizacjom, kt\u00f3rych jest w\u0142a\u015bcicielem:<\/p>\n\n\n\n<ol>\n<li><strong>Western Cape<\/strong>: Costing <strong>$872.92<\/strong>Ta w\u0142a\u015bciwo\u015b\u0107 obejmuje <strong>748 p\u0142ytek<\/strong>.<\/li>\n\n\n\n<li><strong>Kri\u017e, Zagrzeb<\/strong>: Nabyte za <strong>$18.24<\/strong>obejmuje <strong>40 p\u0142ytek<\/strong>.<\/li>\n\n\n\n<li><strong>Encino, Kalifornia (nieruchomo\u015b\u0107 1)<\/strong>: Cena <strong>$239.40<\/strong>Ta nieruchomo\u015b\u0107 sk\u0142ada si\u0119 z <strong>9 p\u0142ytek<\/strong>.<\/li>\n\n\n\n<li><strong>Encino, Kalifornia (nieruchomo\u015b\u0107 2)<\/strong>: Wi\u0119ksza paczka, kosztuj\u0105ca <strong>$1,276.80<\/strong>z <strong>48 p\u0142ytek<\/strong>.<\/li>\n\n\n\n<li><strong>Penebel, Tabanan<\/strong>: Wyceniony na <strong>$140.92<\/strong>obejmuje <strong>196 p\u0142ytek<\/strong>.<\/li>\n\n\n\n<li><strong>Santa Monica, Kalifornia<\/strong>: Ta nieruchomo\u015b\u0107, wyceniona na <strong>$212.80<\/strong>zajmuje <strong>8 p\u0142ytek<\/strong>.<\/li>\n\n\n\n<li><strong>Jackson, Wyoming<\/strong>: Pokrycie <strong>18 p\u0142ytek<\/strong>zosta\u0142 nabyty za <strong>$478.80<\/strong>.<\/li>\n\n\n\n<li><strong>Po\u0142udniowe Morze Egejskie, Grecja<\/strong>: Mniejsza nieruchomo\u015b\u0107 z <strong>5 p\u0142ytek<\/strong>, kalkulacja koszt\u00f3w <strong>$5.15<\/strong>.<\/li>\n\n\n\n<li><strong>Antarktyda<\/strong>: Logan Paul jest w\u0142a\u015bcicielem <strong>129 p\u0142ytek<\/strong> na tym lodowym obszarze, wynosz\u0105cym <strong>$41.41<\/strong>.<\/li>\n\n\n\n<li><strong>Alpes-Maritimes<\/strong>: Ta francuska lokalizacja obejmuje <strong>10 p\u0142ytek<\/strong> i zosta\u0142 zakupiony za <strong>$29.19<\/strong>.<\/li>\n\n\n\n<li><strong>Amalfi, Salerno<\/strong>: Spanning <strong>28 p\u0142ytek<\/strong>kosztowa\u0142 <strong>$152.38<\/strong>.<\/li>\n\n\n\n<li><strong>North Rim, Arizona<\/strong>: Z <strong>9 p\u0142ytek<\/strong>ta nieruchomo\u015b\u0107 zosta\u0142a wyceniona na <strong>$239.40<\/strong>.<\/li>\n\n\n\n<li><strong>Tahua, Potos\u00ed<\/strong>: Znacz\u0105ca inwestycja <strong>735 p\u0142ytek<\/strong> dla <strong>$260.19<\/strong>.<\/li>\n\n\n\n<li><strong>Tahua, Oruro<\/strong>: Logan Paul jest w\u0142a\u015bcicielem <strong>180 p\u0142ytek<\/strong> tutaj, wydaj\u0105c <strong>$63.72<\/strong>.<\/li>\n\n\n\n<li><strong>Park Narodowy Yosemite (Obiekt 1)<\/strong>: Pokrycie <strong>9 p\u0142ytek<\/strong>kosztowa\u0142 <strong>$239.40<\/strong>.<\/li>\n\n\n\n<li><strong>Park Narodowy Yosemite (Obiekt 2)<\/strong>: Wi\u0119ksza sekcja z <strong>51 p\u0142ytek<\/strong>w cenie <strong>$1,356.60<\/strong>.<\/li>\n\n\n\n<li><strong>Tingri Xian, Xigaze Shi<\/strong>: Ta tybeta\u0144ska lokalizacja sk\u0142ada si\u0119 z <strong>48 p\u0142ytek<\/strong>nabyte za <strong>$129.89<\/strong>.<\/li>\n\n\n\n<li><strong>7. dzielnica Pary\u017ca<\/strong>: Mniejsza nieruchomo\u015b\u0107 z <strong>4 p\u0142ytki<\/strong>, kalkulacja koszt\u00f3w <strong>$100.00<\/strong>.<\/li>\n<\/ol>\n\n\n\n<p>Wczesna inwestycja Logana Paula w Earth2 pokazuje jego wiar\u0119 w potencja\u0142 tej koncepcji. Chocia\u017c od stycznia nie dokona\u0142 dodatkowych zakup\u00f3w, miej oko na wszelkie przysz\u0142e przej\u0119cia na jego profilu!<\/p>","protected":false},"excerpt":{"rendered":"<p>Several celebrities have expressed interest in the virtual land metaverse game Earth2. Here are some notable names: Snoop Dogg: The renowned rapper and NFT enthusiast have not only invested in Earth 2 but also launched his own collection of digital assets called \u201cThe Doggies.\u201d He even recreated his mansion within the metaverse. Justin Bieber: The [&hellip;]<\/p>\n","protected":false},"author":1,"featured_media":0,"parent":0,"menu_order":0,"comment_status":"closed","ping_status":"closed","template":"","meta":{"footnotes":""},"_links":{"self":[{"href":"https:\/\/earth2.wiki\/pl\/wp-json\/wp\/v2\/pages\/178"}],"collection":[{"href":"https:\/\/earth2.wiki\/pl\/wp-json\/wp\/v2\/pages"}],"about":[{"href":"https:\/\/earth2.wiki\/pl\/wp-json\/wp\/v2\/types\/page"}],"author":[{"embeddable":true,"href":"https:\/\/earth2.wiki\/pl\/wp-json\/wp\/v2\/users\/1"}],"replies":[{"embeddable":true,"href":"https:\/\/earth2.wiki\/pl\/wp-json\/wp\/v2\/comments?post=178"}],"version-history":[{"count":10,"href":"https:\/\/earth2.wiki\/pl\/wp-json\/wp\/v2\/pages\/178\/revisions"}],"predecessor-version":[{"id":441,"href":"https:\/\/earth2.wiki\/pl\/wp-json\/wp\/v2\/pages\/178\/revisions\/441"}],"wp:attachment":[{"href":"https:\/\/earth2.wiki\/pl\/wp-json\/wp\/v2\/media?parent=178"}],"curies":[{"name":"wp","href":"https:\/\/api.w.org\/{rel}","templated":true}]}}