{"id":146,"date":"2024-04-14T18:57:19","date_gmt":"2024-04-14T17:57:19","guid":{"rendered":"https:\/\/earth2.wiki\/?page_id=146"},"modified":"2024-04-15T03:38:04","modified_gmt":"2024-04-15T02:38:04","slug":"automate-earth2-mining-with-civilians-ai","status":"publish","type":"page","link":"https:\/\/earth2.wiki\/pl\/zautomatyzuj-wydobycie-earth2-za-pomoca-cywilnej-sztucznej-inteligencji\/","title":{"rendered":"Zautomatyzuj wydobywanie kryptowalut Earth2 za pomoc\u0105 Civilians NFT (feat. A.I.)"},"content":{"rendered":"<p>Earth2 to jeden z najnowszych i najbardziej ekscytuj\u0105cych projekt\u00f3w w \u015bwiecie wydobywania kryptowalut, zapewniaj\u0105cy inwestorom mo\u017cliwo\u015b\u0107 inwestowania w wirtualne dzia\u0142ki i osi\u0105gania zysk\u00f3w za pomoc\u0105 r\u00f3\u017cnych metod, w tym gier, handlu elektronicznego i wirtualnych nieruchomo\u015bci. Wraz z niedawnym og\u0142oszeniem funkcji Civilians, mo\u017cliwe jest teraz dalsze zautomatyzowanie i zoptymalizowanie rutyny wydobywania kryptowalut Earth2 za pomoc\u0105 Civilians NFT.<\/p>\n\n\n\n<p>Funkcja Civilians to nowe, pot\u0119\u017cne narz\u0119dzie, kt\u00f3re sprawia, \u017ce zarz\u0105dzanie dzia\u0142kami i inwestycjami w Earth2 jest \u0142atwiejsze i bardziej wydajne ni\u017c kiedykolwiek. W przysz\u0142o\u015bci cywile przekszta\u0142c\u0105 si\u0119 w nap\u0119dzane sztuczn\u0105 inteligencj\u0105 postacie niezale\u017cne Earth2 Metaverse, kt\u00f3re wype\u0142ni\u0105 ogromn\u0105, nieograniczon\u0105 skal\u0119 Earth2 Metaverse.<\/p>\n\n\n\n<p>Dzi\u0119ki Civilians nie musisz ju\u017c polega\u0107 na nieko\u0144cz\u0105cych si\u0119 klikni\u0119ciach, aby na\u0142adowa\u0107, uruchomi\u0107 nalot lub wyda\u0107 nagrody. Cywile pozwalaj\u0105 z \u0142atwo\u015bci\u0105 zarz\u0105dza\u0107 inwestycjami w Earth2.<\/p>\n\n\n\n<p>Niezale\u017cnie od tego, czy jeste\u015b pocz\u0105tkuj\u0105cym inwestorem, czy do\u015bwiadczonym profesjonalist\u0105, cywile mog\u0105 pom\u00f3c ci zoptymalizowa\u0107 inwestycje w zasoby Earth2 i zmaksymalizowa\u0107 zyski. Dostarczaj\u0105c ci opartych na danych spostrze\u017ce\u0144 i rekomendacji, geolog i przysz\u0142y analityk danych Civilans mog\u0105 pom\u00f3c ci w podejmowaniu \u015bwiadomych decyzji dotycz\u0105cych tego, gdzie kupi\u0107 i kiedy sprzeda\u0107 wirtualn\u0105 ziemi\u0119, w oparciu o trendy i wzorce rynkowe.<\/p>\n\n\n\n<h1 class=\"wp-block-heading\">Frakcje, tj. wiara, religia w Earth2<\/h1>\n\n\n\n<p>Podobnie jak ludzko\u015b\u0107 w Earth1, Earth2 Civilians to bardzo zr\u00f3\u017cnicowana grupa ludzi z w\u0142asnymi przekonaniami, warto\u015bciami i kulturami. Podobnie jak ich tw\u00f3rcy w Earth1, Earth2 Civilians ko\u0144czy si\u0119 konfliktami i nieporozumieniami mi\u0119dzy trzema r\u00f3\u017cnymi frakcjami: Si\u0142 Kosmicznych, Rebeliant\u00f3w oraz Egipskich Bog\u00f3w i Wyznawc\u00f3w.<\/p>\n\n\n\n<p>Przyjrzyjmy si\u0119 bli\u017cej ka\u017cdej z tych frakcji, aby lepiej zrozumie\u0107 ich przekonania i warto\u015bci.<\/p>\n\n\n\n<h2 class=\"wp-block-heading\">Imperium Si\u0142 Kosmicznych<\/h2>\n\n\n\n<p>Stabilno\u015b\u0107 i kontrola (MBTI \"J\" rozwija si\u0119 tutaj),<\/p>\n\n\n\n<h5 class=\"wp-block-heading\">TAG: #Gryffindor, #Democrats, #BlueTeam, #Biden2024, #\uc815\ud30c, #<strong><strong>\u6b63\u6d3e<\/strong><\/strong>, #<strong><strong>\u305b\u3044\u3068\u3046<\/strong><\/strong>, <strong>\u0627\u0644\u0635\u0641\u0627\u0621<\/strong>,\u00a0<strong>ortodoksyjny<\/strong>, &#8230;<\/h5>\n\n\n\n<p>Ta frakcja stanowi wi\u0119kszo\u015b\u0107 i tradycyjnie dominuje na rynku. Mocno wierz\u0105 w utrzymanie porz\u0105dku i dyscypliny w spo\u0142ecze\u0144stwie i s\u0105 mocno zaanga\u017cowani w eksploracj\u0119 kosmosu i technologi\u0119. Wielu z nich jest wysoko wykwalifikowanych w nauce i in\u017cynierii i wierz\u0105, \u017ce dzi\u0119ki wykorzystaniu technologii mog\u0105 uczyni\u0107 Ziemi\u01192 dobrze prosperuj\u0105cym i kwitn\u0105cym \u015bwiatem.<\/p>\n\n\n\n<h2 class=\"wp-block-heading\">Rebelianccy najemnicy<\/h2>\n\n\n\n<p>Kreatywno\u015b\u0107 i Breakout (wi\u0119kszo\u015b\u0107 MBTI \"N\/P\")<\/p>\n\n\n\n<h5 class=\"wp-block-heading\">TAG: #Slytherin, #Republikanie, #RedTeam, #Trump2024, #\uc0ac\ud30c, #<strong>\u90aa\u6d3e<\/strong>, \u063a\u064a\u0631 \u062a\u0642\u0644\u064a\u062f\u064a, nieortodoksyjny, ...<\/h5>\n\n\n\n<p>Z drugiej strony Rebelianci sprzeciwiaj\u0105 si\u0119 przera\u017caj\u0105cej jednolito\u015bci Imperium Si\u0142 Kosmicznych. Uwa\u017caj\u0105, \u017ce Si\u0142y Kosmiczne t\u0142umi\u0105 ich wolno\u015b\u0107 i kreatywno\u015b\u0107, i chc\u0105 stworzy\u0107 \u015bwiat, w kt\u00f3rym ka\u017cdy ma swobod\u0119 wyra\u017cania siebie bez \u017cadnych ogranicze\u0144. Rebelianci s\u0105 cz\u0119sto postrzegani jako konfrontacyjni i buntowniczy, ale s\u0105 bardzo pasjonatami swoich przekona\u0144 i warto\u015bci.<\/p>\n\n\n\n<h2 class=\"wp-block-heading\">Egipscy bogowie i wyznawcy<\/h2>\n\n\n\n<p>Tradycja i intuicja (wi\u0119kszo\u015b\u0107 MBTI \"S\")<\/p>\n\n\n\n<h5 class=\"wp-block-heading\">TAG: #Primative, #Sigma, #NeutralNot, #ElvishDwarf, #Psycho, #RavenClaw, #\ub3c4\uc778, #\u5c0e\u5f15, #\u0633\u0627\u062d\u0631, #Magician<\/h5>\n\n\n\n<p>Egipscy Bogowie i Wyznawcy to trzecia i najstarsza frakcja spo\u015br\u00f3d wszystkich cywil\u00f3w. S\u0105 g\u0142\u0119boko zakorzenieni w tradycji i maj\u0105 tajemnicz\u0105 aur\u0119, kt\u00f3ra wywodzi si\u0119 z pocz\u0105tk\u00f3w ka\u017cdego cywila ENA. Czcz\u0105 bog\u00f3w staro\u017cytnego Egiptu i maj\u0105 g\u0142\u0119boki szacunek dla ich kultury i staro\u017cytnej m\u0105dro\u015bci. Maj\u0105 siln\u0105 wiar\u0119 w reinkarnacj\u0119 i \u017cycie pozagrobowe. Cz\u0119sto s\u0105 postrzegani jako mistyczni i uduchowieni, a wielu z nich posiada zdolno\u015bci parapsychiczne.<\/p>\n\n\n\n<p>Pomimo r\u00f3\u017cnic, wszystkie te frakcje maj\u0105 jedn\u0105 wsp\u00f3ln\u0105 cech\u0119: mi\u0142o\u015b\u0107 do Earth2 Essence $$$. Wszyscy d\u0105\u017c\u0105 do lepszej i bardziej dostatniej przysz\u0142o\u015bci na Ziemi2, a wszyscy Ziemianie wiedz\u0105, \u017ce wszyscy prosperujemy i prosperujemy lub cieszymy si\u0119 powoln\u0105 \u015bmierci\u0105 nadziei.<\/p>\n\n\n\n<p>Earth2 Civilians i Earthlings mog\u0105 mie\u0107 swoje r\u00f3\u017cnice, ale wszyscy s\u0105 zjednoczeni w jednym wsp\u00f3lnym celu: aby zarobi\u0107 wi\u0119cej pieni\u0119dzy $$$, nie, aby uczyni\u0107 \u015bwiat lepszym miejscem. Niezale\u017cnie od tego, czy jest to technologia, kreatywno\u015b\u0107 czy tradycja, wszyscy przyczyniaj\u0105 si\u0119 do wzrostu i rozwoju Earth2 Metaverse.<\/p>","protected":false},"excerpt":{"rendered":"<p>Earth2 is one of the newest and most exciting developments in the world of crypto mining, providing investors with the opportunity to invest in virtual plots of land and earn profits through a variety of methods, including gaming, eCommerce, and virtual real estate. With the recent announcement of the Civilians feature, it is now possible [&hellip;]<\/p>\n","protected":false},"author":1,"featured_media":0,"parent":0,"menu_order":0,"comment_status":"closed","ping_status":"closed","template":"","meta":{"footnotes":""},"_links":{"self":[{"href":"https:\/\/earth2.wiki\/pl\/wp-json\/wp\/v2\/pages\/146"}],"collection":[{"href":"https:\/\/earth2.wiki\/pl\/wp-json\/wp\/v2\/pages"}],"about":[{"href":"https:\/\/earth2.wiki\/pl\/wp-json\/wp\/v2\/types\/page"}],"author":[{"embeddable":true,"href":"https:\/\/earth2.wiki\/pl\/wp-json\/wp\/v2\/users\/1"}],"replies":[{"embeddable":true,"href":"https:\/\/earth2.wiki\/pl\/wp-json\/wp\/v2\/comments?post=146"}],"version-history":[{"count":5,"href":"https:\/\/earth2.wiki\/pl\/wp-json\/wp\/v2\/pages\/146\/revisions"}],"predecessor-version":[{"id":309,"href":"https:\/\/earth2.wiki\/pl\/wp-json\/wp\/v2\/pages\/146\/revisions\/309"}],"wp:attachment":[{"href":"https:\/\/earth2.wiki\/pl\/wp-json\/wp\/v2\/media?parent=146"}],"curies":[{"name":"wp","href":"https:\/\/api.w.org\/{rel}","templated":true}]}}