{"id":144,"date":"2024-04-14T18:56:48","date_gmt":"2024-04-14T17:56:48","guid":{"rendered":"https:\/\/earth2.wiki\/?page_id=144"},"modified":"2024-04-15T00:38:10","modified_gmt":"2024-04-14T23:38:10","slug":"earth2-essence-in-1-min","status":"publish","type":"page","link":"https:\/\/earth2.wiki\/pl\/esencja-earth2-w-1-min\/","title":{"rendered":"Zacznij zarabia\u0107 najnowsz\u0105 kryptowalut\u0119 Essence z Earth2 Metaverse w 1 minut\u0119!"},"content":{"rendered":"<p>Czy chcesz dowiedzie\u0107 si\u0119, jak zacz\u0105\u0107 zarabia\u0107 Essence, najnowsz\u0105 kryptowalut\u0119 z Earth2 Metaverse, w ci\u0105gu zaledwie jednej minuty? C\u00f3\u017c, masz szcz\u0119\u015bcie! Witamy na naszej stronie internetowej, gdzie pomo\u017cemy ci zapozna\u0107 si\u0119 z najnowsz\u0105 i innowacyjn\u0105 kryptowalut\u0105.<\/p>\n\n\n\n<p>Najpierw porozmawiajmy o Earth2. Platforma ta jest wirtualnym systemem nieruchomo\u015bci, kt\u00f3ry pozwala u\u017cytkownikom na zakup ziemi w wirtualnym \u015bwiecie. Robi ona furor\u0119 w \u015bwiecie gier, a nawet przyci\u0105gn\u0119\u0142a uwag\u0119 znanych osobisto\u015bci, takich jak Elon Musk i Mark Zuckerberg. Wed\u0142ug Muska, \"Earth2 mo\u017ce by\u0107 bram\u0105 do prawdziwego Metaverse\". Podczas gdy Zuckerberg wspomina: \"Trwa r\u00f3wnie\u017c boom na wirtualne ziemie, co jest bardzo interesuj\u0105cym zjawiskiem\".<\/p>\n\n\n\n<p>Je\u015bli widzia\u0142e\u015b film \"Ready Player One\" lub czyta\u0142e\u015b ksi\u0105\u017ck\u0119, to masz poj\u0119cie, czym jest Metaverse. Termin ukuty przez Neala Stephensona w ksi\u0105\u017cce \"Snow Crash\" z 1992 roku, Metaverse to wirtualny wszech\u015bwiat, w kt\u00f3rym ludzie mog\u0105 spe\u0142nia\u0107 swoje naj\u015bmielsze marzenia i fantazje.<\/p>\n\n\n\n<p>Porozmawiajmy teraz o Essence. Jest to nowa kryptowaluta z platformy Earth2 Metaverse. To, co czyni j\u0105 wyj\u0105tkow\u0105, to fakt, \u017ce jest ona nap\u0119dzana przez spo\u0142eczno\u015b\u0107 i zdecentralizowana. Oznacza to, \u017ce nie jest wspierana przez \u017caden rz\u0105d ani instytucj\u0119 finansow\u0105. Zamiast tego jej warto\u015b\u0107 jest okre\u015blana przez popyt i poda\u017c tworzone przez spo\u0142eczno\u015b\u0107, kt\u00f3ra z niej korzysta i ni\u0105 handluje. Ponadto jest to r\u00f3wnie\u017c dobrowolna decentralizacja oparta na zainteresowaniach geograficznych, co oznacza, \u017ce u\u017cytkownicy mog\u0105 zdecydowa\u0107 si\u0119 na bycie cz\u0119\u015bci\u0105 spo\u0142eczno\u015bci skupionych wok\u00f3\u0142 okre\u015blonych lokalizacji lub zainteresowa\u0144.<\/p>\n\n\n\n<p>Jak wi\u0119c zacz\u0105\u0107 zarabia\u0107 Essence w ci\u0105gu zaledwie jednej minuty? To proste! Najpierw utw\u00f3rz konto w Earth2 Metaverse i kup wirtualn\u0105 ziemi\u0119. Gdy ju\u017c b\u0119dziesz w\u0142a\u015bcicielem swojej ziemi, zostaniesz nagrodzony esencj\u0105, kt\u00f3r\u0105 mo\u017cesz nast\u0119pnie wykorzysta\u0107 do handlu, zakupu wi\u0119kszej ilo\u015bci ziemi lub trzymania jej i obserwowania, jak jej warto\u015b\u0107 ro\u015bnie.<\/p>\n\n\n\n<p>Podsumowuj\u0105c, Earth2 Metaverse i Essence to najnowsze innowacje, kt\u00f3re zmieniaj\u0105 \u015bwiat kryptowalut. B\u0119d\u0105c platform\u0105 opart\u0105 na spo\u0142eczno\u015bci, zapewnia u\u017cytkownikom wyj\u0105tkow\u0105 i ekscytuj\u0105c\u0105 mo\u017cliwo\u015b\u0107 zarabiania kryptowalut podczas korzystania z wirtualnego \u015bwiata. Na co wi\u0119c czekasz? Do\u0142\u0105cz do Metaverse ju\u017c teraz i zacznij zarabia\u0107 Essence!<\/p>","protected":false},"excerpt":{"rendered":"<p>Are you interested in learning how to start earning Essence, the latest cryptocurrency from Earth2 Metaverse, in just one minute? Well, you&#8217;re in luck! Welcome to our website where we will help you get familiarized with the newest and innovative cryptocurrency. First, let&#8217;s talk about Earth2. This platform is a virtual real estate system that [&hellip;]<\/p>\n","protected":false},"author":1,"featured_media":0,"parent":0,"menu_order":0,"comment_status":"closed","ping_status":"closed","template":"","meta":{"footnotes":""},"_links":{"self":[{"href":"https:\/\/earth2.wiki\/pl\/wp-json\/wp\/v2\/pages\/144"}],"collection":[{"href":"https:\/\/earth2.wiki\/pl\/wp-json\/wp\/v2\/pages"}],"about":[{"href":"https:\/\/earth2.wiki\/pl\/wp-json\/wp\/v2\/types\/page"}],"author":[{"embeddable":true,"href":"https:\/\/earth2.wiki\/pl\/wp-json\/wp\/v2\/users\/1"}],"replies":[{"embeddable":true,"href":"https:\/\/earth2.wiki\/pl\/wp-json\/wp\/v2\/comments?post=144"}],"version-history":[{"count":4,"href":"https:\/\/earth2.wiki\/pl\/wp-json\/wp\/v2\/pages\/144\/revisions"}],"predecessor-version":[{"id":286,"href":"https:\/\/earth2.wiki\/pl\/wp-json\/wp\/v2\/pages\/144\/revisions\/286"}],"wp:attachment":[{"href":"https:\/\/earth2.wiki\/pl\/wp-json\/wp\/v2\/media?parent=144"}],"curies":[{"name":"wp","href":"https:\/\/api.w.org\/{rel}","templated":true}]}}