{"id":142,"date":"2024-04-14T18:56:33","date_gmt":"2024-04-14T17:56:33","guid":{"rendered":"https:\/\/earth2.wiki\/?page_id=142"},"modified":"2024-04-16T20:28:57","modified_gmt":"2024-04-16T19:28:57","slug":"earth2-essence-raid-cydroid-in-1-min","status":"publish","type":"page","link":"https:\/\/earth2.wiki\/pl\/earth2-essence-raid-cydroid-w-1-minute\/","title":{"rendered":"Essence Mining - poznaj Earth2 Raid System i Cydroid w 1 minut\u0119"},"content":{"rendered":"<p>Je\u015bli interesujesz si\u0119 kryptowalutami i platform\u0105 metaverse Earth2, by\u0107 mo\u017ce s\u0142ysza\u0142e\u015b o Essence Mining. Ta nowa kryptowaluta jest innowacyjna, poniewa\u017c wprowadza dobrowoln\u0105 decentralizacj\u0119 opart\u0105 na zainteresowaniach geograficznych.<\/p>\n\n\n\n<p>Ale czym dok\u0142adnie jest Essence Mining i jak dzia\u0142a? Oto kr\u00f3tki przegl\u0105d w 1 minut\u0119.<\/p>\n\n\n\n<p>Wydobywanie esencji polega na budowaniu Cydroid\u00f3w, kt\u00f3re s\u0105 dronami zdolnymi do nalot\u00f3w na pobliskie nieruchomo\u015bci. Nagrody z nalot\u00f3w mo\u017cna nast\u0119pnie przekszta\u0142ci\u0107 w now\u0105 kryptowalut\u0119 - Essence.<\/p>\n\n\n\n<p>Wydobycie esencji jest dost\u0119pne tylko dla u\u017cytkownik\u00f3w, kt\u00f3rzy posiadaj\u0105 ziemie poziomu 1 (T1) i 2 (T2) o powierzchni wi\u0119kszej lub r\u00f3wnej 4 polom. Po spe\u0142nieniu kryteri\u00f3w u\u017cytkownik mo\u017ce zbudowa\u0107 Cydroida. Cydroid nie mo\u017ce jednak zosta\u0107 zbudowany na ziemiach poziomu 3.<\/p>\n\n\n\n<p>Cydroidy musz\u0105 by\u0107 zasilane energi\u0105, aby prawid\u0142owo funkcjonowa\u0107, dlatego potrzebuj\u0105 baterii do dzia\u0142ania. Baterie mog\u0105 by\u0107 nast\u0119pnie automatycznie \u0142adowane przez cywil\u00f3w, podobnie jak naloty i wydawanie.<\/p>\n\n\n\n<p>Wi\u0119cej szczeg\u00f3\u0142owych informacji na temat Cydroid mo\u017cna znale\u017a\u0107 w tym artykule: <a href=\"https:\/\/earth2.wiki\/pl\/everything-you-need-to-know-about-cydroid-in-earth2-metaverse\/\">Wszystko, co musisz wiedzie\u0107 o Cydroid w Earth2 Metaverse - Earth2 Wiki<\/a><\/p>\n\n\n\n<p>Earth2 Essence Mining to nowa, ekscytuj\u0105ca i przyjazna dla \u015brodowiska rozrywka dla sceny kryptowalut, kt\u00f3rej pionierem jest Earth2. Zapewnia u\u017cytkownikom unikalny spos\u00f3b zarabiania kryptowalut poprzez wykorzystanie ich ziemi i Cydroid NFT, a tak\u017ce promuje poczucie decentralizacji i wsp\u00f3\u0142pracy mi\u0119dzy u\u017cytkownikami.<\/p>\n\n\n\n<p>Je\u015bli chcesz dowiedzie\u0107 si\u0119 wi\u0119cej o Essence Mining, koniecznie sprawd\u017a platform\u0119 Earth2 i poznaj mo\u017cliwo\u015bci, jakie oferuje!<\/p>","protected":false},"excerpt":{"rendered":"<p>If you&#8217;re interested in cryptocurrency and the Earth2 metaverse platform, you may have heard of Essence Mining. This new cryptocurrency is innovative in that it introduces geo-interest-community driven voluntary decentralization. But what exactly is Essence Mining, and how does it work? Here&#8217;s a quick overview in 1 min. Essence Mining involves building Cydroids which are [&hellip;]<\/p>\n","protected":false},"author":1,"featured_media":0,"parent":0,"menu_order":0,"comment_status":"closed","ping_status":"closed","template":"","meta":{"footnotes":""},"_links":{"self":[{"href":"https:\/\/earth2.wiki\/pl\/wp-json\/wp\/v2\/pages\/142"}],"collection":[{"href":"https:\/\/earth2.wiki\/pl\/wp-json\/wp\/v2\/pages"}],"about":[{"href":"https:\/\/earth2.wiki\/pl\/wp-json\/wp\/v2\/types\/page"}],"author":[{"embeddable":true,"href":"https:\/\/earth2.wiki\/pl\/wp-json\/wp\/v2\/users\/1"}],"replies":[{"embeddable":true,"href":"https:\/\/earth2.wiki\/pl\/wp-json\/wp\/v2\/comments?post=142"}],"version-history":[{"count":5,"href":"https:\/\/earth2.wiki\/pl\/wp-json\/wp\/v2\/pages\/142\/revisions"}],"predecessor-version":[{"id":509,"href":"https:\/\/earth2.wiki\/pl\/wp-json\/wp\/v2\/pages\/142\/revisions\/509"}],"wp:attachment":[{"href":"https:\/\/earth2.wiki\/pl\/wp-json\/wp\/v2\/media?parent=142"}],"curies":[{"name":"wp","href":"https:\/\/api.w.org\/{rel}","templated":true}]}}