{"id":68,"date":"2024-04-14T16:34:19","date_gmt":"2024-04-14T15:34:19","guid":{"rendered":"https:\/\/earth2.wiki\/?page_id=68"},"modified":"2024-04-16T12:21:23","modified_gmt":"2024-04-16T11:21:23","slug":"earth2-jewels-in-1-min","status":"publish","type":"page","link":"https:\/\/earth2.wiki\/nb\/earth2-jewels-in-1-min\/","title":{"rendered":"Earth2 Jewels p\u00e5 1 min"},"content":{"rendered":"<p>I Earth2 spiller juveler en avgj\u00f8rende rolle i \u00e5 \u00f8ke landproduktiviteten og ressursgenereringen.<\/p>\n\n\n\n<p>Vi presenterer Trade Earth2 Jewels - den perfekte m\u00e5ten \u00e5 tjene litt penger hjemme og samtidig ha det g\u00f8y! Earth2 Jewels er ikke bare fantastisk vakre, de er ogs\u00e5 utrolig verdifulle. Disse dyrebare edelstenene er nyttige for gruveaktivitetene dine i Earth2 - du kan sette dem inn i hydroider eller landfliser for \u00e5 \u00f8ke ressursutbyttet og utvinningen av kryptovalutaen Essence.<\/p>\n\n\n\n<p>Earth2 har et bredt utvalg av juveler \u00e5 velge mellom, hver med sine egne unike kvaliteter og fordeler. Fra de sjeldneste og mest verdifulle Brillant Jewels, som kan innbringe opp mot $10 000, til de blendende og livlige Opal Gems, finnes det noe for enhver smak. Earth2 Jewels kan lages og oppgraderes ved hjelp av andre juveler og essenser, noe som gir mange \u00f8konomiske muligheter til \u00e5 delta i en hvilken som helst prosess i mellom.<\/p>\n\n\n\n<p>Vi mener at juveler spiller en av de viktigste rollene i Earth2-\u00f8konomien, sammen med oppgraderingen, som bestemmer prisen p\u00e5 essens og gir stabilitet til Earth2 Essence Currency System. Ved \u00e5 investere i Earth2 Jewels investerer du ikke bare i en vakker og verdifull edelsten - du investerer i fremtiden til Earth2 og dens \u00f8konomi. Hvorfor er det slik? N\u00e5r Essence-prisen stiger, stiger Jewel 10 ganger 100 ganger, kanskje til og med 1000 ganger eller mer hvis du er heldig og en dag skaper den mektige Brilliant.<\/p>\n\n\n\n<p>S\u00e5 hvorfor vente? Ta en titt p\u00e5 v\u00e5re vakre gallerier med Earth2 Jewels i dag, og kj\u00f8p en til deg selv eller som en gave til en jordboer i livet ditt. Med Trade Earth2 Jewels tjener du ikke bare litt penger hjemme, men du vil ogs\u00e5 ha det g\u00f8y og utnytte det store potensialet som ligger i disse dyrebare edelstenene. Ikke g\u00e5 glipp av noe - start din Earth2 Jewel-samling i dag!<\/p>\n\n\n\n<p>En oversikt over hvordan juvel-systemet fungerer:<\/p>\n\n\n\n<ol>\n<li><strong>Juveler p\u00e5 niv\u00e5 3<\/strong>:\n<ul>\n<li>Niv\u00e5 3-juveler er toppen av juvelhierarkiet p\u00e5 Earth2.<\/li>\n\n\n\n<li>For \u00e5 lage en Tier 3-juvel kombinerer du&nbsp;<strong>tre juveler p\u00e5 niv\u00e5 2<\/strong>&nbsp;av&nbsp;<strong>samme farge<\/strong>. Dette betyr at du trenger totalt&nbsp;<strong>ni grunnjuveler<\/strong>&nbsp;for \u00e5 lage en juvel p\u00e5 niv\u00e5 3.<\/li>\n\n\n\n<li>Prosessen:\n<ol>\n<li>Kombiner tre Tier 1-juveler for \u00e5 danne en Tier 2-juvel.<\/li>\n\n\n\n<li>Kombiner tre Tier 2-juveler i samme farge for \u00e5 lage en Tier 3-juvel.<\/li>\n<\/ol>\n<\/li>\n\n\n\n<li>Disse juvelene p\u00e5 niv\u00e5 3 gir en&nbsp;<strong>2% boost<\/strong>&nbsp;til ressursproduksjon og kan ogs\u00e5 \u00f8ke essenstransformasjonshastigheten til eiendommer ved \u00e5&nbsp;<strong>3%<\/strong>.<\/li>\n<\/ul>\n<\/li>\n\n\n\n<li><strong>Nye juvelkombinasjoner<\/strong>:\n<ul>\n<li>Earth2 introduserte nylig&nbsp;<strong>28 nye kombinasjoner<\/strong>&nbsp;ved \u00e5 kombinere Tier 3-juveler i forskjellige farger.<\/li>\n\n\n\n<li>Disse nye juvelene inkluderer rav, andalusitt, akvamarin, azuritt, blodstein, katt\u00f8ye, krysokoll, smaragd, granat, jade, malakitt, obsidian, opal, prehnitt, peridot, pyritt, rubin, serpentin, skifer, sodalitt, spinell, solstein, tigereye, topas, turkis, titanitt, tanzanitt og zirkon.<\/li>\n\n\n\n<li>Hver av disse juvelene bidrar til ressursproduksjon og essenstransformasjon.<\/li>\n<\/ul>\n<\/li>\n\n\n\n<li><strong>Oppgraderinger av juveler<\/strong>:\n<ul>\n<li>Utarbeidede juveler starter som&nbsp;<strong>sprukket<\/strong>&nbsp;versjoner.<\/li>\n\n\n\n<li>Du kan oppgradere dem ved hjelp av&nbsp;<strong>sk\u00e5r<\/strong>:\n<ul>\n<li>8 skj\u00e6r = overskyet<\/li>\n\n\n\n<li>25 skj\u00e6r = vanlig<\/li>\n\n\n\n<li>50 sk\u00e5r = klar<\/li>\n\n\n\n<li>84 Shards = Lysende<\/li>\n<\/ul>\n<\/li>\n<\/ul>\n<\/li>\n\n\n\n<li><strong>Slotting Jewels<\/strong>:\n<ul>\n<li>Juveler kan plasseres p\u00e5 det virtuelle landet ditt.<\/li>\n\n\n\n<li>Antall spor avhenger av landst\u00f8rrelse og niv\u00e5.<\/li>\n\n\n\n<li>Hvis du plasserer samme type og farge juvel p\u00e5 samme eiendom, reduseres effekten av \u00f8kt essens og ressurser (fra +3% til +2%).<\/li>\n<\/ul>\n<\/li>\n\n\n\n<li><strong>Ekstra spilleautomater<\/strong>:\n<ul>\n<li>Niv\u00e5 1-eiendommer med \u00e9n takstein har n\u00e5&nbsp;<strong>5 spor<\/strong>, og alle Tier 2-eiendommer har&nbsp;<strong>3 spor<\/strong>.<\/li>\n\n\n\n<li>Denne endringen gj\u00f8r at du kan dra nytte av de nye variantene.<\/li>\n<\/ul>\n<\/li>\n<\/ol>\n\n\n\n<figure class=\"wp-block-table\"><table><thead><tr><th>Juveler<\/th><th>Kombinasjon<\/th><th>Ressurser<\/th><\/tr><\/thead><tbody><tr><td>Amber<\/td><td>T3 gul + T3 oker<\/td><td>Gull og jernmalm<\/td><\/tr><tr><td>Andalusitt<\/td><td>T3 Antrasitt + T3 Sand<\/td><td>Kull og sand<\/td><\/tr><tr><td>Akvamarin<\/td><td>T3 Bl\u00e5 + T3 Gr\u00f8nn<\/td><td>Tre og ferskvann<\/td><\/tr><tr><td>Azuritt<\/td><td>T3 Bl\u00e5 + T3 Svart<\/td><td>Olje og ferskvann<\/td><\/tr><tr><td>Blodstein<\/td><td>T3 Oker + T3 Svart<\/td><td>Olje og jernmalm<\/td><\/tr><tr><td>Catseye<\/td><td>T3 Gul + T3 Svart<\/td><td>Olje og sand<\/td><\/tr><tr><td>Krysokoll<\/td><td>T3 Bl\u00e5 + T3 Antrasitt<\/td><td>Kull og ferskvann<\/td><\/tr><tr><td>Smaragd<\/td><td>T3 Bl\u00e5 + T3 Gul<\/td><td>Gull og ferskvann<\/td><\/tr><tr><td>Granat<\/td><td>T3 Oker + T3 Sand<\/td><td>Sand og jernmalm<\/td><\/tr><tr><td>Jade<\/td><td>T3 Gr\u00f8nn + T3 Svart<\/td><td>Tre og olje<\/td><\/tr><tr><td>Malakitt<\/td><td>T3 Gr\u00f8nn + T3 Antracitt<\/td><td>Kull og tre<\/td><\/tr><tr><td>Obsidian<\/td><td>T3 Svart + T3 Antracitt<\/td><td>Kull og olje<\/td><\/tr><tr><td>Opal<\/td><td>T3 Gr\u00f8nn + T3 Sand<\/td><td>Sand og tre<\/td><\/tr><tr><td>Peridot<\/td><td>T3 Gr\u00f8nn + T3 Oker<\/td><td>Jernmalm og trevirke<\/td><\/tr><tr><td>Prehnitt<\/td><td>T3 Gr\u00f8nn + T3 Gul<\/td><td>Gull og tre<\/td><\/tr><tr><td>Pyritt<\/td><td>T3 Antrasitt + T3 Gr\u00e5<\/td><td>Kull og kalkstein<\/td><\/tr><tr><td>Ruby<\/td><td>T3 Antrasitt + T3 Oker<\/td><td>Kull og jernmalm<\/td><\/tr><tr><td>Serpentine<\/td><td>T3 gr\u00e5 + T3 gr\u00f8nn<\/td><td>Kalkstein og tre<\/td><\/tr><tr><td>Skifer<\/td><td>T3 Gr\u00e5 + T3 Sand<\/td><td>Kalkstein og sand<\/td><\/tr><tr><td>Sodalitt<\/td><td>T3 gr\u00e5 + T3 bl\u00e5<\/td><td>Kalkstein og ferskvann<\/td><\/tr><tr><td>Spinell<\/td><td>T3 gr\u00e5 + T3 svart<\/td><td>Kalkstein og olje<\/td><\/tr><tr><td>Solstein<\/td><td>T3 gr\u00e5 + T3 gul<\/td><td>Kalkstein og gull<\/td><\/tr><tr><td>Tanzanitt<\/td><td>T3 Bl\u00e5 + T3 Oker<\/td><td>Ferskvann og jernmalm<\/td><\/tr><tr><td>Tiger\u00f8ye<\/td><td>T3 Antrasitt + T3 Gul<\/td><td>Kull og m\u00e5l<\/td><\/tr><tr><td>Titanitt<\/td><td>T3 Sandy + T3 Black<\/td><td>Sand og olje<\/td><\/tr><tr><td>Topas<\/td><td>T3 Sand + T3 Gul<\/td><td>Sand og gull<\/td><\/tr><tr><td>Turkis<\/td><td>T3 Sandy + T3 Blue<\/td><td>Ferskvann og sand<\/td><\/tr><tr><td>Zirkon<\/td><td>T3 gr\u00e5 + T3 oker<\/td><td>Kalkstein og jernmalm<\/td><\/tr><\/tbody><\/table><\/figure>\n\n\n\n<p>Husk at juvel-systemet i Earth2 er dynamisk, og at det \u00e5 forst\u00e5 det kan ha stor innvirkning p\u00e5 produktiviteten i landet ditt. Fortsett \u00e5 utforske og skape de dyrebare juvelene.<\/p>\n\n\n\n<p>Referansebilder<\/p>\n\n\n\n<h2 class=\"wp-block-heading\">Smykkemakeri p\u00e5 niv\u00e5 2<\/h2>\n\n\n\n<figure class=\"wp-block-image size-full\"><img loading=\"lazy\" decoding=\"async\" width=\"612\" height=\"792\" src=\"https:\/\/earth2.wiki\/wp-content\/uploads\/2024\/04\/image.png\" alt=\"\" class=\"wp-image-500\" srcset=\"https:\/\/earth2.wiki\/wp-content\/uploads\/2024\/04\/image.png 612w, https:\/\/earth2.wiki\/wp-content\/uploads\/2024\/04\/image-232x300.png 232w\" sizes=\"(max-width: 612px) 100vw, 612px\" \/><figcaption class=\"wp-element-caption\"><a href=\"https:\/\/e2production.com\/earth2-jewel-crafting-recipes\/\">Earth2 Jewel Crafting Recipes | E2Production - Virtuelle bedrifter i Earth2.io<\/a><\/figcaption><\/figure>\n\n\n\n<figure class=\"wp-block-image size-large\"><img loading=\"lazy\" decoding=\"async\" width=\"1024\" height=\"575\" src=\"https:\/\/earth2.wiki\/wp-content\/uploads\/2024\/04\/image-1024x575.jpg\" alt=\"\" class=\"wp-image-498\" srcset=\"https:\/\/earth2.wiki\/wp-content\/uploads\/2024\/04\/image-1024x575.jpg 1024w, https:\/\/earth2.wiki\/wp-content\/uploads\/2024\/04\/image-300x168.jpg 300w, https:\/\/earth2.wiki\/wp-content\/uploads\/2024\/04\/image-768x431.jpg 768w, https:\/\/earth2.wiki\/wp-content\/uploads\/2024\/04\/image-360x202.jpg 360w, https:\/\/earth2.wiki\/wp-content\/uploads\/2024\/04\/image.jpg 1400w\" sizes=\"(max-width: 1024px) 100vw, 1024px\" \/><figcaption class=\"wp-element-caption\"><a href=\"https:\/\/medium.com\/planet-earth2\/jewel-crafting-in-earth2-f5fd317e4820\">Juvelh\u00e5ndverk i Earth2. Bygge sjeldne juveler fra eksisterende juveler | av E2Analyst | Planet Earth2 | Medium<\/a><\/figcaption><\/figure>\n\n\n\n<h2 class=\"wp-block-heading\">Smykkemakeri p\u00e5 niv\u00e5 3<\/h2>\n\n\n\n<figure class=\"wp-block-image size-full\"><img loading=\"lazy\" decoding=\"async\" width=\"612\" height=\"792\" src=\"https:\/\/earth2.wiki\/wp-content\/uploads\/2024\/04\/image-2.png\" alt=\"\" class=\"wp-image-502\" srcset=\"https:\/\/earth2.wiki\/wp-content\/uploads\/2024\/04\/image-2.png 612w, https:\/\/earth2.wiki\/wp-content\/uploads\/2024\/04\/image-2-232x300.png 232w\" sizes=\"(max-width: 612px) 100vw, 612px\" \/><figcaption class=\"wp-element-caption\"><a href=\"https:\/\/e2production.com\/img\/jewels\/jewel-crafting-flyers-t3-Amber-to-Obsidian.png\">juvel-h\u00e5ndverk-flyers-t3-Amber-to-Obsidian.png (612\u00d7792) (e2production.com)<\/a><\/figcaption><\/figure>\n\n\n\n<figure class=\"wp-block-image size-full\"><img loading=\"lazy\" decoding=\"async\" width=\"612\" height=\"792\" src=\"https:\/\/earth2.wiki\/wp-content\/uploads\/2024\/04\/image-1.png\" alt=\"\" class=\"wp-image-501\" srcset=\"https:\/\/earth2.wiki\/wp-content\/uploads\/2024\/04\/image-1.png 612w, https:\/\/earth2.wiki\/wp-content\/uploads\/2024\/04\/image-1-232x300.png 232w\" sizes=\"(max-width: 612px) 100vw, 612px\" \/><figcaption class=\"wp-element-caption\"><a href=\"https:\/\/e2production.com\/img\/jewels\/jewel-crafting-flyers-t3-Opal-to-Tigereye.png\">juvel-h\u00e5ndverk-fluer-t3-Opal-til-Tigereye.png (612\u00d7792) (e2production.com)<\/a><\/figcaption><\/figure>\n\n\n\n<figure class=\"wp-block-image size-full\"><img loading=\"lazy\" decoding=\"async\" width=\"612\" height=\"792\" src=\"https:\/\/earth2.wiki\/wp-content\/uploads\/2024\/04\/image-3.png\" alt=\"\" class=\"wp-image-503\" srcset=\"https:\/\/earth2.wiki\/wp-content\/uploads\/2024\/04\/image-3.png 612w, https:\/\/earth2.wiki\/wp-content\/uploads\/2024\/04\/image-3-232x300.png 232w\" sizes=\"(max-width: 612px) 100vw, 612px\" \/><figcaption class=\"wp-element-caption\"><a href=\"https:\/\/e2production.com\/img\/jewels\/jewel-crafting-flyers-t3-Titanite-to-Zircon.png\">juvel-h\u00e5ndverk-flyers-t3-Titanitt-til-zirkon.png (612\u00d7792) (e2production.com)<\/a><\/figcaption><\/figure>\n\n\n\n<figure class=\"wp-block-image size-large\"><img loading=\"lazy\" decoding=\"async\" width=\"1024\" height=\"576\" src=\"https:\/\/earth2.wiki\/wp-content\/uploads\/2024\/04\/F15CyKjaMAANQ6g-1024x576.jpeg\" alt=\"\" class=\"wp-image-504\" srcset=\"https:\/\/earth2.wiki\/wp-content\/uploads\/2024\/04\/F15CyKjaMAANQ6g-1024x576.jpeg 1024w, https:\/\/earth2.wiki\/wp-content\/uploads\/2024\/04\/F15CyKjaMAANQ6g-300x169.jpeg 300w, https:\/\/earth2.wiki\/wp-content\/uploads\/2024\/04\/F15CyKjaMAANQ6g-768x432.jpeg 768w, https:\/\/earth2.wiki\/wp-content\/uploads\/2024\/04\/F15CyKjaMAANQ6g-1536x864.jpeg 1536w, https:\/\/earth2.wiki\/wp-content\/uploads\/2024\/04\/F15CyKjaMAANQ6g-360x202.jpeg 360w, https:\/\/earth2.wiki\/wp-content\/uploads\/2024\/04\/F15CyKjaMAANQ6g.jpeg 2048w\" sizes=\"(max-width: 1024px) 100vw, 1024px\" \/><figcaption class=\"wp-element-caption\"><a href=\"https:\/\/twitter.com\/thedanishfarmer\/status\/1683856745180049408\/photo\/1\">danishfarmer p\u00e5 X: \"#Earth2 #Jewels Dataark 2.0 av en #danishfarmer Den inneholder generelle data om juveler, tilknytningen til ressursproduksjon, oppskrifter relatert til h\u00e5ndverk og n\u00f8dvendige data.<\/a><\/figcaption><\/figure>","protected":false},"excerpt":{"rendered":"<p>In Earth2, jewels play a crucial role in enhancing land productivity and resource generation. Introducing Trade Earth2 Jewels &#8211; the perfect way to make some small cash at home and have fun while doing it! Earth2 Jewels are not only stunningly beautiful, but they&#8217;re also incredibly valuable. These precious gems are beneficial to your mining [&hellip;]<\/p>\n","protected":false},"author":1,"featured_media":0,"parent":0,"menu_order":0,"comment_status":"closed","ping_status":"closed","template":"","meta":{"footnotes":""},"_links":{"self":[{"href":"https:\/\/earth2.wiki\/nb\/wp-json\/wp\/v2\/pages\/68"}],"collection":[{"href":"https:\/\/earth2.wiki\/nb\/wp-json\/wp\/v2\/pages"}],"about":[{"href":"https:\/\/earth2.wiki\/nb\/wp-json\/wp\/v2\/types\/page"}],"author":[{"embeddable":true,"href":"https:\/\/earth2.wiki\/nb\/wp-json\/wp\/v2\/users\/1"}],"replies":[{"embeddable":true,"href":"https:\/\/earth2.wiki\/nb\/wp-json\/wp\/v2\/comments?post=68"}],"version-history":[{"count":6,"href":"https:\/\/earth2.wiki\/nb\/wp-json\/wp\/v2\/pages\/68\/revisions"}],"predecessor-version":[{"id":505,"href":"https:\/\/earth2.wiki\/nb\/wp-json\/wp\/v2\/pages\/68\/revisions\/505"}],"wp:attachment":[{"href":"https:\/\/earth2.wiki\/nb\/wp-json\/wp\/v2\/media?parent=68"}],"curies":[{"name":"wp","href":"https:\/\/api.w.org\/{rel}","templated":true}]}}