{"id":169,"date":"2024-04-14T19:10:09","date_gmt":"2024-04-14T18:10:09","guid":{"rendered":"https:\/\/earth2.wiki\/?page_id=169"},"modified":"2024-04-15T08:12:14","modified_gmt":"2024-04-15T07:12:14","slug":"trending-megacities-earth2","status":"publish","type":"page","link":"https:\/\/earth2.wiki\/nb\/trending-megacities-earth2\/","title":{"rendered":"Trending Megacities i Earth2"},"content":{"rendered":"<p><strong>Shoon City<\/strong><\/p>\n\n\n\n<p>Shoon City ble grunnlagt av Pacey og ligger ved siden av E1-byen Minsk, som er hovedstaden i Hviterussland. Den skiller seg ut som den eneste megabyen med veier som omkranser en hel hovedstad. Shoon City er strategisk plassert for potensielle AR-funksjoner (augmented reality) i fremtiden, og fungerer som et ideelt sted for raiding av eldre C1-spots.<\/p>\n\n\n\n<p><strong>Malteserridderne<\/strong><\/p>\n\n\n\n<p>Opprinnelig ble Resin etablert for \u00e5 sikre overordnet styring og dominans, men grunnleggeren har utvidet sin rolle til \u00e5 sponse AR- og reklamemuligheter p\u00e5 den beskjedne 316 km\u00b2 store \u00f8ya Malta.<\/p>\n\n\n\n<p><strong>Saharas \u00f8ye<\/strong><\/p>\n\n\n\n<p>Denne megabyen ligger ved en av de f\u00e5 naturlige formasjonene som er synlige fra verdensrommet. Ryktene sier at det til og med kan v\u00e6re her den forsvunne byen Atlantis ligger.<\/p>\n\n\n\n<p><\/p>\n\n\n\n<p><strong>Valhall<\/strong><\/p>\n\n\n\n<p>En megaby med vikingtema, komplett med \u00f8lhall, skipsverft, havner og et v\u00e5penlager.<\/p>\n\n\n\n<p><strong>Arven etter Bermuda<\/strong><\/p>\n\n\n\n<p>Denne megabyen ligger p\u00e5 \u00f8ya Bermuda og er opprettet som en samfunnsplattform innenfor Earth2.io. M\u00e5let er \u00e5 gi alle spillere en plass for moro og hjelp.<\/p>\n\n\n\n<p><strong>Gibraltar<\/strong><\/p>\n\n\n\n<p>Dorkslayer har som m\u00e5l \u00e5 bygge et blomstrende samfunn i Earth2, med hovedfokus p\u00e5 Gibraltar. Samarbeid og samhold er grunnlaget for suksess i denne episke metaverse-opplevelsen.<\/p>\n\n\n\n<p><strong>Cryptopolis<\/strong><\/p>\n\n\n\n<p>Cryptopolis er en by f\u00f8dt av styrke og makt, og er et samarbeid mellom n\u00f8kkelpersoner p\u00e5 plattformen. Den fungerer som et sentralt knutepunkt for finans, handel og vekst.<\/p>\n\n\n\n<p><strong>Hippoland<\/strong><\/p>\n\n\n\n<p>Hippoland er designet for vennegjenger som \u00f8nsker \u00e5 nyte b\u00e5de drinker og bar\/minispill, og tilbyr en unik opplevelse.<\/p>\n\n\n\n<p><strong>Den store afrikanske jernbanen<\/strong><\/p>\n\n\n\n<p>Snowpiercer leder an i arbeidet med \u00e5 koble sammen megabyer over hele Afrika.<\/p>\n\n\n\n<p><strong>Wakanda<\/strong><\/p>\n\n\n\n<p>Wakanda er den eneste megabyen som ligger direkte i den store afrikanske riftdalen, og den ligger n\u00f8yaktig der den eksisterer i Marvels filmunivers. Den ligger ved bredden av den legendariske Turkanasj\u00f8en, som ofte kalles \"menneskehetens vugge\".<\/p>\n\n\n\n<p><strong>Zigurat<\/strong><\/p>\n\n\n\n<p>Zigurat City er skapt av en gruppe talentfulle billedkunstnere som deler en visjon for Earth2s fremtid. Den kombinerer kunstnerskap og ambisjoner.<\/p>\n\n\n\n<p><strong>Motor City<\/strong><\/p>\n\n\n\n<p>En Earth2-megaby med bil- og racingtema, perfekt for bilentusiaster.<\/p>\n\n\n\n<p><strong>Minde\u00f8ya<\/strong><\/p>\n\n\n\n<p>Minde Island ligger i den vakre Marovo-lagunen p\u00e5 Salomon\u00f8yene (verdens st\u00f8rste saltvannslagune), og kan skilte med hundrevis av investorer, flere distrikter og en langsiktig visjon om suksess.<\/p>","protected":false},"excerpt":{"rendered":"<p>Shoon City Founded by Pacey, Shoon City is located alongside the E1 City of Minsk, which is the capital of Belarus. It stands out as the only megacity with roads completely surrounding an entire capital city.\u00a0Shoon City is strategically positioned for potential augmented reality (AR) features in the future and serves as an ideal space [&hellip;]<\/p>\n","protected":false},"author":1,"featured_media":0,"parent":0,"menu_order":0,"comment_status":"closed","ping_status":"closed","template":"","meta":{"footnotes":""},"_links":{"self":[{"href":"https:\/\/earth2.wiki\/nb\/wp-json\/wp\/v2\/pages\/169"}],"collection":[{"href":"https:\/\/earth2.wiki\/nb\/wp-json\/wp\/v2\/pages"}],"about":[{"href":"https:\/\/earth2.wiki\/nb\/wp-json\/wp\/v2\/types\/page"}],"author":[{"embeddable":true,"href":"https:\/\/earth2.wiki\/nb\/wp-json\/wp\/v2\/users\/1"}],"replies":[{"embeddable":true,"href":"https:\/\/earth2.wiki\/nb\/wp-json\/wp\/v2\/comments?post=169"}],"version-history":[{"count":9,"href":"https:\/\/earth2.wiki\/nb\/wp-json\/wp\/v2\/pages\/169\/revisions"}],"predecessor-version":[{"id":435,"href":"https:\/\/earth2.wiki\/nb\/wp-json\/wp\/v2\/pages\/169\/revisions\/435"}],"wp:attachment":[{"href":"https:\/\/earth2.wiki\/nb\/wp-json\/wp\/v2\/media?parent=169"}],"curies":[{"name":"wp","href":"https:\/\/api.w.org\/{rel}","templated":true}]}}