{"id":146,"date":"2024-04-14T18:57:19","date_gmt":"2024-04-14T17:57:19","guid":{"rendered":"https:\/\/earth2.wiki\/?page_id=146"},"modified":"2024-04-15T03:38:04","modified_gmt":"2024-04-15T02:38:04","slug":"automate-earth2-mining-with-civilians-ai","status":"publish","type":"page","link":"https:\/\/earth2.wiki\/nb\/automate-earth2-mining-with-civilians-ai\/","title":{"rendered":"Automatiser Earth2 Crypto-gruvedrift med sivile NFT (feat. AI)"},"content":{"rendered":"<p>Earth2 er en av de nyeste og mest spennende utviklingene i kryptogruvedriftens verden, og gir investorer muligheten til \u00e5 investere i virtuelle tomter og tjene penger p\u00e5 en rekke metoder, inkludert spill, e-handel og virtuell eiendom. Med den nylige kunngj\u00f8ringen av Civilians-funksjonen er det n\u00e5 mulig \u00e5 automatisere og optimalisere Earth2-kryptogruvedriftsrutinen din ytterligere ved hjelp av Civilians NFT.<\/p>\n\n\n\n<p>Civilians-funksjonen er et kraftig nytt verkt\u00f8y som gj\u00f8r det enklere og mer effektivt enn noensinne \u00e5 administrere Earth2-tomtene og -investeringene dine. I fremtiden vil Civilians utvikle seg til AI-drevne NPC-er i Earth2 Metaverse, som vil fylle den enorme og ubegrensede skalaen i Earth2 Metaverse.<\/p>\n\n\n\n<p>Med Civilians trenger du ikke lenger \u00e5 klikke i det uendelige for \u00e5 lade, starte raid eller dele ut bel\u00f8nninger. Med Civilians kan du enkelt administrere Earth2-investeringene dine.<\/p>\n\n\n\n<p>Enten du er en nybegynner eller en erfaren investor, kan sivile hjelpe deg med \u00e5 optimalisere ressursinvesteringene dine i Earth2 og maksimere fortjenesten. Ved \u00e5 gi deg datadrevet innsikt og anbefalinger kan geologer og fremtidige dataanalytikere hjelpe deg med \u00e5 ta informerte beslutninger om hvor du skal kj\u00f8pe og n\u00e5r du skal selge det virtuelle landet ditt, basert p\u00e5 markedstrender og -m\u00f8nstre.<\/p>\n\n\n\n<h1 class=\"wp-block-heading\">Fraksjoner, dvs. tro, religion i Earth2<\/h1>\n\n\n\n<p>Akkurat som menneskeheten i Earth1, er Earth2 Civilians en sv\u00e6rt mangfoldig gruppe mennesker med sin egen tro, sine egne verdier og kulturer. Akkurat som sine skapere i Earth1, havner Earth2 Civilians i konflikter og uenigheter mellom de tre ulike fraksjonene: Space Force, Rebels og Egyptian Gods and Followers.<\/p>\n\n\n\n<p>La oss se n\u00e6rmere p\u00e5 hver av disse fraksjonene for \u00e5 f\u00e5 en bedre forst\u00e5else av deres tro og verdier.<\/p>\n\n\n\n<h2 class=\"wp-block-heading\">Space Force Empire<\/h2>\n\n\n\n<p>Stabil og kontrollert (MBTI 'J' trives her),<\/p>\n\n\n\n<h5 class=\"wp-block-heading\">TAG: #Gryffindor, #Democrats, #BlueTeam, #Biden2024, #\uc815\ud30c, #<strong><strong>\u6b63\u6d3e<\/strong><\/strong>, #<strong><strong>\u305b\u3044\u3068\u3046<\/strong><\/strong>, <strong>\u0627\u0644\u0635\u0641\u0627\u0621<\/strong>,\u00a0<strong>ortodoks<\/strong>, &#8230;<\/h5>\n\n\n\n<p>Denne fraksjonen er i flertall og dominerer tradisjonelt markedet. De tror sterkt p\u00e5 \u00e5 opprettholde orden og disiplin i samfunnet, og de er sv\u00e6rt opptatt av romutforskning og teknologi. Mange av dem er sv\u00e6rt dyktige innen vitenskap og ingeni\u00f8rfag, og de tror at de ved hjelp av teknologi kan gj\u00f8re Earth2 til en velst\u00e5ende og blomstrende verden.<\/p>\n\n\n\n<h2 class=\"wp-block-heading\">Oppr\u00f8rske leiesoldater<\/h2>\n\n\n\n<p>Kreativitet og gjennombrudd (MBTI 'N\/P'-flertall)<\/p>\n\n\n\n<h5 class=\"wp-block-heading\">TAG: #Slytherin, #Republikanere, #RedTeam, #Trump2024, #\uc0ac\ud30c, #<strong>\u90aa\u6d3e<\/strong>...\u063a\u064a\u0631 \u062a\u0642\u0644\u064a\u062f\u064a, uortodoks, ...<\/h5>\n\n\n\n<p>Oppr\u00f8rerne, derimot, er motstandere av den forferdelige uniformiteten i Space Force-imperiet. De mener at Space Force undertrykker deres frihet og kreativitet, og \u00f8nsker \u00e5 etablere en verden der alle har frihet til \u00e5 uttrykke seg uten begrensninger. Rebeller blir ofte sett p\u00e5 som konfronterende og oppr\u00f8rske, men de er sv\u00e6rt lidenskapelig opptatt av sin tro og sine verdier.<\/p>\n\n\n\n<h2 class=\"wp-block-heading\">Egyptiske guder og tilhengere<\/h2>\n\n\n\n<p>Tradisjon og intuisjon (MBTI 'S'-flertall)<\/p>\n\n\n\n<h5 class=\"wp-block-heading\">TAG: #Primative, #Sigma, #NeutralNot, #ElvishDwarf, #Psycho, #RavenClaw, #\ub3c4\uc778, #\u5c0e\u5f15, #\u0633\u0627\u062d\u0631, #Magician<\/h5>\n\n\n\n<p>De egyptiske gudene og tilhengerne er den tredje og eldste fraksjonen av alle sivile. De er dypt forankret i tradisjonen og har en mystisk aura med r\u00f8tter tilbake til opprinnelsen til alle sivile ENA. De tilber gudene i det gamle Egypt og har en dyp respekt for deres kultur og eldgamle visdom. De har en sterk tro p\u00e5 reinkarnasjon og livet etter d\u00f8den. De blir ofte sett p\u00e5 som mystiske og spirituelle, og mange av dem har overnaturlige evner.<\/p>\n\n\n\n<p>Til tross for sine ulikheter har alle disse fraksjonene \u00e9n ting til felles: deres kj\u00e6rlighet til Earth2 Essence $$$$. De streber alle mot en bedre og mer fremgangsrik fremtid p\u00e5 Jord2, og alle jordboere vet at vi alle m\u00e5 trives og blomstre eller glede oss over h\u00e5pets langsomme d\u00f8d.<\/p>\n\n\n\n<p>Earth2 Civilians og Earthlings kan ha sine ulikheter, men de er alle forent under ett felles m\u00e5l: \u00e5 tjene mer penger $$$$, nei, \u00e5 gj\u00f8re verden til et bedre sted. Enten det er gjennom teknologi, kreativitet eller tradisjon, bidrar de alle til veksten og utviklingen av Earth2 Metaverse.<\/p>","protected":false},"excerpt":{"rendered":"<p>Earth2 is one of the newest and most exciting developments in the world of crypto mining, providing investors with the opportunity to invest in virtual plots of land and earn profits through a variety of methods, including gaming, eCommerce, and virtual real estate. With the recent announcement of the Civilians feature, it is now possible [&hellip;]<\/p>\n","protected":false},"author":1,"featured_media":0,"parent":0,"menu_order":0,"comment_status":"closed","ping_status":"closed","template":"","meta":{"footnotes":""},"_links":{"self":[{"href":"https:\/\/earth2.wiki\/nb\/wp-json\/wp\/v2\/pages\/146"}],"collection":[{"href":"https:\/\/earth2.wiki\/nb\/wp-json\/wp\/v2\/pages"}],"about":[{"href":"https:\/\/earth2.wiki\/nb\/wp-json\/wp\/v2\/types\/page"}],"author":[{"embeddable":true,"href":"https:\/\/earth2.wiki\/nb\/wp-json\/wp\/v2\/users\/1"}],"replies":[{"embeddable":true,"href":"https:\/\/earth2.wiki\/nb\/wp-json\/wp\/v2\/comments?post=146"}],"version-history":[{"count":5,"href":"https:\/\/earth2.wiki\/nb\/wp-json\/wp\/v2\/pages\/146\/revisions"}],"predecessor-version":[{"id":309,"href":"https:\/\/earth2.wiki\/nb\/wp-json\/wp\/v2\/pages\/146\/revisions\/309"}],"wp:attachment":[{"href":"https:\/\/earth2.wiki\/nb\/wp-json\/wp\/v2\/media?parent=146"}],"curies":[{"name":"wp","href":"https:\/\/api.w.org\/{rel}","templated":true}]}}