{"id":133,"date":"2024-04-14T18:46:12","date_gmt":"2024-04-14T17:46:12","guid":{"rendered":"https:\/\/earth2.wiki\/?page_id=133"},"modified":"2024-04-17T02:11:31","modified_gmt":"2024-04-17T01:11:31","slug":"learn-earth2-in-1-min","status":"publish","type":"page","link":"https:\/\/earth2.wiki\/nb\/learn-earth2-in-1-min\/","title":{"rendered":"L\u00e6r om Earth2 Metaverse p\u00e5 1 minutt!"},"content":{"rendered":"<p>Earth2 wiki er en felles dokumentdatabase og sosial portal for Earth2-entusiaster og nye jordboere.<\/p>\n\n\n\n<p>Velkommen til Earth2, den revolusjonerende nye metaverse-plattformen som lar brukerne utforske, skape og knytte kontakter i en helt ny verden. P\u00e5 bare ett minutt gir vi deg en oversikt over hva Earth2 metaverse handler om.<\/p>\n\n\n\n<figure class=\"wp-block-embed is-type-video is-provider-youtube wp-block-embed-youtube wp-embed-aspect-16-9 wp-has-aspect-ratio\"><div class=\"wp-block-embed__wrapper\">\n<iframe loading=\"lazy\" title=\"Jorden 2 - starten - 2020\" width=\"1170\" height=\"658\" src=\"https:\/\/www.youtube.com\/embed\/fa4hHBP-kOw?feature=oembed\" frameborder=\"0\" allow=\"accelerometer; autoplay; clipboard-write; encrypted-media; gyroscope; picture-in-picture; web-share\" referrerpolicy=\"strict-origin-when-cross-origin\" allowfullscreen><\/iframe>\n<\/div><figcaption class=\"wp-element-caption\">Fra den offisielle earth2.io YouToube-kanalen: <a href=\"https:\/\/www.youtube.com\/c\/Earth2\" target=\"_blank\" rel=\"noreferrer noopener\">Jorden 2 - YouTube<\/a><\/figcaption><\/figure>\n\n\n\n<p>La oss begynne med \u00e5 forklare begrepet Tiles. Enkelt sagt er fliser virtuelle landomr\u00e5der som best\u00e5r av millioner av sekskantede celler. Hver brikke representerer et unikt sted i verden og kan kj\u00f8pes, selges og tilpasses av brukerne.<\/p>\n\n\n\n<p>N\u00e5 kommer Raid, en spennende ny funksjon som lar spillerne sl\u00e5 seg sammen og utforske Earth2 sammen. Du kan ta p\u00e5 deg utfordringer og tjene bel\u00f8nninger, samtidig som du knytter b\u00e5nd med medspillere fra hele verden.<\/p>\n\n\n\n<p>Cydroids er dine personlige assistenter p\u00e5 Earth2. Disse virtuelle robotene kan programmeres til \u00e5 utf\u00f8re bestemte oppgaver, noe som gj\u00f8r livet ditt p\u00e5 Earth2 mye enklere. Forel\u00f8pig er hovedfunksjonen \"Raiding\", som gj\u00f8r det mulig \u00e5 utvinne Ether, r\u00e5stoffet i Earth2 EcoSym-\u00f8kosystemet. Du kan samle juveler og oppgradere cydroider for \u00e5 forbedre ytelsen. Noen cydroider, som legendariske og episke, er s\u00e5 sjeldne og begrensede at verdien kan stige i takt med at prisen p\u00e5 Essence-token stiger.<\/p>\n\n\n\n<p>Holo-Building er et kraftig verkt\u00f8y som gj\u00f8r det enkelt \u00e5 skape virtuelle strukturer. Holo-Building gj\u00f8r det enkelt og morsomt \u00e5 bygge et hus, en butikk eller et monument.<\/p>\n\n\n\n<p>Juveler er sjeldne og verdifulle gjenstander som du kan finne overalt i Earth2. \u00c5 samle p\u00e5 dem er en morsom og givende m\u00e5te \u00e5 utforske Earth2s enorme verden og bygge opp rikdommen din p\u00e5.<\/p>\n\n\n\n<p>Ressurser er livsnerven i Earth2. De er r\u00e5materialene du trenger for \u00e5 bygge og skape praktisk talt alt i verden. Fra maten du spiser til bygningene du bor i - ressurser er en viktig del av livet p\u00e5 Earth2.<\/p>\n\n\n<div class=\"wp-block-image\">\n<figure class=\"aligncenter size-large\"><img loading=\"lazy\" decoding=\"async\" width=\"1024\" height=\"533\" src=\"https:\/\/earth2.wiki\/wp-content\/uploads\/2024\/04\/image-9-1-1024x533.jpg\" alt=\"\" class=\"wp-image-551\" srcset=\"https:\/\/earth2.wiki\/wp-content\/uploads\/2024\/04\/image-9-1-1024x533.jpg 1024w, https:\/\/earth2.wiki\/wp-content\/uploads\/2024\/04\/image-9-1-300x156.jpg 300w, https:\/\/earth2.wiki\/wp-content\/uploads\/2024\/04\/image-9-1-768x400.jpg 768w, https:\/\/earth2.wiki\/wp-content\/uploads\/2024\/04\/image-9-1.jpg 1184w\" sizes=\"(max-width: 1024px) 100vw, 1024px\" \/><figcaption class=\"wp-element-caption\">Eiendommer som avgir Ether og ressurser<\/figcaption><\/figure><\/div>\n\n\n<p>Sivilbefolkningen er innbyggerne i Earth2. De lever livene sine omtrent som vi gj\u00f8r i den virkelige verden, men innenfor rammen av dette spennende nye metaverseet. Det kan v\u00e6re b\u00e5de underholdende og givende \u00e5 samhandle med dem.<\/p>\n\n\n\n<p>La oss til slutt snakke om de to typene energikilder som driver Earth2: R\u00f8d energi og gul energi. Red Energy er valutaen som brukes i Earth2 til transaksjoner i spillet, mens Yellow Energy brukes til \u00e5 drive selve den virtuelle verdenen.<\/p>\n\n\n\n<p>P\u00e5 bare ett minutt har du l\u00e6rt det grunnleggende om Earth2 metaverse-plattformen. Registrer deg i dag og begynn \u00e5 utforske denne spennende nye virtuelle verdenen!<\/p>","protected":false},"excerpt":{"rendered":"<p>Earth2 wiki is community document database and social portal for Earth2 enthusiasts and new Earthlings. Welcome to Earth2, the revolutionary new metaverse platform that allows users to explore, create, and connect in a whole new world. In just one minute, we&#8217;ll give you an overview of what Earth2 metaverse is all about. Let&#8217;s start by [&hellip;]<\/p>\n","protected":false},"author":1,"featured_media":0,"parent":0,"menu_order":0,"comment_status":"closed","ping_status":"closed","template":"","meta":{"footnotes":""},"_links":{"self":[{"href":"https:\/\/earth2.wiki\/nb\/wp-json\/wp\/v2\/pages\/133"}],"collection":[{"href":"https:\/\/earth2.wiki\/nb\/wp-json\/wp\/v2\/pages"}],"about":[{"href":"https:\/\/earth2.wiki\/nb\/wp-json\/wp\/v2\/types\/page"}],"author":[{"embeddable":true,"href":"https:\/\/earth2.wiki\/nb\/wp-json\/wp\/v2\/users\/1"}],"replies":[{"embeddable":true,"href":"https:\/\/earth2.wiki\/nb\/wp-json\/wp\/v2\/comments?post=133"}],"version-history":[{"count":18,"href":"https:\/\/earth2.wiki\/nb\/wp-json\/wp\/v2\/pages\/133\/revisions"}],"predecessor-version":[{"id":552,"href":"https:\/\/earth2.wiki\/nb\/wp-json\/wp\/v2\/pages\/133\/revisions\/552"}],"wp:attachment":[{"href":"https:\/\/earth2.wiki\/nb\/wp-json\/wp\/v2\/media?parent=133"}],"curies":[{"name":"wp","href":"https:\/\/api.w.org\/{rel}","templated":true}]}}