{"id":158,"date":"2024-04-14T19:04:14","date_gmt":"2024-04-14T18:04:14","guid":{"rendered":"https:\/\/earth2.wiki\/?page_id=158"},"modified":"2024-04-15T04:01:03","modified_gmt":"2024-04-15T03:01:03","slug":"earth2-red-yellow-energy-in-1-min","status":"publish","type":"page","link":"https:\/\/earth2.wiki\/lv\/earth2-red-yellow-energy-in-1-min\/","title":{"rendered":"Earth2 Sarkan\u0101 un dzelten\u0101 ener\u0123ija 1 min"},"content":{"rendered":"<p>Earth2 ir virtu\u0101la pasaule, kuras m\u0113r\u0137is ir rad\u012bt jauna veida ekonomiku, kuras pamat\u0101 ir virtu\u0101las zemes \u012bpa\u0161umties\u012bbas. Earth2 ir da\u013ca no t\u0101s pla\u0161\u0101s sp\u0113les meh\u0101nikas, un taj\u0101 ir ieviesti divu veidu ener\u0123ijas veidi - sarkan\u0101 un dzelten\u0101 ener\u0123ija. \u0160aj\u0101 rakst\u0101 m\u0113s p\u0113t\u0101m, ko noz\u012bm\u0113 \u0161\u012bs divas ener\u0123ijas un k\u0101 t\u0101s ietekm\u0113 sp\u0113les pasauli.<\/p>\n\n\n\n<h2 class=\"wp-block-heading\">Sarkan\u0101 ener\u0123ija: Zemes dz\u012bv\u012bbas pamats2<\/h2>\n\n\n\n<p>Sarkan\u0101 ener\u0123ija tiek \u0123ener\u0113ta tikai veiksm\u012bgu uzbrukumu rezult\u0101t\u0101 citu sp\u0113l\u0113t\u0101ju teritorij\u0101s. Pa\u0161laik lietot\u0101js nevar to ieg\u0101d\u0101ties vai p\u0101rdot. Tas ir b\u016btisks resurss sp\u0113l\u0113, jo to izmanto, lai sintez\u0113tu civiliedz\u012bvot\u0101jus, kas ir nepiecie\u0161ami kalnr\u016bpniec\u012bbas automatiz\u0101cijai. Bez sarkan\u0101s ener\u0123ijas Zemes2 civiliedz\u012bvot\u0101jus nav iesp\u0113jams rad\u012bt, un tos var tirgot tikai starp sp\u0113l\u0113t\u0101jiem Baz\u0101r\u0101. Jo vair\u0101k Sarkan\u0101s ener\u0123ijas sp\u0113l\u0113t\u0101js uzkr\u0101j, jo vair\u0101k Civili\u0101nus vi\u0146\u0161 var sara\u017eot, kas \u013cauj vi\u0146am automatiz\u0113t raiderismu un doties atva\u013cin\u0101jum\u0101 - g\u016bt pas\u012bvus ien\u0101kumus.<\/p>\n\n\n\n<h2 class=\"wp-block-heading\">Dzelten\u0101 ener\u0123ija: Labu darbu atalgojums<\/h2>\n\n\n\n<p>At\u0161\u0137ir\u012bb\u0101 no sarkan\u0101s ener\u0123ijas dzelten\u0101 ener\u0123ija ir atl\u012bdz\u012bba par labiem darbiem Earth2. T\u0101 tiek \u0123ener\u0113ta, kad sp\u0113l\u0113t\u0101js dod pozit\u012bvu ieguld\u012bjumu sp\u0113les kopien\u0101. Tas ir nenoteikts, bet sv\u0113t\u012bgs resurss, l\u012bdz\u012bgi k\u0101 veiksme. Glu\u017ei t\u0101pat k\u0101 Sp\u0113l\u0113 \u0123en\u0113ze un \u0112denas kaln\u0101, Dievs vai Zvaigzne var m\u016bs sv\u0113t\u012bt ar veiksmi, ja m\u0113s visi r\u012bkosimies labi.<\/p>\n\n\n\n<p>At\u0161\u0137ir\u012bb\u0101 no citiem ener\u0123ijas veidiem dzelteno ener\u0123iju nevar ieg\u0101d\u0101ties, un t\u0101 ir j\u0101nopelna da\u017e\u0101dos veidos, piem\u0113ram, izpildot uzdevumus vai pan\u0101kumus. Dzelten\u0101s ener\u0123ijas daudzums ir ierobe\u017eots, un tas noz\u012bm\u0113, ka t\u0101 ir v\u0113rt\u012bgs sp\u0113les resurss. Lai ieg\u016btu dzelteno ener\u0123iju, sp\u0113l\u0113t\u0101jiem ir j\u0101iegulda savi talanti un resursi Earth2 metavers\u0101l\u0101.<\/p>\n\n\n\n<p><\/p>","protected":false},"excerpt":{"rendered":"<p>Earth2 is a virtual world that aims to create a new type of economy based on virtual land ownership. As part of its extensive gameplay mechanics, Earth2 introduces two types of energy, red and yellow energy. In this article, we explore what these two energies mean and how they impact the game world. Red Energy: [&hellip;]<\/p>\n","protected":false},"author":1,"featured_media":0,"parent":0,"menu_order":0,"comment_status":"closed","ping_status":"closed","template":"","meta":{"footnotes":""},"_links":{"self":[{"href":"https:\/\/earth2.wiki\/lv\/wp-json\/wp\/v2\/pages\/158"}],"collection":[{"href":"https:\/\/earth2.wiki\/lv\/wp-json\/wp\/v2\/pages"}],"about":[{"href":"https:\/\/earth2.wiki\/lv\/wp-json\/wp\/v2\/types\/page"}],"author":[{"embeddable":true,"href":"https:\/\/earth2.wiki\/lv\/wp-json\/wp\/v2\/users\/1"}],"replies":[{"embeddable":true,"href":"https:\/\/earth2.wiki\/lv\/wp-json\/wp\/v2\/comments?post=158"}],"version-history":[{"count":2,"href":"https:\/\/earth2.wiki\/lv\/wp-json\/wp\/v2\/pages\/158\/revisions"}],"predecessor-version":[{"id":311,"href":"https:\/\/earth2.wiki\/lv\/wp-json\/wp\/v2\/pages\/158\/revisions\/311"}],"wp:attachment":[{"href":"https:\/\/earth2.wiki\/lv\/wp-json\/wp\/v2\/media?parent=158"}],"curies":[{"name":"wp","href":"https:\/\/api.w.org\/{rel}","templated":true}]}}