{"id":138,"date":"2024-04-14T18:51:17","date_gmt":"2024-04-14T17:51:17","guid":{"rendered":"https:\/\/earth2.wiki\/?page_id=138"},"modified":"2024-04-19T10:04:17","modified_gmt":"2024-04-19T09:04:17","slug":"earth2-tiles-in-1-min","status":"publish","type":"page","link":"https:\/\/earth2.wiki\/lv\/earth2-tiles-in-1-min\/","title":{"rendered":"Uzziniet vair\u0101k par Earth2 Zem\u0113m (Fl\u012bzes) 1 min\u016bt\u0113!"},"content":{"rendered":"<p>Pl\u0101ksnes ir zemes vien\u012bbas, ko ieg\u0101d\u0101jas Earth2 ekosist\u0113m\u0101, un t\u0101s rada da\u017e\u0101dus resursus. Earth2 ir metavers\u0101la platforma, kas \u013cauj lietot\u0101jiem ieg\u0101d\u0101ties, ieg\u016bt sav\u0101 \u012bpa\u0161um\u0101, dz\u012bvot un tirgoties ar virtu\u0101lo zemi.<\/p>\n\n\n\n<p>Pl\u0101ksnes ir Earth2 ekosist\u0113mas zemes pamatvien\u012bbas. T\u0101s ir l\u012bdzv\u0113rt\u012bgas 10 m x 10 m zemes gabalam re\u0101laj\u0101 pasaul\u0113. Viena no fl\u012b\u017eu unik\u0101laj\u0101m \u012bpa\u0161\u012bb\u0101m ir t\u0101, ka t\u0101s iztvaic\u0113 \u0113teri - digit\u0101l\u0101s val\u016btas veidu. P\u0113c tam \u0161is \u0113teris tiek sav\u0101kts un p\u0101rveidots esenc\u0113, ko var izmantot da\u017e\u0101diem m\u0113r\u0137iem, piem\u0113ram, civiliz\u0101ciju, cidroidu un citu virtu\u0101lo akt\u012bvu ieg\u0101dei.<\/p>\n\n\n\n<p>Papildus \u0113tera \u0123ener\u0113\u0161anai fl\u012bzes ra\u017eo ar\u012b t\u0101dus resursus k\u0101 nafta, zelts, sudrabs, koksne, \u016bdens u. c., kurus var izmantot b\u016bvju b\u016bv\u0113\u0161anai un materi\u0101lu ra\u017eo\u0161anai. Tas samazina nepiecie\u0161am\u012bbu lietot\u0101jiem ieg\u0101d\u0101ties \u0161os resursus citur, padarot zemes \u012bpa\u0161umties\u012bbas Earth2 par pa\u0161pietiekam\u0101k\u0101m.<\/p>\n\n\n\n<p>Kad ieg\u0101d\u0101jaties zemi Earth2, t\u0101 tiek uzskat\u012bta par jums piedero\u0161u akt\u012bvu, l\u012bdz\u012bgi k\u0101 bankas konta izraksts. P\u0113c tam j\u016bs varat p\u0101rdot savu zemi tirg\u016b ikvienam, kas ir ieinteres\u0113ts to ieg\u0101d\u0101ties. Da\u017eas augst\u0101k\u0101s kvalit\u0101tes zemes, piem\u0113ram, Br\u012bv\u012bbas statuja \u0145ujork\u0101, jau ir p\u0101rdotas par vair\u0101k nek\u0101 $50 000 USD.<\/p>\n\n\n\n<p>Earth2 zemes un fl\u012bzes ir kas vair\u0101k nek\u0101 tikai virtu\u0101ls nekustamais \u012bpa\u0161ums - tie ir akt\u012bvi, kas var rad\u012bt ien\u0101kumu pl\u016bsmas un kurus var tirgot par iev\u0113rojam\u0101m naudas summ\u0101m. Ja jums pieder Earth2 zeme, j\u016bs varat ne tikai izmantot virtu\u0101l\u0101 nekustam\u0101 \u012bpa\u0161uma potenci\u0101los finansi\u0101los ieguvumus, bet ar\u012b piedal\u012bties jaunas glob\u0101las kopienas veido\u0161an\u0101 \u0161aj\u0101 metavers\u0101l\u0101 platform\u0101.<\/p>\n\n\n\n<figure class=\"wp-block-table\"><table><thead><tr><th>FUNKCIJAS<\/th><th>1. L\u012aMENIS<\/th><th>2. L\u012aMENIS<\/th><\/tr><\/thead><tbody><tr><td>Pl\u0101ksnes ieg\u0101des veidi<\/td><td>Tirgus laukums (starpsp\u0113l\u0113t\u0101ju apmai\u0146a) \/ Paaugstin\u0101\u0161ana no 2. l\u012bme\u0146a (n\u0101kotnes funkcija)<\/td><td>E2 \/ Tirgus laukums (sp\u0113l\u0113t\u0101js-sp\u0113l\u0113t\u0101jam)<\/td><\/tr><tr><td>Fl\u012b\u017eu cena<\/td><td>Cenu strukt\u016bra netiek main\u012bta.<\/td><td>Pieejama b\u0101zes klases pl\u0101ksne ar ierobe\u017eotiem atrib\u016btiem, kuras cena s\u0101kas no E$0.10.<\/td><\/tr><tr><td>Fl\u012b\u017eu cena<\/td><td>Cenu strukt\u016bra netiek main\u012bta.<\/td><td>Pieejama b\u0101zes klases pl\u0101ksne ar ierobe\u017eotiem atrib\u016btiem, kuras cena s\u0101kas no E$0.10.<\/td><\/tr><tr><td>LIT (periodisk\u0101 pr\u0113mija)<\/td><td>J\u0101<\/td><td>N\u0113<\/td><\/tr><tr><td>EPL<\/td><td>J\u0101<\/td><td>N\u0113<\/td><\/tr><tr><td>Zemes klase<\/td><td>1-5<\/td><td>N\u0113<\/td><\/tr><tr><td>Apsol\u012bt\u0101 esence (EDC)<\/td><td>Tikai s\u0101kotn\u0113jiem 1. l\u012bme\u0146a \u012bpa\u0161umiem, ko pie\u0161\u0137\u012brusi 2. zeme (nevis uzlabotajiem 1. l\u012bme\u0146a \u012bpa\u0161umiem).<\/td><td>N\u0113<\/td><\/tr><tr><td>\u0112tera un esences konversija<\/td><td>Garant\u0113ts<\/td><td>Neparedzams<\/td><\/tr><tr><td>B\u016bt\u012bbas \u0123ener\u0113\u0161ana<\/td><td>Garant\u0113ts<\/td><td>Neparedzams<\/td><\/tr><tr><td>D\u0101rgakme\u0146u n\u0101rsto\u0161ana<\/td><td>Tirgus laukums (starpsp\u0113l\u0113t\u0101ju apmai\u0146a) \/ Paaugstin\u0101\u0161ana no 2. l\u012bme\u0146a (n\u0101kotnes funkcija)<\/td><td>E2 \/ Tirgus laukums (sp\u0113l\u0113t\u0101js-sp\u0113l\u0113t\u0101jam)<\/td><\/tr><tr><td>D\u0101rgakme\u0146u sp\u0113\u013cu autom\u0101ti<\/td><td>5 vai vair\u0101k<\/td><td>3<\/td><\/tr><tr><td>Ieteikuma koda bonuss<\/td><td>7.5%<\/td><td>5%<\/td><\/tr><tr><td>Nor\u012bkojuma kods Nosaukums<\/td><td>Piel\u0101gojami<\/td><td>Visp\u0101r\u012bgi \u0123ener\u0113ts<\/td><\/tr><tr><td>EcoSim Building Cap*<\/td><td>N\u0113<\/td><td>J\u0101<\/td><\/tr><tr><td>Atkl\u0101jamie resursi*<\/td><td>Pilns<\/td><td>Ierobe\u017eots<\/td><\/tr><tr><td>Resursu pies\u0101tin\u0101jums*<\/td><td>Parasts<\/td><td>Ierobe\u017eots<\/td><\/tr><tr><td>P\u0101rvald\u012bba*<\/td><td>Pilns<\/td><td>At\u0161\u0137aid\u012bts<\/td><\/tr><tr><td>Var\u0113s atbalst\u012bt rekl\u0101mas*<\/td><td>J\u0101<\/td><td>N\u0113<\/td><\/tr><tr><td>Papildu pr\u0113mijas, kas tiks pie\u0161\u0137irtas pak\u0101peniski*<\/td><td>J\u0101<\/td><td>Ierobe\u017eots<\/td><\/tr><\/tbody><\/table><\/figure>\n\n\n\n<p>* = dr\u012bzum\u0101 \/ tiks atkl\u0101ts v\u0113l\u0101k<\/p>","protected":false},"excerpt":{"rendered":"<p>Tile is the purchase units of land in Earth2 ecosystem, and they generate various resources. Earth2 is a metaverse platform that allows users to purchase, own, live and trade virtual land. Tiles are the basic units of land in the Earth2 ecosystem. They are equivalent to a 10m x 10m plot of land in the [&hellip;]<\/p>\n","protected":false},"author":1,"featured_media":0,"parent":0,"menu_order":0,"comment_status":"closed","ping_status":"closed","template":"","meta":{"footnotes":""},"_links":{"self":[{"href":"https:\/\/earth2.wiki\/lv\/wp-json\/wp\/v2\/pages\/138"}],"collection":[{"href":"https:\/\/earth2.wiki\/lv\/wp-json\/wp\/v2\/pages"}],"about":[{"href":"https:\/\/earth2.wiki\/lv\/wp-json\/wp\/v2\/types\/page"}],"author":[{"embeddable":true,"href":"https:\/\/earth2.wiki\/lv\/wp-json\/wp\/v2\/users\/1"}],"replies":[{"embeddable":true,"href":"https:\/\/earth2.wiki\/lv\/wp-json\/wp\/v2\/comments?post=138"}],"version-history":[{"count":5,"href":"https:\/\/earth2.wiki\/lv\/wp-json\/wp\/v2\/pages\/138\/revisions"}],"predecessor-version":[{"id":632,"href":"https:\/\/earth2.wiki\/lv\/wp-json\/wp\/v2\/pages\/138\/revisions\/632"}],"wp:attachment":[{"href":"https:\/\/earth2.wiki\/lv\/wp-json\/wp\/v2\/media?parent=138"}],"curies":[{"name":"wp","href":"https:\/\/api.w.org\/{rel}","templated":true}]}}