{"id":133,"date":"2024-04-14T18:46:12","date_gmt":"2024-04-14T17:46:12","guid":{"rendered":"https:\/\/earth2.wiki\/?page_id=133"},"modified":"2024-04-17T02:11:31","modified_gmt":"2024-04-17T01:11:31","slug":"learn-earth2-in-1-min","status":"publish","type":"page","link":"https:\/\/earth2.wiki\/lv\/learn-earth2-in-1-min\/","title":{"rendered":"Uzzini par Earth2 Metaversu 1 min\u016bt\u0113!"},"content":{"rendered":"<p>Earth2 wiki ir kopienas dokumentu datub\u0101ze un soci\u0101lais port\u0101ls Earth2 entuziastiem un jaunajiem Zemes iedz\u012bvot\u0101jiem.<\/p>\n\n\n\n<p>Laipni l\u016bgti Earth2 - revolucion\u0101r\u0101 jaunaj\u0101 metavers\u0101l\u0101, kas \u013cauj lietot\u0101jiem p\u0113t\u012bt, rad\u012bt un sazin\u0101ties piln\u012bgi jaun\u0101 pasaul\u0113. Tikai vienas min\u016btes laik\u0101 m\u0113s sniegsim jums p\u0101rskatu par to, kas ir Earth2 metaverss.<\/p>\n\n\n\n<figure class=\"wp-block-embed is-type-video is-provider-youtube wp-block-embed-youtube wp-embed-aspect-16-9 wp-has-aspect-ratio\"><div class=\"wp-block-embed__wrapper\">\n<iframe loading=\"lazy\" title=\"Zeme 2 uzs\u0101k\u0161ana - 2020\" width=\"1170\" height=\"658\" src=\"https:\/\/www.youtube.com\/embed\/fa4hHBP-kOw?feature=oembed\" frameborder=\"0\" allow=\"accelerometer; autoplay; clipboard-write; encrypted-media; gyroscope; picture-in-picture; web-share\" referrerpolicy=\"strict-origin-when-cross-origin\" allowfullscreen><\/iframe>\n<\/div><figcaption class=\"wp-element-caption\">No ofici\u0101l\u0101 earth2.io YouToube kan\u0101la: <a href=\"https:\/\/www.youtube.com\/c\/Earth2\" target=\"_blank\" rel=\"noreferrer noopener\">Zeme 2 - YouTube<\/a><\/figcaption><\/figure>\n\n\n\n<p>S\u0101ksim ar skaidrojumu par fl\u012b\u017eu j\u0113dzienu. Vienk\u0101r\u0161\u0101k sakot, fl\u012bzes ir virtu\u0101li zemes gabali, kas sast\u0101v no miljoniem se\u0161st\u016brainu \u0161\u016bnu. Katra pl\u0101ksne ir unik\u0101la vieta pasaul\u0113, un lietot\u0101ji to var pirkt, p\u0101rdot un piel\u0101got.<\/p>\n\n\n\n<p>N\u0101kamais ir Raid - aizraujo\u0161a jauna funkcija, kas \u013cauj sp\u0113l\u0113t\u0101jiem apvienoties komand\u0101 un kop\u0101 izp\u0113t\u012bt Earth2. J\u016bs varat pie\u0146emt izaicin\u0101jumus un nopeln\u012bt balvas, vienlaikus veidojot saikni ar citiem sp\u0113l\u0113t\u0101jiem no visas pasaules.<\/p>\n\n\n\n<p>Cidroidi ir j\u016bsu person\u012bgie pal\u012bgi uz Zemes2. \u0160os virtu\u0101los robotus var ieprogramm\u0113t konkr\u0113tu uzdevumu veik\u0161anai, t\u0101d\u0113j\u0101di atvieglojot j\u016bsu dz\u012bvi uz Zemes2. Pagaid\u0101m t\u0101 galven\u0101 funkcija ir \"Raiding\", kas \u013cauj ieg\u016bt \u0113teru, Earth2 EcoSym - ekosist\u0113mas izejvielu. J\u016bs varat izvietot d\u0101rgakme\u0146us un uzlabot cydroid, lai uzlabotu veiktsp\u0113ju. Da\u017ei cydroidi, piem\u0113ram, le\u0123end\u0101rie un episkie, ir \u0101rk\u0101rt\u012bgi reti un ierobe\u017eoti, t\u0101p\u0113c to v\u0113rt\u012bba var pieaugt l\u012bdz ar \u0113terisko \u017eetonu cenas palielin\u0101\u0161anos.<\/p>\n\n\n\n<p>Holo-Building ir jaud\u012bgs r\u012bks, kas \u013cauj lietot\u0101jiem viegli izveidot virtu\u0101las strukt\u016bras. Neatkar\u012bgi no t\u0101, vai veidojat m\u0101ju, veikalu vai pieminekli, ar Holo-Building tas ir vienk\u0101r\u0161i un jautri.<\/p>\n\n\n\n<p>D\u0101rgakme\u0146i ir reti un v\u0113rt\u012bgi priek\u0161meti, kurus var atrast vis\u0101 Earth2. To v\u0101k\u0161ana ir jautrs un noder\u012bgs veids, k\u0101 iepaz\u012bt pla\u0161o Earth2 pasauli un uzkr\u0101t savu bag\u0101t\u012bbu.<\/p>\n\n\n\n<p>Resursi ir Zemes dz\u012bv\u012bbas avots2. T\u0101s ir izejvielas, kas jums b\u016bs nepiecie\u0161amas, lai uzb\u016bv\u0113tu un rad\u012btu praktiski visu pasaul\u0113. Resursi ir b\u016btiska Earth2 dz\u012bves sast\u0101vda\u013ca - no p\u0101rtikas, ko \u0113dat, l\u012bdz \u0113k\u0101m, kur\u0101s dz\u012bvojat.<\/p>\n\n\n<div class=\"wp-block-image\">\n<figure class=\"aligncenter size-large\"><img loading=\"lazy\" decoding=\"async\" width=\"1024\" height=\"533\" src=\"https:\/\/earth2.wiki\/wp-content\/uploads\/2024\/04\/image-9-1-1024x533.jpg\" alt=\"\" class=\"wp-image-551\" srcset=\"https:\/\/earth2.wiki\/wp-content\/uploads\/2024\/04\/image-9-1-1024x533.jpg 1024w, https:\/\/earth2.wiki\/wp-content\/uploads\/2024\/04\/image-9-1-300x156.jpg 300w, https:\/\/earth2.wiki\/wp-content\/uploads\/2024\/04\/image-9-1-768x400.jpg 768w, https:\/\/earth2.wiki\/wp-content\/uploads\/2024\/04\/image-9-1.jpg 1184w\" sizes=\"(max-width: 1024px) 100vw, 1024px\" \/><figcaption class=\"wp-element-caption\">\u012apa\u0161umi, kas emit\u0113 E-ter un resursus<\/figcaption><\/figure><\/div>\n\n\n<p>Civiliedz\u012bvot\u0101ji ir Zemes2 iedz\u012bvot\u0101ji. Vi\u0146i dz\u012bvo l\u012bdz\u012bgi k\u0101 m\u0113s re\u0101laj\u0101 pasaul\u0113, ta\u010du \u0161aj\u0101 aizraujo\u0161aj\u0101 jaunaj\u0101 metavers\u0101l\u0101. Saskarsme ar vi\u0146iem var b\u016bt gan izklaid\u0113jo\u0161a, gan lietder\u012bga.<\/p>\n\n\n\n<p>Visbeidzot, past\u0101st\u012bsim par divu veidu ener\u0123ijas avotiem, kas darbina Earth2: Sarkan\u0101 ener\u0123ija un dzelten\u0101 ener\u0123ija. Sarkan\u0101 ener\u0123ija ir val\u016bta, ko Earth2 izmanto sp\u0113les dar\u012bjumiem, savuk\u0101rt dzelten\u0101 ener\u0123ija tiek izmantota pa\u0161as virtu\u0101l\u0101s pasaules darbin\u0101\u0161anai.<\/p>\n\n\n\n<p>Tikai vienas min\u016btes laik\u0101 esat iepazinies ar Earth2 metaversejas platformas pamatiem. Re\u0123istr\u0113jieties jau \u0161odien un s\u0101ciet iepaz\u012bt \u0161o aizraujo\u0161o jauno virtu\u0101lo pasauli!<\/p>","protected":false},"excerpt":{"rendered":"<p>Earth2 wiki is community document database and social portal for Earth2 enthusiasts and new Earthlings. Welcome to Earth2, the revolutionary new metaverse platform that allows users to explore, create, and connect in a whole new world. In just one minute, we&#8217;ll give you an overview of what Earth2 metaverse is all about. Let&#8217;s start by [&hellip;]<\/p>\n","protected":false},"author":1,"featured_media":0,"parent":0,"menu_order":0,"comment_status":"closed","ping_status":"closed","template":"","meta":{"footnotes":""},"_links":{"self":[{"href":"https:\/\/earth2.wiki\/lv\/wp-json\/wp\/v2\/pages\/133"}],"collection":[{"href":"https:\/\/earth2.wiki\/lv\/wp-json\/wp\/v2\/pages"}],"about":[{"href":"https:\/\/earth2.wiki\/lv\/wp-json\/wp\/v2\/types\/page"}],"author":[{"embeddable":true,"href":"https:\/\/earth2.wiki\/lv\/wp-json\/wp\/v2\/users\/1"}],"replies":[{"embeddable":true,"href":"https:\/\/earth2.wiki\/lv\/wp-json\/wp\/v2\/comments?post=133"}],"version-history":[{"count":18,"href":"https:\/\/earth2.wiki\/lv\/wp-json\/wp\/v2\/pages\/133\/revisions"}],"predecessor-version":[{"id":552,"href":"https:\/\/earth2.wiki\/lv\/wp-json\/wp\/v2\/pages\/133\/revisions\/552"}],"wp:attachment":[{"href":"https:\/\/earth2.wiki\/lv\/wp-json\/wp\/v2\/media?parent=133"}],"curies":[{"name":"wp","href":"https:\/\/api.w.org\/{rel}","templated":true}]}}