{"id":47,"date":"2024-04-14T14:33:30","date_gmt":"2024-04-14T13:33:30","guid":{"rendered":"https:\/\/earth2.wiki\/?page_id=47"},"modified":"2024-04-14T14:35:17","modified_gmt":"2024-04-14T13:35:17","slug":"privacy-policy","status":"publish","type":"page","link":"https:\/\/earth2.wiki\/lt\/privacy-policy\/","title":{"rendered":"Privatumo politika"},"content":{"rendered":"<h2 class=\"wp-block-heading\">Kas mes esame<\/h2>\n\n\n\n<p>M\u016bs\u0173 svetain\u0117s adresas: https:\/\/earth2.wiki.<\/p>\n\n\n\n<h2 class=\"wp-block-heading\">Komentarai<\/h2>\n\n\n\n<p><strong class=\"privacy-policy-tutorial\">Si\u016blomas tekstas: <\/strong>Kai lankytojai svetain\u0117je palieka komentarus, renkame komentar\u0173 formoje nurodytus duomenis, taip pat lankytojo IP adres\u0105 ir nar\u0161ykl\u0117s naudotojo agento eilut\u0119, kad b\u016bt\u0173 lengviau aptikti nepageidaujamus lai\u0161kus.<\/p>\n\n\n\n<p>I\u0161 j\u016bs\u0173 el. pa\u0161to adreso sukurta anonimin\u0117 eilut\u0117 (dar vadinama hash) gali b\u016bti pateikta \"Gravatar\" paslaugai, kad b\u016bt\u0173 galima nustatyti, ar j\u0105 naudojate. \"Gravatar\" paslaugos privatumo politik\u0105 galite rasti \u010dia: https:\/\/automattic.com\/privacy\/. Patvirtinus j\u016bs\u0173 komentar\u0105, j\u016bs\u0173 profilio nuotrauka matoma vie\u0161ai, atsi\u017evelgiant \u012f j\u016bs\u0173 komentaro kontekst\u0105.<\/p>\n\n\n\n<h2 class=\"wp-block-heading\">\u017diniasklaida<\/h2>\n\n\n\n<p>Jei \u012f svetain\u0119 \u012fkeliate vaizdus, tur\u0117tum\u0117te vengti \u012fkelti vaizdus su \u012fterptais buvimo vietos duomenimis (EXIF GPS). Svetain\u0117s lankytojai gali atsisi\u0173sti ir i\u0161 svetain\u0117s vaizd\u0173 i\u0161gauti bet kokius buvimo vietos duomenis.<\/p>\n\n\n\n<h2 class=\"wp-block-heading\">Slapukai<\/h2>\n\n\n\n<p>Jei m\u016bs\u0173 svetain\u0117je paliekate komentar\u0105, galite sutikti, kad j\u016bs\u0173 vardas, el. pa\u0161to adresas ir svetain\u0117 b\u016bt\u0173 \u012fra\u0161yti \u012f slapukus. Tai daroma j\u016bs\u0173 patogumui, kad jums nereik\u0117t\u0173 i\u0161 naujo pildyti savo duomen\u0173, kai paliekate kit\u0105 komentar\u0105. \u0160ie slapukai galioja vienerius metus.<\/p>\n\n\n\n<p>Jei apsilankysite m\u016bs\u0173 prisijungimo puslapyje, nustatysime laikin\u0105 slapuk\u0105, kad nustatytume, ar j\u016bs\u0173 nar\u0161ykl\u0117 priima slapukus. \u0160iame slapuke n\u0117ra joki\u0173 asmenini\u0173 duomen\u0173 ir jis i\u0161metamas, kai u\u017edarote nar\u0161ykl\u0119.<\/p>\n\n\n\n<p>Kai prisijungiate, taip pat nustatome kelis slapukus, kad i\u0161saugotume j\u016bs\u0173 prisijungimo informacij\u0105 ir ekrano rodymo pasirinkimus. Prisijungimo slapukai galioja dvi dienas, o ekrano parink\u010di\u0173 slapukai - metus. Jei pasirinksite \"Prisiminti mane\", j\u016bs\u0173 prisijungimo duomenys i\u0161liks dvi savaites. Jei i\u0161eisite i\u0161 paskyros, prisijungimo slapukai bus pa\u0161alinti.<\/p>\n\n\n\n<p>Jei redaguojate arba publikuojate straipsn\u012f, j\u016bs\u0173 nar\u0161ykl\u0117je bus i\u0161saugotas papildomas slapukas. \u0160iame slapuke n\u0117ra joki\u0173 asmenini\u0173 duomen\u0173, jame tiesiog nurodomas straipsnio, kur\u012f k\u0105 tik redagavote, skelbimo ID. Jis nustoja galioti po 1 dienos.<\/p>\n\n\n\n<h2 class=\"wp-block-heading\">\u012eterptasis turinys i\u0161 kit\u0173 svetaini\u0173<\/h2>\n\n\n\n<p>\u0160ios svetain\u0117s straipsniuose gali b\u016bti \u012fterpto turinio (pvz., vaizdo \u012fra\u0161\u0173, paveiksl\u0117li\u0173, straipsni\u0173 ir kt.). \u012eterptasis turinys i\u0161 kit\u0173 svetaini\u0173 elgiasi lygiai taip pat, tarsi lankytojas b\u016bt\u0173 apsilank\u0119s kitoje svetain\u0117je.<\/p>\n\n\n\n<p>\u0160iose svetain\u0117se gali b\u016bti renkami duomenys apie jus, naudojami slapukai, \u012fterpiamas papildomas tre\u010di\u0173j\u0173 \u0161ali\u0173 steb\u0117jimas ir stebima j\u016bs\u0173 s\u0105veika su \u012fterptu turiniu, \u012fskaitant j\u016bs\u0173 s\u0105veikos su \u012fterptu turiniu steb\u0117jim\u0105, jei turite paskyr\u0105 ir esate prisijung\u0119 prie tos svetain\u0117s.<\/p>\n\n\n\n<h2 class=\"wp-block-heading\">Su kuo dalijam\u0117s j\u016bs\u0173 duomenimis<\/h2>\n\n\n\n<p>Jei papra\u0161ysite i\u0161 naujo nustatyti slapta\u017eod\u012f, j\u016bs\u0173 IP adresas bus \u012ftrauktas \u012f naujo slapta\u017eod\u017eio el. lai\u0161k\u0105.<\/p>\n\n\n\n<h2 class=\"wp-block-heading\">Kiek laiko saugome j\u016bs\u0173 duomenis<\/h2>\n\n\n\n<p>Jei paliekate komentar\u0105, komentaras ir jo metaduomenys saugomi neribot\u0105 laik\u0105. Taip yra tam, kad gal\u0117tume automati\u0161kai atpa\u017einti ir patvirtinti visus tolesnius komentarus, u\u017euot laik\u0119 juos moderavimo eil\u0117je.<\/p>\n\n\n\n<p>Naudotoj\u0173, kurie registruojasi m\u016bs\u0173 svetain\u0117je (jei toki\u0173 yra), asmenin\u0119 informacij\u0105 taip pat saugome j\u0173 naudotojo profilyje. Visi naudotojai gali bet kada per\u017ei\u016br\u0117ti, redaguoti ar i\u0161trinti savo asmenin\u0119 informacij\u0105 (i\u0161skyrus tai, kad jie negali pakeisti savo naudotojo vardo). Svetain\u0117s administratoriai taip pat gali matyti ir redaguoti \u0161i\u0105 informacij\u0105.<\/p>\n\n\n\n<h2 class=\"wp-block-heading\">Kokias teises turite \u012f savo duomenis<\/h2>\n\n\n\n<p>Jei turite paskyr\u0105 \u0161ioje svetain\u0117je arba esate palik\u0119 komentar\u0173, galite papra\u0161yti, kad jums b\u016bt\u0173 i\u0161si\u0173stas eksportuotas m\u016bs\u0173 turim\u0173 j\u016bs\u0173 asmens duomen\u0173 failas, \u012fskaitant visus duomenis, kuriuos mums pateik\u0117te. Taip pat galite pra\u0161yti i\u0161trinti visus turimus j\u016bs\u0173 asmens duomenis. Tai neapima joki\u0173 duomen\u0173, kuriuos privalome saugoti administraciniais, teisiniais ar saugumo tikslais.<\/p>\n\n\n\n<h2 class=\"wp-block-heading\">Kur siun\u010diami j\u016bs\u0173 duomenys<\/h2>\n\n\n\n<p>Lankytoj\u0173 komentarai gali b\u016bti tikrinami naudojant automatin\u0119 \u0161lam\u0161to aptikimo paslaug\u0105.<\/p>","protected":false},"excerpt":{"rendered":"<p>Who we are Our website address is: https:\/\/earth2.wiki. Comments Suggested text: When visitors leave comments on the site we collect the data shown in the comments form, and also the visitor\u2019s IP address and browser user agent string to help spam detection. An anonymised string created from your email address (also called a hash) may [&hellip;]<\/p>\n","protected":false},"author":1,"featured_media":0,"parent":0,"menu_order":0,"comment_status":"closed","ping_status":"closed","template":"","meta":{"footnotes":""},"_links":{"self":[{"href":"https:\/\/earth2.wiki\/lt\/wp-json\/wp\/v2\/pages\/47"}],"collection":[{"href":"https:\/\/earth2.wiki\/lt\/wp-json\/wp\/v2\/pages"}],"about":[{"href":"https:\/\/earth2.wiki\/lt\/wp-json\/wp\/v2\/types\/page"}],"author":[{"embeddable":true,"href":"https:\/\/earth2.wiki\/lt\/wp-json\/wp\/v2\/users\/1"}],"replies":[{"embeddable":true,"href":"https:\/\/earth2.wiki\/lt\/wp-json\/wp\/v2\/comments?post=47"}],"version-history":[{"count":2,"href":"https:\/\/earth2.wiki\/lt\/wp-json\/wp\/v2\/pages\/47\/revisions"}],"predecessor-version":[{"id":49,"href":"https:\/\/earth2.wiki\/lt\/wp-json\/wp\/v2\/pages\/47\/revisions\/49"}],"wp:attachment":[{"href":"https:\/\/earth2.wiki\/lt\/wp-json\/wp\/v2\/media?parent=47"}],"curies":[{"name":"wp","href":"https:\/\/api.w.org\/{rel}","templated":true}]}}