{"id":169,"date":"2024-04-14T19:10:09","date_gmt":"2024-04-14T18:10:09","guid":{"rendered":"https:\/\/earth2.wiki\/?page_id=169"},"modified":"2024-04-15T08:12:14","modified_gmt":"2024-04-15T07:12:14","slug":"trending-megacities-earth2","status":"publish","type":"page","link":"https:\/\/earth2.wiki\/lt\/trending-megacities-earth2\/","title":{"rendered":"\u017dem\u0117s megapoli\u0173 tendencijos2"},"content":{"rendered":"<p><strong>Shoon miestas<\/strong><\/p>\n\n\n\n<p>Pacejaus \u012fkurtas \u0160uno miestas yra \u0161alia E1 miesto Minsko, kuris yra Baltarusijos sostin\u0117. Jis i\u0161siskiria kaip vienintelis megapolis, kurio keliai visi\u0161kai supa vis\u0105 sostin\u0119. Shoon City yra strategi\u0161kai patogioje vietoje, kurioje ateityje gali atsirasti papildytosios realyb\u0117s (AR) funkcij\u0173, ir yra ideali erdv\u0117 senesn\u0117ms C1 vietoms apipl\u0117\u0161ti.<\/p>\n\n\n\n<p><strong>Maltos riteriai<\/strong><\/p>\n\n\n\n<p>I\u0161 prad\u017ei\u0173 \u012fsteigta bendram valdymui ir dominavimui, \u012fk\u016br\u0117ja \"Resin\" i\u0161pl\u0117t\u0117 savo vaidmen\u012f ir \u0117m\u0117 remti AR ir reklamos galimybes kuklioje 316 km\u00b2 ploto Maltos saloje.<\/p>\n\n\n\n<p><strong>Sacharos akis<\/strong><\/p>\n\n\n\n<p>\u0160is megapolis \u012fsik\u016br\u0119s prie vieno i\u0161 nedaugelio i\u0161 kosmoso matom\u0173 gamtos darini\u0173. Sklinda gandai, kad \u010dia gali b\u016bti net ding\u0119s Atlantidos miestas.<\/p>\n\n\n\n<p><\/p>\n\n\n\n<p><strong>Valhalla<\/strong><\/p>\n\n\n\n<p>Viking\u0173 stiliaus didmiestis su alaus darykla, laiv\u0173 statykla, dokais ir ginkl\u0173 sand\u0117liu.<\/p>\n\n\n\n<p><strong>Bermud\u0173 palikimas<\/strong><\/p>\n\n\n\n<p>\u0160is megapolis, sukurtas kaip Earth2.io bendruomen\u0117s platforma, yra Bermud\u0173 saloje. Jo tikslas - suteikti erdv\u0119, kurioje visi \u017eaid\u0117jai gal\u0117t\u0173 linksmintis ir gauti pagalb\u0105.<\/p>\n\n\n\n<p><strong>Gibraltaras<\/strong><\/p>\n\n\n\n<p>\"Dorkslayer\" siekia sukurti klestin\u010di\u0105 Earth2 bendruomen\u0119, daugiausia d\u0117mesio skiriant Gibraltarui. Bendradarbiavimas ir vienyb\u0117 yra \u0161ios epin\u0117s metaverslo patirties s\u0117km\u0117s pagrindas.<\/p>\n\n\n\n<p><strong>Kriptopolis<\/strong><\/p>\n\n\n\n<p>I\u0161 j\u0117gos ir galios gim\u0119s miestas \"Cryptopolis\" - tai pagrindini\u0173 platformos veik\u0117j\u0173 bendradarbiavimas. Jis tarnauja kaip centrinis finans\u0173, prekybos ir augimo centras.<\/p>\n\n\n\n<p><strong>Hipolandas<\/strong><\/p>\n\n\n\n<p>\"Hippoland\", skirtas draug\u0173 grup\u0117ms, norin\u010dioms pasim\u0117gauti ir g\u0117rimais, ir barais bei \u017eaidimais, si\u016blo unikali\u0105 patirt\u012f.<\/p>\n\n\n\n<p><strong>Didysis Afrikos gele\u017einkelis<\/strong><\/p>\n\n\n\n<p>Pirmauja \"Snowpiercer\", bandantis sujungti didmies\u010dius visoje Afrikoje.<\/p>\n\n\n\n<p><strong>Wakanda<\/strong><\/p>\n\n\n\n<p>Vienintelis megapolis, esantis tiesiai Did\u017eiajame Afrikos ply\u0161io sl\u0117nyje, Vakanda yra tiksliai toje vietoje, kurioje ji egzistuoja \"Marvel\" kino visatoje. Ji \u012fsik\u016brusi ant legendinio Turkanos e\u017eero, da\u017enai vadinamo \"\u017emonijos lop\u0161iu\", kranto.<\/p>\n\n\n\n<p><strong>Zigurat<\/strong><\/p>\n\n\n\n<p>\"Zigurat City\" \u012fkv\u0117p\u0117 grup\u0117 talenting\u0173 meninink\u0173, kurie turi bendr\u0105 Earth2 ateities vizij\u0105. Jame dera meni\u0161kumas ir u\u017emojis.<\/p>\n\n\n\n<p><strong>Motorinis miestas<\/strong><\/p>\n\n\n\n<p>Automobili\u0173 ir lenktyni\u0173 tema sukurtas \u017dem\u0117s2 megapolis, puikiai tinkantis automobili\u0173 entuziastams.<\/p>\n\n\n\n<p><strong>Mind\u0117s sala<\/strong><\/p>\n\n\n\n<p>Saliamono Salose, nuostabioje Marovo lag\u016bnoje (did\u017eiausioje pasaulyje s\u016braus vandens lag\u016bnoje), esanti Mind\u0117s sala gali pasigirti \u0161imtais investuotoj\u0173, keliais rajonais ir ilgalaike s\u0117km\u0117s vizija.<\/p>","protected":false},"excerpt":{"rendered":"<p>Shoon City Founded by Pacey, Shoon City is located alongside the E1 City of Minsk, which is the capital of Belarus. It stands out as the only megacity with roads completely surrounding an entire capital city.\u00a0Shoon City is strategically positioned for potential augmented reality (AR) features in the future and serves as an ideal space [&hellip;]<\/p>\n","protected":false},"author":1,"featured_media":0,"parent":0,"menu_order":0,"comment_status":"closed","ping_status":"closed","template":"","meta":{"footnotes":""},"_links":{"self":[{"href":"https:\/\/earth2.wiki\/lt\/wp-json\/wp\/v2\/pages\/169"}],"collection":[{"href":"https:\/\/earth2.wiki\/lt\/wp-json\/wp\/v2\/pages"}],"about":[{"href":"https:\/\/earth2.wiki\/lt\/wp-json\/wp\/v2\/types\/page"}],"author":[{"embeddable":true,"href":"https:\/\/earth2.wiki\/lt\/wp-json\/wp\/v2\/users\/1"}],"replies":[{"embeddable":true,"href":"https:\/\/earth2.wiki\/lt\/wp-json\/wp\/v2\/comments?post=169"}],"version-history":[{"count":9,"href":"https:\/\/earth2.wiki\/lt\/wp-json\/wp\/v2\/pages\/169\/revisions"}],"predecessor-version":[{"id":435,"href":"https:\/\/earth2.wiki\/lt\/wp-json\/wp\/v2\/pages\/169\/revisions\/435"}],"wp:attachment":[{"href":"https:\/\/earth2.wiki\/lt\/wp-json\/wp\/v2\/media?parent=169"}],"curies":[{"name":"wp","href":"https:\/\/api.w.org\/{rel}","templated":true}]}}