{"id":167,"date":"2024-04-14T19:09:42","date_gmt":"2024-04-14T18:09:42","guid":{"rendered":"https:\/\/earth2.wiki\/?page_id=167"},"modified":"2024-04-15T07:57:43","modified_gmt":"2024-04-15T06:57:43","slug":"top-100-players-earth2","status":"publish","type":"page","link":"https:\/\/earth2.wiki\/lt\/top-100-players-earth2\/","title":{"rendered":"Geriausi Earth2 \u017eaid\u0117jai"},"content":{"rendered":"<figure class=\"wp-block-table\"><table><thead><tr><th>Rangas<\/th><th>Vartotojo vardas<\/th><th>Investuota suma<\/th><th><\/th><th>Rangas<\/th><th>Vartotojo vardas<\/th><th>Suma <\/th><\/tr><\/thead><tbody><tr><td>1<\/td><td>sm\u0117lio d\u0117\u017e\u0117\u3161kodas\u31613333<\/td><td>&nbsp;$ 695 506,71<\/td><td>&nbsp;<\/td><td>26<\/td><td>\"Apple888<\/td><td>&nbsp;$ 218 540,46<\/td><\/tr><tr><td>2<\/td><td>Mysor<\/td><td>&nbsp;$ 686 274,56<\/td><td>&nbsp;<\/td><td>27<\/td><td>NOBIDS<\/td><td>&nbsp;$ 207 717,39<\/td><\/tr><tr><td>3<\/td><td>\ud835\udc0f\ud835\udc11\ud835\udc04\ud835\udc03\ud835\udc08\ud835\udc02\ud835\udc13\u31617point5percentOFFcode\u31617point5<\/td><td>&nbsp;$ 450 425,42<\/td><td>&nbsp;<\/td><td>28<\/td><td>16FCommunityAccount<\/td><td>&nbsp;$ 207 006,17<\/td><\/tr><tr><td>4<\/td><td>SPACE<\/td><td>&nbsp;$ 410 938,21<\/td><td>&nbsp;<\/td><td>29<\/td><td>iShowSpeed<\/td><td>&nbsp;$ 206 984,48<\/td><\/tr><tr><td>5<\/td><td>WooriNara<\/td><td>&nbsp;$ 393 674,19<\/td><td>&nbsp;<\/td><td>30<\/td><td>ay4401<\/td><td>&nbsp;$ 204 754,45<\/td><\/tr><tr><td>6<\/td><td>TRAS<\/td><td>&nbsp;$ 378 539,32<\/td><td>&nbsp;<\/td><td>31<\/td><td>Poseidonas<\/td><td>&nbsp;$ 199 836,73<\/td><\/tr><tr><td>7<\/td><td>RefCode\ud835\udc0c\ud835\udc1a\ud835\udc2b\ud835\udc22\ud835\udc28<\/td><td>&nbsp;$ 372 770,45<\/td><td>&nbsp;<\/td><td>32<\/td><td>NEWYORK<\/td><td>&nbsp;$ 197 235,66<\/td><\/tr><tr><td>8<\/td><td>\ud835\uddd6\ud835\udddb\ud835\udddc\ud835\uddd6\ud835\uddde\ud835\uddd8\ud835\udde1\ud835\udde0\ud835\uddd4\ud835\udde1<\/td><td>&nbsp;$ 358 651,98<\/td><td>&nbsp;<\/td><td>33<\/td><td>TRYAGAIN<\/td><td>&nbsp;$ 194 360,83<\/td><\/tr><tr><td>9<\/td><td>CARL\u3161TALSA<\/td><td>&nbsp;$ 341 011,54<\/td><td>&nbsp;<\/td><td>34<\/td><td>PincoPaceNoWar<\/td><td>&nbsp;$ 185 025,44<\/td><\/tr><tr><td>10<\/td><td>Skvolo7<\/td><td>&nbsp;$ 328 722,17<\/td><td>&nbsp;<\/td><td>35<\/td><td>DINDIN\u3161\ud658\ud76c<\/td><td>&nbsp;$ 178 516,89<\/td><\/tr><tr><td>11<\/td><td>PortalXDynamics<\/td><td>&nbsp;$ 323 385,08<\/td><td>&nbsp;<\/td><td>36<\/td><td>LastSoul<\/td><td>&nbsp;$ 167 201,30<\/td><\/tr><tr><td>12<\/td><td>LezzGoLuc<\/td><td>&nbsp;$ 319 291,41<\/td><td>&nbsp;<\/td><td>37<\/td><td>JOLLYROGER<\/td><td>&nbsp;$ 165 873,08<\/td><\/tr><tr><td>13<\/td><td>tradesmcgrady<\/td><td>&nbsp;$ 310 718,01<\/td><td>&nbsp;<\/td><td>38<\/td><td>mesti01<\/td><td>&nbsp;$ 163 958,32<\/td><\/tr><tr><td>14<\/td><td>GREENLAND<\/td><td>&nbsp;$ 297 950,77<\/td><td>&nbsp;<\/td><td>39<\/td><td>Alexworld<\/td><td>&nbsp;$ 160 832,39<\/td><\/tr><tr><td>15<\/td><td>FAKER<\/td><td>&nbsp;$ 281 116,91<\/td><td>&nbsp;<\/td><td>40<\/td><td>JALHAZA\ud30c\uc774\ud305\ud558\uace0\u3161JALHA<\/td><td>&nbsp;$ 156 568,55<\/td><\/tr><tr><td>16<\/td><td>Metaita<\/td><td>&nbsp;$ 274 757,21<\/td><td>&nbsp;<\/td><td>41<\/td><td>DiscordStreak6044<\/td><td>&nbsp;$ 156 467,33<\/td><\/tr><tr><td>17<\/td><td>Stoney<\/td><td>&nbsp;$ 267 062,78<\/td><td>&nbsp;<\/td><td>42<\/td><td>MansourUE<\/td><td>&nbsp;$ 156 181,88<\/td><\/tr><tr><td>18<\/td><td>HoneyBadger00<\/td><td>&nbsp;$ 264 218,27<\/td><td>&nbsp;<\/td><td>43<\/td><td>vartotojas0000000<\/td><td>&nbsp;$ 155 219,81<\/td><\/tr><tr><td>19<\/td><td>Pasitik\u0117jimasWillie<\/td><td>&nbsp;$ 258 813,17<\/td><td>&nbsp;<\/td><td>44<\/td><td>TYLOR<\/td><td>&nbsp;$ 154 740,12<\/td><\/tr><tr><td>20<\/td><td>MANDALORIAN<\/td><td>&nbsp;$ 257 327,99<\/td><td>&nbsp;<\/td><td>45<\/td><td>Ducknorris77Discord<\/td><td>&nbsp;$ 154 659,68<\/td><\/tr><tr><td>21<\/td><td>TheFrog<\/td><td>&nbsp;$ 246 908,05<\/td><td>&nbsp;<\/td><td>46<\/td><td>jawahalral<\/td><td>&nbsp;$ 152 914,98<\/td><\/tr><tr><td>22<\/td><td>JMKOREA\u3161Nukreipimo kodas\u3161dronethegame<\/td><td>&nbsp;$ 243 113,58<\/td><td>&nbsp;<\/td><td>47<\/td><td>INVESTUOKITE<\/td><td>&nbsp;$ 150 526,73<\/td><\/tr><tr><td>23<\/td><td>luckas<\/td><td>&nbsp;$ 239 205,14<\/td><td>&nbsp;<\/td><td>48<\/td><td>Lotte<\/td><td>&nbsp;$ 150 458,32<\/td><\/tr><tr><td>24<\/td><td>Maxence<\/td><td>&nbsp;$ 226,247.27<\/td><td>&nbsp;<\/td><td>49<\/td><td>MOJO<\/td><td>&nbsp;$ 150 017,62<\/td><\/tr><tr><td>25<\/td><td>Easymoneysniper<\/td><td>&nbsp;$ 219 438,06<\/td><td>&nbsp;<\/td><td>50<\/td><td>ParduotiPaskolos vert\u0117<\/td><td>&nbsp;$ 147 264,01<\/td><\/tr><\/tbody><\/table><\/figure>","protected":false},"excerpt":{"rendered":"<p>Rank Username Amount Invested Rank Username Amount 1 sandbox\u3161code\u31613333 &nbsp;$&nbsp;&nbsp;&nbsp;&nbsp;&nbsp;&nbsp;&nbsp;&nbsp;&nbsp;&nbsp;&nbsp;&nbsp;&nbsp;695,506.71 &nbsp; 26 Apple888 &nbsp;$&nbsp;&nbsp;&nbsp;&nbsp;&nbsp;&nbsp;&nbsp;&nbsp;&nbsp;&nbsp;&nbsp;&nbsp;&nbsp;&nbsp;&nbsp;&nbsp;&nbsp;218,540.46 2 Mysor &nbsp;$&nbsp;&nbsp;&nbsp;&nbsp;&nbsp;&nbsp;&nbsp;&nbsp;&nbsp;&nbsp;&nbsp;&nbsp;&nbsp;686,274.56 &nbsp; 27 NOBIDS &nbsp;$&nbsp;&nbsp;&nbsp;&nbsp;&nbsp;&nbsp;&nbsp;&nbsp;&nbsp;&nbsp;&nbsp;&nbsp;&nbsp;&nbsp;&nbsp;&nbsp;&nbsp;207,717.39 3 \ud835\udc0f\ud835\udc11\ud835\udc04\ud835\udc03\ud835\udc08\ud835\udc02\ud835\udc13\u31617point5percentOFFcode\u31617point5 &nbsp;$&nbsp;&nbsp;&nbsp;&nbsp;&nbsp;&nbsp;&nbsp;&nbsp;&nbsp;&nbsp;&nbsp;&nbsp;&nbsp;450,425.42 &nbsp; 28 16FCommunityAccount &nbsp;$&nbsp;&nbsp;&nbsp;&nbsp;&nbsp;&nbsp;&nbsp;&nbsp;&nbsp;&nbsp;&nbsp;&nbsp;&nbsp;&nbsp;&nbsp;&nbsp;&nbsp;207,006.17 4 SPACE &nbsp;$&nbsp;&nbsp;&nbsp;&nbsp;&nbsp;&nbsp;&nbsp;&nbsp;&nbsp;&nbsp;&nbsp;&nbsp;&nbsp;410,938.21 &nbsp; 29 iShowSpeed &nbsp;$&nbsp;&nbsp;&nbsp;&nbsp;&nbsp;&nbsp;&nbsp;&nbsp;&nbsp;&nbsp;&nbsp;&nbsp;&nbsp;&nbsp;&nbsp;&nbsp;&nbsp;206,984.48 5 WooriNara &nbsp;$&nbsp;&nbsp;&nbsp;&nbsp;&nbsp;&nbsp;&nbsp;&nbsp;&nbsp;&nbsp;&nbsp;&nbsp;&nbsp;393,674.19 &nbsp; 30 ay4401 &nbsp;$&nbsp;&nbsp;&nbsp;&nbsp;&nbsp;&nbsp;&nbsp;&nbsp;&nbsp;&nbsp;&nbsp;&nbsp;&nbsp;&nbsp;&nbsp;&nbsp;&nbsp;204,754.45 6 TRAS &nbsp;$&nbsp;&nbsp;&nbsp;&nbsp;&nbsp;&nbsp;&nbsp;&nbsp;&nbsp;&nbsp;&nbsp;&nbsp;&nbsp;378,539.32 &nbsp; 31 poseidon &nbsp;$&nbsp;&nbsp;&nbsp;&nbsp;&nbsp;&nbsp;&nbsp;&nbsp;&nbsp;&nbsp;&nbsp;&nbsp;&nbsp;&nbsp;&nbsp;&nbsp;&nbsp;199,836.73 7 RefCode\ud835\udc0c\ud835\udc1a\ud835\udc2b\ud835\udc22\ud835\udc28 &nbsp;$&nbsp;&nbsp;&nbsp;&nbsp;&nbsp;&nbsp;&nbsp;&nbsp;&nbsp;&nbsp;&nbsp;&nbsp;&nbsp;372,770.45 &nbsp; 32 NEWYORK [&hellip;]<\/p>\n","protected":false},"author":1,"featured_media":0,"parent":0,"menu_order":0,"comment_status":"closed","ping_status":"closed","template":"","meta":{"footnotes":""},"_links":{"self":[{"href":"https:\/\/earth2.wiki\/lt\/wp-json\/wp\/v2\/pages\/167"}],"collection":[{"href":"https:\/\/earth2.wiki\/lt\/wp-json\/wp\/v2\/pages"}],"about":[{"href":"https:\/\/earth2.wiki\/lt\/wp-json\/wp\/v2\/types\/page"}],"author":[{"embeddable":true,"href":"https:\/\/earth2.wiki\/lt\/wp-json\/wp\/v2\/users\/1"}],"replies":[{"embeddable":true,"href":"https:\/\/earth2.wiki\/lt\/wp-json\/wp\/v2\/comments?post=167"}],"version-history":[{"count":13,"href":"https:\/\/earth2.wiki\/lt\/wp-json\/wp\/v2\/pages\/167\/revisions"}],"predecessor-version":[{"id":427,"href":"https:\/\/earth2.wiki\/lt\/wp-json\/wp\/v2\/pages\/167\/revisions\/427"}],"wp:attachment":[{"href":"https:\/\/earth2.wiki\/lt\/wp-json\/wp\/v2\/media?parent=167"}],"curies":[{"name":"wp","href":"https:\/\/api.w.org\/{rel}","templated":true}]}}