{"id":156,"date":"2024-04-14T19:03:26","date_gmt":"2024-04-14T18:03:26","guid":{"rendered":"https:\/\/earth2.wiki\/?page_id=156"},"modified":"2024-04-15T01:09:54","modified_gmt":"2024-04-15T00:09:54","slug":"earth2-holo-builidng-in-1-min","status":"publish","type":"page","link":"https:\/\/earth2.wiki\/lt\/earth2-holo-builidng-in-1-min\/","title":{"rendered":"\"Earth2 Holo-Builidng\" per 1 min."},"content":{"rendered":"<p>Sveiki atvyk\u0119 \u012f k\u016brybi\u0161kumo ir meno ateit\u012f - metaversl\u0105. Pasauliui vis labiau priklausant nuo technologij\u0173, metaverslas tampa geriausia k\u016br\u0117j\u0173 ir novatori\u0173 \u017eaidim\u0173 aik\u0161tele. Earth2 pirmauja Metaverslo architekt\u016bros srityje, prad\u0117dama ankstyv\u0105j\u012f Holo pastat\u0173 etap\u0105 ir ruo\u0161dama dirv\u0105 naujai neriboto k\u016brybi\u0161kumo erai.<\/p>\n\n\n\n<p>Metaverslas - tai sprendimas, padedantis i\u0161spr\u0119sti meninink\u0173 realiame pasaulyje patiriamus erdv\u0117s apribojimus. Didmies\u010diuose spar\u010diai kylant nuomos kainoms, dauguma pasaulio gyventoj\u0173 negali sau leisti brangiai mok\u0117ti u\u017e fizin\u0119 erdv\u0119, kurioje gal\u0117t\u0173 i\u0161reik\u0161ti savo meninius talentus. Naudodamiesi metaverslu, turite neribotas galimybes kurti savo \u0161edevr\u0105 prieinamesniu b\u016bdu. Telefonas, asmeninis kompiuteris, internetas, i\u0161manusis telefonas ir socialin\u0117 \u017einiasklaida suk\u0117l\u0117 revoliucij\u0105 pasaulyje, kuriame gyvename, o \"Metaverslas\" suteikia visat\u0105 tiesiai jums po ranka, leisdamas pasinaudoti visi\u0161kai nauju k\u016brybi\u0161kumo lygiu.<\/p>\n\n\n\n<p>\"Earth2\" \"Holo-Buildings\" - tai riba bet kokio menininko vizijai. Naudodamiesi neribotu metaverslo mastu, galite tapti did\u017eiausiais pasaulyje skulptoriais, architektais ar 3D dizaineriais ir u\u017edirbti pasyvi\u0173 pajam\u0173 parduodami savo unikalius br\u0117\u017einius. Holobuilding technologija, nors ir primityvi, leid\u017eia kiekvienam sukurti ir pl\u0117toti savo pritaikyt\u0105 ir \u012ftraukian\u010di\u0105 aplink\u0105 - i\u0161laisvinkite savo vaizduot\u0119!<\/p>\n\n\n\n<p>Nepraleiskite progos sudalyvauti viename \u012fdomiausi\u0173 ateities aspekt\u0173 - metaversle. Atraskite \u017dem\u0117s2 Holobuildings - puiki\u0105 viet\u0105, kurioje kiekvienas menininkas gali lengvai i\u0161reik\u0161ti ir kurti savo dr\u0105siausias svajones. Prisijunkite prie m\u016bs\u0173 formuojant Metaverslo daugialyp\u0119 erdv\u0119, kurioje galimyb\u0117s yra neribotos.<\/p>","protected":false},"excerpt":{"rendered":"<p>Welcome to the future of creativity and art, the Metaverse. As the world becomes more and more reliant on technology, the Metaverse is becoming the ultimate playground for creators and innovators. Earth2 is leading the way in Metaverse architecture with the early phase of Holo-Buildings and setting the stage for a new era of limitless [&hellip;]<\/p>\n","protected":false},"author":1,"featured_media":0,"parent":0,"menu_order":0,"comment_status":"closed","ping_status":"closed","template":"","meta":{"footnotes":""},"_links":{"self":[{"href":"https:\/\/earth2.wiki\/lt\/wp-json\/wp\/v2\/pages\/156"}],"collection":[{"href":"https:\/\/earth2.wiki\/lt\/wp-json\/wp\/v2\/pages"}],"about":[{"href":"https:\/\/earth2.wiki\/lt\/wp-json\/wp\/v2\/types\/page"}],"author":[{"embeddable":true,"href":"https:\/\/earth2.wiki\/lt\/wp-json\/wp\/v2\/users\/1"}],"replies":[{"embeddable":true,"href":"https:\/\/earth2.wiki\/lt\/wp-json\/wp\/v2\/comments?post=156"}],"version-history":[{"count":2,"href":"https:\/\/earth2.wiki\/lt\/wp-json\/wp\/v2\/pages\/156\/revisions"}],"predecessor-version":[{"id":292,"href":"https:\/\/earth2.wiki\/lt\/wp-json\/wp\/v2\/pages\/156\/revisions\/292"}],"wp:attachment":[{"href":"https:\/\/earth2.wiki\/lt\/wp-json\/wp\/v2\/media?parent=156"}],"curies":[{"name":"wp","href":"https:\/\/api.w.org\/{rel}","templated":true}]}}