{"id":146,"date":"2024-04-14T18:57:19","date_gmt":"2024-04-14T17:57:19","guid":{"rendered":"https:\/\/earth2.wiki\/?page_id=146"},"modified":"2024-04-15T03:38:04","modified_gmt":"2024-04-15T02:38:04","slug":"automate-earth2-mining-with-civilians-ai","status":"publish","type":"page","link":"https:\/\/earth2.wiki\/lt\/automate-earth2-mining-with-civilians-ai\/","title":{"rendered":"Automatizuoti \"Earth2\" kriptovaliut\u0173 kasyb\u0105 su civiliais NFT (feat. A.I.)"},"content":{"rendered":"<p>\"Earth2\" yra vienas i\u0161 naujausi\u0173 ir \u012fdomiausi\u0173 kriptovaliut\u0173 kasybos pasaulio pasiekim\u0173, suteikiantis investuotojams galimyb\u0119 investuoti \u012f virtualius \u017eem\u0117s sklypus ir u\u017edirbti peln\u0105 \u012fvairiais b\u016bdais, \u012fskaitant \u017eaidimus, elektronin\u0119 prekyb\u0105 ir virtual\u0173 nekilnojam\u0105j\u012f turt\u0105. Neseniai paskelbus apie \"Civilians\" funkcij\u0105, dabar galima dar labiau automatizuoti ir optimizuoti savo \"Earth2\" kriptovaliut\u0173 kasybos rutin\u0105 naudojant \"Civilians NFT\".<\/p>\n\n\n\n<p>\"Civilians\" funkcija - tai nauja galinga priemon\u0117, kuri leid\u017eia lengviau ir efektyviau nei bet kada anks\u010diau tvarkyti \"Earth2\" sklypus ir investicijas. Ateityje civiliai taps dirbtinio intelekto valdomais NPC, kurie u\u017epildys did\u017eiul\u0119 neribot\u0105 Earth2 Metaverse erdv\u0119.<\/p>\n\n\n\n<p>Naudodami \"Civilians\" nebereik\u0117s nesibaigian\u010di\u0173 paspaudim\u0173 norint \u012fkrauti, prad\u0117ti reid\u0105 ar i\u0161dalyti apdovanojimus. Civilians leid\u017eia lengvai valdyti savo Earth2 investicijas.<\/p>\n\n\n\n<p>Nesvarbu, ar esate pradedantysis investuotojas, ar patyr\u0119s profesionalas, \"Civilians\" gali pad\u0117ti optimizuoti investicijas \u012f \"Earth2\" i\u0161teklius ir padidinti peln\u0105. Geologas ir b\u016bsimasis duomen\u0173 analitikas Civilis, teikdamas jums duomenimis paremtas \u012f\u017evalgas ir rekomendacijas, gali pad\u0117ti priimti pagr\u012fstus sprendimus, kur pirkti ir kada parduoti savo virtuali\u0105 \u017eem\u0119, remiantis rinkos tendencijomis ir d\u0117sningumais.<\/p>\n\n\n\n<h1 class=\"wp-block-heading\">Frakcijos, t. y. tik\u0117jimas, religija \u017dem\u0117je2<\/h1>\n\n\n\n<p>Kaip ir \u017emon\u0117s \u017dem\u0117je1, \u017dem\u0117s2 civiliai yra labai \u012fvairialyp\u0117 \u017emoni\u0173 grup\u0117, turinti savo \u012fsitikinimus, vertybes ir kult\u016br\u0105. Kaip ir j\u0173 k\u016br\u0117jai \u017dem\u0117je1, \u017dem\u0117s2 civiliai baigia \u012fsivelti \u012f konfliktus ir nesutarimus tarp trij\u0173 skirting\u0173 frakcij\u0173: Kosmin\u0117s paj\u0117gos, Sukil\u0117liai ir Egipto dievai bei pasek\u0117jai.<\/p>\n\n\n\n<p>Atid\u017eiau pa\u017evelkime \u012f kiekvien\u0105 i\u0161 \u0161i\u0173 frakcij\u0173, kad geriau suprastume j\u0173 \u012fsitikinimus ir vertybes.<\/p>\n\n\n\n<h2 class=\"wp-block-heading\">Kosmini\u0173 paj\u0117g\u0173 imperija<\/h2>\n\n\n\n<p>Tvirtumas ir kontrol\u0117 (\u010dia puikiai tinka MBTI \"J\"),<\/p>\n\n\n\n<h5 class=\"wp-block-heading\">TAG: #Gryffindor, #Demokratai, #BlueTeam, #Biden2024, #\uc815\ud30c, #<strong><strong>\u6b63\u6d3e<\/strong><\/strong>, #<strong><strong>\u305b\u3044\u3068\u3046<\/strong><\/strong>, <strong>\u0627\u0644\u0635\u0641\u0627\u0621<\/strong>,\u00a0<strong>ortodoks\u0173<\/strong>, &#8230;<\/h5>\n\n\n\n<p>\u0160i frakcija sudaro daugum\u0105 ir tradici\u0161kai dominuoja rinkoje. Jie tvirtai tiki tvarkos ir drausm\u0117s palaikymu visuomen\u0117je ir daug investuoja \u012f kosmoso tyrimus ir technologijas. Daugelis i\u0161 j\u0173 turi auk\u0161t\u0105 kvalifikacij\u0105 mokslo ir in\u017einerijos srityse ir tiki, kad naudodamiesi technologijomis jie gali paversti \u017dem\u01192 klestin\u010diu ir klestin\u010diu pasauliu.<\/p>\n\n\n\n<h2 class=\"wp-block-heading\">Sukil\u0117li\u0173 samdiniai<\/h2>\n\n\n\n<p>K\u016brybi\u0161kumas ir pertraukos (MBTI \"N\/P\" dauguma)<\/p>\n\n\n\n<h5 class=\"wp-block-heading\">TAG: #Slytherin, #Republicans, #RedTeam, #Trump2024, #\uc0ac\ud30c, #<strong>\u90aa\u6d3e<\/strong>, \u063a\u064a\u0631 \u062a\u0642\u0644\u064a\u062f\u064a, unorthodox, ...<\/h5>\n\n\n\n<p>Kita vertus, sukil\u0117liai prie\u0161inasi siaubingam Kosmini\u0173 paj\u0117g\u0173 imperijos vienodumui. Jie mano, kad Kosmin\u0117s paj\u0117gos slopina j\u0173 laisv\u0119 ir k\u016brybi\u0161kum\u0105, ir nori sukurti pasaul\u012f, kuriame kiekvienas gal\u0117t\u0173 laisvai reik\u0161tis be joki\u0173 apribojim\u0173. Sukil\u0117liai da\u017enai laikomi konflikti\u0161kais ir mai\u0161tingais, ta\u010diau jie labai aistringai puosel\u0117ja savo \u012fsitikinimus ir vertybes.<\/p>\n\n\n\n<h2 class=\"wp-block-heading\">Egipto dievai ir pasek\u0117jai<\/h2>\n\n\n\n<p>Tradicija ir intuicija (MBTI \"S\" dauguma)<\/p>\n\n\n\n<h5 class=\"wp-block-heading\">TAG: #Primative, #Sigma, #NeutralNot, #ElvishDwarf, #Psycho, #RavenClaw, #\ub3c4\uc778, #\u5c0e\u5f15, #\u0633\u0627\u062d\u0631, #Magician<\/h5>\n\n\n\n<p>Egipto dievai ir pasek\u0117jai yra tre\u010dioji ir pati seniausia civili\u0173 frakcija. Jie yra giliai \u012fsi\u0161aknij\u0119 tradicijose ir turi paslapting\u0105 aur\u0105, kurios \u0161aknys siekia kiekvieno Civili\u0173 ENA i\u0161takas. Jie garbina senov\u0117s Egipto dievus ir labai gerbia j\u0173 kult\u016br\u0105 bei senov\u0117s i\u0161mint\u012f. Jie tvirtai tiki reinkarnacija ir pomirtiniu gyvenimu. Jie da\u017enai laikomi misti\u0161kais ir dvasingais, daugelis j\u0173 turi ai\u0161kiaregi\u0161k\u0173 geb\u0117jim\u0173.<\/p>\n\n\n\n<p>Nepaisant skirtum\u0173, visas \u0161ias frakcijas sieja vienas bendras bruo\u017eas - meil\u0117 \u017dem\u0117s2 esmei $$$$. Jos visos siekia geresn\u0117s ir klestin\u010dios \u017dem\u0117s2 ateities, o visi \u017eemie\u010diai \u017eino, kad visi mes klest\u0117sime ir klest\u0117sime arba d\u017eiaugsim\u0117s l\u0117ta vilties mirtimi.<\/p>\n\n\n\n<p>\"Earth2\" civiliai ir \u017eemie\u010diai gali skirtis, ta\u010diau juos visus vienija vienas bendras tikslas: u\u017edirbti daugiau pinig\u0173 $$$, ne, padaryti pasaul\u012f geresn\u012f. Nesvarbu, ar tai b\u016bt\u0173 technologijos, k\u016brybi\u0161kumas, ar tradicijos, jie visi prisideda prie Earth2 metaverslo augimo ir pl\u0117tros.<\/p>","protected":false},"excerpt":{"rendered":"<p>Earth2 is one of the newest and most exciting developments in the world of crypto mining, providing investors with the opportunity to invest in virtual plots of land and earn profits through a variety of methods, including gaming, eCommerce, and virtual real estate. With the recent announcement of the Civilians feature, it is now possible [&hellip;]<\/p>\n","protected":false},"author":1,"featured_media":0,"parent":0,"menu_order":0,"comment_status":"closed","ping_status":"closed","template":"","meta":{"footnotes":""},"_links":{"self":[{"href":"https:\/\/earth2.wiki\/lt\/wp-json\/wp\/v2\/pages\/146"}],"collection":[{"href":"https:\/\/earth2.wiki\/lt\/wp-json\/wp\/v2\/pages"}],"about":[{"href":"https:\/\/earth2.wiki\/lt\/wp-json\/wp\/v2\/types\/page"}],"author":[{"embeddable":true,"href":"https:\/\/earth2.wiki\/lt\/wp-json\/wp\/v2\/users\/1"}],"replies":[{"embeddable":true,"href":"https:\/\/earth2.wiki\/lt\/wp-json\/wp\/v2\/comments?post=146"}],"version-history":[{"count":5,"href":"https:\/\/earth2.wiki\/lt\/wp-json\/wp\/v2\/pages\/146\/revisions"}],"predecessor-version":[{"id":309,"href":"https:\/\/earth2.wiki\/lt\/wp-json\/wp\/v2\/pages\/146\/revisions\/309"}],"wp:attachment":[{"href":"https:\/\/earth2.wiki\/lt\/wp-json\/wp\/v2\/media?parent=146"}],"curies":[{"name":"wp","href":"https:\/\/api.w.org\/{rel}","templated":true}]}}