{"id":142,"date":"2024-04-14T18:56:33","date_gmt":"2024-04-14T17:56:33","guid":{"rendered":"https:\/\/earth2.wiki\/?page_id=142"},"modified":"2024-04-16T20:28:57","modified_gmt":"2024-04-16T19:28:57","slug":"earth2-essence-raid-cydroid-in-1-min","status":"publish","type":"page","link":"https:\/\/earth2.wiki\/lt\/earth2-essence-raid-cydroid-in-1-min\/","title":{"rendered":"Essence Mining - I\u0161mokite Earth2 Raid System &amp; Cydroid per 1 min"},"content":{"rendered":"<p>Jei domit\u0117s kriptovaliuta ir Earth2 metaverslo platforma, galb\u016bt esate gird\u0117j\u0119 apie \"Essence Mining\". \u0160i nauja kriptovaliuta yra novatori\u0161ka tuo, kad joje \u012fdiegta geografiniais interesais pagr\u012fsta savanori\u0161ka decentralizacija.<\/p>\n\n\n\n<p>Ta\u010diau kas tiksliai yra \"Essence Mining\" ir kaip ji veikia? \u0160tai trumpa ap\u017evalga per 1 min.<\/p>\n\n\n\n<p>Esm\u0117s gavyba apima \"Cydroids\" - dron\u0173, galin\u010di\u0173 apipl\u0117\u0161ti netoliese esan\u010dius objektus, k\u016brim\u0105. U\u017e reidus gautas premijas galima paversti nauja kriptovaliuta - esencija.<\/p>\n\n\n\n<p>Esm\u0117s kasyba prieinama tik tiems naudotojams, kurie turi 1 (T1) ir 2 (T2) pakopos \u017eemi\u0173, kuri\u0173 plotas didesnis arba lygus 4 plytel\u0117ms. \u012evykd\u0119s \u0161iuos kriterijus naudotojas gali statyti \"Cydroid\". Ta\u010diau \"Cydroid\" negalima statyti 3 pakopos \u017eem\u0117se.<\/p>\n\n\n\n<p>Kad cidroidai tinkamai veikt\u0173, jiems reikia energijos, tod\u0117l jiems veikti reikia baterij\u0173. Baterijas civiliai gyventojai gali \u012fkrauti automati\u0161kai, taigi ir reidus bei i\u0161davim\u0105.<\/p>\n\n\n\n<p>I\u0161samesn\u0117s informacijos apie \"Cydroid\" ie\u0161kokite \u0161iame straipsnyje: <a href=\"https:\/\/earth2.wiki\/lt\/everything-you-need-to-know-about-cydroid-in-earth2-metaverse\/\">Viskas, k\u0105 reikia \u017einoti apie Cydroid\u0105 Earth2 metaverse - Earth2 Wiki<\/a><\/p>\n\n\n\n<p>Earth2 Essence Mining yra naujas ir \u012fdomus plius ekologi\u0161kas linksmas pl\u0117tra Cryptocurrency scenoje, pioneered by Earth2. Ji suteikia unikal\u0173 b\u016bd\u0105 naudotojams u\u017edirbti cryptocurrency naudojant savo \u017eem\u0119 ir Cydroid NFT, taip pat skatina bendruomen\u0117s skatinam\u0105 decentralizacijos ir bendradarbiavimo tarp naudotoj\u0173 jausm\u0105.<\/p>\n\n\n\n<p>Jei norite daugiau su\u017einoti apie \"Essence Mining\", b\u016btinai apsilankykite \"Earth2\" platformoje ir susipa\u017einkite su jos teikiamomis galimyb\u0117mis!<\/p>","protected":false},"excerpt":{"rendered":"<p>If you&#8217;re interested in cryptocurrency and the Earth2 metaverse platform, you may have heard of Essence Mining. This new cryptocurrency is innovative in that it introduces geo-interest-community driven voluntary decentralization. But what exactly is Essence Mining, and how does it work? Here&#8217;s a quick overview in 1 min. Essence Mining involves building Cydroids which are [&hellip;]<\/p>\n","protected":false},"author":1,"featured_media":0,"parent":0,"menu_order":0,"comment_status":"closed","ping_status":"closed","template":"","meta":{"footnotes":""},"_links":{"self":[{"href":"https:\/\/earth2.wiki\/lt\/wp-json\/wp\/v2\/pages\/142"}],"collection":[{"href":"https:\/\/earth2.wiki\/lt\/wp-json\/wp\/v2\/pages"}],"about":[{"href":"https:\/\/earth2.wiki\/lt\/wp-json\/wp\/v2\/types\/page"}],"author":[{"embeddable":true,"href":"https:\/\/earth2.wiki\/lt\/wp-json\/wp\/v2\/users\/1"}],"replies":[{"embeddable":true,"href":"https:\/\/earth2.wiki\/lt\/wp-json\/wp\/v2\/comments?post=142"}],"version-history":[{"count":5,"href":"https:\/\/earth2.wiki\/lt\/wp-json\/wp\/v2\/pages\/142\/revisions"}],"predecessor-version":[{"id":509,"href":"https:\/\/earth2.wiki\/lt\/wp-json\/wp\/v2\/pages\/142\/revisions\/509"}],"wp:attachment":[{"href":"https:\/\/earth2.wiki\/lt\/wp-json\/wp\/v2\/media?parent=142"}],"curies":[{"name":"wp","href":"https:\/\/api.w.org\/{rel}","templated":true}]}}